{"id":1882,"date":"2025-10-07T12:19:55","date_gmt":"2025-10-07T10:19:55","guid":{"rendered":"https:\/\/mandragorastore.pl\/?page_id=1882"},"modified":"2026-01-12T17:37:22","modified_gmt":"2026-01-12T16:37:22","slug":"regulamin","status":"publish","type":"page","link":"https:\/\/mandragorastore.pl\/en\/regulamin\/","title":{"rendered":"Regulations"},"content":{"rendered":"<figure class=\"wp-block-image size-large\"><img fetchpriority=\"high\" decoding=\"async\" width=\"1024\" height=\"603\" src=\"https:\/\/mandragorastore.pl\/wp-content\/uploads\/2026\/01\/obraz-1024x603.png\" alt=\"\" class=\"wp-image-4036\" srcset=\"https:\/\/mandragorastore.pl\/wp-content\/uploads\/2026\/01\/obraz-1024x603.png 1024w, https:\/\/mandragorastore.pl\/wp-content\/uploads\/2026\/01\/obraz-300x177.png 300w, https:\/\/mandragorastore.pl\/wp-content\/uploads\/2026\/01\/obraz-768x452.png 768w, https:\/\/mandragorastore.pl\/wp-content\/uploads\/2026\/01\/obraz-1536x904.png 1536w, https:\/\/mandragorastore.pl\/wp-content\/uploads\/2026\/01\/obraz-650x383.png 650w, https:\/\/mandragorastore.pl\/wp-content\/uploads\/2026\/01\/obraz-60x35.png 60w, https:\/\/mandragorastore.pl\/wp-content\/uploads\/2026\/01\/obraz-1500x883.png 1500w, https:\/\/mandragorastore.pl\/wp-content\/uploads\/2026\/01\/obraz.png 1600w\" sizes=\"(max-width: 1024px) 100vw, 1024px\" \/><\/figure>\n\n\n\n<p><strong>TERMS AND CONDITIONS OF THE ONLINE STORE WWW.MANDRAGORASTORE.PL<\/strong><\/p>\n\n\n\n<hr class=\"wp-block-separator has-alpha-channel-opacity\"\/>\n\n\n\n<p>I. General Provisions<\/p>\n\n\n\n<ol class=\"wp-block-list\">\n<li>These regulations set out the rules for the use of the online store operating at www.mandragorastore.pl, operated by:<br><\/li>\n<\/ol>\n\n\n\n<ul class=\"wp-block-list\">\n<li>Martyna \u015aledzik conducting business under the name Martyna \u015aledzik Concept Store<br><\/li>\n\n\n\n<li>registered office address: 144\/3 Trakt Lubelski St., 04-790 Warsaw<br><\/li>\n\n\n\n<li>NIP: 1231495746<br><\/li>\n\n\n\n<li>REGON: 389195947<br><\/li>\n\n\n\n<li>e-mail address for contact: biuro@mandragorastore.pl<br><\/li>\n\n\n\n<li>Hereinafter referred to as the Seller.<br><\/li>\n<\/ul>\n\n\n\n<ol start=\"2\" class=\"wp-block-list\">\n<li>The online store operates in accordance with the laws of the Republic of Poland, in particular:<br><\/li>\n<\/ol>\n\n\n\n<ul class=\"wp-block-list\">\n<li>Law of May 30, 2014 on consumer rights<br><\/li>\n\n\n\n<li>Act of April 23, 1964 Civil Code<br><\/li>\n\n\n\n<li>Act of July 18, 2002 on the provision of electronic services<br><\/li>\n\n\n\n<li>Regulation (EU) 2016\/679 of the European Parliament and of the Council (RODO).<br><\/li>\n<\/ul>\n\n\n\n<ol start=\"3\" class=\"wp-block-list\">\n<li>The customer is obliged to read the Terms and Conditions before making a purchase. Use of the store implies acceptance of the Terms and Conditions.<br><\/li>\n\n\n\n<li>These Terms and Conditions are made available free of charge at www.mandragorastore.pl in a manner that allows its acquisition, reproduction and recording.<br><\/li>\n<\/ol>\n\n\n\n<p>II. Definitions<\/p>\n\n\n\n<p>The terms used in the Regulations shall mean:<\/p>\n\n\n\n<ul class=\"wp-block-list\">\n<li>Seller - Martyna Sledzik Concept Store<br><\/li>\n\n\n\n<li>Store - online store available at www.mandragorastore.pl<br><\/li>\n\n\n\n<li>Customer - a natural person, legal entity or organizational unit purchasing from the Store<br><\/li>\n\n\n\n<li>Consumer - a natural person making a purchase not directly related to economic or professional activity<br><\/li>\n\n\n\n<li>Order - a declaration of will of the Customer aimed at concluding a contract of sale<br><\/li>\n\n\n\n<li>Account - user panel made available to the customer after registration<br><\/li>\n\n\n\n<li>Goods - a movable item that is the subject of the Store's offer<br><\/li>\n\n\n\n<li>Regulations - this document.<br><\/li>\n<\/ul>\n\n\n\n<p>III. Scope of activity<\/p>\n\n\n\n<ol class=\"wp-block-list\">\n<li>The seller conducts retail sales:<br><\/li>\n<\/ol>\n\n\n\n<ul class=\"wp-block-list\">\n<li>clothing<br><\/li>\n\n\n\n<li>jewelry<br><\/li>\n\n\n\n<li>fashion and accessories<br><\/li>\n\n\n\n<li>additives and products available<br><br>via the Internet.<br><\/li>\n<\/ul>\n\n\n\n<ol start=\"2\" class=\"wp-block-list\">\n<li>All products offered in the store are new, free of legal and physical defects, approved for sale in the territory of the European Union.<br><\/li>\n\n\n\n<li>The store also conducts foreign sales within the European Union countries.<br><\/li>\n<\/ol>\n\n\n\n<p>IV. Rules of using the Store<\/p>\n\n\n\n<ol class=\"wp-block-list\">\n<li>In order to use the Store it is required:<br><\/li>\n<\/ol>\n\n\n\n<ul class=\"wp-block-list\">\n<li>device with internet access<br><\/li>\n\n\n\n<li>web browser<br><\/li>\n\n\n\n<li>active e-mail address<br><\/li>\n\n\n\n<li>cookies enabled.<br><\/li>\n<\/ul>\n\n\n\n<ol start=\"2\" class=\"wp-block-list\">\n<li>The customer undertakes to:<br><\/li>\n<\/ol>\n\n\n\n<ul class=\"wp-block-list\">\n<li>provide true personal information<br><\/li>\n\n\n\n<li>use of the Store in accordance with the law and the rules of social coexistence<br><\/li>\n\n\n\n<li>not to take actions aimed at disrupting the operation of the Store.<br><\/li>\n<\/ul>\n\n\n\n<p>V. Placing orders<\/p>\n\n\n\n<ol class=\"wp-block-list\">\n<li>Orders can be placed through the website 7 days a week, 24 hours a day.<br><\/li>\n\n\n\n<li>To place an order, the customer performs the following steps:<br><\/li>\n<\/ol>\n\n\n\n<ul class=\"wp-block-list\">\n<li>product selection<br><\/li>\n\n\n\n<li>add to cart<br><\/li>\n\n\n\n<li>completion of the order form<br><\/li>\n\n\n\n<li>acceptance of the Regulations<br><\/li>\n\n\n\n<li>choice of delivery and payment method<br><\/li>\n\n\n\n<li>approval of the order with the Buy and pay button.<br><\/li>\n<\/ul>\n\n\n\n<ol start=\"3\" class=\"wp-block-list\">\n<li>The contract is concluded when the Seller confirms acceptance of the order.<br><\/li>\n\n\n\n<li>The customer receives an e-receipt to the e-mail address provided in the order. A paper receipt or a VAT invoice can be issued upon request.<br><\/li>\n\n\n\n<li>Orders are processed in the order in which they are received.<br>VI. Prices and forms of payment<\/li>\n<\/ol>\n\n\n\n<ol class=\"wp-block-list\">\n<li>All prices of products given in the Store are gross prices, expressed in Polish zloty (PLN) and include VAT.<br><\/li>\n\n\n\n<li>The prices of the products do not include delivery costs, which are quoted during the ordering process.<br><\/li>\n\n\n\n<li>The seller reserves the right to change the prices of products and delivery costs, provided that these changes do not apply to orders placed before the changes took effect.<br><\/li>\n\n\n\n<li>Available forms of payment:<br>\n<ul class=\"wp-block-list\">\n<li>traditional transfer<br><\/li>\n\n\n\n<li>fast electronic payments Przelewy24<br><\/li>\n\n\n\n<li>BLIK<br><\/li>\n\n\n\n<li>payment card<br><\/li>\n\n\n\n<li>PayPal<br><\/li>\n\n\n\n<li>cash on delivery<br><\/li>\n<\/ul>\n<\/li>\n\n\n\n<li>If you choose to pay by traditional transfer, the customer is required to make payment within 3 working days from the date of placing the order. After this date, the order may be canceled.<br><\/li>\n<\/ol>\n\n\n\n<p>VII. Order processing and delivery<\/p>\n\n\n\n<ol class=\"wp-block-list\">\n<li>Delivery time is from 1 to 5 business days, unless the product description indicates otherwise.<br><\/li>\n\n\n\n<li>Delivery takes place on the territory of the Republic of Poland and to the countries of the European Union, as well as to the USA.<br><\/li>\n\n\n\n<li>Available forms of delivery:<br>\n<ul class=\"wp-block-list\">\n<li>InPost parcel machines<br><\/li>\n\n\n\n<li>InPost Courier<br><\/li>\n\n\n\n<li>DHL courier<br><\/li>\n\n\n\n<li>Personal collection at the Nina Basco boutique (Promenada Gallery, Warsaw)<br><\/li>\n<\/ul>\n<\/li>\n\n\n\n<li>Delivery costs are listed during the ordering process and in the Delivery tab.<br><\/li>\n\n\n\n<li>In the case of overseas shipping, delivery costs are determined individually.<br><\/li>\n<\/ol>\n\n\n\n<p>VIII. E-paragraphs<\/p>\n\n\n\n<ol class=\"wp-block-list\">\n<li>The vendor issues fiscal receipts in electronic form (e-paragons) in accordance with applicable laws.<br><\/li>\n\n\n\n<li>The e-paragon is sent to the email address provided by the customer when placing the order.<br><\/li>\n\n\n\n<li>A paper receipt or VAT invoice can be issued upon request.<br><\/li>\n<\/ol>\n\n\n\n<p>IX. Withdrawal from the contract<\/p>\n\n\n\n<ol class=\"wp-block-list\">\n<li>A consumer has the right to withdraw from a distance contract within 14 days without giving a reason.<br><\/li>\n\n\n\n<li>The withdrawal period is 14 days from the date of receipt of the product.<br><\/li>\n\n\n\n<li>To exercise the right of withdrawal, the Consumer must inform the Seller of his decision by email.<br><\/li>\n\n\n\n<li>Return of the product should be sent to the address:<br><br>Martyna Sledzik Concept Store<br><br>144\/3 Trakt Lubelski Street<br><br>04-790 Warsaw<br><\/li>\n\n\n\n<li>The cost of returning the product shall be borne by the Consumer.<br><\/li>\n\n\n\n<li>The consumer shall be liable for any diminution in the value of the product resulting from the use of the product beyond what is necessary to ascertain the characteristics and functioning of the product.<br><\/li>\n\n\n\n<li>Refund of payment will be made within 14 days of receipt of the returned product by the Seller.<br><\/li>\n<\/ol>\n\n\n\n<p>X. Complaints<\/p>\n\n\n\n<ol class=\"wp-block-list\">\n<li>The seller is liable to the customer if the sold product has a physical or legal defect.<br><\/li>\n\n\n\n<li>Complaints can be submitted by email at: biuro@mandragorastore.pl<br><\/li>\n\n\n\n<li>The complaint should include:<br>\n<ul class=\"wp-block-list\">\n<li>description of the defect<br><\/li>\n\n\n\n<li>the date it was found<br><\/li>\n\n\n\n<li>Customer's request<br><\/li>\n\n\n\n<li>proof of purchase<br><\/li>\n<\/ul>\n<\/li>\n\n\n\n<li>The seller will consider the complaint within 14 days of receipt.<br><\/li>\n\n\n\n<li>If the complaint is accepted, the product will be repaired, replaced or the Seller will refund the amount due.<br>XI. Complaints concerning the provision of services by electronic means<\/li>\n<\/ol>\n\n\n\n<ol class=\"wp-block-list\">\n<li>The seller takes measures to ensure the proper operation of the store's website to the extent of current technical knowledge.<br><\/li>\n\n\n\n<li>The customer has the right to file a complaint about the operation of the store's website.<br><\/li>\n\n\n\n<li>Complaints about the operation of the store should be reported to the following e-mail address: biuro@mandragorastore.pl<br><\/li>\n\n\n\n<li>The complaint should include a description of the problem and the customer's contact information.<br><\/li>\n\n\n\n<li>The seller will consider the complaint within 14 days of receipt.<br><\/li>\n<\/ol>\n\n\n\n<p>XII. Liability<\/p>\n\n\n\n<ol class=\"wp-block-list\">\n<li>The seller is not responsible for:<br>\n<ul class=\"wp-block-list\">\n<li>Acts of God,<br><\/li>\n\n\n\n<li>Store interruptions due to system upgrades,<br><\/li>\n\n\n\n<li>disruptions in the operation of the store due to the fault of telecommunications operators or Internet providers.<br><\/li>\n<\/ul>\n<\/li>\n\n\n\n<li>To the maximum extent permitted by law, the Seller shall not be liable for indirect damages or lost profits of the Customer.<br><\/li>\n<\/ol>\n\n\n\n<p>XIII. Personal information<\/p>\n\n\n\n<ol class=\"wp-block-list\">\n<li>The administrator of the Customers' personal data is the Seller.<br><\/li>\n\n\n\n<li>Customers' personal data are processed for the purpose of:<br>\n<ul class=\"wp-block-list\">\n<li>implementation of the order,<br><\/li>\n\n\n\n<li>handling returns and complaints,<br><\/li>\n\n\n\n<li>issuance of accounting documents,<br><\/li>\n\n\n\n<li>Implementation of the Vendor's legal obligations.<br><\/li>\n<\/ul>\n<\/li>\n\n\n\n<li>Personal data is not shared with third parties, except:<br>\n<ul class=\"wp-block-list\">\n<li>courier companies,<br><\/li>\n\n\n\n<li>payment operators,<br><\/li>\n\n\n\n<li>Accounting and IT systems providers.<br><\/li>\n<\/ul>\n<\/li>\n\n\n\n<li>The customer is entitled to:<br>\n<ul class=\"wp-block-list\">\n<li>access to the content of their data,<br><\/li>\n\n\n\n<li>Their correction,<br><\/li>\n\n\n\n<li>deletion request,<br><\/li>\n\n\n\n<li>processing restrictions,<br><\/li>\n\n\n\n<li>filing an objection,<br><\/li>\n\n\n\n<li>data portability.<br><\/li>\n<\/ul>\n<\/li>\n\n\n\n<li>For detailed data protection rules, please refer to the Privacy Policy available at the store.<br><\/li>\n<\/ol>\n\n\n\n<p>XIV. Out-of-court dispute resolution<\/p>\n\n\n\n<ol class=\"wp-block-list\">\n<li>The consumer has the option of using out-of-court dispute resolution.<br><\/li>\n\n\n\n<li>Information is available at: www.uokik.gov.pl<br><\/li>\n\n\n\n<li>The consumer can use the EU ODR platform available at: https:\/\/ec.europa.eu\/consumers\/odr<br><\/li>\n<\/ol>\n\n\n\n<p>XV. Final Provisions<\/p>\n\n\n\n<ol class=\"wp-block-list\">\n<li>The Regulations come into force on the date of publication on the store's website.<br><\/li>\n\n\n\n<li>The seller reserves the right to change the rules and regulations for important legal or organizational reasons.<br><\/li>\n\n\n\n<li>Changes to the regulations do not affect orders already in progress.<br><\/li>\n\n\n\n<li>In matters not regulated by the Regulations, the provisions of Polish law shall apply.<br><\/li>\n\n\n\n<li>The competent court to resolve disputes shall be the common court with jurisdiction over the registered office of the Seller, except for cases involving Consumers, which shall be resolved by the courts of competent jurisdiction according to the provisions of law.<br><\/li>\n<\/ol>\n\n\n\n<hr class=\"wp-block-separator has-alpha-channel-opacity\"\/>\n\n\n\n<p>APPENDIX NO. 1 - SAMPLE WITHDRAWAL FORM<\/p>\n\n\n\n<p>I, ...................................................., hereby give notice of withdrawal from the contract of sale of the following goods:<\/p>\n\n\n\n<p>\u2026\u2026\u2026\u2026\u2026\u2026\u2026\u2026\u2026\u2026\u2026\u2026\u2026\u2026\u2026\u2026\u2026\u2026\u2026\u2026\u2026\u2026\u2026\u2026\u2026\u2026\u2026\u2026\u2026\u2026\u2026\u2026\u2026\u2026\u2026\u2026..<\/p>\n\n\n\n<p>Purchase date: ...........................<\/p>\n\n\n\n<p>Order number: ...........................<\/p>\n\n\n\n<p>Name: ...........................<\/p>\n\n\n\n<p>Address: ................................................................<\/p>\n\n\n\n<p>E-mail: .................................... Phone: ...........................<\/p>\n\n\n\n<p>Date of withdrawal: ...........................<\/p>\n\n\n\n<p>Account number for refunds: ...........................<\/p>\n\n\n\n<p>Signature (paper version only)<\/p>\n\n\n\n<p>\u2026\u2026\u2026\u2026\u2026\u2026\u2026\u2026\u2026\u2026\u2026\u2026\u2026.<\/p>\n\n\n\n<ol start=\"6\" class=\"wp-block-list\">\n<li><\/li>\n<\/ol>","protected":false},"excerpt":{"rendered":"<p>REGULAMIN SKLEPU INTERNETOWEGO WWW.MANDRAGORASTORE.PL I. Postanowienia og\u00f3lne II. Definicje U\u017cyte w Regulaminie poj\u0119cia oznaczaj\u0105: III. Zakres dzia\u0142alno\u015bci IV. Zasady korzystania ze Sklepu V. Sk\u0142adanie zam\u00f3wie\u0144 VII. Realizacja zam\u00f3wie\u0144 i dostawa VIII. E-paragony IX. Odst\u0105pienie od umowy X. Reklamacje XII. Odpowiedzialno\u015b\u0107&#8230;<\/p>","protected":false},"author":1,"featured_media":0,"parent":0,"menu_order":0,"comment_status":"closed","ping_status":"closed","template":"","meta":{"footnotes":""},"class_list":["post-1882","page","type-page","status-publish","hentry"],"yoast_head":"<!-- This site is optimized with the Yoast SEO plugin v27.3 - https:\/\/yoast.com\/product\/yoast-seo-wordpress\/ -->\n<title>Regulamin - MANDRAGORA - Designed for women. Made in Poland.<\/title>\n<meta name=\"robots\" content=\"index, follow, max-snippet:-1, max-image-preview:large, max-video-preview:-1\" \/>\n<link rel=\"canonical\" href=\"https:\/\/mandragorastore.pl\/en\/regulamin\/\" \/>\n<meta property=\"og:locale\" content=\"en_US\" \/>\n<meta property=\"og:type\" content=\"article\" \/>\n<meta property=\"og:title\" content=\"Regulamin - MANDRAGORA - Designed for women. Made in Poland.\" \/>\n<meta property=\"og:description\" content=\"REGULAMIN SKLEPU INTERNETOWEGO WWW.MANDRAGORASTORE.PL I. Postanowienia og\u00f3lne II. Definicje U\u017cyte w Regulaminie poj\u0119cia oznaczaj\u0105: III. Zakres dzia\u0142alno\u015bci IV. Zasady korzystania ze Sklepu V. Sk\u0142adanie zam\u00f3wie\u0144 VII. Realizacja zam\u00f3wie\u0144 i dostawa VIII. E-paragony IX. Odst\u0105pienie od umowy X. Reklamacje XII. Odpowiedzialno\u015b\u0107...\" \/>\n<meta property=\"og:url\" content=\"https:\/\/mandragorastore.pl\/en\/regulamin\/\" \/>\n<meta property=\"og:site_name\" content=\"MANDRAGORA - Designed for women. Made in Poland.\" \/>\n<meta property=\"article:publisher\" content=\"https:\/\/www.facebook.com\/madragorastore\/\" \/>\n<meta property=\"article:modified_time\" content=\"2026-01-12T16:37:22+00:00\" \/>\n<meta property=\"og:image\" content=\"https:\/\/mandragorastore.pl\/wp-content\/uploads\/2026\/01\/obraz.png\" \/>\n\t<meta property=\"og:image:width\" content=\"1600\" \/>\n\t<meta property=\"og:image:height\" content=\"942\" \/>\n\t<meta property=\"og:image:type\" content=\"image\/png\" \/>\n<meta name=\"twitter:card\" content=\"summary_large_image\" \/>\n<meta name=\"twitter:label1\" content=\"Est. reading time\" \/>\n\t<meta name=\"twitter:data1\" content=\"7 minutes\" \/>\n<script type=\"application\/ld+json\" class=\"yoast-schema-graph\">{\"@context\":\"https:\\\/\\\/schema.org\",\"@graph\":[{\"@type\":\"WebPage\",\"@id\":\"https:\\\/\\\/mandragorastore.pl\\\/regulamin\\\/\",\"url\":\"https:\\\/\\\/mandragorastore.pl\\\/regulamin\\\/\",\"name\":\"Regulamin - MANDRAGORA - Designed for women. Made in Poland.\",\"isPartOf\":{\"@id\":\"https:\\\/\\\/mandragorastore.pl\\\/#website\"},\"primaryImageOfPage\":{\"@id\":\"https:\\\/\\\/mandragorastore.pl\\\/regulamin\\\/#primaryimage\"},\"image\":{\"@id\":\"https:\\\/\\\/mandragorastore.pl\\\/regulamin\\\/#primaryimage\"},\"thumbnailUrl\":\"https:\\\/\\\/mandragorastore.pl\\\/wp-content\\\/uploads\\\/2026\\\/01\\\/obraz-1024x603.png\",\"datePublished\":\"2025-10-07T10:19:55+00:00\",\"dateModified\":\"2026-01-12T16:37:22+00:00\",\"breadcrumb\":{\"@id\":\"https:\\\/\\\/mandragorastore.pl\\\/regulamin\\\/#breadcrumb\"},\"inLanguage\":\"en-US\",\"potentialAction\":[{\"@type\":\"ReadAction\",\"target\":[\"https:\\\/\\\/mandragorastore.pl\\\/regulamin\\\/\"]}]},{\"@type\":\"ImageObject\",\"inLanguage\":\"en-US\",\"@id\":\"https:\\\/\\\/mandragorastore.pl\\\/regulamin\\\/#primaryimage\",\"url\":\"https:\\\/\\\/mandragorastore.pl\\\/wp-content\\\/uploads\\\/2026\\\/01\\\/obraz-1024x603.png\",\"contentUrl\":\"https:\\\/\\\/mandragorastore.pl\\\/wp-content\\\/uploads\\\/2026\\\/01\\\/obraz-1024x603.png\"},{\"@type\":\"BreadcrumbList\",\"@id\":\"https:\\\/\\\/mandragorastore.pl\\\/regulamin\\\/#breadcrumb\",\"itemListElement\":[{\"@type\":\"ListItem\",\"position\":1,\"name\":\"Strona g\u0142\u00f3wna\",\"item\":\"https:\\\/\\\/mandragorastore.pl\\\/\"},{\"@type\":\"ListItem\",\"position\":2,\"name\":\"Regulamin\"}]},{\"@type\":\"WebSite\",\"@id\":\"https:\\\/\\\/mandragorastore.pl\\\/#website\",\"url\":\"https:\\\/\\\/mandragorastore.pl\\\/\",\"name\":\"Mandragora by Martyna - Wyj\u0105tkowy sklep odzie\u017cowy dla kobiet\",\"description\":\"\",\"publisher\":{\"@id\":\"https:\\\/\\\/mandragorastore.pl\\\/#organization\"},\"potentialAction\":[{\"@type\":\"SearchAction\",\"target\":{\"@type\":\"EntryPoint\",\"urlTemplate\":\"https:\\\/\\\/mandragorastore.pl\\\/?s={search_term_string}\"},\"query-input\":{\"@type\":\"PropertyValueSpecification\",\"valueRequired\":true,\"valueName\":\"search_term_string\"}}],\"inLanguage\":\"en-US\"},{\"@type\":\"Organization\",\"@id\":\"https:\\\/\\\/mandragorastore.pl\\\/#organization\",\"name\":\"Mandragora by Martyna - Wyj\u0105tkowy sklep odzie\u017cowy dla kobiet\",\"url\":\"https:\\\/\\\/mandragorastore.pl\\\/\",\"logo\":{\"@type\":\"ImageObject\",\"inLanguage\":\"en-US\",\"@id\":\"https:\\\/\\\/mandragorastore.pl\\\/#\\\/schema\\\/logo\\\/image\\\/\",\"url\":\"https:\\\/\\\/mandragorastore.pl\\\/wp-content\\\/uploads\\\/2025\\\/10\\\/COVER.categories.png\",\"contentUrl\":\"https:\\\/\\\/mandragorastore.pl\\\/wp-content\\\/uploads\\\/2025\\\/10\\\/COVER.categories.png\",\"width\":800,\"height\":801,\"caption\":\"Mandragora by Martyna - Wyj\u0105tkowy sklep odzie\u017cowy dla kobiet\"},\"image\":{\"@id\":\"https:\\\/\\\/mandragorastore.pl\\\/#\\\/schema\\\/logo\\\/image\\\/\"},\"sameAs\":[\"https:\\\/\\\/www.facebook.com\\\/madragorastore\\\/\",\"https:\\\/\\\/www.instagram.com\\\/mandragorastore.pl\\\/\"]}]}<\/script>\n<!-- \/ Yoast SEO plugin. -->","yoast_head_json":{"title":"Regulamin - MANDRAGORA - Designed for women. Made in Poland.","robots":{"index":"index","follow":"follow","max-snippet":"max-snippet:-1","max-image-preview":"max-image-preview:large","max-video-preview":"max-video-preview:-1"},"canonical":"https:\/\/mandragorastore.pl\/en\/regulamin\/","og_locale":"en_US","og_type":"article","og_title":"Regulamin - MANDRAGORA - Designed for women. Made in Poland.","og_description":"REGULAMIN SKLEPU INTERNETOWEGO WWW.MANDRAGORASTORE.PL I. Postanowienia og\u00f3lne II. Definicje U\u017cyte w Regulaminie poj\u0119cia oznaczaj\u0105: III. Zakres dzia\u0142alno\u015bci IV. Zasady korzystania ze Sklepu V. Sk\u0142adanie zam\u00f3wie\u0144 VII. Realizacja zam\u00f3wie\u0144 i dostawa VIII. E-paragony IX. Odst\u0105pienie od umowy X. Reklamacje XII. Odpowiedzialno\u015b\u0107...","og_url":"https:\/\/mandragorastore.pl\/en\/regulamin\/","og_site_name":"MANDRAGORA - Designed for women. Made in Poland.","article_publisher":"https:\/\/www.facebook.com\/madragorastore\/","article_modified_time":"2026-01-12T16:37:22+00:00","og_image":[{"width":1600,"height":942,"url":"https:\/\/mandragorastore.pl\/wp-content\/uploads\/2026\/01\/obraz.png","type":"image\/png"}],"twitter_card":"summary_large_image","twitter_misc":{"Est. reading time":"7 minutes"},"schema":{"@context":"https:\/\/schema.org","@graph":[{"@type":"WebPage","@id":"https:\/\/mandragorastore.pl\/regulamin\/","url":"https:\/\/mandragorastore.pl\/regulamin\/","name":"Regulamin - MANDRAGORA - Designed for women. Made in Poland.","isPartOf":{"@id":"https:\/\/mandragorastore.pl\/#website"},"primaryImageOfPage":{"@id":"https:\/\/mandragorastore.pl\/regulamin\/#primaryimage"},"image":{"@id":"https:\/\/mandragorastore.pl\/regulamin\/#primaryimage"},"thumbnailUrl":"https:\/\/mandragorastore.pl\/wp-content\/uploads\/2026\/01\/obraz-1024x603.png","datePublished":"2025-10-07T10:19:55+00:00","dateModified":"2026-01-12T16:37:22+00:00","breadcrumb":{"@id":"https:\/\/mandragorastore.pl\/regulamin\/#breadcrumb"},"inLanguage":"en-US","potentialAction":[{"@type":"ReadAction","target":["https:\/\/mandragorastore.pl\/regulamin\/"]}]},{"@type":"ImageObject","inLanguage":"en-US","@id":"https:\/\/mandragorastore.pl\/regulamin\/#primaryimage","url":"https:\/\/mandragorastore.pl\/wp-content\/uploads\/2026\/01\/obraz-1024x603.png","contentUrl":"https:\/\/mandragorastore.pl\/wp-content\/uploads\/2026\/01\/obraz-1024x603.png"},{"@type":"BreadcrumbList","@id":"https:\/\/mandragorastore.pl\/regulamin\/#breadcrumb","itemListElement":[{"@type":"ListItem","position":1,"name":"Strona g\u0142\u00f3wna","item":"https:\/\/mandragorastore.pl\/"},{"@type":"ListItem","position":2,"name":"Regulamin"}]},{"@type":"WebSite","@id":"https:\/\/mandragorastore.pl\/#website","url":"https:\/\/mandragorastore.pl\/","name":"Mandragora by Martyna - Unique Clothing Store for Women","description":"","publisher":{"@id":"https:\/\/mandragorastore.pl\/#organization"},"potentialAction":[{"@type":"SearchAction","target":{"@type":"EntryPoint","urlTemplate":"https:\/\/mandragorastore.pl\/?s={search_term_string}"},"query-input":{"@type":"PropertyValueSpecification","valueRequired":true,"valueName":"search_term_string"}}],"inLanguage":"en-US"},{"@type":"Organization","@id":"https:\/\/mandragorastore.pl\/#organization","name":"Mandragora by Martyna - Unique Clothing Store for Women","url":"https:\/\/mandragorastore.pl\/","logo":{"@type":"ImageObject","inLanguage":"en-US","@id":"https:\/\/mandragorastore.pl\/#\/schema\/logo\/image\/","url":"https:\/\/mandragorastore.pl\/wp-content\/uploads\/2025\/10\/COVER.categories.png","contentUrl":"https:\/\/mandragorastore.pl\/wp-content\/uploads\/2025\/10\/COVER.categories.png","width":800,"height":801,"caption":"Mandragora by Martyna - Wyj\u0105tkowy sklep odzie\u017cowy dla kobiet"},"image":{"@id":"https:\/\/mandragorastore.pl\/#\/schema\/logo\/image\/"},"sameAs":["https:\/\/www.facebook.com\/madragorastore\/","https:\/\/www.instagram.com\/mandragorastore.pl\/"]}]}},"_links":{"self":[{"href":"https:\/\/mandragorastore.pl\/en\/wp-json\/wp\/v2\/pages\/1882","targetHints":{"allow":["GET"]}}],"collection":[{"href":"https:\/\/mandragorastore.pl\/en\/wp-json\/wp\/v2\/pages"}],"about":[{"href":"https:\/\/mandragorastore.pl\/en\/wp-json\/wp\/v2\/types\/page"}],"author":[{"embeddable":true,"href":"https:\/\/mandragorastore.pl\/en\/wp-json\/wp\/v2\/users\/1"}],"replies":[{"embeddable":true,"href":"https:\/\/mandragorastore.pl\/en\/wp-json\/wp\/v2\/comments?post=1882"}],"version-history":[{"count":5,"href":"https:\/\/mandragorastore.pl\/en\/wp-json\/wp\/v2\/pages\/1882\/revisions"}],"predecessor-version":[{"id":4037,"href":"https:\/\/mandragorastore.pl\/en\/wp-json\/wp\/v2\/pages\/1882\/revisions\/4037"}],"wp:attachment":[{"href":"https:\/\/mandragorastore.pl\/en\/wp-json\/wp\/v2\/media?parent=1882"}],"curies":[{"name":"WP","href":"https:\/\/api.w.org\/{rel}","templated":true}]}}