{"id":1885,"date":"2025-10-07T12:28:31","date_gmt":"2025-10-07T10:28:31","guid":{"rendered":"https:\/\/mandragorastore.pl\/?page_id=1885"},"modified":"2025-10-07T12:29:25","modified_gmt":"2025-10-07T10:29:25","slug":"zwroty-i-wymiana-towaru","status":"publish","type":"page","link":"https:\/\/mandragorastore.pl\/en\/zwroty-i-wymiana-towaru\/","title":{"rendered":"Returns and complaints"},"content":{"rendered":"<h3 class=\"wp-block-heading\"><strong>1. how to return a product?<\/strong><\/h3>\n\n\n\n<p>To return a product, please fill out and attach a return form:<br><a href=\"https:\/\/mandragorastore.pl\/wp-content\/uploads\/2024\/10\/Formularz-zwrotu-i-wymiany.pdf\">DOWNLOAD RETURN FORM<\/a><\/p>\n\n\n\n<h3 class=\"wp-block-heading\"><strong>2. how to make a product claim?<\/strong><\/h3>\n\n\n\n<p>In order to file a claim, a claim form must be completed and attached: <br><a href=\"https:\/\/mandragorastore.pl\/wp-content\/uploads\/2024\/10\/Formularz-reklamacji.pdf\">DOWNLOAD COMPLAINT FORM<\/a><\/p>\n\n\n\n<h3 class=\"wp-block-heading\"><strong>3. can I make a product exchange?<\/strong><\/h3>\n\n\n\n<p>Yes, in order to exchange the product, you must include a completed merchandise exchange form: <br><a href=\"https:\/\/mandragorastore.pl\/wp-content\/uploads\/2024\/10\/Formularz-zwrotu-i-wymiany.pdf\">DOWNLOAD MERCHANDISE EXCHANGE FORM<\/a> and return the exchanged goods to the company's headquarters.<\/p>\n\n\n\n<h3 class=\"wp-block-heading\"><strong>4. How much time do I have to return\/complain about products?<\/strong><\/h3>\n\n\n\n<p>You have the right to withdraw from the contract within 14 days from the date of receipt of the order. The goods must be sent back immediately, no later than 14 days.<\/p>\n\n\n\n<h3 class=\"wp-block-heading\"><strong>5. how long will I have to wait for a refund?<\/strong><\/h3>\n\n\n\n<p>Refunds will be made up to 14 business days after the returned products arrive.<\/p>\n\n\n\n<h3 class=\"wp-block-heading\"><strong>6. Who covers the shipping costs in case of return\/complaint of an order, or exchange of products?<\/strong><\/h3>\n\n\n\n<p>The cost of returning\/complaining, or replacing the products shall be borne by the buyer.<\/p>\n\n\n\n<h3 class=\"wp-block-heading\"><strong>7. To what address should the returned\/complained\/exchanged products be sent back?<\/strong><\/h3>\n\n\n\n<p>Address:<br>Martyna Sledzik Concept Store<br>144\/3 Trakt Lubelski Street<br>04-790 Warsaw<\/p>","protected":false},"excerpt":{"rendered":"<p>1. Jak dokona\u0107 zwrotu produktu? W celu dokonania zwrotu produktu nale\u017cy wype\u0142ni\u0107 i do\u0142\u0105czy\u0107 formularz zwrotu:POBIERZ FORMULARZ ZWROTU 2. Jak dokona\u0107 reklamacji produktu? W celu z\u0142o\u017cenia reklamacji nale\u017cy wype\u0142ni\u0107 i do\u0142\u0105czy\u0107 formularz reklamacji: POBIERZ FORMULARZ REKLAMACJI 3. Czy mog\u0119 dokona\u0107&#8230;<\/p>","protected":false},"author":1,"featured_media":0,"parent":0,"menu_order":0,"comment_status":"closed","ping_status":"closed","template":"","meta":{"footnotes":""},"class_list":["post-1885","page","type-page","status-publish","hentry"],"yoast_head":"<!-- This site is optimized with the Yoast SEO plugin v27.3 - https:\/\/yoast.com\/product\/yoast-seo-wordpress\/ -->\n<title>Zwroty i reklamacje - MANDRAGORA - Designed for women. Made in Poland.<\/title>\n<meta name=\"robots\" content=\"index, follow, max-snippet:-1, max-image-preview:large, max-video-preview:-1\" \/>\n<link rel=\"canonical\" href=\"https:\/\/mandragorastore.pl\/en\/zwroty-i-wymiana-towaru\/\" \/>\n<meta property=\"og:locale\" content=\"en_US\" \/>\n<meta property=\"og:type\" content=\"article\" \/>\n<meta property=\"og:title\" content=\"Zwroty i reklamacje - MANDRAGORA - Designed for women. Made in Poland.\" \/>\n<meta property=\"og:description\" content=\"1. Jak dokona\u0107 zwrotu produktu? W celu dokonania zwrotu produktu nale\u017cy wype\u0142ni\u0107 i do\u0142\u0105czy\u0107 formularz zwrotu:POBIERZ FORMULARZ ZWROTU 2. Jak dokona\u0107 reklamacji produktu? W celu z\u0142o\u017cenia reklamacji nale\u017cy wype\u0142ni\u0107 i do\u0142\u0105czy\u0107 formularz reklamacji: POBIERZ FORMULARZ REKLAMACJI 3. Czy mog\u0119 dokona\u0107...\" \/>\n<meta property=\"og:url\" content=\"https:\/\/mandragorastore.pl\/en\/zwroty-i-wymiana-towaru\/\" \/>\n<meta property=\"og:site_name\" content=\"MANDRAGORA - Designed for women. Made in Poland.\" \/>\n<meta property=\"article:publisher\" content=\"https:\/\/www.facebook.com\/madragorastore\/\" \/>\n<meta property=\"article:modified_time\" content=\"2025-10-07T10:29:25+00:00\" \/>\n<meta property=\"og:image\" content=\"https:\/\/mandragorastore.pl\/wp-content\/uploads\/2025\/10\/COVER.categories.png\" \/>\n\t<meta property=\"og:image:width\" content=\"800\" \/>\n\t<meta property=\"og:image:height\" content=\"801\" \/>\n\t<meta property=\"og:image:type\" content=\"image\/png\" \/>\n<meta name=\"twitter:card\" content=\"summary_large_image\" \/>\n<meta name=\"twitter:label1\" content=\"Est. reading time\" \/>\n\t<meta name=\"twitter:data1\" content=\"1 minute\" \/>\n<script type=\"application\/ld+json\" class=\"yoast-schema-graph\">{\"@context\":\"https:\\\/\\\/schema.org\",\"@graph\":[{\"@type\":\"WebPage\",\"@id\":\"https:\\\/\\\/mandragorastore.pl\\\/zwroty-i-wymiana-towaru\\\/\",\"url\":\"https:\\\/\\\/mandragorastore.pl\\\/zwroty-i-wymiana-towaru\\\/\",\"name\":\"Zwroty i reklamacje - MANDRAGORA - Designed for women. Made in Poland.\",\"isPartOf\":{\"@id\":\"https:\\\/\\\/mandragorastore.pl\\\/#website\"},\"datePublished\":\"2025-10-07T10:28:31+00:00\",\"dateModified\":\"2025-10-07T10:29:25+00:00\",\"breadcrumb\":{\"@id\":\"https:\\\/\\\/mandragorastore.pl\\\/zwroty-i-wymiana-towaru\\\/#breadcrumb\"},\"inLanguage\":\"en-US\",\"potentialAction\":[{\"@type\":\"ReadAction\",\"target\":[\"https:\\\/\\\/mandragorastore.pl\\\/zwroty-i-wymiana-towaru\\\/\"]}]},{\"@type\":\"BreadcrumbList\",\"@id\":\"https:\\\/\\\/mandragorastore.pl\\\/zwroty-i-wymiana-towaru\\\/#breadcrumb\",\"itemListElement\":[{\"@type\":\"ListItem\",\"position\":1,\"name\":\"Strona g\u0142\u00f3wna\",\"item\":\"https:\\\/\\\/mandragorastore.pl\\\/\"},{\"@type\":\"ListItem\",\"position\":2,\"name\":\"Zwroty i reklamacje\"}]},{\"@type\":\"WebSite\",\"@id\":\"https:\\\/\\\/mandragorastore.pl\\\/#website\",\"url\":\"https:\\\/\\\/mandragorastore.pl\\\/\",\"name\":\"Mandragora by Martyna - Wyj\u0105tkowy sklep odzie\u017cowy dla kobiet\",\"description\":\"\",\"publisher\":{\"@id\":\"https:\\\/\\\/mandragorastore.pl\\\/#organization\"},\"potentialAction\":[{\"@type\":\"SearchAction\",\"target\":{\"@type\":\"EntryPoint\",\"urlTemplate\":\"https:\\\/\\\/mandragorastore.pl\\\/?s={search_term_string}\"},\"query-input\":{\"@type\":\"PropertyValueSpecification\",\"valueRequired\":true,\"valueName\":\"search_term_string\"}}],\"inLanguage\":\"en-US\"},{\"@type\":\"Organization\",\"@id\":\"https:\\\/\\\/mandragorastore.pl\\\/#organization\",\"name\":\"Mandragora by Martyna - Wyj\u0105tkowy sklep odzie\u017cowy dla kobiet\",\"url\":\"https:\\\/\\\/mandragorastore.pl\\\/\",\"logo\":{\"@type\":\"ImageObject\",\"inLanguage\":\"en-US\",\"@id\":\"https:\\\/\\\/mandragorastore.pl\\\/#\\\/schema\\\/logo\\\/image\\\/\",\"url\":\"https:\\\/\\\/mandragorastore.pl\\\/wp-content\\\/uploads\\\/2025\\\/10\\\/COVER.categories.png\",\"contentUrl\":\"https:\\\/\\\/mandragorastore.pl\\\/wp-content\\\/uploads\\\/2025\\\/10\\\/COVER.categories.png\",\"width\":800,\"height\":801,\"caption\":\"Mandragora by Martyna - Wyj\u0105tkowy sklep odzie\u017cowy dla kobiet\"},\"image\":{\"@id\":\"https:\\\/\\\/mandragorastore.pl\\\/#\\\/schema\\\/logo\\\/image\\\/\"},\"sameAs\":[\"https:\\\/\\\/www.facebook.com\\\/madragorastore\\\/\",\"https:\\\/\\\/www.instagram.com\\\/mandragorastore.pl\\\/\"]}]}<\/script>\n<!-- \/ Yoast SEO plugin. -->","yoast_head_json":{"title":"Zwroty i reklamacje - MANDRAGORA - Designed for women. Made in Poland.","robots":{"index":"index","follow":"follow","max-snippet":"max-snippet:-1","max-image-preview":"max-image-preview:large","max-video-preview":"max-video-preview:-1"},"canonical":"https:\/\/mandragorastore.pl\/en\/zwroty-i-wymiana-towaru\/","og_locale":"en_US","og_type":"article","og_title":"Zwroty i reklamacje - MANDRAGORA - Designed for women. Made in Poland.","og_description":"1. Jak dokona\u0107 zwrotu produktu? W celu dokonania zwrotu produktu nale\u017cy wype\u0142ni\u0107 i do\u0142\u0105czy\u0107 formularz zwrotu:POBIERZ FORMULARZ ZWROTU 2. Jak dokona\u0107 reklamacji produktu? W celu z\u0142o\u017cenia reklamacji nale\u017cy wype\u0142ni\u0107 i do\u0142\u0105czy\u0107 formularz reklamacji: POBIERZ FORMULARZ REKLAMACJI 3. Czy mog\u0119 dokona\u0107...","og_url":"https:\/\/mandragorastore.pl\/en\/zwroty-i-wymiana-towaru\/","og_site_name":"MANDRAGORA - Designed for women. Made in Poland.","article_publisher":"https:\/\/www.facebook.com\/madragorastore\/","article_modified_time":"2025-10-07T10:29:25+00:00","og_image":[{"width":800,"height":801,"url":"https:\/\/mandragorastore.pl\/wp-content\/uploads\/2025\/10\/COVER.categories.png","type":"image\/png"}],"twitter_card":"summary_large_image","twitter_misc":{"Est. reading time":"1 minute"},"schema":{"@context":"https:\/\/schema.org","@graph":[{"@type":"WebPage","@id":"https:\/\/mandragorastore.pl\/zwroty-i-wymiana-towaru\/","url":"https:\/\/mandragorastore.pl\/zwroty-i-wymiana-towaru\/","name":"Zwroty i reklamacje - MANDRAGORA - Designed for women. Made in Poland.","isPartOf":{"@id":"https:\/\/mandragorastore.pl\/#website"},"datePublished":"2025-10-07T10:28:31+00:00","dateModified":"2025-10-07T10:29:25+00:00","breadcrumb":{"@id":"https:\/\/mandragorastore.pl\/zwroty-i-wymiana-towaru\/#breadcrumb"},"inLanguage":"en-US","potentialAction":[{"@type":"ReadAction","target":["https:\/\/mandragorastore.pl\/zwroty-i-wymiana-towaru\/"]}]},{"@type":"BreadcrumbList","@id":"https:\/\/mandragorastore.pl\/zwroty-i-wymiana-towaru\/#breadcrumb","itemListElement":[{"@type":"ListItem","position":1,"name":"Strona g\u0142\u00f3wna","item":"https:\/\/mandragorastore.pl\/"},{"@type":"ListItem","position":2,"name":"Zwroty i reklamacje"}]},{"@type":"WebSite","@id":"https:\/\/mandragorastore.pl\/#website","url":"https:\/\/mandragorastore.pl\/","name":"Mandragora by Martyna - Unique Clothing Store for Women","description":"","publisher":{"@id":"https:\/\/mandragorastore.pl\/#organization"},"potentialAction":[{"@type":"SearchAction","target":{"@type":"EntryPoint","urlTemplate":"https:\/\/mandragorastore.pl\/?s={search_term_string}"},"query-input":{"@type":"PropertyValueSpecification","valueRequired":true,"valueName":"search_term_string"}}],"inLanguage":"en-US"},{"@type":"Organization","@id":"https:\/\/mandragorastore.pl\/#organization","name":"Mandragora by Martyna - Unique Clothing Store for Women","url":"https:\/\/mandragorastore.pl\/","logo":{"@type":"ImageObject","inLanguage":"en-US","@id":"https:\/\/mandragorastore.pl\/#\/schema\/logo\/image\/","url":"https:\/\/mandragorastore.pl\/wp-content\/uploads\/2025\/10\/COVER.categories.png","contentUrl":"https:\/\/mandragorastore.pl\/wp-content\/uploads\/2025\/10\/COVER.categories.png","width":800,"height":801,"caption":"Mandragora by Martyna - Wyj\u0105tkowy sklep odzie\u017cowy dla kobiet"},"image":{"@id":"https:\/\/mandragorastore.pl\/#\/schema\/logo\/image\/"},"sameAs":["https:\/\/www.facebook.com\/madragorastore\/","https:\/\/www.instagram.com\/mandragorastore.pl\/"]}]}},"_links":{"self":[{"href":"https:\/\/mandragorastore.pl\/en\/wp-json\/wp\/v2\/pages\/1885","targetHints":{"allow":["GET"]}}],"collection":[{"href":"https:\/\/mandragorastore.pl\/en\/wp-json\/wp\/v2\/pages"}],"about":[{"href":"https:\/\/mandragorastore.pl\/en\/wp-json\/wp\/v2\/types\/page"}],"author":[{"embeddable":true,"href":"https:\/\/mandragorastore.pl\/en\/wp-json\/wp\/v2\/users\/1"}],"replies":[{"embeddable":true,"href":"https:\/\/mandragorastore.pl\/en\/wp-json\/wp\/v2\/comments?post=1885"}],"version-history":[{"count":1,"href":"https:\/\/mandragorastore.pl\/en\/wp-json\/wp\/v2\/pages\/1885\/revisions"}],"predecessor-version":[{"id":1886,"href":"https:\/\/mandragorastore.pl\/en\/wp-json\/wp\/v2\/pages\/1885\/revisions\/1886"}],"wp:attachment":[{"href":"https:\/\/mandragorastore.pl\/en\/wp-json\/wp\/v2\/media?parent=1885"}],"curies":[{"name":"WP","href":"https:\/\/api.w.org\/{rel}","templated":true}]}}