{"id":1249,"date":"2025-10-06T16:55:15","date_gmt":"2025-10-06T14:55:15","guid":{"rendered":"https:\/\/mandragorastore.pl\/?post_type=product&#038;p=1249"},"modified":"2026-04-01T11:30:33","modified_gmt":"2026-04-01T09:30:33","slug":"plaszcz-area","status":"publish","type":"product","link":"https:\/\/mandragorastore.pl\/en\/product\/plaszcz-area\/","title":{"rendered":"Area Coat"},"content":{"rendered":"<div class=\"\">\n<div class=\"\">\n<p>The model is 175 cm tall and is wearing size XS\/S .<span class=\"x_Apple-converted-space\">\u00a0<\/span><\/p>\n<p>bust<span class=\"x_Apple-converted-space\">\u00a0 91<\/span>\u00a0cm<span class=\"x_Apple-converted-space\">\u00a0 \u00a0\u00a0<\/span>waist 65 cm <span class=\"x_Apple-converted-space\">\u00a0\u00a0<\/span>hips 93 cm<\/p>\n<\/div>\n<\/div>\n<ul class=\"\">\n<li class=\"\"><span class=\"\">Fast delivery\u00a0<\/span><\/li>\n<li>PayPo payments<\/li>\n<li class=\"\">14 days for easy return<\/li>\n<\/ul>\n<div class=\"\">Cost of Delivery :<\/div>\n<ul class=\"\">\n<li class=\"\">InPost courier service: PLN 15.00<\/li>\n<li class=\"\">Parcel Post Inpost: PLN 13.00<\/li>\n<li>Cash on delivery InPost: PLN 17.00<\/li>\n<\/ul>\n<p><strong>Dimensions :<\/strong><\/p>\n<table style=\"font-weight: 400;\" data-tablestyle=\"MsoTableGrid\" data-tablelook=\"1184\" aria-rowcount=\"4\">\n<tbody>\n<tr aria-rowindex=\"1\">\n<td data-celllook=\"0\"><span data-ccp-props=\"\">\u00a0<\/span><\/td>\n<td data-celllook=\"0\"><span data-contrast=\"auto\">One Size<\/span><span data-ccp-props=\"\">\u00a0<\/span><\/td>\n<\/tr>\n<tr aria-rowindex=\"2\">\n<td data-celllook=\"0\"><span data-contrast=\"auto\">Sleeve length<\/span><\/td>\n<td data-celllook=\"0\"><span data-contrast=\"auto\">56 cm<\/span><span data-ccp-props=\"\">\u00a0<\/span><\/td>\n<\/tr>\n<tr aria-rowindex=\"3\">\n<td data-celllook=\"0\"><span data-contrast=\"auto\">Overall length<\/span><\/td>\n<td data-celllook=\"0\"><span data-contrast=\"auto\">141 cm <\/span><span data-ccp-props=\"\">\u00a0<\/span><\/td>\n<\/tr>\n<tr aria-rowindex=\"4\">\n<td data-celllook=\"0\"><span data-contrast=\"auto\">Bust<\/span><\/td>\n<td data-celllook=\"0\"><span data-contrast=\"auto\">67 cm <\/span><span data-ccp-props=\"\">\u00a0<\/span><\/td>\n<\/tr>\n<\/tbody>\n<\/table>","protected":false},"excerpt":{"rendered":"<p><span data-olk-copy-source=\"MessageBody\">Area coat is a practical yet stylish solution. The long cut of the coat effectively protects you from the cold and adds a unique touch to your styling. Oversized cut with side slits, thanks to which comfort is maintained, allows you to create layered looks, still feeling freedom thanks to the lightness of the garment.<\/span><\/p>\n<p>Include a belt to break up the simple form of the coat, allowing you to adjust the binding to suit your individual preferences or silhouette. Practical high collar and two slip pockets with flaps. Long sleeves with lowered shoulder line, finished with slit cuffs, allow for free roll-ups.<\/p>\n<p>For everyday wear with Klaro pants and Rosalie longsleeve, adding your favorite boots and autumn accessories to the styling. For special occasions, style with heeled boots and a tight dress to balance the voluminous cut of the coat.<\/p>\n<p>Composition: 100% polyester, 100% viscose lining<\/p>\n<p>Designed and sewn in Poland.<\/p>","protected":false},"featured_media":3801,"template":"","meta":[],"product_brand":[],"product_cat":[141,32],"product_tag":[],"class_list":{"0":"post-1249","1":"product","2":"type-product","3":"status-publish","4":"has-post-thumbnail","6":"product_cat-okrycia-wierzchnie","7":"product_cat-plaszcze","9":"first","10":"instock","11":"sale","12":"shipping-taxable","13":"purchasable","14":"product-type-variable","15":"has-default-attributes","16":"wpzoom-wc-spi-has-enabled"},"yoast_head":"<!-- This site is optimized with the Yoast SEO plugin v27.3 - https:\/\/yoast.com\/product\/yoast-seo-wordpress\/ -->\n<title>P\u0142aszcz Area - MANDRAGORA - Designed for women. Made in Poland.<\/title>\n<meta name=\"robots\" content=\"index, follow, max-snippet:-1, max-image-preview:large, max-video-preview:-1\" \/>\n<link rel=\"canonical\" href=\"https:\/\/mandragorastore.pl\/en\/product\/plaszcz-area\/\" \/>\n<meta property=\"og:locale\" content=\"en_US\" \/>\n<meta property=\"og:type\" content=\"article\" \/>\n<meta property=\"og:title\" content=\"P\u0142aszcz Area - MANDRAGORA - Designed for women. Made in Poland.\" \/>\n<meta property=\"og:description\" content=\"P\u0142aszcz Area to praktyczne, a zarazem stylowe rozwi\u0105zanie. D\u0142ugi fason p\u0142aszcza skutecznie chroni przed zimnem oraz nadaje stylizacjom unikalnego charakteru. Oversizowy kr\u00f3j z bocznymi rozci\u0119ciami, dzi\u0119ki kt\u00f3rym zachowany zosta\u0142 komfort u\u017cytkowania, pozwala tworzy\u0107 warstwowe looki, wci\u0105\u017c odczuwaj\u0105c swobod\u0119 dzi\u0119ki lekko\u015bci okrycia.  W zestawie pasek, kt\u00f3ry pozwoli prze\u0142ama\u0107 prost\u0105 form\u0119 p\u0142aszcza, pozwalaj\u0105c na dostosowanie wi\u0105zania do indywidualnych preferencji czy sylwetki. Praktyczna wysoka st\u00f3jka oraz dwie wsuwane kieszenie z klapami. D\u0142ugie r\u0119kawy o obni\u017conej linii ramion, zako\u0144czone rozci\u0119tymi mankietami, pozwalaj\u0105 na swobodne podwini\u0119cia.  Na co dzie\u0144 no\u015b ze spodniami Klaro i longsleveem Rosalie, dodaj\u0105c do stylizacji ulubione botki oraz jesienne dodatki. Na specjalne okazje stylizuj z kozakami na obcasie i obcis\u0142\u0105 sukienk\u0105, by zr\u00f3wnowa\u017cy\u0107 obszerny kr\u00f3j p\u0142aszcza.  Sk\u0142ad: 100% poliester, podszewka 100% wiskoza  Projektowane i szyte w Polsce.\" \/>\n<meta property=\"og:url\" content=\"https:\/\/mandragorastore.pl\/en\/product\/plaszcz-area\/\" \/>\n<meta property=\"og:site_name\" content=\"MANDRAGORA - Designed for women. Made in Poland.\" \/>\n<meta property=\"article:publisher\" content=\"https:\/\/www.facebook.com\/madragorastore\/\" \/>\n<meta property=\"article:modified_time\" content=\"2026-04-01T09:30:33+00:00\" \/>\n<meta property=\"og:image\" content=\"https:\/\/mandragorastore.pl\/wp-content\/uploads\/2025\/10\/7-scaled-1.webp\" \/>\n\t<meta property=\"og:image:width\" content=\"1707\" \/>\n\t<meta property=\"og:image:height\" content=\"2560\" \/>\n\t<meta property=\"og:image:type\" content=\"image\/webp\" \/>\n<meta name=\"twitter:card\" content=\"summary_large_image\" \/>\n<meta name=\"twitter:label1\" content=\"Est. reading time\" \/>\n\t<meta name=\"twitter:data1\" content=\"1 minute\" \/>\n<script type=\"application\/ld+json\" class=\"yoast-schema-graph\">{\"@context\":\"https:\\\/\\\/schema.org\",\"@graph\":[{\"@type\":\"WebPage\",\"@id\":\"https:\\\/\\\/mandragorastore.pl\\\/product\\\/plaszcz-area\\\/\",\"url\":\"https:\\\/\\\/mandragorastore.pl\\\/product\\\/plaszcz-area\\\/\",\"name\":\"P\u0142aszcz Area - MANDRAGORA - Designed for women. Made in Poland.\",\"isPartOf\":{\"@id\":\"https:\\\/\\\/mandragorastore.pl\\\/#website\"},\"primaryImageOfPage\":{\"@id\":\"https:\\\/\\\/mandragorastore.pl\\\/product\\\/plaszcz-area\\\/#primaryimage\"},\"image\":{\"@id\":\"https:\\\/\\\/mandragorastore.pl\\\/product\\\/plaszcz-area\\\/#primaryimage\"},\"thumbnailUrl\":\"https:\\\/\\\/mandragorastore.pl\\\/wp-content\\\/uploads\\\/2025\\\/10\\\/7-scaled-1.webp\",\"datePublished\":\"2025-10-06T14:55:15+00:00\",\"dateModified\":\"2026-04-01T09:30:33+00:00\",\"breadcrumb\":{\"@id\":\"https:\\\/\\\/mandragorastore.pl\\\/product\\\/plaszcz-area\\\/#breadcrumb\"},\"inLanguage\":\"en-US\",\"potentialAction\":[{\"@type\":\"ReadAction\",\"target\":[\"https:\\\/\\\/mandragorastore.pl\\\/product\\\/plaszcz-area\\\/\"]}]},{\"@type\":\"ImageObject\",\"inLanguage\":\"en-US\",\"@id\":\"https:\\\/\\\/mandragorastore.pl\\\/product\\\/plaszcz-area\\\/#primaryimage\",\"url\":\"https:\\\/\\\/mandragorastore.pl\\\/wp-content\\\/uploads\\\/2025\\\/10\\\/7-scaled-1.webp\",\"contentUrl\":\"https:\\\/\\\/mandragorastore.pl\\\/wp-content\\\/uploads\\\/2025\\\/10\\\/7-scaled-1.webp\",\"width\":1707,\"height\":2560},{\"@type\":\"BreadcrumbList\",\"@id\":\"https:\\\/\\\/mandragorastore.pl\\\/product\\\/plaszcz-area\\\/#breadcrumb\",\"itemListElement\":[{\"@type\":\"ListItem\",\"position\":1,\"name\":\"Strona g\u0142\u00f3wna\",\"item\":\"https:\\\/\\\/mandragorastore.pl\\\/\"},{\"@type\":\"ListItem\",\"position\":2,\"name\":\"Katalog\",\"item\":\"https:\\\/\\\/mandragorastore.pl\\\/sklep\\\/\"},{\"@type\":\"ListItem\",\"position\":3,\"name\":\"P\u0142aszcz Area\"}]},{\"@type\":\"WebSite\",\"@id\":\"https:\\\/\\\/mandragorastore.pl\\\/#website\",\"url\":\"https:\\\/\\\/mandragorastore.pl\\\/\",\"name\":\"Mandragora by Martyna - Wyj\u0105tkowy sklep odzie\u017cowy dla kobiet\",\"description\":\"\",\"publisher\":{\"@id\":\"https:\\\/\\\/mandragorastore.pl\\\/#organization\"},\"potentialAction\":[{\"@type\":\"SearchAction\",\"target\":{\"@type\":\"EntryPoint\",\"urlTemplate\":\"https:\\\/\\\/mandragorastore.pl\\\/?s={search_term_string}\"},\"query-input\":{\"@type\":\"PropertyValueSpecification\",\"valueRequired\":true,\"valueName\":\"search_term_string\"}}],\"inLanguage\":\"en-US\"},{\"@type\":\"Organization\",\"@id\":\"https:\\\/\\\/mandragorastore.pl\\\/#organization\",\"name\":\"Mandragora by Martyna - Wyj\u0105tkowy sklep odzie\u017cowy dla kobiet\",\"url\":\"https:\\\/\\\/mandragorastore.pl\\\/\",\"logo\":{\"@type\":\"ImageObject\",\"inLanguage\":\"en-US\",\"@id\":\"https:\\\/\\\/mandragorastore.pl\\\/#\\\/schema\\\/logo\\\/image\\\/\",\"url\":\"https:\\\/\\\/mandragorastore.pl\\\/wp-content\\\/uploads\\\/2025\\\/10\\\/COVER.categories.png\",\"contentUrl\":\"https:\\\/\\\/mandragorastore.pl\\\/wp-content\\\/uploads\\\/2025\\\/10\\\/COVER.categories.png\",\"width\":800,\"height\":801,\"caption\":\"Mandragora by Martyna - Wyj\u0105tkowy sklep odzie\u017cowy dla kobiet\"},\"image\":{\"@id\":\"https:\\\/\\\/mandragorastore.pl\\\/#\\\/schema\\\/logo\\\/image\\\/\"},\"sameAs\":[\"https:\\\/\\\/www.facebook.com\\\/madragorastore\\\/\",\"https:\\\/\\\/www.instagram.com\\\/mandragorastore.pl\\\/\"]}]}<\/script>\n<!-- \/ Yoast SEO plugin. -->","yoast_head_json":{"title":"P\u0142aszcz Area - MANDRAGORA - Designed for women. Made in Poland.","robots":{"index":"index","follow":"follow","max-snippet":"max-snippet:-1","max-image-preview":"max-image-preview:large","max-video-preview":"max-video-preview:-1"},"canonical":"https:\/\/mandragorastore.pl\/en\/product\/plaszcz-area\/","og_locale":"en_US","og_type":"article","og_title":"P\u0142aszcz Area - MANDRAGORA - Designed for women. Made in Poland.","og_description":"P\u0142aszcz Area to praktyczne, a zarazem stylowe rozwi\u0105zanie. D\u0142ugi fason p\u0142aszcza skutecznie chroni przed zimnem oraz nadaje stylizacjom unikalnego charakteru. Oversizowy kr\u00f3j z bocznymi rozci\u0119ciami, dzi\u0119ki kt\u00f3rym zachowany zosta\u0142 komfort u\u017cytkowania, pozwala tworzy\u0107 warstwowe looki, wci\u0105\u017c odczuwaj\u0105c swobod\u0119 dzi\u0119ki lekko\u015bci okrycia.  W zestawie pasek, kt\u00f3ry pozwoli prze\u0142ama\u0107 prost\u0105 form\u0119 p\u0142aszcza, pozwalaj\u0105c na dostosowanie wi\u0105zania do indywidualnych preferencji czy sylwetki. Praktyczna wysoka st\u00f3jka oraz dwie wsuwane kieszenie z klapami. D\u0142ugie r\u0119kawy o obni\u017conej linii ramion, zako\u0144czone rozci\u0119tymi mankietami, pozwalaj\u0105 na swobodne podwini\u0119cia.  Na co dzie\u0144 no\u015b ze spodniami Klaro i longsleveem Rosalie, dodaj\u0105c do stylizacji ulubione botki oraz jesienne dodatki. Na specjalne okazje stylizuj z kozakami na obcasie i obcis\u0142\u0105 sukienk\u0105, by zr\u00f3wnowa\u017cy\u0107 obszerny kr\u00f3j p\u0142aszcza.  Sk\u0142ad: 100% poliester, podszewka 100% wiskoza  Projektowane i szyte w Polsce.","og_url":"https:\/\/mandragorastore.pl\/en\/product\/plaszcz-area\/","og_site_name":"MANDRAGORA - Designed for women. Made in Poland.","article_publisher":"https:\/\/www.facebook.com\/madragorastore\/","article_modified_time":"2026-04-01T09:30:33+00:00","og_image":[{"width":1707,"height":2560,"url":"https:\/\/mandragorastore.pl\/wp-content\/uploads\/2025\/10\/7-scaled-1.webp","type":"image\/webp"}],"twitter_card":"summary_large_image","twitter_misc":{"Est. reading time":"1 minute"},"schema":{"@context":"https:\/\/schema.org","@graph":[{"@type":"WebPage","@id":"https:\/\/mandragorastore.pl\/product\/plaszcz-area\/","url":"https:\/\/mandragorastore.pl\/product\/plaszcz-area\/","name":"P\u0142aszcz Area - MANDRAGORA - Designed for women. Made in Poland.","isPartOf":{"@id":"https:\/\/mandragorastore.pl\/#website"},"primaryImageOfPage":{"@id":"https:\/\/mandragorastore.pl\/product\/plaszcz-area\/#primaryimage"},"image":{"@id":"https:\/\/mandragorastore.pl\/product\/plaszcz-area\/#primaryimage"},"thumbnailUrl":"https:\/\/mandragorastore.pl\/wp-content\/uploads\/2025\/10\/7-scaled-1.webp","datePublished":"2025-10-06T14:55:15+00:00","dateModified":"2026-04-01T09:30:33+00:00","breadcrumb":{"@id":"https:\/\/mandragorastore.pl\/product\/plaszcz-area\/#breadcrumb"},"inLanguage":"en-US","potentialAction":[{"@type":"ReadAction","target":["https:\/\/mandragorastore.pl\/product\/plaszcz-area\/"]}]},{"@type":"ImageObject","inLanguage":"en-US","@id":"https:\/\/mandragorastore.pl\/product\/plaszcz-area\/#primaryimage","url":"https:\/\/mandragorastore.pl\/wp-content\/uploads\/2025\/10\/7-scaled-1.webp","contentUrl":"https:\/\/mandragorastore.pl\/wp-content\/uploads\/2025\/10\/7-scaled-1.webp","width":1707,"height":2560},{"@type":"BreadcrumbList","@id":"https:\/\/mandragorastore.pl\/product\/plaszcz-area\/#breadcrumb","itemListElement":[{"@type":"ListItem","position":1,"name":"Strona g\u0142\u00f3wna","item":"https:\/\/mandragorastore.pl\/"},{"@type":"ListItem","position":2,"name":"Katalog","item":"https:\/\/mandragorastore.pl\/sklep\/"},{"@type":"ListItem","position":3,"name":"P\u0142aszcz Area"}]},{"@type":"WebSite","@id":"https:\/\/mandragorastore.pl\/#website","url":"https:\/\/mandragorastore.pl\/","name":"Mandragora by Martyna - Unique Clothing Store for Women","description":"","publisher":{"@id":"https:\/\/mandragorastore.pl\/#organization"},"potentialAction":[{"@type":"SearchAction","target":{"@type":"EntryPoint","urlTemplate":"https:\/\/mandragorastore.pl\/?s={search_term_string}"},"query-input":{"@type":"PropertyValueSpecification","valueRequired":true,"valueName":"search_term_string"}}],"inLanguage":"en-US"},{"@type":"Organization","@id":"https:\/\/mandragorastore.pl\/#organization","name":"Mandragora by Martyna - Unique Clothing Store for Women","url":"https:\/\/mandragorastore.pl\/","logo":{"@type":"ImageObject","inLanguage":"en-US","@id":"https:\/\/mandragorastore.pl\/#\/schema\/logo\/image\/","url":"https:\/\/mandragorastore.pl\/wp-content\/uploads\/2025\/10\/COVER.categories.png","contentUrl":"https:\/\/mandragorastore.pl\/wp-content\/uploads\/2025\/10\/COVER.categories.png","width":800,"height":801,"caption":"Mandragora by Martyna - Wyj\u0105tkowy sklep odzie\u017cowy dla kobiet"},"image":{"@id":"https:\/\/mandragorastore.pl\/#\/schema\/logo\/image\/"},"sameAs":["https:\/\/www.facebook.com\/madragorastore\/","https:\/\/www.instagram.com\/mandragorastore.pl\/"]}]}},"_links":{"self":[{"href":"https:\/\/mandragorastore.pl\/en\/wp-json\/wp\/v2\/product\/1249","targetHints":{"allow":["GET"]}}],"collection":[{"href":"https:\/\/mandragorastore.pl\/en\/wp-json\/wp\/v2\/product"}],"about":[{"href":"https:\/\/mandragorastore.pl\/en\/wp-json\/wp\/v2\/types\/product"}],"wp:featuredmedia":[{"embeddable":true,"href":"https:\/\/mandragorastore.pl\/en\/wp-json\/wp\/v2\/media\/3801"}],"wp:attachment":[{"href":"https:\/\/mandragorastore.pl\/en\/wp-json\/wp\/v2\/media?parent=1249"}],"wp:term":[{"taxonomy":"product_brand","embeddable":true,"href":"https:\/\/mandragorastore.pl\/en\/wp-json\/wp\/v2\/product_brand?post=1249"},{"taxonomy":"product_cat","embeddable":true,"href":"https:\/\/mandragorastore.pl\/en\/wp-json\/wp\/v2\/product_cat?post=1249"},{"taxonomy":"product_tag","embeddable":true,"href":"https:\/\/mandragorastore.pl\/en\/wp-json\/wp\/v2\/product_tag?post=1249"}],"curies":[{"name":"WP","href":"https:\/\/api.w.org\/{rel}","templated":true}]}}