{"id":1282,"date":"2025-10-06T16:55:33","date_gmt":"2025-10-06T14:55:33","guid":{"rendered":"https:\/\/mandragorastore.pl\/?post_type=product&#038;p=1282"},"modified":"2026-04-01T11:30:33","modified_gmt":"2026-04-01T09:30:33","slug":"sukienka-chloe-stalowa","status":"publish","type":"product","link":"https:\/\/mandragorastore.pl\/en\/product\/sukienka-chloe-stalowa\/","title":{"rendered":"Chloe Steel Dress"},"content":{"rendered":"<div class=\"\">\n<div class=\"\">\n<p>The model is 175 cm tall and is wearing size XS\/S .<span class=\"x_Apple-converted-space\">\u00a0<\/span><\/p>\n<p>bust<span class=\"x_Apple-converted-space\">\u00a0 91<\/span>\u00a0cm<span class=\"x_Apple-converted-space\">\u00a0 \u00a0\u00a0<\/span>waist 65 cm <span class=\"x_Apple-converted-space\">\u00a0\u00a0<\/span>hips 97 cm<\/p>\n<\/div>\n<\/div>\n<ul class=\"\">\n<li class=\"\"><span class=\"\">Fast delivery\u00a0<\/span><\/li>\n<li>PayPo payments<\/li>\n<li class=\"\">14 days for easy return<\/li>\n<\/ul>\n<div class=\"\">Cost of Delivery :<\/div>\n<ul class=\"\">\n<li class=\"\">InPost courier service: PLN 15.00<\/li>\n<li class=\"\">Parcel Post Inpost: PLN 13.00<\/li>\n<li>Cash on delivery InPost: PLN 17.00<\/li>\n<\/ul>\n<p><strong>Dimensions :<\/strong><\/p>\n<table class=\"x_MsoTableGrid\" style=\"height: 283px;\" border=\"1\" width=\"279\" cellspacing=\"0\" cellpadding=\"0\" align=\"left\">\n<tbody>\n<tr>\n<td valign=\"top\" width=\"201\">\n<p class=\"x_MsoNormal\" aria-hidden=\"true\">\n<\/td>\n<td valign=\"top\" width=\"201\">\n<p class=\"x_MsoNormal\">XS\/S<\/p>\n<\/td>\n<td valign=\"top\" width=\"201\">\n<p class=\"x_MsoNormal\">M\/L<\/p>\n<\/td>\n<\/tr>\n<tr>\n<td valign=\"top\" width=\"201\">\n<p class=\"x_MsoNormal\">Bust<\/p>\n<\/td>\n<td valign=\"top\" width=\"201\">\n<p class=\"x_MsoNormal\">80-95 cm<\/p>\n<\/td>\n<td valign=\"top\" width=\"201\">\n<p class=\"x_MsoNormal\">90- 110 cm<\/p>\n<\/td>\n<\/tr>\n<tr>\n<td valign=\"top\" width=\"201\">\n<p class=\"x_MsoNormal\">Talia<\/p>\n<\/td>\n<td valign=\"top\" width=\"201\">\n<p class=\"x_MsoNormal\">60-80 cm<\/p>\n<\/td>\n<td valign=\"top\" width=\"201\">\n<p class=\"x_MsoNormal\">75- 90 cm<\/p>\n<\/td>\n<\/tr>\n<tr>\n<td valign=\"top\" width=\"201\">\n<p class=\"x_MsoNormal\">Sleeve length<\/p>\n<\/td>\n<td valign=\"top\" width=\"201\">\n<p class=\"x_MsoNormal\">76 cm<\/p>\n<\/td>\n<td valign=\"top\" width=\"201\">\n<p class=\"x_MsoNormal\">78 cm<\/p>\n<\/td>\n<\/tr>\n<tr>\n<td valign=\"top\" width=\"201\">\n<p class=\"x_MsoNormal\">Overall length<\/p>\n<\/td>\n<td valign=\"top\" width=\"201\">\n<p class=\"x_MsoNormal\">87 cm<\/p>\n<\/td>\n<td valign=\"top\" width=\"201\">\n<p class=\"x_MsoNormal\">89 cm<\/p>\n<\/td>\n<\/tr>\n<\/tbody>\n<\/table>","protected":false},"excerpt":{"rendered":"<p><span data-olk-copy-source=\"MessageBody\">This stylish long-sleeve dress features a bold yet fully covered neckline, adorned with the brand's signature gold grommets. Its slightly flared sleeves add a touch of lightness, while its relaxed fit in a flowing fabric ensures maximum comfort and adds a subtle effect to the overall look.\u00a0<\/span><\/p>\n<p>The minimalist design allows for a variety of styling - from everyday to evening. This is an ideal choice for those who appreciate simplicity with a bit of distinctive details, in a slightly bold style.<\/p>\n<p>Composition: 94% viscose, 6% elastane<\/p>\n<p>Designed and sewn in Poland.<\/p>","protected":false},"featured_media":3875,"template":"","meta":[],"product_brand":[],"product_cat":[25],"product_tag":[],"class_list":{"0":"post-1282","1":"product","2":"type-product","3":"status-publish","4":"has-post-thumbnail","6":"product_cat-sukienki","8":"first","9":"instock","10":"shipping-taxable","11":"purchasable","12":"product-type-variable","13":"has-default-attributes","14":"wpzoom-wc-spi-has-enabled"},"yoast_head":"<!-- This site is optimized with the Yoast SEO plugin v27.3 - https:\/\/yoast.com\/product\/yoast-seo-wordpress\/ -->\n<title>Sukienka Chloe Stalowa - MANDRAGORA - Designed for women. Made in Poland.<\/title>\n<meta name=\"robots\" content=\"index, follow, max-snippet:-1, max-image-preview:large, max-video-preview:-1\" \/>\n<link rel=\"canonical\" href=\"https:\/\/mandragorastore.pl\/en\/product\/sukienka-chloe-stalowa\/\" \/>\n<meta property=\"og:locale\" content=\"en_US\" \/>\n<meta property=\"og:type\" content=\"article\" \/>\n<meta property=\"og:title\" content=\"Sukienka Chloe Stalowa - MANDRAGORA - Designed for women. Made in Poland.\" \/>\n<meta property=\"og:description\" content=\"Stylowa sukienka z d\u0142ugim r\u0119kawem, kt\u00f3ra wyr\u00f3\u017cnia si\u0119 odwa\u017cnym, a zarazem w pe\u0142ni zakrytym dekoltem, ozdobionym z\u0142otymi przelotkami sygnowanymi logo marki. Jej lekko rozszerzane r\u0119kawy dodaj\u0105 lekko\u015bci, a swobodny fason z lej\u0105cej tkaniny zapewnia maksymalny komfort i nadaje ca\u0142o\u015bci subtelnego efektu.\u00a0  Minimalistyczny design pozwala na r\u00f3\u017cnorodne stylizacje \u2013 od codziennych po wieczorowe. To idealna propozycja dla os\u00f3b, kt\u00f3re ceni\u0105 prostot\u0119 z odrobin\u0105 wyrazistych detali, w nieco odwa\u017cnym stylu.  Sk\u0142ad: 94% wiskoza, 6% elastan  Projektowane i szyte w Polsce.\" \/>\n<meta property=\"og:url\" content=\"https:\/\/mandragorastore.pl\/en\/product\/sukienka-chloe-stalowa\/\" \/>\n<meta property=\"og:site_name\" content=\"MANDRAGORA - Designed for women. Made in Poland.\" \/>\n<meta property=\"article:publisher\" content=\"https:\/\/www.facebook.com\/madragorastore\/\" \/>\n<meta property=\"article:modified_time\" content=\"2026-04-01T09:30:33+00:00\" \/>\n<meta property=\"og:image\" content=\"https:\/\/mandragorastore.pl\/wp-content\/uploads\/2025\/10\/Sukienka-Chloe-szara-1.webp\" \/>\n\t<meta property=\"og:image:width\" content=\"1500\" \/>\n\t<meta property=\"og:image:height\" content=\"2000\" \/>\n\t<meta property=\"og:image:type\" content=\"image\/webp\" \/>\n<meta name=\"twitter:card\" content=\"summary_large_image\" \/>\n<meta name=\"twitter:label1\" content=\"Est. reading time\" \/>\n\t<meta name=\"twitter:data1\" content=\"1 minute\" \/>\n<script type=\"application\/ld+json\" class=\"yoast-schema-graph\">{\"@context\":\"https:\\\/\\\/schema.org\",\"@graph\":[{\"@type\":\"WebPage\",\"@id\":\"https:\\\/\\\/mandragorastore.pl\\\/product\\\/sukienka-chloe-stalowa\\\/\",\"url\":\"https:\\\/\\\/mandragorastore.pl\\\/product\\\/sukienka-chloe-stalowa\\\/\",\"name\":\"Sukienka Chloe Stalowa - MANDRAGORA - Designed for women. Made in Poland.\",\"isPartOf\":{\"@id\":\"https:\\\/\\\/mandragorastore.pl\\\/#website\"},\"primaryImageOfPage\":{\"@id\":\"https:\\\/\\\/mandragorastore.pl\\\/product\\\/sukienka-chloe-stalowa\\\/#primaryimage\"},\"image\":{\"@id\":\"https:\\\/\\\/mandragorastore.pl\\\/product\\\/sukienka-chloe-stalowa\\\/#primaryimage\"},\"thumbnailUrl\":\"https:\\\/\\\/mandragorastore.pl\\\/wp-content\\\/uploads\\\/2025\\\/10\\\/Sukienka-Chloe-szara-1.webp\",\"datePublished\":\"2025-10-06T14:55:33+00:00\",\"dateModified\":\"2026-04-01T09:30:33+00:00\",\"breadcrumb\":{\"@id\":\"https:\\\/\\\/mandragorastore.pl\\\/product\\\/sukienka-chloe-stalowa\\\/#breadcrumb\"},\"inLanguage\":\"en-US\",\"potentialAction\":[{\"@type\":\"ReadAction\",\"target\":[\"https:\\\/\\\/mandragorastore.pl\\\/product\\\/sukienka-chloe-stalowa\\\/\"]}]},{\"@type\":\"ImageObject\",\"inLanguage\":\"en-US\",\"@id\":\"https:\\\/\\\/mandragorastore.pl\\\/product\\\/sukienka-chloe-stalowa\\\/#primaryimage\",\"url\":\"https:\\\/\\\/mandragorastore.pl\\\/wp-content\\\/uploads\\\/2025\\\/10\\\/Sukienka-Chloe-szara-1.webp\",\"contentUrl\":\"https:\\\/\\\/mandragorastore.pl\\\/wp-content\\\/uploads\\\/2025\\\/10\\\/Sukienka-Chloe-szara-1.webp\",\"width\":1500,\"height\":2000},{\"@type\":\"BreadcrumbList\",\"@id\":\"https:\\\/\\\/mandragorastore.pl\\\/product\\\/sukienka-chloe-stalowa\\\/#breadcrumb\",\"itemListElement\":[{\"@type\":\"ListItem\",\"position\":1,\"name\":\"Strona g\u0142\u00f3wna\",\"item\":\"https:\\\/\\\/mandragorastore.pl\\\/\"},{\"@type\":\"ListItem\",\"position\":2,\"name\":\"Katalog\",\"item\":\"https:\\\/\\\/mandragorastore.pl\\\/sklep\\\/\"},{\"@type\":\"ListItem\",\"position\":3,\"name\":\"Sukienka Chloe Stalowa\"}]},{\"@type\":\"WebSite\",\"@id\":\"https:\\\/\\\/mandragorastore.pl\\\/#website\",\"url\":\"https:\\\/\\\/mandragorastore.pl\\\/\",\"name\":\"Mandragora by Martyna - Wyj\u0105tkowy sklep odzie\u017cowy dla kobiet\",\"description\":\"\",\"publisher\":{\"@id\":\"https:\\\/\\\/mandragorastore.pl\\\/#organization\"},\"potentialAction\":[{\"@type\":\"SearchAction\",\"target\":{\"@type\":\"EntryPoint\",\"urlTemplate\":\"https:\\\/\\\/mandragorastore.pl\\\/?s={search_term_string}\"},\"query-input\":{\"@type\":\"PropertyValueSpecification\",\"valueRequired\":true,\"valueName\":\"search_term_string\"}}],\"inLanguage\":\"en-US\"},{\"@type\":\"Organization\",\"@id\":\"https:\\\/\\\/mandragorastore.pl\\\/#organization\",\"name\":\"Mandragora by Martyna - Wyj\u0105tkowy sklep odzie\u017cowy dla kobiet\",\"url\":\"https:\\\/\\\/mandragorastore.pl\\\/\",\"logo\":{\"@type\":\"ImageObject\",\"inLanguage\":\"en-US\",\"@id\":\"https:\\\/\\\/mandragorastore.pl\\\/#\\\/schema\\\/logo\\\/image\\\/\",\"url\":\"https:\\\/\\\/mandragorastore.pl\\\/wp-content\\\/uploads\\\/2025\\\/10\\\/COVER.categories.png\",\"contentUrl\":\"https:\\\/\\\/mandragorastore.pl\\\/wp-content\\\/uploads\\\/2025\\\/10\\\/COVER.categories.png\",\"width\":800,\"height\":801,\"caption\":\"Mandragora by Martyna - Wyj\u0105tkowy sklep odzie\u017cowy dla kobiet\"},\"image\":{\"@id\":\"https:\\\/\\\/mandragorastore.pl\\\/#\\\/schema\\\/logo\\\/image\\\/\"},\"sameAs\":[\"https:\\\/\\\/www.facebook.com\\\/madragorastore\\\/\",\"https:\\\/\\\/www.instagram.com\\\/mandragorastore.pl\\\/\"]}]}<\/script>\n<!-- \/ Yoast SEO plugin. -->","yoast_head_json":{"title":"Sukienka Chloe Stalowa - MANDRAGORA - Designed for women. Made in Poland.","robots":{"index":"index","follow":"follow","max-snippet":"max-snippet:-1","max-image-preview":"max-image-preview:large","max-video-preview":"max-video-preview:-1"},"canonical":"https:\/\/mandragorastore.pl\/en\/product\/sukienka-chloe-stalowa\/","og_locale":"en_US","og_type":"article","og_title":"Sukienka Chloe Stalowa - MANDRAGORA - Designed for women. Made in Poland.","og_description":"Stylowa sukienka z d\u0142ugim r\u0119kawem, kt\u00f3ra wyr\u00f3\u017cnia si\u0119 odwa\u017cnym, a zarazem w pe\u0142ni zakrytym dekoltem, ozdobionym z\u0142otymi przelotkami sygnowanymi logo marki. Jej lekko rozszerzane r\u0119kawy dodaj\u0105 lekko\u015bci, a swobodny fason z lej\u0105cej tkaniny zapewnia maksymalny komfort i nadaje ca\u0142o\u015bci subtelnego efektu.\u00a0  Minimalistyczny design pozwala na r\u00f3\u017cnorodne stylizacje \u2013 od codziennych po wieczorowe. To idealna propozycja dla os\u00f3b, kt\u00f3re ceni\u0105 prostot\u0119 z odrobin\u0105 wyrazistych detali, w nieco odwa\u017cnym stylu.  Sk\u0142ad: 94% wiskoza, 6% elastan  Projektowane i szyte w Polsce.","og_url":"https:\/\/mandragorastore.pl\/en\/product\/sukienka-chloe-stalowa\/","og_site_name":"MANDRAGORA - Designed for women. Made in Poland.","article_publisher":"https:\/\/www.facebook.com\/madragorastore\/","article_modified_time":"2026-04-01T09:30:33+00:00","og_image":[{"width":1500,"height":2000,"url":"https:\/\/mandragorastore.pl\/wp-content\/uploads\/2025\/10\/Sukienka-Chloe-szara-1.webp","type":"image\/webp"}],"twitter_card":"summary_large_image","twitter_misc":{"Est. reading time":"1 minute"},"schema":{"@context":"https:\/\/schema.org","@graph":[{"@type":"WebPage","@id":"https:\/\/mandragorastore.pl\/product\/sukienka-chloe-stalowa\/","url":"https:\/\/mandragorastore.pl\/product\/sukienka-chloe-stalowa\/","name":"Sukienka Chloe Stalowa - MANDRAGORA - Designed for women. Made in Poland.","isPartOf":{"@id":"https:\/\/mandragorastore.pl\/#website"},"primaryImageOfPage":{"@id":"https:\/\/mandragorastore.pl\/product\/sukienka-chloe-stalowa\/#primaryimage"},"image":{"@id":"https:\/\/mandragorastore.pl\/product\/sukienka-chloe-stalowa\/#primaryimage"},"thumbnailUrl":"https:\/\/mandragorastore.pl\/wp-content\/uploads\/2025\/10\/Sukienka-Chloe-szara-1.webp","datePublished":"2025-10-06T14:55:33+00:00","dateModified":"2026-04-01T09:30:33+00:00","breadcrumb":{"@id":"https:\/\/mandragorastore.pl\/product\/sukienka-chloe-stalowa\/#breadcrumb"},"inLanguage":"en-US","potentialAction":[{"@type":"ReadAction","target":["https:\/\/mandragorastore.pl\/product\/sukienka-chloe-stalowa\/"]}]},{"@type":"ImageObject","inLanguage":"en-US","@id":"https:\/\/mandragorastore.pl\/product\/sukienka-chloe-stalowa\/#primaryimage","url":"https:\/\/mandragorastore.pl\/wp-content\/uploads\/2025\/10\/Sukienka-Chloe-szara-1.webp","contentUrl":"https:\/\/mandragorastore.pl\/wp-content\/uploads\/2025\/10\/Sukienka-Chloe-szara-1.webp","width":1500,"height":2000},{"@type":"BreadcrumbList","@id":"https:\/\/mandragorastore.pl\/product\/sukienka-chloe-stalowa\/#breadcrumb","itemListElement":[{"@type":"ListItem","position":1,"name":"Strona g\u0142\u00f3wna","item":"https:\/\/mandragorastore.pl\/"},{"@type":"ListItem","position":2,"name":"Katalog","item":"https:\/\/mandragorastore.pl\/sklep\/"},{"@type":"ListItem","position":3,"name":"Sukienka Chloe Stalowa"}]},{"@type":"WebSite","@id":"https:\/\/mandragorastore.pl\/#website","url":"https:\/\/mandragorastore.pl\/","name":"Mandragora by Martyna - Unique Clothing Store for Women","description":"","publisher":{"@id":"https:\/\/mandragorastore.pl\/#organization"},"potentialAction":[{"@type":"SearchAction","target":{"@type":"EntryPoint","urlTemplate":"https:\/\/mandragorastore.pl\/?s={search_term_string}"},"query-input":{"@type":"PropertyValueSpecification","valueRequired":true,"valueName":"search_term_string"}}],"inLanguage":"en-US"},{"@type":"Organization","@id":"https:\/\/mandragorastore.pl\/#organization","name":"Mandragora by Martyna - Unique Clothing Store for Women","url":"https:\/\/mandragorastore.pl\/","logo":{"@type":"ImageObject","inLanguage":"en-US","@id":"https:\/\/mandragorastore.pl\/#\/schema\/logo\/image\/","url":"https:\/\/mandragorastore.pl\/wp-content\/uploads\/2025\/10\/COVER.categories.png","contentUrl":"https:\/\/mandragorastore.pl\/wp-content\/uploads\/2025\/10\/COVER.categories.png","width":800,"height":801,"caption":"Mandragora by Martyna - Wyj\u0105tkowy sklep odzie\u017cowy dla kobiet"},"image":{"@id":"https:\/\/mandragorastore.pl\/#\/schema\/logo\/image\/"},"sameAs":["https:\/\/www.facebook.com\/madragorastore\/","https:\/\/www.instagram.com\/mandragorastore.pl\/"]}]}},"_links":{"self":[{"href":"https:\/\/mandragorastore.pl\/en\/wp-json\/wp\/v2\/product\/1282","targetHints":{"allow":["GET"]}}],"collection":[{"href":"https:\/\/mandragorastore.pl\/en\/wp-json\/wp\/v2\/product"}],"about":[{"href":"https:\/\/mandragorastore.pl\/en\/wp-json\/wp\/v2\/types\/product"}],"wp:featuredmedia":[{"embeddable":true,"href":"https:\/\/mandragorastore.pl\/en\/wp-json\/wp\/v2\/media\/3875"}],"wp:attachment":[{"href":"https:\/\/mandragorastore.pl\/en\/wp-json\/wp\/v2\/media?parent=1282"}],"wp:term":[{"taxonomy":"product_brand","embeddable":true,"href":"https:\/\/mandragorastore.pl\/en\/wp-json\/wp\/v2\/product_brand?post=1282"},{"taxonomy":"product_cat","embeddable":true,"href":"https:\/\/mandragorastore.pl\/en\/wp-json\/wp\/v2\/product_cat?post=1282"},{"taxonomy":"product_tag","embeddable":true,"href":"https:\/\/mandragorastore.pl\/en\/wp-json\/wp\/v2\/product_tag?post=1282"}],"curies":[{"name":"WP","href":"https:\/\/api.w.org\/{rel}","templated":true}]}}