{"id":1288,"date":"2025-10-06T16:55:38","date_gmt":"2025-10-06T14:55:38","guid":{"rendered":"https:\/\/mandragorastore.pl\/?post_type=product&#038;p=1288"},"modified":"2026-04-01T11:30:33","modified_gmt":"2026-04-01T09:30:33","slug":"sukienka-laurell-czarna","status":"publish","type":"product","link":"https:\/\/mandragorastore.pl\/en\/product\/sukienka-laurell-czarna\/","title":{"rendered":"Laurell Dress Black"},"content":{"rendered":"<div class=\"\">\n<div class=\"\">\n<p>The model is 175 cm tall and is wearing size XS\/S .<span class=\"x_Apple-converted-space\">\u00a0<\/span><\/p>\n<p>bust<span class=\"x_Apple-converted-space\">\u00a0 91<\/span>\u00a0cm<span class=\"x_Apple-converted-space\">\u00a0 \u00a0\u00a0<\/span>waist 65 cm <span class=\"x_Apple-converted-space\">\u00a0\u00a0<\/span>hips 97 cm<\/p>\n<\/div>\n<\/div>\n<ul class=\"\">\n<li class=\"\"><span class=\"\">Fast delivery\u00a0<\/span><\/li>\n<li>PayPo payments<\/li>\n<li class=\"\">14 days for easy return<\/li>\n<\/ul>\n<div class=\"\">Cost of Delivery :<\/div>\n<ul class=\"\">\n<li class=\"\">InPost courier service: PLN 15.00<\/li>\n<li class=\"\">Parcel Post Inpost: PLN 13.00<\/li>\n<li>Cash on delivery InPost: PLN 17.00<\/li>\n<\/ul>\n<p><strong>Dimensions :<\/strong><\/p>\n<table class=\"x_MsoTableGrid\" style=\"height: 348px;\" border=\"1\" width=\"395\" cellspacing=\"0\" cellpadding=\"0\">\n<tbody>\n<tr>\n<td valign=\"top\" width=\"151\">\n<p class=\"x_MsoNormal\" aria-hidden=\"true\" data-olk-copy-source=\"MessageBody\">\n<\/td>\n<td valign=\"top\" width=\"151\">\n<p class=\"x_MsoNormal\">XS\/S<\/p>\n<\/td>\n<td valign=\"top\" width=\"151\">\n<p class=\"x_MsoNormal\">S\/M<\/p>\n<\/td>\n<td valign=\"top\" width=\"151\">\n<p class=\"x_MsoNormal\">M\/L<\/p>\n<\/td>\n<\/tr>\n<tr>\n<td valign=\"top\" width=\"151\">\n<p class=\"x_MsoNormal\">Bust<\/p>\n<\/td>\n<td valign=\"top\" width=\"151\">\n<p class=\"x_MsoNormal\">80- 95 cm<\/p>\n<\/td>\n<td valign=\"top\" width=\"151\">\n<p class=\"x_MsoNormal\">90- 105 cm<\/p>\n<\/td>\n<td valign=\"top\" width=\"151\">\n<p class=\"x_MsoNormal\">100-115 cm<\/p>\n<\/td>\n<\/tr>\n<tr>\n<td valign=\"top\" width=\"151\">\n<p class=\"x_MsoNormal\">Talia<\/p>\n<\/td>\n<td valign=\"top\" width=\"151\">\n<p class=\"x_MsoNormal\">60-75 cm<\/p>\n<\/td>\n<td valign=\"top\" width=\"151\">\n<p class=\"x_MsoNormal\">70- 85 cm<\/p>\n<\/td>\n<td valign=\"top\" width=\"151\">\n<p class=\"x_MsoNormal\">80- 95 cm<\/p>\n<\/td>\n<\/tr>\n<tr>\n<td valign=\"top\" width=\"151\">\n<p class=\"x_MsoNormal\">Hips<\/p>\n<\/td>\n<td valign=\"top\" width=\"151\">\n<p class=\"x_MsoNormal\">90-96 cm<\/p>\n<\/td>\n<td valign=\"top\" width=\"151\">\n<p class=\"x_MsoNormal\">96-102 cm<\/p>\n<\/td>\n<td valign=\"top\" width=\"151\">\n<p class=\"x_MsoNormal\">100- 108 cm<\/p>\n<\/td>\n<\/tr>\n<tr>\n<td valign=\"top\" width=\"151\">\n<p class=\"x_MsoNormal\">Sleeve length<\/p>\n<\/td>\n<td valign=\"top\" width=\"151\">\n<p class=\"x_MsoNormal\">63 cm<\/p>\n<\/td>\n<td valign=\"top\" width=\"151\">\n<p class=\"x_MsoNormal\">64 cm<\/p>\n<\/td>\n<td valign=\"top\" width=\"151\">\n<p class=\"x_MsoNormal\">65 cm<\/p>\n<\/td>\n<\/tr>\n<tr>\n<td valign=\"top\" width=\"151\">\n<p class=\"x_MsoNormal\">Overall length<\/p>\n<\/td>\n<td valign=\"top\" width=\"151\">\n<p class=\"x_MsoNormal\">115 cm<\/p>\n<\/td>\n<td valign=\"top\" width=\"151\">\n<p class=\"x_MsoNormal\">117 cm<\/p>\n<\/td>\n<td valign=\"top\" width=\"151\">\n<p class=\"x_MsoNormal\">119 cm<\/p>\n<\/td>\n<\/tr>\n<\/tbody>\n<\/table>","protected":false},"excerpt":{"rendered":"<p><span data-olk-copy-source=\"MessageBody\">Elegant dress with a fitted cut that beautifully accentuates the feminine silhouette. Equipped with a classic turtleneck and long sleeves, it is perfect for formal occasions. A subtle slit on the leg adds delicacy and brings freedom of movement. Stitching on the front optically shapes the figure, giving it proportionality. The dress reaches to the knees, which further emphasizes its sophisticated character. It has a concealed zipper closure located on the back of the dress.<\/span><\/p>\n<p>Its subdued design and availability in two universal colors - gray and black - make it an exceptional choice for lovers of minimalist elegance.<\/p>\n<p>Composition: 75% viscose, 20% polyester, 5% elastane<\/p>\n<p>Designed and sewn in Poland.<\/p>","protected":false},"featured_media":1290,"template":"","meta":[],"product_brand":[],"product_cat":[25],"product_tag":[],"class_list":{"0":"post-1288","1":"product","2":"type-product","3":"status-publish","4":"has-post-thumbnail","6":"product_cat-sukienki","8":"first","9":"instock","10":"shipping-taxable","11":"purchasable","12":"product-type-variable","13":"has-default-attributes","14":"wpzoom-wc-spi-has-enabled"},"yoast_head":"<!-- This site is optimized with the Yoast SEO plugin v27.3 - https:\/\/yoast.com\/product\/yoast-seo-wordpress\/ -->\n<title>Sukienka Laurell Czarna - MANDRAGORA - Designed for women. Made in Poland.<\/title>\n<meta name=\"robots\" content=\"index, follow, max-snippet:-1, max-image-preview:large, max-video-preview:-1\" \/>\n<link rel=\"canonical\" href=\"https:\/\/mandragorastore.pl\/en\/product\/sukienka-laurell-czarna\/\" \/>\n<meta property=\"og:locale\" content=\"en_US\" \/>\n<meta property=\"og:type\" content=\"article\" \/>\n<meta property=\"og:title\" content=\"Sukienka Laurell Czarna - MANDRAGORA - Designed for women. Made in Poland.\" \/>\n<meta property=\"og:description\" content=\"Elegancka sukienka o dopasowanym kroju, kt\u00f3ra pi\u0119knie akcentuje kobiec\u0105 sylwetk\u0119. Wyposa\u017cona w klasyczny golf oraz d\u0142ugie r\u0119kawy, doskonale sprawdzi si\u0119 na formalne okazje. Subtelne rozci\u0119cie na nodze dodaje delikatno\u015bci oraz wnosi swobod\u0119 dla ruch\u00f3w. Przeszycia z przodu optycznie modeluj\u0105 figur\u0119, nadaj\u0105c jej proporcjonalno\u015bci. Sukienka si\u0119ga do kolan, co dodatkowo podkre\u015bla jej wyrafinowany charakter. Posiada kryte zapi\u0119cie na suwak zlokalizowane na plecach sukienki.  Stonowany design oraz dost\u0119pno\u015b\u0107 w dw\u00f3ch uniwersalnych kolorach \u2013 szarym i czarnym \u2013 czyni\u0105 j\u0105 wyj\u0105tkowym wyborem dla mi\u0142o\u015bniczek minimalistycznej elegancji.  Sk\u0142ad: 75% wiskoza, 20% poliester, 5% elastan  Projektowane i szyte w Polsce.\" \/>\n<meta property=\"og:url\" content=\"https:\/\/mandragorastore.pl\/en\/product\/sukienka-laurell-czarna\/\" \/>\n<meta property=\"og:site_name\" content=\"MANDRAGORA - Designed for women. Made in Poland.\" \/>\n<meta property=\"article:publisher\" content=\"https:\/\/www.facebook.com\/madragorastore\/\" \/>\n<meta property=\"article:modified_time\" content=\"2026-04-01T09:30:33+00:00\" \/>\n<meta property=\"og:image\" content=\"https:\/\/mandragorastore.pl\/wp-content\/uploads\/2025\/10\/2-14-scaled.webp\" \/>\n\t<meta property=\"og:image:width\" content=\"1707\" \/>\n\t<meta property=\"og:image:height\" content=\"2560\" \/>\n\t<meta property=\"og:image:type\" content=\"image\/webp\" \/>\n<meta name=\"twitter:card\" content=\"summary_large_image\" \/>\n<meta name=\"twitter:label1\" content=\"Est. reading time\" \/>\n\t<meta name=\"twitter:data1\" content=\"1 minute\" \/>\n<script type=\"application\/ld+json\" class=\"yoast-schema-graph\">{\"@context\":\"https:\\\/\\\/schema.org\",\"@graph\":[{\"@type\":\"WebPage\",\"@id\":\"https:\\\/\\\/mandragorastore.pl\\\/product\\\/sukienka-laurell-czarna\\\/\",\"url\":\"https:\\\/\\\/mandragorastore.pl\\\/product\\\/sukienka-laurell-czarna\\\/\",\"name\":\"Sukienka Laurell Czarna - MANDRAGORA - Designed for women. Made in Poland.\",\"isPartOf\":{\"@id\":\"https:\\\/\\\/mandragorastore.pl\\\/#website\"},\"primaryImageOfPage\":{\"@id\":\"https:\\\/\\\/mandragorastore.pl\\\/product\\\/sukienka-laurell-czarna\\\/#primaryimage\"},\"image\":{\"@id\":\"https:\\\/\\\/mandragorastore.pl\\\/product\\\/sukienka-laurell-czarna\\\/#primaryimage\"},\"thumbnailUrl\":\"https:\\\/\\\/mandragorastore.pl\\\/wp-content\\\/uploads\\\/2025\\\/10\\\/2-14-scaled.webp\",\"datePublished\":\"2025-10-06T14:55:38+00:00\",\"dateModified\":\"2026-04-01T09:30:33+00:00\",\"breadcrumb\":{\"@id\":\"https:\\\/\\\/mandragorastore.pl\\\/product\\\/sukienka-laurell-czarna\\\/#breadcrumb\"},\"inLanguage\":\"en-US\",\"potentialAction\":[{\"@type\":\"ReadAction\",\"target\":[\"https:\\\/\\\/mandragorastore.pl\\\/product\\\/sukienka-laurell-czarna\\\/\"]}]},{\"@type\":\"ImageObject\",\"inLanguage\":\"en-US\",\"@id\":\"https:\\\/\\\/mandragorastore.pl\\\/product\\\/sukienka-laurell-czarna\\\/#primaryimage\",\"url\":\"https:\\\/\\\/mandragorastore.pl\\\/wp-content\\\/uploads\\\/2025\\\/10\\\/2-14-scaled.webp\",\"contentUrl\":\"https:\\\/\\\/mandragorastore.pl\\\/wp-content\\\/uploads\\\/2025\\\/10\\\/2-14-scaled.webp\",\"width\":1707,\"height\":2560},{\"@type\":\"BreadcrumbList\",\"@id\":\"https:\\\/\\\/mandragorastore.pl\\\/product\\\/sukienka-laurell-czarna\\\/#breadcrumb\",\"itemListElement\":[{\"@type\":\"ListItem\",\"position\":1,\"name\":\"Strona g\u0142\u00f3wna\",\"item\":\"https:\\\/\\\/mandragorastore.pl\\\/\"},{\"@type\":\"ListItem\",\"position\":2,\"name\":\"Katalog\",\"item\":\"https:\\\/\\\/mandragorastore.pl\\\/sklep\\\/\"},{\"@type\":\"ListItem\",\"position\":3,\"name\":\"Sukienka Laurell Czarna\"}]},{\"@type\":\"WebSite\",\"@id\":\"https:\\\/\\\/mandragorastore.pl\\\/#website\",\"url\":\"https:\\\/\\\/mandragorastore.pl\\\/\",\"name\":\"Mandragora by Martyna - Wyj\u0105tkowy sklep odzie\u017cowy dla kobiet\",\"description\":\"\",\"publisher\":{\"@id\":\"https:\\\/\\\/mandragorastore.pl\\\/#organization\"},\"potentialAction\":[{\"@type\":\"SearchAction\",\"target\":{\"@type\":\"EntryPoint\",\"urlTemplate\":\"https:\\\/\\\/mandragorastore.pl\\\/?s={search_term_string}\"},\"query-input\":{\"@type\":\"PropertyValueSpecification\",\"valueRequired\":true,\"valueName\":\"search_term_string\"}}],\"inLanguage\":\"en-US\"},{\"@type\":\"Organization\",\"@id\":\"https:\\\/\\\/mandragorastore.pl\\\/#organization\",\"name\":\"Mandragora by Martyna - Wyj\u0105tkowy sklep odzie\u017cowy dla kobiet\",\"url\":\"https:\\\/\\\/mandragorastore.pl\\\/\",\"logo\":{\"@type\":\"ImageObject\",\"inLanguage\":\"en-US\",\"@id\":\"https:\\\/\\\/mandragorastore.pl\\\/#\\\/schema\\\/logo\\\/image\\\/\",\"url\":\"https:\\\/\\\/mandragorastore.pl\\\/wp-content\\\/uploads\\\/2025\\\/10\\\/COVER.categories.png\",\"contentUrl\":\"https:\\\/\\\/mandragorastore.pl\\\/wp-content\\\/uploads\\\/2025\\\/10\\\/COVER.categories.png\",\"width\":800,\"height\":801,\"caption\":\"Mandragora by Martyna - Wyj\u0105tkowy sklep odzie\u017cowy dla kobiet\"},\"image\":{\"@id\":\"https:\\\/\\\/mandragorastore.pl\\\/#\\\/schema\\\/logo\\\/image\\\/\"},\"sameAs\":[\"https:\\\/\\\/www.facebook.com\\\/madragorastore\\\/\",\"https:\\\/\\\/www.instagram.com\\\/mandragorastore.pl\\\/\"]}]}<\/script>\n<!-- \/ Yoast SEO plugin. -->","yoast_head_json":{"title":"Sukienka Laurell Czarna - MANDRAGORA - Designed for women. Made in Poland.","robots":{"index":"index","follow":"follow","max-snippet":"max-snippet:-1","max-image-preview":"max-image-preview:large","max-video-preview":"max-video-preview:-1"},"canonical":"https:\/\/mandragorastore.pl\/en\/product\/sukienka-laurell-czarna\/","og_locale":"en_US","og_type":"article","og_title":"Sukienka Laurell Czarna - MANDRAGORA - Designed for women. Made in Poland.","og_description":"Elegancka sukienka o dopasowanym kroju, kt\u00f3ra pi\u0119knie akcentuje kobiec\u0105 sylwetk\u0119. Wyposa\u017cona w klasyczny golf oraz d\u0142ugie r\u0119kawy, doskonale sprawdzi si\u0119 na formalne okazje. Subtelne rozci\u0119cie na nodze dodaje delikatno\u015bci oraz wnosi swobod\u0119 dla ruch\u00f3w. Przeszycia z przodu optycznie modeluj\u0105 figur\u0119, nadaj\u0105c jej proporcjonalno\u015bci. Sukienka si\u0119ga do kolan, co dodatkowo podkre\u015bla jej wyrafinowany charakter. Posiada kryte zapi\u0119cie na suwak zlokalizowane na plecach sukienki.  Stonowany design oraz dost\u0119pno\u015b\u0107 w dw\u00f3ch uniwersalnych kolorach \u2013 szarym i czarnym \u2013 czyni\u0105 j\u0105 wyj\u0105tkowym wyborem dla mi\u0142o\u015bniczek minimalistycznej elegancji.  Sk\u0142ad: 75% wiskoza, 20% poliester, 5% elastan  Projektowane i szyte w Polsce.","og_url":"https:\/\/mandragorastore.pl\/en\/product\/sukienka-laurell-czarna\/","og_site_name":"MANDRAGORA - Designed for women. Made in Poland.","article_publisher":"https:\/\/www.facebook.com\/madragorastore\/","article_modified_time":"2026-04-01T09:30:33+00:00","og_image":[{"width":1707,"height":2560,"url":"https:\/\/mandragorastore.pl\/wp-content\/uploads\/2025\/10\/2-14-scaled.webp","type":"image\/webp"}],"twitter_card":"summary_large_image","twitter_misc":{"Est. reading time":"1 minute"},"schema":{"@context":"https:\/\/schema.org","@graph":[{"@type":"WebPage","@id":"https:\/\/mandragorastore.pl\/product\/sukienka-laurell-czarna\/","url":"https:\/\/mandragorastore.pl\/product\/sukienka-laurell-czarna\/","name":"Sukienka Laurell Czarna - MANDRAGORA - Designed for women. Made in Poland.","isPartOf":{"@id":"https:\/\/mandragorastore.pl\/#website"},"primaryImageOfPage":{"@id":"https:\/\/mandragorastore.pl\/product\/sukienka-laurell-czarna\/#primaryimage"},"image":{"@id":"https:\/\/mandragorastore.pl\/product\/sukienka-laurell-czarna\/#primaryimage"},"thumbnailUrl":"https:\/\/mandragorastore.pl\/wp-content\/uploads\/2025\/10\/2-14-scaled.webp","datePublished":"2025-10-06T14:55:38+00:00","dateModified":"2026-04-01T09:30:33+00:00","breadcrumb":{"@id":"https:\/\/mandragorastore.pl\/product\/sukienka-laurell-czarna\/#breadcrumb"},"inLanguage":"en-US","potentialAction":[{"@type":"ReadAction","target":["https:\/\/mandragorastore.pl\/product\/sukienka-laurell-czarna\/"]}]},{"@type":"ImageObject","inLanguage":"en-US","@id":"https:\/\/mandragorastore.pl\/product\/sukienka-laurell-czarna\/#primaryimage","url":"https:\/\/mandragorastore.pl\/wp-content\/uploads\/2025\/10\/2-14-scaled.webp","contentUrl":"https:\/\/mandragorastore.pl\/wp-content\/uploads\/2025\/10\/2-14-scaled.webp","width":1707,"height":2560},{"@type":"BreadcrumbList","@id":"https:\/\/mandragorastore.pl\/product\/sukienka-laurell-czarna\/#breadcrumb","itemListElement":[{"@type":"ListItem","position":1,"name":"Strona g\u0142\u00f3wna","item":"https:\/\/mandragorastore.pl\/"},{"@type":"ListItem","position":2,"name":"Katalog","item":"https:\/\/mandragorastore.pl\/sklep\/"},{"@type":"ListItem","position":3,"name":"Sukienka Laurell Czarna"}]},{"@type":"WebSite","@id":"https:\/\/mandragorastore.pl\/#website","url":"https:\/\/mandragorastore.pl\/","name":"Mandragora by Martyna - Unique Clothing Store for Women","description":"","publisher":{"@id":"https:\/\/mandragorastore.pl\/#organization"},"potentialAction":[{"@type":"SearchAction","target":{"@type":"EntryPoint","urlTemplate":"https:\/\/mandragorastore.pl\/?s={search_term_string}"},"query-input":{"@type":"PropertyValueSpecification","valueRequired":true,"valueName":"search_term_string"}}],"inLanguage":"en-US"},{"@type":"Organization","@id":"https:\/\/mandragorastore.pl\/#organization","name":"Mandragora by Martyna - Unique Clothing Store for Women","url":"https:\/\/mandragorastore.pl\/","logo":{"@type":"ImageObject","inLanguage":"en-US","@id":"https:\/\/mandragorastore.pl\/#\/schema\/logo\/image\/","url":"https:\/\/mandragorastore.pl\/wp-content\/uploads\/2025\/10\/COVER.categories.png","contentUrl":"https:\/\/mandragorastore.pl\/wp-content\/uploads\/2025\/10\/COVER.categories.png","width":800,"height":801,"caption":"Mandragora by Martyna - Wyj\u0105tkowy sklep odzie\u017cowy dla kobiet"},"image":{"@id":"https:\/\/mandragorastore.pl\/#\/schema\/logo\/image\/"},"sameAs":["https:\/\/www.facebook.com\/madragorastore\/","https:\/\/www.instagram.com\/mandragorastore.pl\/"]}]}},"_links":{"self":[{"href":"https:\/\/mandragorastore.pl\/en\/wp-json\/wp\/v2\/product\/1288","targetHints":{"allow":["GET"]}}],"collection":[{"href":"https:\/\/mandragorastore.pl\/en\/wp-json\/wp\/v2\/product"}],"about":[{"href":"https:\/\/mandragorastore.pl\/en\/wp-json\/wp\/v2\/types\/product"}],"wp:featuredmedia":[{"embeddable":true,"href":"https:\/\/mandragorastore.pl\/en\/wp-json\/wp\/v2\/media\/1290"}],"wp:attachment":[{"href":"https:\/\/mandragorastore.pl\/en\/wp-json\/wp\/v2\/media?parent=1288"}],"wp:term":[{"taxonomy":"product_brand","embeddable":true,"href":"https:\/\/mandragorastore.pl\/en\/wp-json\/wp\/v2\/product_brand?post=1288"},{"taxonomy":"product_cat","embeddable":true,"href":"https:\/\/mandragorastore.pl\/en\/wp-json\/wp\/v2\/product_cat?post=1288"},{"taxonomy":"product_tag","embeddable":true,"href":"https:\/\/mandragorastore.pl\/en\/wp-json\/wp\/v2\/product_tag?post=1288"}],"curies":[{"name":"WP","href":"https:\/\/api.w.org\/{rel}","templated":true}]}}