{"id":1312,"date":"2025-10-06T16:55:50","date_gmt":"2025-10-06T14:55:50","guid":{"rendered":"https:\/\/mandragorastore.pl\/?post_type=product&#038;p=1312"},"modified":"2026-04-01T11:30:33","modified_gmt":"2026-04-01T09:30:33","slug":"sweter-vero-karmelowy","status":"publish","type":"product","link":"https:\/\/mandragorastore.pl\/en\/product\/sweter-vero-karmelowy\/","title":{"rendered":"Vero Caramel Sweater"},"content":{"rendered":"<div class=\"\">\n<div class=\"\">\n<p>The model is 175 cm tall and is wearing size S\/M .<span class=\"x_Apple-converted-space\">\u00a0<\/span><\/p>\n<p>bust<span class=\"x_Apple-converted-space\">\u00a0 95<\/span>\u00a0cm<span class=\"x_Apple-converted-space\">\u00a0 \u00a0\u00a0<\/span>waist 65 cm <span class=\"x_Apple-converted-space\">\u00a0\u00a0<\/span>hips 97 cm<\/p>\n<\/div>\n<\/div>\n<ul class=\"\">\n<li class=\"\"><span class=\"\">Fast delivery\u00a0<\/span><\/li>\n<li>PayPo payments<\/li>\n<li class=\"\">14 days for easy return<\/li>\n<\/ul>\n<div class=\"\">Cost of Delivery :<\/div>\n<ul class=\"\">\n<li class=\"\">InPost courier service: PLN 15.00<\/li>\n<li class=\"\">Parcel Post Inpost: PLN 13.00<\/li>\n<li>Cash on delivery InPost: PLN 17.00<\/li>\n<\/ul>\n<p><strong>Dimensions :<\/strong><\/p>\n<table style=\"font-weight: 400;\" data-tablestyle=\"MsoTableGrid\" data-tablelook=\"1184\" aria-rowcount=\"4\">\n<tbody>\n<tr aria-rowindex=\"1\">\n<td data-celllook=\"0\"><span data-ccp-props=\"\">\u00a0<\/span><\/td>\n<td data-celllook=\"0\"><span data-contrast=\"auto\">S\/M<\/span><span data-ccp-props=\"\">\u00a0<\/span><\/td>\n<td data-celllook=\"0\"><span data-contrast=\"auto\">L\/XL<\/span><\/td>\n<\/tr>\n<tr aria-rowindex=\"2\">\n<td data-celllook=\"0\"><span data-contrast=\"auto\">Under the bust<\/span><\/td>\n<td data-celllook=\"0\"><span data-contrast=\"auto\">58 cm<\/span><span data-ccp-props=\"\">\u00a0<\/span><\/td>\n<td data-celllook=\"0\"><span data-contrast=\"auto\">61 cm <\/span><span data-ccp-props=\"\">\u00a0<\/span><\/td>\n<\/tr>\n<tr aria-rowindex=\"3\">\n<td data-celllook=\"0\"><span data-contrast=\"auto\">Sleeve<\/span><span data-ccp-props=\"\">\u00a0<\/span><\/td>\n<td data-celllook=\"0\"><span data-contrast=\"auto\">58 cm<\/span><span data-ccp-props=\"\">\u00a0<\/span><\/td>\n<td data-celllook=\"0\"><span data-contrast=\"auto\">60 cm<\/span><span data-ccp-props=\"\">\u00a0<\/span><\/td>\n<\/tr>\n<tr aria-rowindex=\"4\">\n<td data-celllook=\"0\"><span data-contrast=\"auto\">Overall length<\/span><span data-ccp-props=\"\">\u00a0<\/span><\/td>\n<td data-celllook=\"0\"><span data-contrast=\"auto\">53 cm<\/span><span data-ccp-props=\"\">\u00a0<\/span><\/td>\n<td data-celllook=\"0\"><span data-contrast=\"auto\">55 cm<\/span><span data-ccp-props=\"\">\u00a0<\/span><\/td>\n<\/tr>\n<\/tbody>\n<\/table>","protected":false},"excerpt":{"rendered":"<p><span data-olk-copy-source=\"MessageBody\">Sweater with a simple, slightly boxy shape, with a round neckline. The shorter, hip-length goes well with both higher and lower-waisted pants. The combination of merino wool and baby alpaca creates a quality product that brings warmth and solace in the cold season.<\/span><\/p>\n<p>A distinctive element of the sweater is a sizable logo, which, made in the color of the yarn, gives it an original but not exaggerated charm.<\/p>\n<p>The long sleeves, finished with subtle cuffs, are decorated with a voluminous plaid stitch, thanks to which they lay beautifully when worn.<\/p>\n<p>The monochromatic and minimalist design allows it to be used in many unique loos. Pair it with a Carmen shirt to further accentuate its fancy cuffs, pair it with Klaro pants for maximum warmth, or style it with Jeanny pants for a casual but characterful outfit.<\/p>\n<p>Composition: 44% baby alpaca, 32% merino wool, 24% polyamide.<\/p>\n<p>Designed and sewn in Poland.<\/p>","protected":false},"featured_media":3799,"template":"","meta":[],"product_brand":[],"product_cat":[142,84],"product_tag":[],"class_list":{"0":"post-1312","1":"product","2":"type-product","3":"status-publish","4":"has-post-thumbnail","6":"product_cat-gory","7":"product_cat-swetry","9":"first","10":"instock","11":"shipping-taxable","12":"purchasable","13":"product-type-variable","14":"has-default-attributes","15":"wpzoom-wc-spi-has-enabled"},"yoast_head":"<!-- This site is optimized with the Yoast SEO plugin v27.3 - https:\/\/yoast.com\/product\/yoast-seo-wordpress\/ -->\n<title>Sweter Vero Karmelowy - MANDRAGORA - Designed for women. Made in Poland.<\/title>\n<meta name=\"robots\" content=\"index, follow, max-snippet:-1, max-image-preview:large, max-video-preview:-1\" \/>\n<link rel=\"canonical\" href=\"https:\/\/mandragorastore.pl\/en\/product\/sweter-vero-karmelowy\/\" \/>\n<meta property=\"og:locale\" content=\"en_US\" \/>\n<meta property=\"og:type\" content=\"article\" \/>\n<meta property=\"og:title\" content=\"Sweter Vero Karmelowy - MANDRAGORA - Designed for women. Made in Poland.\" \/>\n<meta property=\"og:description\" content=\"Sweter o prostej, lekko pude\u0142kowej formie, z okr\u0105g\u0142ym dekoltem. Kr\u00f3tsza, si\u0119gaj\u0105ca do bioder d\u0142ugo\u015b\u0107 \u015bwietnie komponuje si\u0119 ze spodniami zar\u00f3wno o wy\u017cszym, jak i ni\u017cszym stanie. Po\u0142\u0105czenie we\u0142ny merino z baby alpak\u0105 tworzy produkt, o wysokiej jako\u015bci, kt\u00f3ry niesie ciep\u0142o i ukojenie w ch\u0142odnym sezonie.  Charakterystycznym elementem sweterka jest spore logowanie, kt\u00f3re wykonane w kolorze prz\u0119dzy, nadaje mu oryginalnego, lecz nie przesadzonego uroku.  D\u0142ugie, zako\u0144czone subtelnymi mankietami r\u0119kawy, ozdobione s\u0105 obszernym warkoczykowym \u015bciegiem, dzi\u0119ki, kt\u00f3remu pi\u0119knie uk\u0142adaj\u0105 si\u0119 w trakcie noszenia.  Monochromatyczny i minimalistyczny design pozwala na wykorzystanie w wielu unikalnych lookach. \u0141\u0105cz go z koszul\u0105 Carmen, by dodatkowo podkre\u015bli\u0107 jej fantazyjne mankiety, zestawiaj ze spodniami Klaro, by osi\u0105gn\u0105\u0107 maksymalne ciep\u0142o lub\u00a0stylizuj\u00a0ze spodniami Jeanny, by stworzy\u0107 swobodny, ale charakterny outfit.  Sk\u0142ad: 44% baby alpaca, 32% we\u0142na merino, 24% poliamid  Projektowane i szyte w Polsce.\" \/>\n<meta property=\"og:url\" content=\"https:\/\/mandragorastore.pl\/en\/product\/sweter-vero-karmelowy\/\" \/>\n<meta property=\"og:site_name\" content=\"MANDRAGORA - Designed for women. Made in Poland.\" \/>\n<meta property=\"article:publisher\" content=\"https:\/\/www.facebook.com\/madragorastore\/\" \/>\n<meta property=\"article:modified_time\" content=\"2026-04-01T09:30:33+00:00\" \/>\n<meta property=\"og:image\" content=\"https:\/\/mandragorastore.pl\/wp-content\/uploads\/2025\/10\/4-18-scaled-1.webp\" \/>\n\t<meta property=\"og:image:width\" content=\"1707\" \/>\n\t<meta property=\"og:image:height\" content=\"2560\" \/>\n\t<meta property=\"og:image:type\" content=\"image\/webp\" \/>\n<meta name=\"twitter:card\" content=\"summary_large_image\" \/>\n<meta name=\"twitter:label1\" content=\"Est. reading time\" \/>\n\t<meta name=\"twitter:data1\" content=\"1 minute\" \/>\n<script type=\"application\/ld+json\" class=\"yoast-schema-graph\">{\"@context\":\"https:\\\/\\\/schema.org\",\"@graph\":[{\"@type\":\"WebPage\",\"@id\":\"https:\\\/\\\/mandragorastore.pl\\\/product\\\/sweter-vero-karmelowy\\\/\",\"url\":\"https:\\\/\\\/mandragorastore.pl\\\/product\\\/sweter-vero-karmelowy\\\/\",\"name\":\"Sweter Vero Karmelowy - MANDRAGORA - Designed for women. Made in Poland.\",\"isPartOf\":{\"@id\":\"https:\\\/\\\/mandragorastore.pl\\\/#website\"},\"primaryImageOfPage\":{\"@id\":\"https:\\\/\\\/mandragorastore.pl\\\/product\\\/sweter-vero-karmelowy\\\/#primaryimage\"},\"image\":{\"@id\":\"https:\\\/\\\/mandragorastore.pl\\\/product\\\/sweter-vero-karmelowy\\\/#primaryimage\"},\"thumbnailUrl\":\"https:\\\/\\\/mandragorastore.pl\\\/wp-content\\\/uploads\\\/2025\\\/10\\\/4-18-scaled-1.webp\",\"datePublished\":\"2025-10-06T14:55:50+00:00\",\"dateModified\":\"2026-04-01T09:30:33+00:00\",\"breadcrumb\":{\"@id\":\"https:\\\/\\\/mandragorastore.pl\\\/product\\\/sweter-vero-karmelowy\\\/#breadcrumb\"},\"inLanguage\":\"en-US\",\"potentialAction\":[{\"@type\":\"ReadAction\",\"target\":[\"https:\\\/\\\/mandragorastore.pl\\\/product\\\/sweter-vero-karmelowy\\\/\"]}]},{\"@type\":\"ImageObject\",\"inLanguage\":\"en-US\",\"@id\":\"https:\\\/\\\/mandragorastore.pl\\\/product\\\/sweter-vero-karmelowy\\\/#primaryimage\",\"url\":\"https:\\\/\\\/mandragorastore.pl\\\/wp-content\\\/uploads\\\/2025\\\/10\\\/4-18-scaled-1.webp\",\"contentUrl\":\"https:\\\/\\\/mandragorastore.pl\\\/wp-content\\\/uploads\\\/2025\\\/10\\\/4-18-scaled-1.webp\",\"width\":1707,\"height\":2560},{\"@type\":\"BreadcrumbList\",\"@id\":\"https:\\\/\\\/mandragorastore.pl\\\/product\\\/sweter-vero-karmelowy\\\/#breadcrumb\",\"itemListElement\":[{\"@type\":\"ListItem\",\"position\":1,\"name\":\"Strona g\u0142\u00f3wna\",\"item\":\"https:\\\/\\\/mandragorastore.pl\\\/\"},{\"@type\":\"ListItem\",\"position\":2,\"name\":\"Katalog\",\"item\":\"https:\\\/\\\/mandragorastore.pl\\\/sklep\\\/\"},{\"@type\":\"ListItem\",\"position\":3,\"name\":\"Sweter Vero Karmelowy\"}]},{\"@type\":\"WebSite\",\"@id\":\"https:\\\/\\\/mandragorastore.pl\\\/#website\",\"url\":\"https:\\\/\\\/mandragorastore.pl\\\/\",\"name\":\"Mandragora by Martyna - Wyj\u0105tkowy sklep odzie\u017cowy dla kobiet\",\"description\":\"\",\"publisher\":{\"@id\":\"https:\\\/\\\/mandragorastore.pl\\\/#organization\"},\"potentialAction\":[{\"@type\":\"SearchAction\",\"target\":{\"@type\":\"EntryPoint\",\"urlTemplate\":\"https:\\\/\\\/mandragorastore.pl\\\/?s={search_term_string}\"},\"query-input\":{\"@type\":\"PropertyValueSpecification\",\"valueRequired\":true,\"valueName\":\"search_term_string\"}}],\"inLanguage\":\"en-US\"},{\"@type\":\"Organization\",\"@id\":\"https:\\\/\\\/mandragorastore.pl\\\/#organization\",\"name\":\"Mandragora by Martyna - Wyj\u0105tkowy sklep odzie\u017cowy dla kobiet\",\"url\":\"https:\\\/\\\/mandragorastore.pl\\\/\",\"logo\":{\"@type\":\"ImageObject\",\"inLanguage\":\"en-US\",\"@id\":\"https:\\\/\\\/mandragorastore.pl\\\/#\\\/schema\\\/logo\\\/image\\\/\",\"url\":\"https:\\\/\\\/mandragorastore.pl\\\/wp-content\\\/uploads\\\/2025\\\/10\\\/COVER.categories.png\",\"contentUrl\":\"https:\\\/\\\/mandragorastore.pl\\\/wp-content\\\/uploads\\\/2025\\\/10\\\/COVER.categories.png\",\"width\":800,\"height\":801,\"caption\":\"Mandragora by Martyna - Wyj\u0105tkowy sklep odzie\u017cowy dla kobiet\"},\"image\":{\"@id\":\"https:\\\/\\\/mandragorastore.pl\\\/#\\\/schema\\\/logo\\\/image\\\/\"},\"sameAs\":[\"https:\\\/\\\/www.facebook.com\\\/madragorastore\\\/\",\"https:\\\/\\\/www.instagram.com\\\/mandragorastore.pl\\\/\"]}]}<\/script>\n<!-- \/ Yoast SEO plugin. -->","yoast_head_json":{"title":"Sweter Vero Karmelowy - MANDRAGORA - Designed for women. Made in Poland.","robots":{"index":"index","follow":"follow","max-snippet":"max-snippet:-1","max-image-preview":"max-image-preview:large","max-video-preview":"max-video-preview:-1"},"canonical":"https:\/\/mandragorastore.pl\/en\/product\/sweter-vero-karmelowy\/","og_locale":"en_US","og_type":"article","og_title":"Sweter Vero Karmelowy - MANDRAGORA - Designed for women. Made in Poland.","og_description":"Sweter o prostej, lekko pude\u0142kowej formie, z okr\u0105g\u0142ym dekoltem. Kr\u00f3tsza, si\u0119gaj\u0105ca do bioder d\u0142ugo\u015b\u0107 \u015bwietnie komponuje si\u0119 ze spodniami zar\u00f3wno o wy\u017cszym, jak i ni\u017cszym stanie. Po\u0142\u0105czenie we\u0142ny merino z baby alpak\u0105 tworzy produkt, o wysokiej jako\u015bci, kt\u00f3ry niesie ciep\u0142o i ukojenie w ch\u0142odnym sezonie.  Charakterystycznym elementem sweterka jest spore logowanie, kt\u00f3re wykonane w kolorze prz\u0119dzy, nadaje mu oryginalnego, lecz nie przesadzonego uroku.  D\u0142ugie, zako\u0144czone subtelnymi mankietami r\u0119kawy, ozdobione s\u0105 obszernym warkoczykowym \u015bciegiem, dzi\u0119ki, kt\u00f3remu pi\u0119knie uk\u0142adaj\u0105 si\u0119 w trakcie noszenia.  Monochromatyczny i minimalistyczny design pozwala na wykorzystanie w wielu unikalnych lookach. \u0141\u0105cz go z koszul\u0105 Carmen, by dodatkowo podkre\u015bli\u0107 jej fantazyjne mankiety, zestawiaj ze spodniami Klaro, by osi\u0105gn\u0105\u0107 maksymalne ciep\u0142o lub\u00a0stylizuj\u00a0ze spodniami Jeanny, by stworzy\u0107 swobodny, ale charakterny outfit.  Sk\u0142ad: 44% baby alpaca, 32% we\u0142na merino, 24% poliamid  Projektowane i szyte w Polsce.","og_url":"https:\/\/mandragorastore.pl\/en\/product\/sweter-vero-karmelowy\/","og_site_name":"MANDRAGORA - Designed for women. Made in Poland.","article_publisher":"https:\/\/www.facebook.com\/madragorastore\/","article_modified_time":"2026-04-01T09:30:33+00:00","og_image":[{"width":1707,"height":2560,"url":"https:\/\/mandragorastore.pl\/wp-content\/uploads\/2025\/10\/4-18-scaled-1.webp","type":"image\/webp"}],"twitter_card":"summary_large_image","twitter_misc":{"Est. reading time":"1 minute"},"schema":{"@context":"https:\/\/schema.org","@graph":[{"@type":"WebPage","@id":"https:\/\/mandragorastore.pl\/product\/sweter-vero-karmelowy\/","url":"https:\/\/mandragorastore.pl\/product\/sweter-vero-karmelowy\/","name":"Sweter Vero Karmelowy - MANDRAGORA - Designed for women. Made in Poland.","isPartOf":{"@id":"https:\/\/mandragorastore.pl\/#website"},"primaryImageOfPage":{"@id":"https:\/\/mandragorastore.pl\/product\/sweter-vero-karmelowy\/#primaryimage"},"image":{"@id":"https:\/\/mandragorastore.pl\/product\/sweter-vero-karmelowy\/#primaryimage"},"thumbnailUrl":"https:\/\/mandragorastore.pl\/wp-content\/uploads\/2025\/10\/4-18-scaled-1.webp","datePublished":"2025-10-06T14:55:50+00:00","dateModified":"2026-04-01T09:30:33+00:00","breadcrumb":{"@id":"https:\/\/mandragorastore.pl\/product\/sweter-vero-karmelowy\/#breadcrumb"},"inLanguage":"en-US","potentialAction":[{"@type":"ReadAction","target":["https:\/\/mandragorastore.pl\/product\/sweter-vero-karmelowy\/"]}]},{"@type":"ImageObject","inLanguage":"en-US","@id":"https:\/\/mandragorastore.pl\/product\/sweter-vero-karmelowy\/#primaryimage","url":"https:\/\/mandragorastore.pl\/wp-content\/uploads\/2025\/10\/4-18-scaled-1.webp","contentUrl":"https:\/\/mandragorastore.pl\/wp-content\/uploads\/2025\/10\/4-18-scaled-1.webp","width":1707,"height":2560},{"@type":"BreadcrumbList","@id":"https:\/\/mandragorastore.pl\/product\/sweter-vero-karmelowy\/#breadcrumb","itemListElement":[{"@type":"ListItem","position":1,"name":"Strona g\u0142\u00f3wna","item":"https:\/\/mandragorastore.pl\/"},{"@type":"ListItem","position":2,"name":"Katalog","item":"https:\/\/mandragorastore.pl\/sklep\/"},{"@type":"ListItem","position":3,"name":"Sweter Vero Karmelowy"}]},{"@type":"WebSite","@id":"https:\/\/mandragorastore.pl\/#website","url":"https:\/\/mandragorastore.pl\/","name":"Mandragora by Martyna - Unique Clothing Store for Women","description":"","publisher":{"@id":"https:\/\/mandragorastore.pl\/#organization"},"potentialAction":[{"@type":"SearchAction","target":{"@type":"EntryPoint","urlTemplate":"https:\/\/mandragorastore.pl\/?s={search_term_string}"},"query-input":{"@type":"PropertyValueSpecification","valueRequired":true,"valueName":"search_term_string"}}],"inLanguage":"en-US"},{"@type":"Organization","@id":"https:\/\/mandragorastore.pl\/#organization","name":"Mandragora by Martyna - Unique Clothing Store for Women","url":"https:\/\/mandragorastore.pl\/","logo":{"@type":"ImageObject","inLanguage":"en-US","@id":"https:\/\/mandragorastore.pl\/#\/schema\/logo\/image\/","url":"https:\/\/mandragorastore.pl\/wp-content\/uploads\/2025\/10\/COVER.categories.png","contentUrl":"https:\/\/mandragorastore.pl\/wp-content\/uploads\/2025\/10\/COVER.categories.png","width":800,"height":801,"caption":"Mandragora by Martyna - Wyj\u0105tkowy sklep odzie\u017cowy dla kobiet"},"image":{"@id":"https:\/\/mandragorastore.pl\/#\/schema\/logo\/image\/"},"sameAs":["https:\/\/www.facebook.com\/madragorastore\/","https:\/\/www.instagram.com\/mandragorastore.pl\/"]}]}},"_links":{"self":[{"href":"https:\/\/mandragorastore.pl\/en\/wp-json\/wp\/v2\/product\/1312","targetHints":{"allow":["GET"]}}],"collection":[{"href":"https:\/\/mandragorastore.pl\/en\/wp-json\/wp\/v2\/product"}],"about":[{"href":"https:\/\/mandragorastore.pl\/en\/wp-json\/wp\/v2\/types\/product"}],"wp:featuredmedia":[{"embeddable":true,"href":"https:\/\/mandragorastore.pl\/en\/wp-json\/wp\/v2\/media\/3799"}],"wp:attachment":[{"href":"https:\/\/mandragorastore.pl\/en\/wp-json\/wp\/v2\/media?parent=1312"}],"wp:term":[{"taxonomy":"product_brand","embeddable":true,"href":"https:\/\/mandragorastore.pl\/en\/wp-json\/wp\/v2\/product_brand?post=1312"},{"taxonomy":"product_cat","embeddable":true,"href":"https:\/\/mandragorastore.pl\/en\/wp-json\/wp\/v2\/product_cat?post=1312"},{"taxonomy":"product_tag","embeddable":true,"href":"https:\/\/mandragorastore.pl\/en\/wp-json\/wp\/v2\/product_tag?post=1312"}],"curies":[{"name":"WP","href":"https:\/\/api.w.org\/{rel}","templated":true}]}}