{"id":1365,"date":"2025-10-06T16:56:08","date_gmt":"2025-10-06T14:56:08","guid":{"rendered":"https:\/\/mandragorastore.pl\/?post_type=product&#038;p=1365"},"modified":"2026-04-01T11:28:01","modified_gmt":"2026-04-01T09:28:01","slug":"top-karo-ciemny-szary","status":"publish","type":"product","link":"https:\/\/mandragorastore.pl\/en\/product\/top-karo-ciemny-szary\/","title":{"rendered":"Karo Top Dark Grey"},"content":{"rendered":"<div class=\"\">\n<div class=\"\">\n<p>The model is 174 cm tall and is wearing size XS\/S .<span class=\"x_Apple-converted-space\">\u00a0<\/span><\/p>\n<p>bust<span class=\"x_Apple-converted-space\">\u00a0\u00a0<\/span>86 cm<span class=\"x_Apple-converted-space\">\u00a0 \u00a0\u00a0<\/span>waist 62 cm\u00a0<span class=\"x_Apple-converted-space\">\u00a0\u00a0<\/span>hips 92 cm<\/p>\n<\/div>\n<\/div>\n<p>&nbsp;<\/p>\n<p><span style=\"color: #ff0000;\"><strong>In the absence of product <\/strong><strong>in stock or larger<br \/>\norders <\/strong><strong>(extended lead time of 7-10 business days)<\/strong><\/span><\/p>\n<ul class=\"\">\n<li class=\"\"><span class=\"\">Fast delivery\u00a0<\/span><\/li>\n<li>PayPo payments<\/li>\n<li class=\"\">14 days for easy return<\/li>\n<\/ul>\n<div class=\"\">Cost of Delivery :<\/div>\n<ul class=\"\">\n<li class=\"\">InPost courier service: PLN 15.00<\/li>\n<li class=\"\">Parcel Post Inpost: PLN 13.00<\/li>\n<li>Cash on delivery InPost: PLN 17.00<\/li>\n<\/ul>\n<p><strong>Dimensions :<\/strong><\/p>\n<table cellspacing=\"0\" cellpadding=\"0\">\n<tbody class=\"\">\n<tr class=\"\">\n<td class=\"\" valign=\"top\">\n<div class=\"\"><\/div>\n<\/td>\n<td class=\"\" valign=\"top\">\n<div class=\"\">XS\/S<\/div>\n<\/td>\n<td class=\"\" valign=\"top\">\n<div class=\"\">M\/L<\/div>\n<\/td>\n<\/tr>\n<tr class=\"\">\n<td class=\"\" valign=\"top\">\n<div class=\"\">Bust<\/div>\n<\/td>\n<td class=\"\" valign=\"top\">\n<div class=\"\">80 - 9O<\/div>\n<\/td>\n<td class=\"\" valign=\"top\">\n<div class=\"\">90-100<\/div>\n<\/td>\n<\/tr>\n<tr class=\"\">\n<td class=\"\" valign=\"top\">\n<div class=\"\">Talia<\/div>\n<\/td>\n<td class=\"\" valign=\"top\">\n<div class=\"\">60 - 70<\/div>\n<\/td>\n<td class=\"\" valign=\"top\">\n<div class=\"\">70 - 85<\/div>\n<\/td>\n<\/tr>\n<tr class=\"\">\n<td class=\"\" valign=\"top\">\n<div class=\"\">Length<\/div>\n<\/td>\n<td class=\"\" valign=\"top\">\n<div class=\"\">52<\/div>\n<\/td>\n<td class=\"\" valign=\"top\">\n<div class=\"\">54<\/div>\n<\/td>\n<\/tr>\n<\/tbody>\n<\/table>","protected":false},"excerpt":{"rendered":"<p>Fitted ribbed cotton top with thick straps. It features a round neckline that adds to the elegant look. The subtle embroidery of the \u201eMG\u201d logo on the chest gives it a unique touch. It's made of soft-to-the-touch and body-pleasing material to ensure maximum comfort.<\/p>\n<p>Karo top is a must-have in every closet. Basic, which you can wear with both elegant and more casual outfits, regardless of the season.<\/p>\n<p>Pair it with denim shorts and a white shirt, or wear it with your favorite sweatpants and sneakers.<\/p>\n<p>Composition: 95% cotton, 5% elastane<\/p>\n<p>Manufactured in Poland.<\/p>\n<p>Size XS\/S EAN: 5906583421155<br \/>\nSize M\/L EAN: 5906583421162<\/p>","protected":false},"featured_media":3793,"template":"","meta":[],"product_brand":[],"product_cat":[142,30],"product_tag":[],"class_list":{"0":"post-1365","1":"product","2":"type-product","3":"status-publish","4":"has-post-thumbnail","6":"product_cat-gory","7":"product_cat-topy","9":"first","10":"instock","11":"sale","12":"shipping-taxable","13":"purchasable","14":"product-type-variable","15":"has-default-attributes","16":"wpzoom-wc-spi-has-enabled"},"yoast_head":"<!-- This site is optimized with the Yoast SEO plugin v27.3 - https:\/\/yoast.com\/product\/yoast-seo-wordpress\/ -->\n<title>Top Karo Ciemny Szary - MANDRAGORA - Designed for women. Made in Poland.<\/title>\n<meta name=\"robots\" content=\"index, follow, max-snippet:-1, max-image-preview:large, max-video-preview:-1\" \/>\n<link rel=\"canonical\" href=\"https:\/\/mandragorastore.pl\/en\/product\/top-karo-ciemny-szary\/\" \/>\n<meta property=\"og:locale\" content=\"en_US\" \/>\n<meta property=\"og:type\" content=\"article\" \/>\n<meta property=\"og:title\" content=\"Top Karo Ciemny Szary - MANDRAGORA - Designed for women. Made in Poland.\" \/>\n<meta property=\"og:description\" content=\"Dopasowany top z bawe\u0142ny pr\u0105\u017ckowanej na grubych rami\u0105czkach. Posiada okr\u0105g\u0142y dekolt, kt\u00f3ry dodaje eleganckiego wygl\u0105du. Subtelny haft logo \u201eMG\u201d na piersi nadaje mu niepowtarzalnego charakteru. Wykonany zosta\u0142 z mi\u0119kkiego w dotyku i przyjemnego dla cia\u0142a materia\u0142u, by zapewni\u0107 maksimum komfortu.  Top Karo to must-have w ka\u017cdej szafie. Basic, kt\u00f3ry nosi\u0107 mo\u017cesz zar\u00f3wno do eleganckich, jak i bardziej casualowych stylizacji, niezale\u017cnie od pory roku.  \u0141\u0105cz go z denim szortami i bia\u0142\u0105 koszul\u0105 lub za\u0142\u00f3\u017c do ulubionych dres\u00f3w i sneakers\u00f3w.  Sk\u0142ad: 95% bawe\u0142na, 5% elastan  Wyprodukowano w Polsce.  rozmiar XS\/S\u00a0 EAN: 5906583421155 rozmiar M\/L\u00a0 EAN: 5906583421162\" \/>\n<meta property=\"og:url\" content=\"https:\/\/mandragorastore.pl\/en\/product\/top-karo-ciemny-szary\/\" \/>\n<meta property=\"og:site_name\" content=\"MANDRAGORA - Designed for women. Made in Poland.\" \/>\n<meta property=\"article:publisher\" content=\"https:\/\/www.facebook.com\/madragorastore\/\" \/>\n<meta property=\"article:modified_time\" content=\"2026-04-01T09:28:01+00:00\" \/>\n<meta property=\"og:image\" content=\"https:\/\/mandragorastore.pl\/wp-content\/uploads\/2025\/10\/4-27-1.webp\" \/>\n\t<meta property=\"og:image:width\" content=\"1333\" \/>\n\t<meta property=\"og:image:height\" content=\"2000\" \/>\n\t<meta property=\"og:image:type\" content=\"image\/webp\" \/>\n<meta name=\"twitter:card\" content=\"summary_large_image\" \/>\n<meta name=\"twitter:label1\" content=\"Est. reading time\" \/>\n\t<meta name=\"twitter:data1\" content=\"1 minute\" \/>\n<script type=\"application\/ld+json\" class=\"yoast-schema-graph\">{\"@context\":\"https:\\\/\\\/schema.org\",\"@graph\":[{\"@type\":\"WebPage\",\"@id\":\"https:\\\/\\\/mandragorastore.pl\\\/product\\\/top-karo-ciemny-szary\\\/\",\"url\":\"https:\\\/\\\/mandragorastore.pl\\\/product\\\/top-karo-ciemny-szary\\\/\",\"name\":\"Top Karo Ciemny Szary - MANDRAGORA - Designed for women. Made in Poland.\",\"isPartOf\":{\"@id\":\"https:\\\/\\\/mandragorastore.pl\\\/#website\"},\"primaryImageOfPage\":{\"@id\":\"https:\\\/\\\/mandragorastore.pl\\\/product\\\/top-karo-ciemny-szary\\\/#primaryimage\"},\"image\":{\"@id\":\"https:\\\/\\\/mandragorastore.pl\\\/product\\\/top-karo-ciemny-szary\\\/#primaryimage\"},\"thumbnailUrl\":\"https:\\\/\\\/mandragorastore.pl\\\/wp-content\\\/uploads\\\/2025\\\/10\\\/4-27-1.webp\",\"datePublished\":\"2025-10-06T14:56:08+00:00\",\"dateModified\":\"2026-04-01T09:28:01+00:00\",\"breadcrumb\":{\"@id\":\"https:\\\/\\\/mandragorastore.pl\\\/product\\\/top-karo-ciemny-szary\\\/#breadcrumb\"},\"inLanguage\":\"en-US\",\"potentialAction\":[{\"@type\":\"ReadAction\",\"target\":[\"https:\\\/\\\/mandragorastore.pl\\\/product\\\/top-karo-ciemny-szary\\\/\"]}]},{\"@type\":\"ImageObject\",\"inLanguage\":\"en-US\",\"@id\":\"https:\\\/\\\/mandragorastore.pl\\\/product\\\/top-karo-ciemny-szary\\\/#primaryimage\",\"url\":\"https:\\\/\\\/mandragorastore.pl\\\/wp-content\\\/uploads\\\/2025\\\/10\\\/4-27-1.webp\",\"contentUrl\":\"https:\\\/\\\/mandragorastore.pl\\\/wp-content\\\/uploads\\\/2025\\\/10\\\/4-27-1.webp\",\"width\":1333,\"height\":2000},{\"@type\":\"BreadcrumbList\",\"@id\":\"https:\\\/\\\/mandragorastore.pl\\\/product\\\/top-karo-ciemny-szary\\\/#breadcrumb\",\"itemListElement\":[{\"@type\":\"ListItem\",\"position\":1,\"name\":\"Strona g\u0142\u00f3wna\",\"item\":\"https:\\\/\\\/mandragorastore.pl\\\/\"},{\"@type\":\"ListItem\",\"position\":2,\"name\":\"Katalog\",\"item\":\"https:\\\/\\\/mandragorastore.pl\\\/sklep\\\/\"},{\"@type\":\"ListItem\",\"position\":3,\"name\":\"Top Karo Ciemny Szary\"}]},{\"@type\":\"WebSite\",\"@id\":\"https:\\\/\\\/mandragorastore.pl\\\/#website\",\"url\":\"https:\\\/\\\/mandragorastore.pl\\\/\",\"name\":\"Mandragora by Martyna - Wyj\u0105tkowy sklep odzie\u017cowy dla kobiet\",\"description\":\"\",\"publisher\":{\"@id\":\"https:\\\/\\\/mandragorastore.pl\\\/#organization\"},\"potentialAction\":[{\"@type\":\"SearchAction\",\"target\":{\"@type\":\"EntryPoint\",\"urlTemplate\":\"https:\\\/\\\/mandragorastore.pl\\\/?s={search_term_string}\"},\"query-input\":{\"@type\":\"PropertyValueSpecification\",\"valueRequired\":true,\"valueName\":\"search_term_string\"}}],\"inLanguage\":\"en-US\"},{\"@type\":\"Organization\",\"@id\":\"https:\\\/\\\/mandragorastore.pl\\\/#organization\",\"name\":\"Mandragora by Martyna - Wyj\u0105tkowy sklep odzie\u017cowy dla kobiet\",\"url\":\"https:\\\/\\\/mandragorastore.pl\\\/\",\"logo\":{\"@type\":\"ImageObject\",\"inLanguage\":\"en-US\",\"@id\":\"https:\\\/\\\/mandragorastore.pl\\\/#\\\/schema\\\/logo\\\/image\\\/\",\"url\":\"https:\\\/\\\/mandragorastore.pl\\\/wp-content\\\/uploads\\\/2025\\\/10\\\/COVER.categories.png\",\"contentUrl\":\"https:\\\/\\\/mandragorastore.pl\\\/wp-content\\\/uploads\\\/2025\\\/10\\\/COVER.categories.png\",\"width\":800,\"height\":801,\"caption\":\"Mandragora by Martyna - Wyj\u0105tkowy sklep odzie\u017cowy dla kobiet\"},\"image\":{\"@id\":\"https:\\\/\\\/mandragorastore.pl\\\/#\\\/schema\\\/logo\\\/image\\\/\"},\"sameAs\":[\"https:\\\/\\\/www.facebook.com\\\/madragorastore\\\/\",\"https:\\\/\\\/www.instagram.com\\\/mandragorastore.pl\\\/\"]}]}<\/script>\n<!-- \/ Yoast SEO plugin. -->","yoast_head_json":{"title":"Top Karo Ciemny Szary - MANDRAGORA - Designed for women. Made in Poland.","robots":{"index":"index","follow":"follow","max-snippet":"max-snippet:-1","max-image-preview":"max-image-preview:large","max-video-preview":"max-video-preview:-1"},"canonical":"https:\/\/mandragorastore.pl\/en\/product\/top-karo-ciemny-szary\/","og_locale":"en_US","og_type":"article","og_title":"Top Karo Ciemny Szary - MANDRAGORA - Designed for women. Made in Poland.","og_description":"Dopasowany top z bawe\u0142ny pr\u0105\u017ckowanej na grubych rami\u0105czkach. Posiada okr\u0105g\u0142y dekolt, kt\u00f3ry dodaje eleganckiego wygl\u0105du. Subtelny haft logo \u201eMG\u201d na piersi nadaje mu niepowtarzalnego charakteru. Wykonany zosta\u0142 z mi\u0119kkiego w dotyku i przyjemnego dla cia\u0142a materia\u0142u, by zapewni\u0107 maksimum komfortu.  Top Karo to must-have w ka\u017cdej szafie. Basic, kt\u00f3ry nosi\u0107 mo\u017cesz zar\u00f3wno do eleganckich, jak i bardziej casualowych stylizacji, niezale\u017cnie od pory roku.  \u0141\u0105cz go z denim szortami i bia\u0142\u0105 koszul\u0105 lub za\u0142\u00f3\u017c do ulubionych dres\u00f3w i sneakers\u00f3w.  Sk\u0142ad: 95% bawe\u0142na, 5% elastan  Wyprodukowano w Polsce.  rozmiar XS\/S\u00a0 EAN: 5906583421155 rozmiar M\/L\u00a0 EAN: 5906583421162","og_url":"https:\/\/mandragorastore.pl\/en\/product\/top-karo-ciemny-szary\/","og_site_name":"MANDRAGORA - Designed for women. Made in Poland.","article_publisher":"https:\/\/www.facebook.com\/madragorastore\/","article_modified_time":"2026-04-01T09:28:01+00:00","og_image":[{"width":1333,"height":2000,"url":"https:\/\/mandragorastore.pl\/wp-content\/uploads\/2025\/10\/4-27-1.webp","type":"image\/webp"}],"twitter_card":"summary_large_image","twitter_misc":{"Est. reading time":"1 minute"},"schema":{"@context":"https:\/\/schema.org","@graph":[{"@type":"WebPage","@id":"https:\/\/mandragorastore.pl\/product\/top-karo-ciemny-szary\/","url":"https:\/\/mandragorastore.pl\/product\/top-karo-ciemny-szary\/","name":"Top Karo Ciemny Szary - MANDRAGORA - Designed for women. Made in Poland.","isPartOf":{"@id":"https:\/\/mandragorastore.pl\/#website"},"primaryImageOfPage":{"@id":"https:\/\/mandragorastore.pl\/product\/top-karo-ciemny-szary\/#primaryimage"},"image":{"@id":"https:\/\/mandragorastore.pl\/product\/top-karo-ciemny-szary\/#primaryimage"},"thumbnailUrl":"https:\/\/mandragorastore.pl\/wp-content\/uploads\/2025\/10\/4-27-1.webp","datePublished":"2025-10-06T14:56:08+00:00","dateModified":"2026-04-01T09:28:01+00:00","breadcrumb":{"@id":"https:\/\/mandragorastore.pl\/product\/top-karo-ciemny-szary\/#breadcrumb"},"inLanguage":"en-US","potentialAction":[{"@type":"ReadAction","target":["https:\/\/mandragorastore.pl\/product\/top-karo-ciemny-szary\/"]}]},{"@type":"ImageObject","inLanguage":"en-US","@id":"https:\/\/mandragorastore.pl\/product\/top-karo-ciemny-szary\/#primaryimage","url":"https:\/\/mandragorastore.pl\/wp-content\/uploads\/2025\/10\/4-27-1.webp","contentUrl":"https:\/\/mandragorastore.pl\/wp-content\/uploads\/2025\/10\/4-27-1.webp","width":1333,"height":2000},{"@type":"BreadcrumbList","@id":"https:\/\/mandragorastore.pl\/product\/top-karo-ciemny-szary\/#breadcrumb","itemListElement":[{"@type":"ListItem","position":1,"name":"Strona g\u0142\u00f3wna","item":"https:\/\/mandragorastore.pl\/"},{"@type":"ListItem","position":2,"name":"Katalog","item":"https:\/\/mandragorastore.pl\/sklep\/"},{"@type":"ListItem","position":3,"name":"Top Karo Ciemny Szary"}]},{"@type":"WebSite","@id":"https:\/\/mandragorastore.pl\/#website","url":"https:\/\/mandragorastore.pl\/","name":"Mandragora by Martyna - Unique Clothing Store for Women","description":"","publisher":{"@id":"https:\/\/mandragorastore.pl\/#organization"},"potentialAction":[{"@type":"SearchAction","target":{"@type":"EntryPoint","urlTemplate":"https:\/\/mandragorastore.pl\/?s={search_term_string}"},"query-input":{"@type":"PropertyValueSpecification","valueRequired":true,"valueName":"search_term_string"}}],"inLanguage":"en-US"},{"@type":"Organization","@id":"https:\/\/mandragorastore.pl\/#organization","name":"Mandragora by Martyna - Unique Clothing Store for Women","url":"https:\/\/mandragorastore.pl\/","logo":{"@type":"ImageObject","inLanguage":"en-US","@id":"https:\/\/mandragorastore.pl\/#\/schema\/logo\/image\/","url":"https:\/\/mandragorastore.pl\/wp-content\/uploads\/2025\/10\/COVER.categories.png","contentUrl":"https:\/\/mandragorastore.pl\/wp-content\/uploads\/2025\/10\/COVER.categories.png","width":800,"height":801,"caption":"Mandragora by Martyna - Wyj\u0105tkowy sklep odzie\u017cowy dla kobiet"},"image":{"@id":"https:\/\/mandragorastore.pl\/#\/schema\/logo\/image\/"},"sameAs":["https:\/\/www.facebook.com\/madragorastore\/","https:\/\/www.instagram.com\/mandragorastore.pl\/"]}]}},"_links":{"self":[{"href":"https:\/\/mandragorastore.pl\/en\/wp-json\/wp\/v2\/product\/1365","targetHints":{"allow":["GET"]}}],"collection":[{"href":"https:\/\/mandragorastore.pl\/en\/wp-json\/wp\/v2\/product"}],"about":[{"href":"https:\/\/mandragorastore.pl\/en\/wp-json\/wp\/v2\/types\/product"}],"wp:featuredmedia":[{"embeddable":true,"href":"https:\/\/mandragorastore.pl\/en\/wp-json\/wp\/v2\/media\/3793"}],"wp:attachment":[{"href":"https:\/\/mandragorastore.pl\/en\/wp-json\/wp\/v2\/media?parent=1365"}],"wp:term":[{"taxonomy":"product_brand","embeddable":true,"href":"https:\/\/mandragorastore.pl\/en\/wp-json\/wp\/v2\/product_brand?post=1365"},{"taxonomy":"product_cat","embeddable":true,"href":"https:\/\/mandragorastore.pl\/en\/wp-json\/wp\/v2\/product_cat?post=1365"},{"taxonomy":"product_tag","embeddable":true,"href":"https:\/\/mandragorastore.pl\/en\/wp-json\/wp\/v2\/product_tag?post=1365"}],"curies":[{"name":"WP","href":"https:\/\/api.w.org\/{rel}","templated":true}]}}