{"id":1439,"date":"2025-10-06T16:56:16","date_gmt":"2025-10-06T14:56:16","guid":{"rendered":"https:\/\/mandragorastore.pl\/?post_type=product&#038;p=1439"},"modified":"2026-03-17T19:03:55","modified_gmt":"2026-03-17T18:03:55","slug":"top-ivy-czarny","status":"publish","type":"product","link":"https:\/\/mandragorastore.pl\/en\/product\/top-ivy-czarny\/","title":{"rendered":"Top Ivy Black"},"content":{"rendered":"<p dir=\"ltr\"><span style=\"font-weight: 400;\">The model is 170 cm tall and presents size XS\/S.<\/span><span style=\"font-weight: 400;\"><br \/>\n<\/span><span style=\"font-weight: 400;\">bust 84 cm waist 60 cm hips 90 cm<\/span><\/p>\n<ul class=\"\">\n<li class=\"\"><span class=\"\">Fast delivery\u00a0<\/span><\/li>\n<li class=\"\">14 days for easy return<\/li>\n<li>PayPo payment option<\/li>\n<\/ul>\n<p>Cost of Delivery:<\/p>\n<ul>\n<li>InPost courier service: PLN 15.00<\/li>\n<li>Parcel Post Inpost: PLN 13.00<\/li>\n<li>Cash on delivery: PLN 17.00<\/li>\n<\/ul>\n<p>Dimensions:<\/p>\n<table>\n<tbody>\n<tr>\n<td><\/td>\n<td><span style=\"font-weight: 400;\">XS\/S<\/span><\/td>\n<td><span style=\"font-weight: 400;\">M\/L<\/span><\/td>\n<\/tr>\n<tr>\n<td><span style=\"font-weight: 400;\">Bust<\/span><\/td>\n<td><span style=\"font-weight: 400;\">80 - 88 cm<\/span><\/td>\n<td><span style=\"font-weight: 400;\">88 - 98 cm<\/span><\/td>\n<\/tr>\n<tr>\n<td><span style=\"font-weight: 400;\">Talia<\/span><\/td>\n<td><span style=\"font-weight: 400;\">60 - 72 cm<\/span><\/td>\n<td><span style=\"font-weight: 400;\">72 - 84 cm<\/span><\/td>\n<\/tr>\n<tr>\n<td><span style=\"font-weight: 400;\">Overall length<\/span><\/td>\n<td><span style=\"font-weight: 400;\">52 cm<\/span><\/td>\n<td><span style=\"font-weight: 400;\">54 cm<\/span><\/td>\n<\/tr>\n<\/tbody>\n<\/table>","protected":false},"excerpt":{"rendered":"<p><span style=\"font-weight: 400;\">The Ivy top is the essence of modern sensuality enclosed in a compact form. Made of stretch viscose knit fabric, it adapts to the body, providing comfort and complete freedom.<\/span><\/p>\n<p><span style=\"font-weight: 400;\">Side drawstrings allow you to adjust the length of the top and match its character to your styling. The decorative strings, finished with gold grommets with engraving, add subtle luxury to the overall look. The simple but striking strapless cut emphasizes the shoulders and neckline.<\/span><\/p>\n<p><span style=\"font-weight: 400;\">Wear with high-waisted pants or pair with a Luna skirt for a cohesive yet feisty ensemble.<\/span><\/p>\n<p>Composition:<span style=\"font-weight: 400;\"> 93% viscose, 7% elastane<\/span><span style=\"font-weight: 400;\"><br \/>\n<\/span>Designed and sewn in Poland.<\/p>","protected":false},"featured_media":1441,"template":"","meta":[],"product_brand":[],"product_cat":[142,30],"product_tag":[],"class_list":{"0":"post-1439","1":"product","2":"type-product","3":"status-publish","4":"has-post-thumbnail","6":"product_cat-gory","7":"product_cat-topy","9":"first","10":"instock","11":"shipping-taxable","12":"purchasable","13":"product-type-variable","14":"has-default-attributes","15":"wpzoom-wc-spi-has-enabled"},"yoast_head":"<!-- This site is optimized with the Yoast SEO plugin v27.3 - https:\/\/yoast.com\/product\/yoast-seo-wordpress\/ -->\n<title>Top Ivy Czarny - MANDRAGORA - Designed for women. Made in Poland.<\/title>\n<meta name=\"robots\" content=\"index, follow, max-snippet:-1, max-image-preview:large, max-video-preview:-1\" \/>\n<link rel=\"canonical\" href=\"https:\/\/mandragorastore.pl\/en\/product\/top-ivy-czarny\/\" \/>\n<meta property=\"og:locale\" content=\"en_US\" \/>\n<meta property=\"og:type\" content=\"article\" \/>\n<meta property=\"og:title\" content=\"Top Ivy Czarny - MANDRAGORA - Designed for women. Made in Poland.\" \/>\n<meta property=\"og:description\" content=\"Top Ivy to esencja nowoczesnej zmys\u0142owo\u015bci zamkni\u0119ta w kompaktowej formie. Uszyty z elastycznej dzianiny wiskozowej, dopasowuje si\u0119 do cia\u0142a, zapewniaj\u0105c komfort i pe\u0142n\u0105 swobod\u0119.  Boczne \u015bci\u0105gacze pozwalaj\u0105 regulowa\u0107 d\u0142ugo\u015b\u0107 topu i dopasowa\u0107 jego charakter do stylizacji. Ozdobne sznurki, zako\u0144czone z\u0142otymi przelotkami z grawerem, dodaj\u0105 ca\u0142o\u015bci subtelnego luksusu. Prosty, ale efektowny kr\u00f3j na rami\u0105czkach podkre\u015bla ramiona oraz dekolt.  No\u015b do spodni z wysokim stanem lub zestaw ze sp\u00f3dnic\u0105 Luna, tworz\u0105c sp\u00f3jn\u0105, a jednocze\u015bnie zadziorn\u0105 ca\u0142o\u015b\u0107.  Sk\u0142ad: 93% wiskoza, 7% elastan Projektowana i szyta w Polsce.\" \/>\n<meta property=\"og:url\" content=\"https:\/\/mandragorastore.pl\/en\/product\/top-ivy-czarny\/\" \/>\n<meta property=\"og:site_name\" content=\"MANDRAGORA - Designed for women. Made in Poland.\" \/>\n<meta property=\"article:publisher\" content=\"https:\/\/www.facebook.com\/madragorastore\/\" \/>\n<meta property=\"article:modified_time\" content=\"2026-03-17T18:03:55+00:00\" \/>\n<meta property=\"og:image\" content=\"https:\/\/mandragorastore.pl\/wp-content\/uploads\/2025\/10\/2-40.webp\" \/>\n\t<meta property=\"og:image:width\" content=\"1500\" \/>\n\t<meta property=\"og:image:height\" content=\"1500\" \/>\n\t<meta property=\"og:image:type\" content=\"image\/webp\" \/>\n<meta name=\"twitter:card\" content=\"summary_large_image\" \/>\n<meta name=\"twitter:label1\" content=\"Est. reading time\" \/>\n\t<meta name=\"twitter:data1\" content=\"1 minute\" \/>\n<script type=\"application\/ld+json\" class=\"yoast-schema-graph\">{\"@context\":\"https:\\\/\\\/schema.org\",\"@graph\":[{\"@type\":\"WebPage\",\"@id\":\"https:\\\/\\\/mandragorastore.pl\\\/product\\\/top-ivy-czarny\\\/\",\"url\":\"https:\\\/\\\/mandragorastore.pl\\\/product\\\/top-ivy-czarny\\\/\",\"name\":\"Top Ivy Czarny - MANDRAGORA - Designed for women. Made in Poland.\",\"isPartOf\":{\"@id\":\"https:\\\/\\\/mandragorastore.pl\\\/#website\"},\"primaryImageOfPage\":{\"@id\":\"https:\\\/\\\/mandragorastore.pl\\\/product\\\/top-ivy-czarny\\\/#primaryimage\"},\"image\":{\"@id\":\"https:\\\/\\\/mandragorastore.pl\\\/product\\\/top-ivy-czarny\\\/#primaryimage\"},\"thumbnailUrl\":\"https:\\\/\\\/mandragorastore.pl\\\/wp-content\\\/uploads\\\/2025\\\/10\\\/2-40.webp\",\"datePublished\":\"2025-10-06T14:56:16+00:00\",\"dateModified\":\"2026-03-17T18:03:55+00:00\",\"breadcrumb\":{\"@id\":\"https:\\\/\\\/mandragorastore.pl\\\/product\\\/top-ivy-czarny\\\/#breadcrumb\"},\"inLanguage\":\"en-US\",\"potentialAction\":[{\"@type\":\"ReadAction\",\"target\":[\"https:\\\/\\\/mandragorastore.pl\\\/product\\\/top-ivy-czarny\\\/\"]}]},{\"@type\":\"ImageObject\",\"inLanguage\":\"en-US\",\"@id\":\"https:\\\/\\\/mandragorastore.pl\\\/product\\\/top-ivy-czarny\\\/#primaryimage\",\"url\":\"https:\\\/\\\/mandragorastore.pl\\\/wp-content\\\/uploads\\\/2025\\\/10\\\/2-40.webp\",\"contentUrl\":\"https:\\\/\\\/mandragorastore.pl\\\/wp-content\\\/uploads\\\/2025\\\/10\\\/2-40.webp\",\"width\":1500,\"height\":1500},{\"@type\":\"BreadcrumbList\",\"@id\":\"https:\\\/\\\/mandragorastore.pl\\\/product\\\/top-ivy-czarny\\\/#breadcrumb\",\"itemListElement\":[{\"@type\":\"ListItem\",\"position\":1,\"name\":\"Strona g\u0142\u00f3wna\",\"item\":\"https:\\\/\\\/mandragorastore.pl\\\/\"},{\"@type\":\"ListItem\",\"position\":2,\"name\":\"Katalog\",\"item\":\"https:\\\/\\\/mandragorastore.pl\\\/sklep\\\/\"},{\"@type\":\"ListItem\",\"position\":3,\"name\":\"Top Ivy Czarny\"}]},{\"@type\":\"WebSite\",\"@id\":\"https:\\\/\\\/mandragorastore.pl\\\/#website\",\"url\":\"https:\\\/\\\/mandragorastore.pl\\\/\",\"name\":\"Mandragora by Martyna - Wyj\u0105tkowy sklep odzie\u017cowy dla kobiet\",\"description\":\"\",\"publisher\":{\"@id\":\"https:\\\/\\\/mandragorastore.pl\\\/#organization\"},\"potentialAction\":[{\"@type\":\"SearchAction\",\"target\":{\"@type\":\"EntryPoint\",\"urlTemplate\":\"https:\\\/\\\/mandragorastore.pl\\\/?s={search_term_string}\"},\"query-input\":{\"@type\":\"PropertyValueSpecification\",\"valueRequired\":true,\"valueName\":\"search_term_string\"}}],\"inLanguage\":\"en-US\"},{\"@type\":\"Organization\",\"@id\":\"https:\\\/\\\/mandragorastore.pl\\\/#organization\",\"name\":\"Mandragora by Martyna - Wyj\u0105tkowy sklep odzie\u017cowy dla kobiet\",\"url\":\"https:\\\/\\\/mandragorastore.pl\\\/\",\"logo\":{\"@type\":\"ImageObject\",\"inLanguage\":\"en-US\",\"@id\":\"https:\\\/\\\/mandragorastore.pl\\\/#\\\/schema\\\/logo\\\/image\\\/\",\"url\":\"https:\\\/\\\/mandragorastore.pl\\\/wp-content\\\/uploads\\\/2025\\\/10\\\/COVER.categories.png\",\"contentUrl\":\"https:\\\/\\\/mandragorastore.pl\\\/wp-content\\\/uploads\\\/2025\\\/10\\\/COVER.categories.png\",\"width\":800,\"height\":801,\"caption\":\"Mandragora by Martyna - Wyj\u0105tkowy sklep odzie\u017cowy dla kobiet\"},\"image\":{\"@id\":\"https:\\\/\\\/mandragorastore.pl\\\/#\\\/schema\\\/logo\\\/image\\\/\"},\"sameAs\":[\"https:\\\/\\\/www.facebook.com\\\/madragorastore\\\/\",\"https:\\\/\\\/www.instagram.com\\\/mandragorastore.pl\\\/\"]}]}<\/script>\n<!-- \/ Yoast SEO plugin. -->","yoast_head_json":{"title":"Top Ivy Czarny - MANDRAGORA - Designed for women. Made in Poland.","robots":{"index":"index","follow":"follow","max-snippet":"max-snippet:-1","max-image-preview":"max-image-preview:large","max-video-preview":"max-video-preview:-1"},"canonical":"https:\/\/mandragorastore.pl\/en\/product\/top-ivy-czarny\/","og_locale":"en_US","og_type":"article","og_title":"Top Ivy Czarny - MANDRAGORA - Designed for women. Made in Poland.","og_description":"Top Ivy to esencja nowoczesnej zmys\u0142owo\u015bci zamkni\u0119ta w kompaktowej formie. Uszyty z elastycznej dzianiny wiskozowej, dopasowuje si\u0119 do cia\u0142a, zapewniaj\u0105c komfort i pe\u0142n\u0105 swobod\u0119.  Boczne \u015bci\u0105gacze pozwalaj\u0105 regulowa\u0107 d\u0142ugo\u015b\u0107 topu i dopasowa\u0107 jego charakter do stylizacji. Ozdobne sznurki, zako\u0144czone z\u0142otymi przelotkami z grawerem, dodaj\u0105 ca\u0142o\u015bci subtelnego luksusu. Prosty, ale efektowny kr\u00f3j na rami\u0105czkach podkre\u015bla ramiona oraz dekolt.  No\u015b do spodni z wysokim stanem lub zestaw ze sp\u00f3dnic\u0105 Luna, tworz\u0105c sp\u00f3jn\u0105, a jednocze\u015bnie zadziorn\u0105 ca\u0142o\u015b\u0107.  Sk\u0142ad: 93% wiskoza, 7% elastan Projektowana i szyta w Polsce.","og_url":"https:\/\/mandragorastore.pl\/en\/product\/top-ivy-czarny\/","og_site_name":"MANDRAGORA - Designed for women. Made in Poland.","article_publisher":"https:\/\/www.facebook.com\/madragorastore\/","article_modified_time":"2026-03-17T18:03:55+00:00","og_image":[{"width":1500,"height":1500,"url":"https:\/\/mandragorastore.pl\/wp-content\/uploads\/2025\/10\/2-40.webp","type":"image\/webp"}],"twitter_card":"summary_large_image","twitter_misc":{"Est. reading time":"1 minute"},"schema":{"@context":"https:\/\/schema.org","@graph":[{"@type":"WebPage","@id":"https:\/\/mandragorastore.pl\/product\/top-ivy-czarny\/","url":"https:\/\/mandragorastore.pl\/product\/top-ivy-czarny\/","name":"Top Ivy Czarny - MANDRAGORA - Designed for women. Made in Poland.","isPartOf":{"@id":"https:\/\/mandragorastore.pl\/#website"},"primaryImageOfPage":{"@id":"https:\/\/mandragorastore.pl\/product\/top-ivy-czarny\/#primaryimage"},"image":{"@id":"https:\/\/mandragorastore.pl\/product\/top-ivy-czarny\/#primaryimage"},"thumbnailUrl":"https:\/\/mandragorastore.pl\/wp-content\/uploads\/2025\/10\/2-40.webp","datePublished":"2025-10-06T14:56:16+00:00","dateModified":"2026-03-17T18:03:55+00:00","breadcrumb":{"@id":"https:\/\/mandragorastore.pl\/product\/top-ivy-czarny\/#breadcrumb"},"inLanguage":"en-US","potentialAction":[{"@type":"ReadAction","target":["https:\/\/mandragorastore.pl\/product\/top-ivy-czarny\/"]}]},{"@type":"ImageObject","inLanguage":"en-US","@id":"https:\/\/mandragorastore.pl\/product\/top-ivy-czarny\/#primaryimage","url":"https:\/\/mandragorastore.pl\/wp-content\/uploads\/2025\/10\/2-40.webp","contentUrl":"https:\/\/mandragorastore.pl\/wp-content\/uploads\/2025\/10\/2-40.webp","width":1500,"height":1500},{"@type":"BreadcrumbList","@id":"https:\/\/mandragorastore.pl\/product\/top-ivy-czarny\/#breadcrumb","itemListElement":[{"@type":"ListItem","position":1,"name":"Strona g\u0142\u00f3wna","item":"https:\/\/mandragorastore.pl\/"},{"@type":"ListItem","position":2,"name":"Katalog","item":"https:\/\/mandragorastore.pl\/sklep\/"},{"@type":"ListItem","position":3,"name":"Top Ivy Czarny"}]},{"@type":"WebSite","@id":"https:\/\/mandragorastore.pl\/#website","url":"https:\/\/mandragorastore.pl\/","name":"Mandragora by Martyna - Unique Clothing Store for Women","description":"","publisher":{"@id":"https:\/\/mandragorastore.pl\/#organization"},"potentialAction":[{"@type":"SearchAction","target":{"@type":"EntryPoint","urlTemplate":"https:\/\/mandragorastore.pl\/?s={search_term_string}"},"query-input":{"@type":"PropertyValueSpecification","valueRequired":true,"valueName":"search_term_string"}}],"inLanguage":"en-US"},{"@type":"Organization","@id":"https:\/\/mandragorastore.pl\/#organization","name":"Mandragora by Martyna - Unique Clothing Store for Women","url":"https:\/\/mandragorastore.pl\/","logo":{"@type":"ImageObject","inLanguage":"en-US","@id":"https:\/\/mandragorastore.pl\/#\/schema\/logo\/image\/","url":"https:\/\/mandragorastore.pl\/wp-content\/uploads\/2025\/10\/COVER.categories.png","contentUrl":"https:\/\/mandragorastore.pl\/wp-content\/uploads\/2025\/10\/COVER.categories.png","width":800,"height":801,"caption":"Mandragora by Martyna - Wyj\u0105tkowy sklep odzie\u017cowy dla kobiet"},"image":{"@id":"https:\/\/mandragorastore.pl\/#\/schema\/logo\/image\/"},"sameAs":["https:\/\/www.facebook.com\/madragorastore\/","https:\/\/www.instagram.com\/mandragorastore.pl\/"]}]}},"_links":{"self":[{"href":"https:\/\/mandragorastore.pl\/en\/wp-json\/wp\/v2\/product\/1439","targetHints":{"allow":["GET"]}}],"collection":[{"href":"https:\/\/mandragorastore.pl\/en\/wp-json\/wp\/v2\/product"}],"about":[{"href":"https:\/\/mandragorastore.pl\/en\/wp-json\/wp\/v2\/types\/product"}],"wp:featuredmedia":[{"embeddable":true,"href":"https:\/\/mandragorastore.pl\/en\/wp-json\/wp\/v2\/media\/1441"}],"wp:attachment":[{"href":"https:\/\/mandragorastore.pl\/en\/wp-json\/wp\/v2\/media?parent=1439"}],"wp:term":[{"taxonomy":"product_brand","embeddable":true,"href":"https:\/\/mandragorastore.pl\/en\/wp-json\/wp\/v2\/product_brand?post=1439"},{"taxonomy":"product_cat","embeddable":true,"href":"https:\/\/mandragorastore.pl\/en\/wp-json\/wp\/v2\/product_cat?post=1439"},{"taxonomy":"product_tag","embeddable":true,"href":"https:\/\/mandragorastore.pl\/en\/wp-json\/wp\/v2\/product_tag?post=1439"}],"curies":[{"name":"WP","href":"https:\/\/api.w.org\/{rel}","templated":true}]}}