{"id":1450,"date":"2025-10-06T16:56:16","date_gmt":"2025-10-06T14:56:16","guid":{"rendered":"https:\/\/mandragorastore.pl\/?post_type=product&#038;p=1450"},"modified":"2026-04-01T11:37:01","modified_gmt":"2026-04-01T09:37:01","slug":"koszula-madden","status":"publish","type":"product","link":"https:\/\/mandragorastore.pl\/en\/product\/koszula-madden\/","title":{"rendered":"Madden shirt"},"content":{"rendered":"<p dir=\"ltr\"><span style=\"font-weight: 400;\">The model is 170 cm tall and presents size XS\/S.<\/span><span style=\"font-weight: 400;\"><br \/>\n<\/span><span style=\"font-weight: 400;\">bust 84 cm waist 60 cm hips 90 cm<\/span><\/p>\n<ul class=\"\">\n<li class=\"\"><span class=\"\">Fast delivery\u00a0<\/span><\/li>\n<li class=\"\">14 days for easy return<\/li>\n<li>PayPo payment option<\/li>\n<\/ul>\n<p>Cost of Delivery:<\/p>\n<ul>\n<li>InPost courier service: PLN 15.00<\/li>\n<li>Parcel Post Inpost: PLN 13.00<\/li>\n<li>Cash on delivery: PLN 17.00<\/li>\n<\/ul>\n<p>Dimensions:<\/p>\n<table>\n<tbody>\n<tr>\n<td><span style=\"font-weight: 400;\">\u00a0<\/span><\/td>\n<td><span style=\"font-weight: 400;\">XS\/S<\/span><\/td>\n<td><span style=\"font-weight: 400;\">M\/L<\/span><\/td>\n<\/tr>\n<tr>\n<td><span style=\"font-weight: 400;\">Bust<\/span><\/td>\n<td><span style=\"font-weight: 400;\">80 - 95 cm<\/span><\/td>\n<td><span style=\"font-weight: 400;\">90 - 105 cm<\/span><\/td>\n<\/tr>\n<tr>\n<td><span style=\"font-weight: 400;\">Sleeve<\/span><\/td>\n<td><span style=\"font-weight: 400;\">74 cm<\/span><\/td>\n<td><span style=\"font-weight: 400;\">76 cm<\/span><\/td>\n<\/tr>\n<tr>\n<td><span style=\"font-weight: 400;\">Length, overall<\/span><\/td>\n<td><span style=\"font-weight: 400;\">75 cm<\/span><\/td>\n<td><span style=\"font-weight: 400;\">77 cm<\/span><\/td>\n<\/tr>\n<\/tbody>\n<\/table>","protected":false},"excerpt":{"rendered":"<p><span style=\"font-weight: 400;\">Madden shirt is a combination of elegance with a delicate feminine touch. It is made of combined materials of high quality. The main material - viscose with the addition of polyester, provides softness and wearing comfort. Sleeves made of 100% cotton with beautiful, distinctive embroidery of floral embellishments, attract attention and add to the overall romantic atmosphere.<\/span><\/p>\n<p><span style=\"font-weight: 400;\">The buffeted shoulders and slightly see-through sleeves emphasize femininity, giving the styling lightness and airiness. Long cuffs and an elegant collar complete the look, creating a classic yet original design that will work for both casual and more formal styling.<\/span><\/p>\n<p><span style=\"font-weight: 400;\">Wear it with classic Klaro pants or an elegant Marie skirt, creating a subtle but striking look.<\/span><\/p>\n<p>Composition:<span style=\"font-weight: 400;\"> Main material - 90% viscose, 10% polyester; Sleeves - 100% cotton; Embroidery - 100% polyester.<\/span><span style=\"font-weight: 400;\"><br \/>\n<\/span>Designed and sewn in Poland.<\/p>","protected":false},"featured_media":3314,"template":"","meta":[],"product_brand":[],"product_cat":[142,34],"product_tag":[],"class_list":{"0":"post-1450","1":"product","2":"type-product","3":"status-publish","4":"has-post-thumbnail","6":"product_cat-gory","7":"product_cat-koszule","9":"first","10":"instock","11":"shipping-taxable","12":"purchasable","13":"product-type-variable","14":"has-default-attributes","15":"wpzoom-wc-spi-has-enabled"},"yoast_head":"<!-- This site is optimized with the Yoast SEO plugin v27.3 - https:\/\/yoast.com\/product\/yoast-seo-wordpress\/ -->\n<title>Koszula Madden - MANDRAGORA - Designed for women. Made in Poland.<\/title>\n<meta name=\"robots\" content=\"index, follow, max-snippet:-1, max-image-preview:large, max-video-preview:-1\" \/>\n<link rel=\"canonical\" href=\"https:\/\/mandragorastore.pl\/en\/product\/koszula-madden\/\" \/>\n<meta property=\"og:locale\" content=\"en_US\" \/>\n<meta property=\"og:type\" content=\"article\" \/>\n<meta property=\"og:title\" content=\"Koszula Madden - MANDRAGORA - Designed for women. Made in Poland.\" \/>\n<meta property=\"og:description\" content=\"Koszula Madden to po\u0142\u0105czenie elegancji z delikatnym, kobiecym akcentem. Wykonana z \u0142\u0105czonych materia\u0142\u00f3w o wysokiej jako\u015bci. G\u0142\u00f3wny materia\u0142 - wiskoza z dodatkiem poliestru, zapewnia mi\u0119kko\u015b\u0107 i komfort noszenia. R\u0119kawy wykonane ze 100% bawe\u0142ny z pi\u0119knym, charakterystycznym haftem kwiatowych zdobie\u0144, przyci\u0105gaj\u0105 uwag\u0119 i dodaj\u0105 ca\u0142o\u015bci romantycznego klimatu.  Bufiaste ramiona i lekko prze\u015bwituj\u0105ce r\u0119kawki podkre\u015blaj\u0105 kobieco\u015b\u0107, nadaj\u0105c stylizacji lekko\u015bci i zwiewno\u015bci. D\u0142ugie mankiety i elegancki ko\u0142nierzyk dope\u0142niaj\u0105 ca\u0142o\u015b\u0107, tworz\u0105c klasyczny, ale niebanalny design, kt\u00f3ry sprawdzi si\u0119 zar\u00f3wno w codziennych, jak i bardziej formalnych stylizacjach.  No\u015b j\u0105 do klasycznych spodni Klaro lub eleganckiej sp\u00f3dnicy Marie, tworz\u0105c subtelny, ale efektowny look.  Sk\u0142ad: G\u0142\u00f3wny materia\u0142 \u2013 90% wiskoza, 10% poliester; R\u0119kawy \u2013 100% bawe\u0142na; Haft \u2013 100% poliester Projektowana i szyta w Polsce.\" \/>\n<meta property=\"og:url\" content=\"https:\/\/mandragorastore.pl\/en\/product\/koszula-madden\/\" \/>\n<meta property=\"og:site_name\" content=\"MANDRAGORA - Designed for women. Made in Poland.\" \/>\n<meta property=\"article:publisher\" content=\"https:\/\/www.facebook.com\/madragorastore\/\" \/>\n<meta property=\"article:modified_time\" content=\"2026-04-01T09:37:01+00:00\" \/>\n<meta property=\"og:image\" content=\"https:\/\/mandragorastore.pl\/wp-content\/uploads\/2025\/10\/1-42-1.webp\" \/>\n\t<meta property=\"og:image:width\" content=\"1500\" \/>\n\t<meta property=\"og:image:height\" content=\"2000\" \/>\n\t<meta property=\"og:image:type\" content=\"image\/webp\" \/>\n<meta name=\"twitter:card\" content=\"summary_large_image\" \/>\n<meta name=\"twitter:label1\" content=\"Est. reading time\" \/>\n\t<meta name=\"twitter:data1\" content=\"1 minute\" \/>\n<script type=\"application\/ld+json\" class=\"yoast-schema-graph\">{\"@context\":\"https:\\\/\\\/schema.org\",\"@graph\":[{\"@type\":\"WebPage\",\"@id\":\"https:\\\/\\\/mandragorastore.pl\\\/product\\\/koszula-madden\\\/\",\"url\":\"https:\\\/\\\/mandragorastore.pl\\\/product\\\/koszula-madden\\\/\",\"name\":\"Koszula Madden - MANDRAGORA - Designed for women. Made in Poland.\",\"isPartOf\":{\"@id\":\"https:\\\/\\\/mandragorastore.pl\\\/#website\"},\"primaryImageOfPage\":{\"@id\":\"https:\\\/\\\/mandragorastore.pl\\\/product\\\/koszula-madden\\\/#primaryimage\"},\"image\":{\"@id\":\"https:\\\/\\\/mandragorastore.pl\\\/product\\\/koszula-madden\\\/#primaryimage\"},\"thumbnailUrl\":\"https:\\\/\\\/mandragorastore.pl\\\/wp-content\\\/uploads\\\/2025\\\/10\\\/1-42-1.webp\",\"datePublished\":\"2025-10-06T14:56:16+00:00\",\"dateModified\":\"2026-04-01T09:37:01+00:00\",\"breadcrumb\":{\"@id\":\"https:\\\/\\\/mandragorastore.pl\\\/product\\\/koszula-madden\\\/#breadcrumb\"},\"inLanguage\":\"en-US\",\"potentialAction\":[{\"@type\":\"ReadAction\",\"target\":[\"https:\\\/\\\/mandragorastore.pl\\\/product\\\/koszula-madden\\\/\"]}]},{\"@type\":\"ImageObject\",\"inLanguage\":\"en-US\",\"@id\":\"https:\\\/\\\/mandragorastore.pl\\\/product\\\/koszula-madden\\\/#primaryimage\",\"url\":\"https:\\\/\\\/mandragorastore.pl\\\/wp-content\\\/uploads\\\/2025\\\/10\\\/1-42-1.webp\",\"contentUrl\":\"https:\\\/\\\/mandragorastore.pl\\\/wp-content\\\/uploads\\\/2025\\\/10\\\/1-42-1.webp\",\"width\":1500,\"height\":2000},{\"@type\":\"BreadcrumbList\",\"@id\":\"https:\\\/\\\/mandragorastore.pl\\\/product\\\/koszula-madden\\\/#breadcrumb\",\"itemListElement\":[{\"@type\":\"ListItem\",\"position\":1,\"name\":\"Strona g\u0142\u00f3wna\",\"item\":\"https:\\\/\\\/mandragorastore.pl\\\/\"},{\"@type\":\"ListItem\",\"position\":2,\"name\":\"Katalog\",\"item\":\"https:\\\/\\\/mandragorastore.pl\\\/sklep\\\/\"},{\"@type\":\"ListItem\",\"position\":3,\"name\":\"Koszula Madden\"}]},{\"@type\":\"WebSite\",\"@id\":\"https:\\\/\\\/mandragorastore.pl\\\/#website\",\"url\":\"https:\\\/\\\/mandragorastore.pl\\\/\",\"name\":\"Mandragora by Martyna - Wyj\u0105tkowy sklep odzie\u017cowy dla kobiet\",\"description\":\"\",\"publisher\":{\"@id\":\"https:\\\/\\\/mandragorastore.pl\\\/#organization\"},\"potentialAction\":[{\"@type\":\"SearchAction\",\"target\":{\"@type\":\"EntryPoint\",\"urlTemplate\":\"https:\\\/\\\/mandragorastore.pl\\\/?s={search_term_string}\"},\"query-input\":{\"@type\":\"PropertyValueSpecification\",\"valueRequired\":true,\"valueName\":\"search_term_string\"}}],\"inLanguage\":\"en-US\"},{\"@type\":\"Organization\",\"@id\":\"https:\\\/\\\/mandragorastore.pl\\\/#organization\",\"name\":\"Mandragora by Martyna - Wyj\u0105tkowy sklep odzie\u017cowy dla kobiet\",\"url\":\"https:\\\/\\\/mandragorastore.pl\\\/\",\"logo\":{\"@type\":\"ImageObject\",\"inLanguage\":\"en-US\",\"@id\":\"https:\\\/\\\/mandragorastore.pl\\\/#\\\/schema\\\/logo\\\/image\\\/\",\"url\":\"https:\\\/\\\/mandragorastore.pl\\\/wp-content\\\/uploads\\\/2025\\\/10\\\/COVER.categories.png\",\"contentUrl\":\"https:\\\/\\\/mandragorastore.pl\\\/wp-content\\\/uploads\\\/2025\\\/10\\\/COVER.categories.png\",\"width\":800,\"height\":801,\"caption\":\"Mandragora by Martyna - Wyj\u0105tkowy sklep odzie\u017cowy dla kobiet\"},\"image\":{\"@id\":\"https:\\\/\\\/mandragorastore.pl\\\/#\\\/schema\\\/logo\\\/image\\\/\"},\"sameAs\":[\"https:\\\/\\\/www.facebook.com\\\/madragorastore\\\/\",\"https:\\\/\\\/www.instagram.com\\\/mandragorastore.pl\\\/\"]}]}<\/script>\n<!-- \/ Yoast SEO plugin. -->","yoast_head_json":{"title":"Koszula Madden - MANDRAGORA - Designed for women. Made in Poland.","robots":{"index":"index","follow":"follow","max-snippet":"max-snippet:-1","max-image-preview":"max-image-preview:large","max-video-preview":"max-video-preview:-1"},"canonical":"https:\/\/mandragorastore.pl\/en\/product\/koszula-madden\/","og_locale":"en_US","og_type":"article","og_title":"Koszula Madden - MANDRAGORA - Designed for women. Made in Poland.","og_description":"Koszula Madden to po\u0142\u0105czenie elegancji z delikatnym, kobiecym akcentem. Wykonana z \u0142\u0105czonych materia\u0142\u00f3w o wysokiej jako\u015bci. G\u0142\u00f3wny materia\u0142 - wiskoza z dodatkiem poliestru, zapewnia mi\u0119kko\u015b\u0107 i komfort noszenia. R\u0119kawy wykonane ze 100% bawe\u0142ny z pi\u0119knym, charakterystycznym haftem kwiatowych zdobie\u0144, przyci\u0105gaj\u0105 uwag\u0119 i dodaj\u0105 ca\u0142o\u015bci romantycznego klimatu.  Bufiaste ramiona i lekko prze\u015bwituj\u0105ce r\u0119kawki podkre\u015blaj\u0105 kobieco\u015b\u0107, nadaj\u0105c stylizacji lekko\u015bci i zwiewno\u015bci. D\u0142ugie mankiety i elegancki ko\u0142nierzyk dope\u0142niaj\u0105 ca\u0142o\u015b\u0107, tworz\u0105c klasyczny, ale niebanalny design, kt\u00f3ry sprawdzi si\u0119 zar\u00f3wno w codziennych, jak i bardziej formalnych stylizacjach.  No\u015b j\u0105 do klasycznych spodni Klaro lub eleganckiej sp\u00f3dnicy Marie, tworz\u0105c subtelny, ale efektowny look.  Sk\u0142ad: G\u0142\u00f3wny materia\u0142 \u2013 90% wiskoza, 10% poliester; R\u0119kawy \u2013 100% bawe\u0142na; Haft \u2013 100% poliester Projektowana i szyta w Polsce.","og_url":"https:\/\/mandragorastore.pl\/en\/product\/koszula-madden\/","og_site_name":"MANDRAGORA - Designed for women. Made in Poland.","article_publisher":"https:\/\/www.facebook.com\/madragorastore\/","article_modified_time":"2026-04-01T09:37:01+00:00","og_image":[{"width":1500,"height":2000,"url":"https:\/\/mandragorastore.pl\/wp-content\/uploads\/2025\/10\/1-42-1.webp","type":"image\/webp"}],"twitter_card":"summary_large_image","twitter_misc":{"Est. reading time":"1 minute"},"schema":{"@context":"https:\/\/schema.org","@graph":[{"@type":"WebPage","@id":"https:\/\/mandragorastore.pl\/product\/koszula-madden\/","url":"https:\/\/mandragorastore.pl\/product\/koszula-madden\/","name":"Koszula Madden - MANDRAGORA - Designed for women. Made in Poland.","isPartOf":{"@id":"https:\/\/mandragorastore.pl\/#website"},"primaryImageOfPage":{"@id":"https:\/\/mandragorastore.pl\/product\/koszula-madden\/#primaryimage"},"image":{"@id":"https:\/\/mandragorastore.pl\/product\/koszula-madden\/#primaryimage"},"thumbnailUrl":"https:\/\/mandragorastore.pl\/wp-content\/uploads\/2025\/10\/1-42-1.webp","datePublished":"2025-10-06T14:56:16+00:00","dateModified":"2026-04-01T09:37:01+00:00","breadcrumb":{"@id":"https:\/\/mandragorastore.pl\/product\/koszula-madden\/#breadcrumb"},"inLanguage":"en-US","potentialAction":[{"@type":"ReadAction","target":["https:\/\/mandragorastore.pl\/product\/koszula-madden\/"]}]},{"@type":"ImageObject","inLanguage":"en-US","@id":"https:\/\/mandragorastore.pl\/product\/koszula-madden\/#primaryimage","url":"https:\/\/mandragorastore.pl\/wp-content\/uploads\/2025\/10\/1-42-1.webp","contentUrl":"https:\/\/mandragorastore.pl\/wp-content\/uploads\/2025\/10\/1-42-1.webp","width":1500,"height":2000},{"@type":"BreadcrumbList","@id":"https:\/\/mandragorastore.pl\/product\/koszula-madden\/#breadcrumb","itemListElement":[{"@type":"ListItem","position":1,"name":"Strona g\u0142\u00f3wna","item":"https:\/\/mandragorastore.pl\/"},{"@type":"ListItem","position":2,"name":"Katalog","item":"https:\/\/mandragorastore.pl\/sklep\/"},{"@type":"ListItem","position":3,"name":"Koszula Madden"}]},{"@type":"WebSite","@id":"https:\/\/mandragorastore.pl\/#website","url":"https:\/\/mandragorastore.pl\/","name":"Mandragora by Martyna - Unique Clothing Store for Women","description":"","publisher":{"@id":"https:\/\/mandragorastore.pl\/#organization"},"potentialAction":[{"@type":"SearchAction","target":{"@type":"EntryPoint","urlTemplate":"https:\/\/mandragorastore.pl\/?s={search_term_string}"},"query-input":{"@type":"PropertyValueSpecification","valueRequired":true,"valueName":"search_term_string"}}],"inLanguage":"en-US"},{"@type":"Organization","@id":"https:\/\/mandragorastore.pl\/#organization","name":"Mandragora by Martyna - Unique Clothing Store for Women","url":"https:\/\/mandragorastore.pl\/","logo":{"@type":"ImageObject","inLanguage":"en-US","@id":"https:\/\/mandragorastore.pl\/#\/schema\/logo\/image\/","url":"https:\/\/mandragorastore.pl\/wp-content\/uploads\/2025\/10\/COVER.categories.png","contentUrl":"https:\/\/mandragorastore.pl\/wp-content\/uploads\/2025\/10\/COVER.categories.png","width":800,"height":801,"caption":"Mandragora by Martyna - Wyj\u0105tkowy sklep odzie\u017cowy dla kobiet"},"image":{"@id":"https:\/\/mandragorastore.pl\/#\/schema\/logo\/image\/"},"sameAs":["https:\/\/www.facebook.com\/madragorastore\/","https:\/\/www.instagram.com\/mandragorastore.pl\/"]}]}},"_links":{"self":[{"href":"https:\/\/mandragorastore.pl\/en\/wp-json\/wp\/v2\/product\/1450","targetHints":{"allow":["GET"]}}],"collection":[{"href":"https:\/\/mandragorastore.pl\/en\/wp-json\/wp\/v2\/product"}],"about":[{"href":"https:\/\/mandragorastore.pl\/en\/wp-json\/wp\/v2\/types\/product"}],"wp:featuredmedia":[{"embeddable":true,"href":"https:\/\/mandragorastore.pl\/en\/wp-json\/wp\/v2\/media\/3314"}],"wp:attachment":[{"href":"https:\/\/mandragorastore.pl\/en\/wp-json\/wp\/v2\/media?parent=1450"}],"wp:term":[{"taxonomy":"product_brand","embeddable":true,"href":"https:\/\/mandragorastore.pl\/en\/wp-json\/wp\/v2\/product_brand?post=1450"},{"taxonomy":"product_cat","embeddable":true,"href":"https:\/\/mandragorastore.pl\/en\/wp-json\/wp\/v2\/product_cat?post=1450"},{"taxonomy":"product_tag","embeddable":true,"href":"https:\/\/mandragorastore.pl\/en\/wp-json\/wp\/v2\/product_tag?post=1450"}],"curies":[{"name":"WP","href":"https:\/\/api.w.org\/{rel}","templated":true}]}}