{"id":1457,"date":"2025-10-06T16:56:16","date_gmt":"2025-10-06T14:56:16","guid":{"rendered":"https:\/\/mandragorastore.pl\/?post_type=product&#038;p=1457"},"modified":"2026-04-01T11:30:33","modified_gmt":"2026-04-01T09:30:33","slug":"bluza-lantre-cappuccino","status":"publish","type":"product","link":"https:\/\/mandragorastore.pl\/en\/product\/bluza-lantre-cappuccino\/","title":{"rendered":"Lantre Cappuccino Sweatshirt"},"content":{"rendered":"<p dir=\"ltr\"><span data-ogsc=\"rgb(0, 0, 0)\" data-olk-copy-source=\"MessageBody\">The model is 171 cm tall and presents size S\/M.<\/span><\/p>\n<p dir=\"ltr\"><span data-ogsc=\"rgb(0, 0, 0)\">bust 94 cm waist 63 cm hips 94 cm<\/span><\/p>\n<p>&nbsp;<\/p>\n<ul class=\"\">\n<li class=\"\"><span class=\"\">Fast delivery\u00a0<\/span><\/li>\n<li class=\"\">14 days for easy return<\/li>\n<li>PayPo payment option<\/li>\n<\/ul>\n<p>Cost of Delivery :<\/p>\n<ul>\n<li>InPost courier service: PLN 15.00<\/li>\n<li>Parcel Post Inpost: PLN 13.00<\/li>\n<li>Cash on delivery: PLN 17.00<\/li>\n<\/ul>\n<p>Dimensions :<\/p>\n<div dir=\"ltr\" aria-hidden=\"true\" data-olk-copy-source=\"MessageBody\"><\/div>\n<div dir=\"ltr\">\n<table>\n<tbody>\n<tr>\n<td width=\"121\">\n<p aria-hidden=\"true\">\n<\/td>\n<td width=\"121\">XS\/S<\/td>\n<td width=\"121\">S\/M<\/td>\n<td width=\"121\">M\/L<\/td>\n<td width=\"121\">L\/XL<\/td>\n<\/tr>\n<tr>\n<td width=\"121\">Bust<\/td>\n<td width=\"121\">80 - 90 cm<\/td>\n<td width=\"121\">90 - 100 cm<\/td>\n<td width=\"121\">100 - 110 cm<\/td>\n<td width=\"121\">110 - 120 cm<\/td>\n<\/tr>\n<tr>\n<td width=\"121\">Rubber<\/td>\n<td width=\"121\">60 - 72 cm<\/td>\n<td width=\"121\">72 - 84 cm<\/td>\n<td width=\"121\">84 - 96 cm<\/td>\n<td width=\"121\">96 - 108 cm<\/td>\n<\/tr>\n<tr>\n<td width=\"121\">Sleeve length<\/td>\n<td width=\"121\">58 cm<\/td>\n<td width=\"121\">59 cm<\/td>\n<td width=\"121\">60 cm<\/td>\n<td width=\"121\">61 cm<\/td>\n<\/tr>\n<tr>\n<td width=\"121\">Overall length<\/td>\n<td width=\"121\">55 cm<\/td>\n<td width=\"121\">56 cm<\/td>\n<td width=\"121\">57 cm<\/td>\n<td width=\"121\">58 cm<\/td>\n<\/tr>\n<\/tbody>\n<\/table>\n<\/div>","protected":false},"excerpt":{"rendered":"<p>The Lantre sweatshirt is a modern take on the classic sweatshirt form. Its oversize, shortened cut provides a casual, nonchalant feel, while the lowered shoulder line adds lightness, accentuating its loose fit. The large, voluminous hood not only gives the overall look a unique shape, but is also a functional piece, perfect for colder days.<\/p>\n<p>What distinguishes the sweatshirt is the subtle play of textures. The classic sweatshirt fabric is juxtaposed with an elegant jacquard with a delicate floral pattern. This accent appears on the hood, pocket hems and welts, giving the whole look a touch of sophistication.<\/p>\n<p>Lantre is a sweatshirt that will go well with both matching pants and independent styling, adding a unique play of textures to everyday outfits.<\/p>\n<p>Composition: 100% cotton, 89% polyester, 9% acrylic, 2% polyamide<\/p>\n<p>Designed and sewn in Poland.<\/p>","protected":false},"featured_media":1459,"template":"","meta":[],"product_brand":[],"product_cat":[27,142],"product_tag":[],"class_list":{"0":"post-1457","1":"product","2":"type-product","3":"status-publish","4":"has-post-thumbnail","6":"product_cat-bluzy","7":"product_cat-gory","9":"first","10":"instock","11":"shipping-taxable","12":"purchasable","13":"product-type-variable","14":"has-default-attributes","15":"wpzoom-wc-spi-has-enabled"},"yoast_head":"<!-- This site is optimized with the Yoast SEO plugin v27.3 - https:\/\/yoast.com\/product\/yoast-seo-wordpress\/ -->\n<title>Bluza Lantre Cappuccino - MANDRAGORA - Designed for women. Made in Poland.<\/title>\n<meta name=\"robots\" content=\"index, follow, max-snippet:-1, max-image-preview:large, max-video-preview:-1\" \/>\n<link rel=\"canonical\" href=\"https:\/\/mandragorastore.pl\/en\/product\/bluza-lantre-cappuccino\/\" \/>\n<meta property=\"og:locale\" content=\"en_US\" \/>\n<meta property=\"og:type\" content=\"article\" \/>\n<meta property=\"og:title\" content=\"Bluza Lantre Cappuccino - MANDRAGORA - Designed for women. Made in Poland.\" \/>\n<meta property=\"og:description\" content=\"Bluza Lantre to nowoczesne spojrzenie na klasyczn\u0105 dresow\u0105 form\u0119. Jej oversize&#039;owy, skr\u00f3cony kr\u00f3j zapewnia swobod\u0119 i nonszalancki charakter, a obni\u017cona linia ramion dodaje lekko\u015bci, podkre\u015blaj\u0105c jej lu\u017any fason. Du\u017cy, obszerny kaptur nie tylko nadaje ca\u0142o\u015bci wyj\u0105tkowego kszta\u0142tu, ale tak\u017ce stanowi funkcjonalny element, idealny na ch\u0142odniejsze dni.  To, co wyr\u00f3\u017cnia bluz\u0119, to subtelna gra faktur. Klasyczny dresowy materia\u0142 zosta\u0142 zestawiony z eleganckim \u017cakardem o delikatnym, kwiatowym wzorze. Akcent ten pojawia si\u0119 na kapturze, obszyciach kieszeni oraz \u015bci\u0105gaczach, nadaj\u0105c ca\u0142o\u015bci wyrafinowania.  Lantre to bluza, kt\u00f3ra doskonale sprawdzi si\u0119 zar\u00f3wno w zestawie z dopasowanymi spodniami, jak i w niezale\u017cnych stylizacjach, dodaj\u0105c codziennym outfitom wyj\u0105tkowej gry faktur.  Sk\u0142ad: 100% bawe\u0142na, 89% poliester, 9% akryl, 2% poliamid  Projektowane i szyte w Polsce.\" \/>\n<meta property=\"og:url\" content=\"https:\/\/mandragorastore.pl\/en\/product\/bluza-lantre-cappuccino\/\" \/>\n<meta property=\"og:site_name\" content=\"MANDRAGORA - Designed for women. Made in Poland.\" \/>\n<meta property=\"article:publisher\" content=\"https:\/\/www.facebook.com\/madragorastore\/\" \/>\n<meta property=\"article:modified_time\" content=\"2026-04-01T09:30:33+00:00\" \/>\n<meta property=\"og:image\" content=\"https:\/\/mandragorastore.pl\/wp-content\/uploads\/2025\/10\/2-43.webp\" \/>\n\t<meta property=\"og:image:width\" content=\"1500\" \/>\n\t<meta property=\"og:image:height\" content=\"1500\" \/>\n\t<meta property=\"og:image:type\" content=\"image\/webp\" \/>\n<meta name=\"twitter:card\" content=\"summary_large_image\" \/>\n<meta name=\"twitter:label1\" content=\"Est. reading time\" \/>\n\t<meta name=\"twitter:data1\" content=\"1 minute\" \/>\n<script type=\"application\/ld+json\" class=\"yoast-schema-graph\">{\"@context\":\"https:\\\/\\\/schema.org\",\"@graph\":[{\"@type\":\"WebPage\",\"@id\":\"https:\\\/\\\/mandragorastore.pl\\\/product\\\/bluza-lantre-cappuccino\\\/\",\"url\":\"https:\\\/\\\/mandragorastore.pl\\\/product\\\/bluza-lantre-cappuccino\\\/\",\"name\":\"Bluza Lantre Cappuccino - MANDRAGORA - Designed for women. Made in Poland.\",\"isPartOf\":{\"@id\":\"https:\\\/\\\/mandragorastore.pl\\\/#website\"},\"primaryImageOfPage\":{\"@id\":\"https:\\\/\\\/mandragorastore.pl\\\/product\\\/bluza-lantre-cappuccino\\\/#primaryimage\"},\"image\":{\"@id\":\"https:\\\/\\\/mandragorastore.pl\\\/product\\\/bluza-lantre-cappuccino\\\/#primaryimage\"},\"thumbnailUrl\":\"https:\\\/\\\/mandragorastore.pl\\\/wp-content\\\/uploads\\\/2025\\\/10\\\/2-43.webp\",\"datePublished\":\"2025-10-06T14:56:16+00:00\",\"dateModified\":\"2026-04-01T09:30:33+00:00\",\"breadcrumb\":{\"@id\":\"https:\\\/\\\/mandragorastore.pl\\\/product\\\/bluza-lantre-cappuccino\\\/#breadcrumb\"},\"inLanguage\":\"en-US\",\"potentialAction\":[{\"@type\":\"ReadAction\",\"target\":[\"https:\\\/\\\/mandragorastore.pl\\\/product\\\/bluza-lantre-cappuccino\\\/\"]}]},{\"@type\":\"ImageObject\",\"inLanguage\":\"en-US\",\"@id\":\"https:\\\/\\\/mandragorastore.pl\\\/product\\\/bluza-lantre-cappuccino\\\/#primaryimage\",\"url\":\"https:\\\/\\\/mandragorastore.pl\\\/wp-content\\\/uploads\\\/2025\\\/10\\\/2-43.webp\",\"contentUrl\":\"https:\\\/\\\/mandragorastore.pl\\\/wp-content\\\/uploads\\\/2025\\\/10\\\/2-43.webp\",\"width\":1500,\"height\":1500},{\"@type\":\"BreadcrumbList\",\"@id\":\"https:\\\/\\\/mandragorastore.pl\\\/product\\\/bluza-lantre-cappuccino\\\/#breadcrumb\",\"itemListElement\":[{\"@type\":\"ListItem\",\"position\":1,\"name\":\"Strona g\u0142\u00f3wna\",\"item\":\"https:\\\/\\\/mandragorastore.pl\\\/\"},{\"@type\":\"ListItem\",\"position\":2,\"name\":\"Katalog\",\"item\":\"https:\\\/\\\/mandragorastore.pl\\\/sklep\\\/\"},{\"@type\":\"ListItem\",\"position\":3,\"name\":\"Bluza Lantre Cappuccino\"}]},{\"@type\":\"WebSite\",\"@id\":\"https:\\\/\\\/mandragorastore.pl\\\/#website\",\"url\":\"https:\\\/\\\/mandragorastore.pl\\\/\",\"name\":\"Mandragora by Martyna - Wyj\u0105tkowy sklep odzie\u017cowy dla kobiet\",\"description\":\"\",\"publisher\":{\"@id\":\"https:\\\/\\\/mandragorastore.pl\\\/#organization\"},\"potentialAction\":[{\"@type\":\"SearchAction\",\"target\":{\"@type\":\"EntryPoint\",\"urlTemplate\":\"https:\\\/\\\/mandragorastore.pl\\\/?s={search_term_string}\"},\"query-input\":{\"@type\":\"PropertyValueSpecification\",\"valueRequired\":true,\"valueName\":\"search_term_string\"}}],\"inLanguage\":\"en-US\"},{\"@type\":\"Organization\",\"@id\":\"https:\\\/\\\/mandragorastore.pl\\\/#organization\",\"name\":\"Mandragora by Martyna - Wyj\u0105tkowy sklep odzie\u017cowy dla kobiet\",\"url\":\"https:\\\/\\\/mandragorastore.pl\\\/\",\"logo\":{\"@type\":\"ImageObject\",\"inLanguage\":\"en-US\",\"@id\":\"https:\\\/\\\/mandragorastore.pl\\\/#\\\/schema\\\/logo\\\/image\\\/\",\"url\":\"https:\\\/\\\/mandragorastore.pl\\\/wp-content\\\/uploads\\\/2025\\\/10\\\/COVER.categories.png\",\"contentUrl\":\"https:\\\/\\\/mandragorastore.pl\\\/wp-content\\\/uploads\\\/2025\\\/10\\\/COVER.categories.png\",\"width\":800,\"height\":801,\"caption\":\"Mandragora by Martyna - Wyj\u0105tkowy sklep odzie\u017cowy dla kobiet\"},\"image\":{\"@id\":\"https:\\\/\\\/mandragorastore.pl\\\/#\\\/schema\\\/logo\\\/image\\\/\"},\"sameAs\":[\"https:\\\/\\\/www.facebook.com\\\/madragorastore\\\/\",\"https:\\\/\\\/www.instagram.com\\\/mandragorastore.pl\\\/\"]}]}<\/script>\n<!-- \/ Yoast SEO plugin. -->","yoast_head_json":{"title":"Bluza Lantre Cappuccino - MANDRAGORA - Designed for women. Made in Poland.","robots":{"index":"index","follow":"follow","max-snippet":"max-snippet:-1","max-image-preview":"max-image-preview:large","max-video-preview":"max-video-preview:-1"},"canonical":"https:\/\/mandragorastore.pl\/en\/product\/bluza-lantre-cappuccino\/","og_locale":"en_US","og_type":"article","og_title":"Bluza Lantre Cappuccino - MANDRAGORA - Designed for women. Made in Poland.","og_description":"Bluza Lantre to nowoczesne spojrzenie na klasyczn\u0105 dresow\u0105 form\u0119. Jej oversize'owy, skr\u00f3cony kr\u00f3j zapewnia swobod\u0119 i nonszalancki charakter, a obni\u017cona linia ramion dodaje lekko\u015bci, podkre\u015blaj\u0105c jej lu\u017any fason. Du\u017cy, obszerny kaptur nie tylko nadaje ca\u0142o\u015bci wyj\u0105tkowego kszta\u0142tu, ale tak\u017ce stanowi funkcjonalny element, idealny na ch\u0142odniejsze dni.  To, co wyr\u00f3\u017cnia bluz\u0119, to subtelna gra faktur. Klasyczny dresowy materia\u0142 zosta\u0142 zestawiony z eleganckim \u017cakardem o delikatnym, kwiatowym wzorze. Akcent ten pojawia si\u0119 na kapturze, obszyciach kieszeni oraz \u015bci\u0105gaczach, nadaj\u0105c ca\u0142o\u015bci wyrafinowania.  Lantre to bluza, kt\u00f3ra doskonale sprawdzi si\u0119 zar\u00f3wno w zestawie z dopasowanymi spodniami, jak i w niezale\u017cnych stylizacjach, dodaj\u0105c codziennym outfitom wyj\u0105tkowej gry faktur.  Sk\u0142ad: 100% bawe\u0142na, 89% poliester, 9% akryl, 2% poliamid  Projektowane i szyte w Polsce.","og_url":"https:\/\/mandragorastore.pl\/en\/product\/bluza-lantre-cappuccino\/","og_site_name":"MANDRAGORA - Designed for women. Made in Poland.","article_publisher":"https:\/\/www.facebook.com\/madragorastore\/","article_modified_time":"2026-04-01T09:30:33+00:00","og_image":[{"width":1500,"height":1500,"url":"https:\/\/mandragorastore.pl\/wp-content\/uploads\/2025\/10\/2-43.webp","type":"image\/webp"}],"twitter_card":"summary_large_image","twitter_misc":{"Est. reading time":"1 minute"},"schema":{"@context":"https:\/\/schema.org","@graph":[{"@type":"WebPage","@id":"https:\/\/mandragorastore.pl\/product\/bluza-lantre-cappuccino\/","url":"https:\/\/mandragorastore.pl\/product\/bluza-lantre-cappuccino\/","name":"Bluza Lantre Cappuccino - MANDRAGORA - Designed for women. Made in Poland.","isPartOf":{"@id":"https:\/\/mandragorastore.pl\/#website"},"primaryImageOfPage":{"@id":"https:\/\/mandragorastore.pl\/product\/bluza-lantre-cappuccino\/#primaryimage"},"image":{"@id":"https:\/\/mandragorastore.pl\/product\/bluza-lantre-cappuccino\/#primaryimage"},"thumbnailUrl":"https:\/\/mandragorastore.pl\/wp-content\/uploads\/2025\/10\/2-43.webp","datePublished":"2025-10-06T14:56:16+00:00","dateModified":"2026-04-01T09:30:33+00:00","breadcrumb":{"@id":"https:\/\/mandragorastore.pl\/product\/bluza-lantre-cappuccino\/#breadcrumb"},"inLanguage":"en-US","potentialAction":[{"@type":"ReadAction","target":["https:\/\/mandragorastore.pl\/product\/bluza-lantre-cappuccino\/"]}]},{"@type":"ImageObject","inLanguage":"en-US","@id":"https:\/\/mandragorastore.pl\/product\/bluza-lantre-cappuccino\/#primaryimage","url":"https:\/\/mandragorastore.pl\/wp-content\/uploads\/2025\/10\/2-43.webp","contentUrl":"https:\/\/mandragorastore.pl\/wp-content\/uploads\/2025\/10\/2-43.webp","width":1500,"height":1500},{"@type":"BreadcrumbList","@id":"https:\/\/mandragorastore.pl\/product\/bluza-lantre-cappuccino\/#breadcrumb","itemListElement":[{"@type":"ListItem","position":1,"name":"Strona g\u0142\u00f3wna","item":"https:\/\/mandragorastore.pl\/"},{"@type":"ListItem","position":2,"name":"Katalog","item":"https:\/\/mandragorastore.pl\/sklep\/"},{"@type":"ListItem","position":3,"name":"Bluza Lantre Cappuccino"}]},{"@type":"WebSite","@id":"https:\/\/mandragorastore.pl\/#website","url":"https:\/\/mandragorastore.pl\/","name":"Mandragora by Martyna - Unique Clothing Store for Women","description":"","publisher":{"@id":"https:\/\/mandragorastore.pl\/#organization"},"potentialAction":[{"@type":"SearchAction","target":{"@type":"EntryPoint","urlTemplate":"https:\/\/mandragorastore.pl\/?s={search_term_string}"},"query-input":{"@type":"PropertyValueSpecification","valueRequired":true,"valueName":"search_term_string"}}],"inLanguage":"en-US"},{"@type":"Organization","@id":"https:\/\/mandragorastore.pl\/#organization","name":"Mandragora by Martyna - Unique Clothing Store for Women","url":"https:\/\/mandragorastore.pl\/","logo":{"@type":"ImageObject","inLanguage":"en-US","@id":"https:\/\/mandragorastore.pl\/#\/schema\/logo\/image\/","url":"https:\/\/mandragorastore.pl\/wp-content\/uploads\/2025\/10\/COVER.categories.png","contentUrl":"https:\/\/mandragorastore.pl\/wp-content\/uploads\/2025\/10\/COVER.categories.png","width":800,"height":801,"caption":"Mandragora by Martyna - Wyj\u0105tkowy sklep odzie\u017cowy dla kobiet"},"image":{"@id":"https:\/\/mandragorastore.pl\/#\/schema\/logo\/image\/"},"sameAs":["https:\/\/www.facebook.com\/madragorastore\/","https:\/\/www.instagram.com\/mandragorastore.pl\/"]}]}},"_links":{"self":[{"href":"https:\/\/mandragorastore.pl\/en\/wp-json\/wp\/v2\/product\/1457","targetHints":{"allow":["GET"]}}],"collection":[{"href":"https:\/\/mandragorastore.pl\/en\/wp-json\/wp\/v2\/product"}],"about":[{"href":"https:\/\/mandragorastore.pl\/en\/wp-json\/wp\/v2\/types\/product"}],"wp:featuredmedia":[{"embeddable":true,"href":"https:\/\/mandragorastore.pl\/en\/wp-json\/wp\/v2\/media\/1459"}],"wp:attachment":[{"href":"https:\/\/mandragorastore.pl\/en\/wp-json\/wp\/v2\/media?parent=1457"}],"wp:term":[{"taxonomy":"product_brand","embeddable":true,"href":"https:\/\/mandragorastore.pl\/en\/wp-json\/wp\/v2\/product_brand?post=1457"},{"taxonomy":"product_cat","embeddable":true,"href":"https:\/\/mandragorastore.pl\/en\/wp-json\/wp\/v2\/product_cat?post=1457"},{"taxonomy":"product_tag","embeddable":true,"href":"https:\/\/mandragorastore.pl\/en\/wp-json\/wp\/v2\/product_tag?post=1457"}],"curies":[{"name":"WP","href":"https:\/\/api.w.org\/{rel}","templated":true}]}}