{"id":1474,"date":"2025-10-06T16:56:17","date_gmt":"2025-10-06T14:56:17","guid":{"rendered":"https:\/\/mandragorastore.pl\/?post_type=product&#038;p=1474"},"modified":"2026-04-05T14:38:28","modified_gmt":"2026-04-05T12:38:28","slug":"spodnie-lantre-szare","status":"publish","type":"product","link":"https:\/\/mandragorastore.pl\/en\/product\/spodnie-lantre-szare\/","title":{"rendered":"Lantre Grey Pants"},"content":{"rendered":"<p dir=\"ltr\"><span data-ogsc=\"rgb(0, 0, 0)\" data-olk-copy-source=\"MessageBody\">The model is 171 cm tall and presents size S\/M.<\/span><\/p>\n<p dir=\"ltr\"><span data-ogsc=\"rgb(0, 0, 0)\">bust 94 cm waist 63 cm hips 94 cm<\/span><\/p>\n<p>&nbsp;<\/p>\n<ul class=\"\">\n<li class=\"\"><span class=\"\">Fast delivery\u00a0<\/span><\/li>\n<li class=\"\">14 days for easy return<\/li>\n<li>PayPo payment option<\/li>\n<\/ul>\n<p>Cost of Delivery :<\/p>\n<ul>\n<li>InPost courier service: PLN 15.00<\/li>\n<li>Parcel Post Inpost: PLN 13.00<\/li>\n<li>Cash on delivery: PLN 17.00<\/li>\n<\/ul>\n<p>Dimensions :<\/p>\n<div dir=\"ltr\">\n<table>\n<tbody>\n<tr>\n<td width=\"121\"><\/td>\n<td width=\"121\">XS\/S<\/td>\n<td width=\"121\">S\/M<\/td>\n<td width=\"121\">M\/L<\/td>\n<td width=\"121\">L\/XL<\/td>\n<\/tr>\n<tr>\n<td width=\"121\">Talia<\/td>\n<td width=\"121\">60 - 70 cm<\/td>\n<td width=\"121\">66 - 76 cm<\/td>\n<td width=\"121\">76 - 86 cm<\/td>\n<td width=\"121\">86 - 96 cm<\/td>\n<\/tr>\n<tr>\n<td width=\"121\">Hips<\/td>\n<td width=\"121\">88 - 94 cm<\/td>\n<td width=\"121\">94 - 100 cm<\/td>\n<td width=\"121\">100 - 106 cm<\/td>\n<td width=\"121\">106 - 112 cm<\/td>\n<\/tr>\n<tr>\n<td width=\"121\">Overall length<\/td>\n<td width=\"121\">100 cm<\/td>\n<td width=\"121\">101 cm<\/td>\n<td width=\"121\">102 cm<\/td>\n<td width=\"121\">103 cm<\/td>\n<\/tr>\n<\/tbody>\n<\/table>\n<\/div>","protected":false},"excerpt":{"rendered":"<p>Lantre pants are the quintessence of comfort with a touch of luxury. Made of soft, pleasant to the touch sweatshirt knit, which perfectly fits the figure. Higher top, which emphasizes the waist. The classic cut of the joggers with slightly tapered legs makes the pants not only comfortable, but also go well with both sporty and more casual footwear.<\/p>\n<p>The subtle but significant jacquard hem detail, which appears on the hem and trims, gives the pants a unique touch. A delicate floral pattern woven into the fabric adds sophistication, creating a cohesive set with the Lantre sweatshirt. Two side pockets, and at one of them - fine logo embroidery.<\/p>\n<p>Lantre pants are an excellent choice for women who appreciate the combination of comfort and elegance. In a set with a sweatshirt they create a harmonious whole, but they will find themselves equally well in independent styling.<\/p>\n<p>Composition: 100% cotton, 89% polyester, 9% acrylic, 2% polyamide<\/p>\n<p>Designed and sewn in Poland.<\/p>","protected":false},"featured_media":4077,"template":"","meta":[],"product_brand":[],"product_cat":[143,24],"product_tag":[],"class_list":{"0":"post-1474","1":"product","2":"type-product","3":"status-publish","4":"has-post-thumbnail","6":"product_cat-doly","7":"product_cat-spodnie","9":"first","10":"instock","11":"shipping-taxable","12":"purchasable","13":"product-type-variable","14":"has-default-attributes","15":"wpzoom-wc-spi-has-enabled"},"yoast_head":"<!-- This site is optimized with the Yoast SEO plugin v27.3 - https:\/\/yoast.com\/product\/yoast-seo-wordpress\/ -->\n<title>Spodnie Lantre Szare - MANDRAGORA - Designed for women. Made in Poland.<\/title>\n<meta name=\"robots\" content=\"index, follow, max-snippet:-1, max-image-preview:large, max-video-preview:-1\" \/>\n<link rel=\"canonical\" href=\"https:\/\/mandragorastore.pl\/en\/product\/spodnie-lantre-szare\/\" \/>\n<meta property=\"og:locale\" content=\"en_US\" \/>\n<meta property=\"og:type\" content=\"article\" \/>\n<meta property=\"og:title\" content=\"Spodnie Lantre Szare - MANDRAGORA - Designed for women. Made in Poland.\" \/>\n<meta property=\"og:description\" content=\"Spodnie Lantre to kwintesencja wygody z nut\u0105 luksusu. Wykonane z mi\u0119kkiej, przyjemnej w dotyku dzianiny dresowej, kt\u00f3ra idealnie dopasowuje si\u0119 do sylwetki. Wy\u017cszy stan, kt\u00f3ry podkre\u015bla tali\u0119. Klasyczny fason joggers\u00f3w z lekko zw\u0119\u017canymi nogawkami sprawia, \u017ce spodnie s\u0105 nie tylko komfortowe, ale r\u00f3wnie\u017c \u015bwietnie komponuj\u0105 si\u0119 zar\u00f3wno ze sportowym, jak i bardziej casualowym obuwiem.  Subtelny, ale znacz\u0105cy detal w postaci \u017cakardowych obszy\u0107, kt\u00f3ry pojawia si\u0119 na \u015bci\u0105gaczach oraz wyko\u0144czeniach, nadaje spodniom unikalnego charakteru. Delikatny, kwiatowy wz\u00f3r wpleciony w tkanin\u0119 dodaje wyrafinowania, tworz\u0105c sp\u00f3jny zestaw z bluz\u0105 Lantre. Dwie boczne kieszenie, a przy jednej z nich - drobny haft logo.  Spodnie Lantre to doskona\u0142y wyb\u00f3r dla kobiet, kt\u00f3re ceni\u0105 po\u0142\u0105czenie wygody i elegancji. W komplecie z bluz\u0105 tworz\u0105 harmonijn\u0105 ca\u0142o\u015b\u0107, ale r\u00f3wnie dobrze odnajd\u0105 si\u0119 w niezale\u017cnych stylizacjach.  Sk\u0142ad: 100% bawe\u0142na, 89% poliester, 9% akryl, 2% poliamid  Projektowane i szyte w Polsce.\" \/>\n<meta property=\"og:url\" content=\"https:\/\/mandragorastore.pl\/en\/product\/spodnie-lantre-szare\/\" \/>\n<meta property=\"og:site_name\" content=\"MANDRAGORA - Designed for women. Made in Poland.\" \/>\n<meta property=\"article:publisher\" content=\"https:\/\/www.facebook.com\/madragorastore\/\" \/>\n<meta property=\"article:modified_time\" content=\"2026-04-05T12:38:28+00:00\" \/>\n<meta property=\"og:image\" content=\"https:\/\/mandragorastore.pl\/wp-content\/uploads\/2025\/10\/3-46-1.webp\" \/>\n\t<meta property=\"og:image:width\" content=\"1500\" \/>\n\t<meta property=\"og:image:height\" content=\"1500\" \/>\n\t<meta property=\"og:image:type\" content=\"image\/webp\" \/>\n<meta name=\"twitter:card\" content=\"summary_large_image\" \/>\n<meta name=\"twitter:label1\" content=\"Est. reading time\" \/>\n\t<meta name=\"twitter:data1\" content=\"1 minute\" \/>\n<script type=\"application\/ld+json\" class=\"yoast-schema-graph\">{\"@context\":\"https:\\\/\\\/schema.org\",\"@graph\":[{\"@type\":\"WebPage\",\"@id\":\"https:\\\/\\\/mandragorastore.pl\\\/product\\\/spodnie-lantre-szare\\\/\",\"url\":\"https:\\\/\\\/mandragorastore.pl\\\/product\\\/spodnie-lantre-szare\\\/\",\"name\":\"Spodnie Lantre Szare - MANDRAGORA - Designed for women. Made in Poland.\",\"isPartOf\":{\"@id\":\"https:\\\/\\\/mandragorastore.pl\\\/#website\"},\"primaryImageOfPage\":{\"@id\":\"https:\\\/\\\/mandragorastore.pl\\\/product\\\/spodnie-lantre-szare\\\/#primaryimage\"},\"image\":{\"@id\":\"https:\\\/\\\/mandragorastore.pl\\\/product\\\/spodnie-lantre-szare\\\/#primaryimage\"},\"thumbnailUrl\":\"https:\\\/\\\/mandragorastore.pl\\\/wp-content\\\/uploads\\\/2025\\\/10\\\/3-46-1.webp\",\"datePublished\":\"2025-10-06T14:56:17+00:00\",\"dateModified\":\"2026-04-05T12:38:28+00:00\",\"breadcrumb\":{\"@id\":\"https:\\\/\\\/mandragorastore.pl\\\/product\\\/spodnie-lantre-szare\\\/#breadcrumb\"},\"inLanguage\":\"en-US\",\"potentialAction\":[{\"@type\":\"ReadAction\",\"target\":[\"https:\\\/\\\/mandragorastore.pl\\\/product\\\/spodnie-lantre-szare\\\/\"]}]},{\"@type\":\"ImageObject\",\"inLanguage\":\"en-US\",\"@id\":\"https:\\\/\\\/mandragorastore.pl\\\/product\\\/spodnie-lantre-szare\\\/#primaryimage\",\"url\":\"https:\\\/\\\/mandragorastore.pl\\\/wp-content\\\/uploads\\\/2025\\\/10\\\/3-46-1.webp\",\"contentUrl\":\"https:\\\/\\\/mandragorastore.pl\\\/wp-content\\\/uploads\\\/2025\\\/10\\\/3-46-1.webp\",\"width\":1500,\"height\":1500},{\"@type\":\"BreadcrumbList\",\"@id\":\"https:\\\/\\\/mandragorastore.pl\\\/product\\\/spodnie-lantre-szare\\\/#breadcrumb\",\"itemListElement\":[{\"@type\":\"ListItem\",\"position\":1,\"name\":\"Strona g\u0142\u00f3wna\",\"item\":\"https:\\\/\\\/mandragorastore.pl\\\/\"},{\"@type\":\"ListItem\",\"position\":2,\"name\":\"Katalog\",\"item\":\"https:\\\/\\\/mandragorastore.pl\\\/sklep\\\/\"},{\"@type\":\"ListItem\",\"position\":3,\"name\":\"Spodnie Lantre Szare\"}]},{\"@type\":\"WebSite\",\"@id\":\"https:\\\/\\\/mandragorastore.pl\\\/#website\",\"url\":\"https:\\\/\\\/mandragorastore.pl\\\/\",\"name\":\"Mandragora by Martyna - Wyj\u0105tkowy sklep odzie\u017cowy dla kobiet\",\"description\":\"\",\"publisher\":{\"@id\":\"https:\\\/\\\/mandragorastore.pl\\\/#organization\"},\"potentialAction\":[{\"@type\":\"SearchAction\",\"target\":{\"@type\":\"EntryPoint\",\"urlTemplate\":\"https:\\\/\\\/mandragorastore.pl\\\/?s={search_term_string}\"},\"query-input\":{\"@type\":\"PropertyValueSpecification\",\"valueRequired\":true,\"valueName\":\"search_term_string\"}}],\"inLanguage\":\"en-US\"},{\"@type\":\"Organization\",\"@id\":\"https:\\\/\\\/mandragorastore.pl\\\/#organization\",\"name\":\"Mandragora by Martyna - Wyj\u0105tkowy sklep odzie\u017cowy dla kobiet\",\"url\":\"https:\\\/\\\/mandragorastore.pl\\\/\",\"logo\":{\"@type\":\"ImageObject\",\"inLanguage\":\"en-US\",\"@id\":\"https:\\\/\\\/mandragorastore.pl\\\/#\\\/schema\\\/logo\\\/image\\\/\",\"url\":\"https:\\\/\\\/mandragorastore.pl\\\/wp-content\\\/uploads\\\/2025\\\/10\\\/COVER.categories.png\",\"contentUrl\":\"https:\\\/\\\/mandragorastore.pl\\\/wp-content\\\/uploads\\\/2025\\\/10\\\/COVER.categories.png\",\"width\":800,\"height\":801,\"caption\":\"Mandragora by Martyna - Wyj\u0105tkowy sklep odzie\u017cowy dla kobiet\"},\"image\":{\"@id\":\"https:\\\/\\\/mandragorastore.pl\\\/#\\\/schema\\\/logo\\\/image\\\/\"},\"sameAs\":[\"https:\\\/\\\/www.facebook.com\\\/madragorastore\\\/\",\"https:\\\/\\\/www.instagram.com\\\/mandragorastore.pl\\\/\"]}]}<\/script>\n<!-- \/ Yoast SEO plugin. -->","yoast_head_json":{"title":"Spodnie Lantre Szare - MANDRAGORA - Designed for women. Made in Poland.","robots":{"index":"index","follow":"follow","max-snippet":"max-snippet:-1","max-image-preview":"max-image-preview:large","max-video-preview":"max-video-preview:-1"},"canonical":"https:\/\/mandragorastore.pl\/en\/product\/spodnie-lantre-szare\/","og_locale":"en_US","og_type":"article","og_title":"Spodnie Lantre Szare - MANDRAGORA - Designed for women. Made in Poland.","og_description":"Spodnie Lantre to kwintesencja wygody z nut\u0105 luksusu. Wykonane z mi\u0119kkiej, przyjemnej w dotyku dzianiny dresowej, kt\u00f3ra idealnie dopasowuje si\u0119 do sylwetki. Wy\u017cszy stan, kt\u00f3ry podkre\u015bla tali\u0119. Klasyczny fason joggers\u00f3w z lekko zw\u0119\u017canymi nogawkami sprawia, \u017ce spodnie s\u0105 nie tylko komfortowe, ale r\u00f3wnie\u017c \u015bwietnie komponuj\u0105 si\u0119 zar\u00f3wno ze sportowym, jak i bardziej casualowym obuwiem.  Subtelny, ale znacz\u0105cy detal w postaci \u017cakardowych obszy\u0107, kt\u00f3ry pojawia si\u0119 na \u015bci\u0105gaczach oraz wyko\u0144czeniach, nadaje spodniom unikalnego charakteru. Delikatny, kwiatowy wz\u00f3r wpleciony w tkanin\u0119 dodaje wyrafinowania, tworz\u0105c sp\u00f3jny zestaw z bluz\u0105 Lantre. Dwie boczne kieszenie, a przy jednej z nich - drobny haft logo.  Spodnie Lantre to doskona\u0142y wyb\u00f3r dla kobiet, kt\u00f3re ceni\u0105 po\u0142\u0105czenie wygody i elegancji. W komplecie z bluz\u0105 tworz\u0105 harmonijn\u0105 ca\u0142o\u015b\u0107, ale r\u00f3wnie dobrze odnajd\u0105 si\u0119 w niezale\u017cnych stylizacjach.  Sk\u0142ad: 100% bawe\u0142na, 89% poliester, 9% akryl, 2% poliamid  Projektowane i szyte w Polsce.","og_url":"https:\/\/mandragorastore.pl\/en\/product\/spodnie-lantre-szare\/","og_site_name":"MANDRAGORA - Designed for women. Made in Poland.","article_publisher":"https:\/\/www.facebook.com\/madragorastore\/","article_modified_time":"2026-04-05T12:38:28+00:00","og_image":[{"width":1500,"height":1500,"url":"https:\/\/mandragorastore.pl\/wp-content\/uploads\/2025\/10\/3-46-1.webp","type":"image\/webp"}],"twitter_card":"summary_large_image","twitter_misc":{"Est. reading time":"1 minute"},"schema":{"@context":"https:\/\/schema.org","@graph":[{"@type":"WebPage","@id":"https:\/\/mandragorastore.pl\/product\/spodnie-lantre-szare\/","url":"https:\/\/mandragorastore.pl\/product\/spodnie-lantre-szare\/","name":"Spodnie Lantre Szare - MANDRAGORA - Designed for women. Made in Poland.","isPartOf":{"@id":"https:\/\/mandragorastore.pl\/#website"},"primaryImageOfPage":{"@id":"https:\/\/mandragorastore.pl\/product\/spodnie-lantre-szare\/#primaryimage"},"image":{"@id":"https:\/\/mandragorastore.pl\/product\/spodnie-lantre-szare\/#primaryimage"},"thumbnailUrl":"https:\/\/mandragorastore.pl\/wp-content\/uploads\/2025\/10\/3-46-1.webp","datePublished":"2025-10-06T14:56:17+00:00","dateModified":"2026-04-05T12:38:28+00:00","breadcrumb":{"@id":"https:\/\/mandragorastore.pl\/product\/spodnie-lantre-szare\/#breadcrumb"},"inLanguage":"en-US","potentialAction":[{"@type":"ReadAction","target":["https:\/\/mandragorastore.pl\/product\/spodnie-lantre-szare\/"]}]},{"@type":"ImageObject","inLanguage":"en-US","@id":"https:\/\/mandragorastore.pl\/product\/spodnie-lantre-szare\/#primaryimage","url":"https:\/\/mandragorastore.pl\/wp-content\/uploads\/2025\/10\/3-46-1.webp","contentUrl":"https:\/\/mandragorastore.pl\/wp-content\/uploads\/2025\/10\/3-46-1.webp","width":1500,"height":1500},{"@type":"BreadcrumbList","@id":"https:\/\/mandragorastore.pl\/product\/spodnie-lantre-szare\/#breadcrumb","itemListElement":[{"@type":"ListItem","position":1,"name":"Strona g\u0142\u00f3wna","item":"https:\/\/mandragorastore.pl\/"},{"@type":"ListItem","position":2,"name":"Katalog","item":"https:\/\/mandragorastore.pl\/sklep\/"},{"@type":"ListItem","position":3,"name":"Spodnie Lantre Szare"}]},{"@type":"WebSite","@id":"https:\/\/mandragorastore.pl\/#website","url":"https:\/\/mandragorastore.pl\/","name":"Mandragora by Martyna - Unique Clothing Store for Women","description":"","publisher":{"@id":"https:\/\/mandragorastore.pl\/#organization"},"potentialAction":[{"@type":"SearchAction","target":{"@type":"EntryPoint","urlTemplate":"https:\/\/mandragorastore.pl\/?s={search_term_string}"},"query-input":{"@type":"PropertyValueSpecification","valueRequired":true,"valueName":"search_term_string"}}],"inLanguage":"en-US"},{"@type":"Organization","@id":"https:\/\/mandragorastore.pl\/#organization","name":"Mandragora by Martyna - Unique Clothing Store for Women","url":"https:\/\/mandragorastore.pl\/","logo":{"@type":"ImageObject","inLanguage":"en-US","@id":"https:\/\/mandragorastore.pl\/#\/schema\/logo\/image\/","url":"https:\/\/mandragorastore.pl\/wp-content\/uploads\/2025\/10\/COVER.categories.png","contentUrl":"https:\/\/mandragorastore.pl\/wp-content\/uploads\/2025\/10\/COVER.categories.png","width":800,"height":801,"caption":"Mandragora by Martyna - Wyj\u0105tkowy sklep odzie\u017cowy dla kobiet"},"image":{"@id":"https:\/\/mandragorastore.pl\/#\/schema\/logo\/image\/"},"sameAs":["https:\/\/www.facebook.com\/madragorastore\/","https:\/\/www.instagram.com\/mandragorastore.pl\/"]}]}},"_links":{"self":[{"href":"https:\/\/mandragorastore.pl\/en\/wp-json\/wp\/v2\/product\/1474","targetHints":{"allow":["GET"]}}],"collection":[{"href":"https:\/\/mandragorastore.pl\/en\/wp-json\/wp\/v2\/product"}],"about":[{"href":"https:\/\/mandragorastore.pl\/en\/wp-json\/wp\/v2\/types\/product"}],"wp:featuredmedia":[{"embeddable":true,"href":"https:\/\/mandragorastore.pl\/en\/wp-json\/wp\/v2\/media\/4077"}],"wp:attachment":[{"href":"https:\/\/mandragorastore.pl\/en\/wp-json\/wp\/v2\/media?parent=1474"}],"wp:term":[{"taxonomy":"product_brand","embeddable":true,"href":"https:\/\/mandragorastore.pl\/en\/wp-json\/wp\/v2\/product_brand?post=1474"},{"taxonomy":"product_cat","embeddable":true,"href":"https:\/\/mandragorastore.pl\/en\/wp-json\/wp\/v2\/product_cat?post=1474"},{"taxonomy":"product_tag","embeddable":true,"href":"https:\/\/mandragorastore.pl\/en\/wp-json\/wp\/v2\/product_tag?post=1474"}],"curies":[{"name":"WP","href":"https:\/\/api.w.org\/{rel}","templated":true}]}}