{"id":1479,"date":"2025-10-06T16:56:17","date_gmt":"2025-10-06T14:56:17","guid":{"rendered":"https:\/\/mandragorastore.pl\/?post_type=product&#038;p=1479"},"modified":"2026-04-01T11:35:27","modified_gmt":"2026-04-01T09:35:27","slug":"bluzka-luna-bezowa","status":"publish","type":"product","link":"https:\/\/mandragorastore.pl\/en\/product\/bluzka-luna-bezowa\/","title":{"rendered":"Luna Blouse Beige"},"content":{"rendered":"<p dir=\"ltr\"><span data-ogsc=\"rgb(0, 0, 0)\" data-olk-copy-source=\"MessageBody\">The model is 171 cm tall and shows a size XS\/S.<\/span><\/p>\n<p dir=\"ltr\"><span data-ogsc=\"rgb(0, 0, 0)\">bust 94 cm waist 63 cm hips 94 cm<\/span><\/p>\n<ul class=\"\">\n<li class=\"\"><span class=\"\">Fast delivery\u00a0<\/span><\/li>\n<li class=\"\">14 days for easy return<\/li>\n<li>PayPo payment option<\/li>\n<\/ul>\n<p>Cost of Delivery:<\/p>\n<ul>\n<li>InPost courier service: PLN 15.00<\/li>\n<li>Parcel Post Inpost: PLN 13.00<\/li>\n<li>Cash on delivery: PLN 17.00<\/li>\n<\/ul>\n<p>Dimensions:<\/p>\n<table>\n<tbody>\n<tr>\n<td width=\"201\">\n<p aria-hidden=\"true\">\n<\/td>\n<td width=\"201\">XS\/S<\/td>\n<td width=\"201\">M\/L<\/td>\n<\/tr>\n<tr>\n<td width=\"201\">Bust<\/td>\n<td width=\"201\">80 - 95 cm<\/td>\n<td width=\"201\">95 - 110 cm<\/td>\n<\/tr>\n<tr>\n<td width=\"201\">Sleeve Length<\/td>\n<td width=\"201\">68 cm<\/td>\n<td width=\"201\">69 cm<\/td>\n<\/tr>\n<tr>\n<td width=\"201\">Overall Length<\/td>\n<td width=\"201\">62 cm<\/td>\n<td width=\"201\">64 cm<\/td>\n<\/tr>\n<\/tbody>\n<\/table>","protected":false},"excerpt":{"rendered":"<p>The Luna blouse is the quintessence of comfort in an elegant style. The ribbed texture of the fabric, adds depth, embellishing the simple cut and subtly elongating the silhouette. Soft and stretchy fabric ensures comfortable wear. Gently adapts to the silhouette, emphasizing its natural lines.<\/p>\n<p>The long sleeve and clinging hood give the piece a distinctive yet striking look, where sporty functionality meets minimalist design.<\/p>\n<p>Luna is part of a set, so you can pair it with a matching bottom to create a cohesive and thoughtful look. Ideal both for layered styling and as a stand-alone accent, it fits the aesthetics of the modern woman who appreciates functionality in a tasteful way.<\/p>\n<p>Composition: 78% modal, 22% recycled polyester<\/p>\n<p>Designed and sewn in Poland<\/p>","protected":false},"featured_media":1481,"template":"","meta":[],"product_brand":[],"product_cat":[82,142],"product_tag":[],"class_list":{"0":"post-1479","1":"product","2":"type-product","3":"status-publish","4":"has-post-thumbnail","6":"product_cat-bluzki","7":"product_cat-gory","9":"first","10":"instock","11":"shipping-taxable","12":"purchasable","13":"product-type-variable","14":"has-default-attributes","15":"wpzoom-wc-spi-has-enabled"},"yoast_head":"<!-- This site is optimized with the Yoast SEO plugin v27.3 - https:\/\/yoast.com\/product\/yoast-seo-wordpress\/ -->\n<title>Bluzka Luna Be\u017cowa - MANDRAGORA - Designed for women. Made in Poland.<\/title>\n<meta name=\"robots\" content=\"index, follow, max-snippet:-1, max-image-preview:large, max-video-preview:-1\" \/>\n<link rel=\"canonical\" href=\"https:\/\/mandragorastore.pl\/en\/product\/bluzka-luna-bezowa\/\" \/>\n<meta property=\"og:locale\" content=\"en_US\" \/>\n<meta property=\"og:type\" content=\"article\" \/>\n<meta property=\"og:title\" content=\"Bluzka Luna Be\u017cowa - MANDRAGORA - Designed for women. Made in Poland.\" \/>\n<meta property=\"og:description\" content=\"Bluzka Luna to kwintesencja wygody w eleganckim stylu. Pr\u0105\u017ckowana faktura materia\u0142u, dodaje g\u0142\u0119bi, zdobi\u0105c prosty fason i subtelnie wyd\u0142u\u017caj\u0105c sylwetk\u0119. Mi\u0119kka i elastyczna tkanina zapewnia komfort noszenia. Delikatnie dopasowuje si\u0119 do sylwetki, podkre\u015blaj\u0105c jej naturalne linie.  D\u0142ugi r\u0119kaw i przylegaj\u0105cy kaptur nadaj\u0105 ca\u0142o\u015bci charakterystycznego, ale i efektownego wygl\u0105du, w kt\u00f3rym sportowa funkcjonalno\u015b\u0107 spotyka si\u0119 z minimalistycznym designem.  Luna stanowi cz\u0119\u015b\u0107 kompletu, dzi\u0119ki czemu mo\u017cna zestawi\u0107 j\u0105 z dopasowanym do\u0142em, tworz\u0105c sp\u00f3jny i przemy\u015blany look. Idealna zar\u00f3wno do warstwowych stylizacji, jak i jako samodzielny akcent, wpisuje si\u0119 w estetyk\u0119 nowoczesnej kobiety, kt\u00f3ra ceni funkcjonalno\u015b\u0107 w gustownym wydaniu.  Sk\u0142ad: 78% modal, 22% poliester z recyklingu  Projektowane i szyte w Polsce\" \/>\n<meta property=\"og:url\" content=\"https:\/\/mandragorastore.pl\/en\/product\/bluzka-luna-bezowa\/\" \/>\n<meta property=\"og:site_name\" content=\"MANDRAGORA - Designed for women. Made in Poland.\" \/>\n<meta property=\"article:publisher\" content=\"https:\/\/www.facebook.com\/madragorastore\/\" \/>\n<meta property=\"article:modified_time\" content=\"2026-04-01T09:35:27+00:00\" \/>\n<meta property=\"og:image\" content=\"https:\/\/mandragorastore.pl\/wp-content\/uploads\/2025\/10\/2-47.webp\" \/>\n\t<meta property=\"og:image:width\" content=\"1500\" \/>\n\t<meta property=\"og:image:height\" content=\"1500\" \/>\n\t<meta property=\"og:image:type\" content=\"image\/webp\" \/>\n<meta name=\"twitter:card\" content=\"summary_large_image\" \/>\n<meta name=\"twitter:label1\" content=\"Est. reading time\" \/>\n\t<meta name=\"twitter:data1\" content=\"1 minute\" \/>\n<script type=\"application\/ld+json\" class=\"yoast-schema-graph\">{\"@context\":\"https:\\\/\\\/schema.org\",\"@graph\":[{\"@type\":\"WebPage\",\"@id\":\"https:\\\/\\\/mandragorastore.pl\\\/product\\\/bluzka-luna-bezowa\\\/\",\"url\":\"https:\\\/\\\/mandragorastore.pl\\\/product\\\/bluzka-luna-bezowa\\\/\",\"name\":\"Bluzka Luna Be\u017cowa - MANDRAGORA - Designed for women. Made in Poland.\",\"isPartOf\":{\"@id\":\"https:\\\/\\\/mandragorastore.pl\\\/#website\"},\"primaryImageOfPage\":{\"@id\":\"https:\\\/\\\/mandragorastore.pl\\\/product\\\/bluzka-luna-bezowa\\\/#primaryimage\"},\"image\":{\"@id\":\"https:\\\/\\\/mandragorastore.pl\\\/product\\\/bluzka-luna-bezowa\\\/#primaryimage\"},\"thumbnailUrl\":\"https:\\\/\\\/mandragorastore.pl\\\/wp-content\\\/uploads\\\/2025\\\/10\\\/2-47.webp\",\"datePublished\":\"2025-10-06T14:56:17+00:00\",\"dateModified\":\"2026-04-01T09:35:27+00:00\",\"breadcrumb\":{\"@id\":\"https:\\\/\\\/mandragorastore.pl\\\/product\\\/bluzka-luna-bezowa\\\/#breadcrumb\"},\"inLanguage\":\"en-US\",\"potentialAction\":[{\"@type\":\"ReadAction\",\"target\":[\"https:\\\/\\\/mandragorastore.pl\\\/product\\\/bluzka-luna-bezowa\\\/\"]}]},{\"@type\":\"ImageObject\",\"inLanguage\":\"en-US\",\"@id\":\"https:\\\/\\\/mandragorastore.pl\\\/product\\\/bluzka-luna-bezowa\\\/#primaryimage\",\"url\":\"https:\\\/\\\/mandragorastore.pl\\\/wp-content\\\/uploads\\\/2025\\\/10\\\/2-47.webp\",\"contentUrl\":\"https:\\\/\\\/mandragorastore.pl\\\/wp-content\\\/uploads\\\/2025\\\/10\\\/2-47.webp\",\"width\":1500,\"height\":1500},{\"@type\":\"BreadcrumbList\",\"@id\":\"https:\\\/\\\/mandragorastore.pl\\\/product\\\/bluzka-luna-bezowa\\\/#breadcrumb\",\"itemListElement\":[{\"@type\":\"ListItem\",\"position\":1,\"name\":\"Strona g\u0142\u00f3wna\",\"item\":\"https:\\\/\\\/mandragorastore.pl\\\/\"},{\"@type\":\"ListItem\",\"position\":2,\"name\":\"Katalog\",\"item\":\"https:\\\/\\\/mandragorastore.pl\\\/sklep\\\/\"},{\"@type\":\"ListItem\",\"position\":3,\"name\":\"Bluzka Luna Be\u017cowa\"}]},{\"@type\":\"WebSite\",\"@id\":\"https:\\\/\\\/mandragorastore.pl\\\/#website\",\"url\":\"https:\\\/\\\/mandragorastore.pl\\\/\",\"name\":\"Mandragora by Martyna - Wyj\u0105tkowy sklep odzie\u017cowy dla kobiet\",\"description\":\"\",\"publisher\":{\"@id\":\"https:\\\/\\\/mandragorastore.pl\\\/#organization\"},\"potentialAction\":[{\"@type\":\"SearchAction\",\"target\":{\"@type\":\"EntryPoint\",\"urlTemplate\":\"https:\\\/\\\/mandragorastore.pl\\\/?s={search_term_string}\"},\"query-input\":{\"@type\":\"PropertyValueSpecification\",\"valueRequired\":true,\"valueName\":\"search_term_string\"}}],\"inLanguage\":\"en-US\"},{\"@type\":\"Organization\",\"@id\":\"https:\\\/\\\/mandragorastore.pl\\\/#organization\",\"name\":\"Mandragora by Martyna - Wyj\u0105tkowy sklep odzie\u017cowy dla kobiet\",\"url\":\"https:\\\/\\\/mandragorastore.pl\\\/\",\"logo\":{\"@type\":\"ImageObject\",\"inLanguage\":\"en-US\",\"@id\":\"https:\\\/\\\/mandragorastore.pl\\\/#\\\/schema\\\/logo\\\/image\\\/\",\"url\":\"https:\\\/\\\/mandragorastore.pl\\\/wp-content\\\/uploads\\\/2025\\\/10\\\/COVER.categories.png\",\"contentUrl\":\"https:\\\/\\\/mandragorastore.pl\\\/wp-content\\\/uploads\\\/2025\\\/10\\\/COVER.categories.png\",\"width\":800,\"height\":801,\"caption\":\"Mandragora by Martyna - Wyj\u0105tkowy sklep odzie\u017cowy dla kobiet\"},\"image\":{\"@id\":\"https:\\\/\\\/mandragorastore.pl\\\/#\\\/schema\\\/logo\\\/image\\\/\"},\"sameAs\":[\"https:\\\/\\\/www.facebook.com\\\/madragorastore\\\/\",\"https:\\\/\\\/www.instagram.com\\\/mandragorastore.pl\\\/\"]}]}<\/script>\n<!-- \/ Yoast SEO plugin. -->","yoast_head_json":{"title":"Bluzka Luna Be\u017cowa - MANDRAGORA - Designed for women. Made in Poland.","robots":{"index":"index","follow":"follow","max-snippet":"max-snippet:-1","max-image-preview":"max-image-preview:large","max-video-preview":"max-video-preview:-1"},"canonical":"https:\/\/mandragorastore.pl\/en\/product\/bluzka-luna-bezowa\/","og_locale":"en_US","og_type":"article","og_title":"Bluzka Luna Be\u017cowa - MANDRAGORA - Designed for women. Made in Poland.","og_description":"Bluzka Luna to kwintesencja wygody w eleganckim stylu. Pr\u0105\u017ckowana faktura materia\u0142u, dodaje g\u0142\u0119bi, zdobi\u0105c prosty fason i subtelnie wyd\u0142u\u017caj\u0105c sylwetk\u0119. Mi\u0119kka i elastyczna tkanina zapewnia komfort noszenia. Delikatnie dopasowuje si\u0119 do sylwetki, podkre\u015blaj\u0105c jej naturalne linie.  D\u0142ugi r\u0119kaw i przylegaj\u0105cy kaptur nadaj\u0105 ca\u0142o\u015bci charakterystycznego, ale i efektownego wygl\u0105du, w kt\u00f3rym sportowa funkcjonalno\u015b\u0107 spotyka si\u0119 z minimalistycznym designem.  Luna stanowi cz\u0119\u015b\u0107 kompletu, dzi\u0119ki czemu mo\u017cna zestawi\u0107 j\u0105 z dopasowanym do\u0142em, tworz\u0105c sp\u00f3jny i przemy\u015blany look. Idealna zar\u00f3wno do warstwowych stylizacji, jak i jako samodzielny akcent, wpisuje si\u0119 w estetyk\u0119 nowoczesnej kobiety, kt\u00f3ra ceni funkcjonalno\u015b\u0107 w gustownym wydaniu.  Sk\u0142ad: 78% modal, 22% poliester z recyklingu  Projektowane i szyte w Polsce","og_url":"https:\/\/mandragorastore.pl\/en\/product\/bluzka-luna-bezowa\/","og_site_name":"MANDRAGORA - Designed for women. Made in Poland.","article_publisher":"https:\/\/www.facebook.com\/madragorastore\/","article_modified_time":"2026-04-01T09:35:27+00:00","og_image":[{"width":1500,"height":1500,"url":"https:\/\/mandragorastore.pl\/wp-content\/uploads\/2025\/10\/2-47.webp","type":"image\/webp"}],"twitter_card":"summary_large_image","twitter_misc":{"Est. reading time":"1 minute"},"schema":{"@context":"https:\/\/schema.org","@graph":[{"@type":"WebPage","@id":"https:\/\/mandragorastore.pl\/product\/bluzka-luna-bezowa\/","url":"https:\/\/mandragorastore.pl\/product\/bluzka-luna-bezowa\/","name":"Bluzka Luna Be\u017cowa - MANDRAGORA - Designed for women. Made in Poland.","isPartOf":{"@id":"https:\/\/mandragorastore.pl\/#website"},"primaryImageOfPage":{"@id":"https:\/\/mandragorastore.pl\/product\/bluzka-luna-bezowa\/#primaryimage"},"image":{"@id":"https:\/\/mandragorastore.pl\/product\/bluzka-luna-bezowa\/#primaryimage"},"thumbnailUrl":"https:\/\/mandragorastore.pl\/wp-content\/uploads\/2025\/10\/2-47.webp","datePublished":"2025-10-06T14:56:17+00:00","dateModified":"2026-04-01T09:35:27+00:00","breadcrumb":{"@id":"https:\/\/mandragorastore.pl\/product\/bluzka-luna-bezowa\/#breadcrumb"},"inLanguage":"en-US","potentialAction":[{"@type":"ReadAction","target":["https:\/\/mandragorastore.pl\/product\/bluzka-luna-bezowa\/"]}]},{"@type":"ImageObject","inLanguage":"en-US","@id":"https:\/\/mandragorastore.pl\/product\/bluzka-luna-bezowa\/#primaryimage","url":"https:\/\/mandragorastore.pl\/wp-content\/uploads\/2025\/10\/2-47.webp","contentUrl":"https:\/\/mandragorastore.pl\/wp-content\/uploads\/2025\/10\/2-47.webp","width":1500,"height":1500},{"@type":"BreadcrumbList","@id":"https:\/\/mandragorastore.pl\/product\/bluzka-luna-bezowa\/#breadcrumb","itemListElement":[{"@type":"ListItem","position":1,"name":"Strona g\u0142\u00f3wna","item":"https:\/\/mandragorastore.pl\/"},{"@type":"ListItem","position":2,"name":"Katalog","item":"https:\/\/mandragorastore.pl\/sklep\/"},{"@type":"ListItem","position":3,"name":"Bluzka Luna Be\u017cowa"}]},{"@type":"WebSite","@id":"https:\/\/mandragorastore.pl\/#website","url":"https:\/\/mandragorastore.pl\/","name":"Mandragora by Martyna - Unique Clothing Store for Women","description":"","publisher":{"@id":"https:\/\/mandragorastore.pl\/#organization"},"potentialAction":[{"@type":"SearchAction","target":{"@type":"EntryPoint","urlTemplate":"https:\/\/mandragorastore.pl\/?s={search_term_string}"},"query-input":{"@type":"PropertyValueSpecification","valueRequired":true,"valueName":"search_term_string"}}],"inLanguage":"en-US"},{"@type":"Organization","@id":"https:\/\/mandragorastore.pl\/#organization","name":"Mandragora by Martyna - Unique Clothing Store for Women","url":"https:\/\/mandragorastore.pl\/","logo":{"@type":"ImageObject","inLanguage":"en-US","@id":"https:\/\/mandragorastore.pl\/#\/schema\/logo\/image\/","url":"https:\/\/mandragorastore.pl\/wp-content\/uploads\/2025\/10\/COVER.categories.png","contentUrl":"https:\/\/mandragorastore.pl\/wp-content\/uploads\/2025\/10\/COVER.categories.png","width":800,"height":801,"caption":"Mandragora by Martyna - Wyj\u0105tkowy sklep odzie\u017cowy dla kobiet"},"image":{"@id":"https:\/\/mandragorastore.pl\/#\/schema\/logo\/image\/"},"sameAs":["https:\/\/www.facebook.com\/madragorastore\/","https:\/\/www.instagram.com\/mandragorastore.pl\/"]}]}},"_links":{"self":[{"href":"https:\/\/mandragorastore.pl\/en\/wp-json\/wp\/v2\/product\/1479","targetHints":{"allow":["GET"]}}],"collection":[{"href":"https:\/\/mandragorastore.pl\/en\/wp-json\/wp\/v2\/product"}],"about":[{"href":"https:\/\/mandragorastore.pl\/en\/wp-json\/wp\/v2\/types\/product"}],"wp:featuredmedia":[{"embeddable":true,"href":"https:\/\/mandragorastore.pl\/en\/wp-json\/wp\/v2\/media\/1481"}],"wp:attachment":[{"href":"https:\/\/mandragorastore.pl\/en\/wp-json\/wp\/v2\/media?parent=1479"}],"wp:term":[{"taxonomy":"product_brand","embeddable":true,"href":"https:\/\/mandragorastore.pl\/en\/wp-json\/wp\/v2\/product_brand?post=1479"},{"taxonomy":"product_cat","embeddable":true,"href":"https:\/\/mandragorastore.pl\/en\/wp-json\/wp\/v2\/product_cat?post=1479"},{"taxonomy":"product_tag","embeddable":true,"href":"https:\/\/mandragorastore.pl\/en\/wp-json\/wp\/v2\/product_tag?post=1479"}],"curies":[{"name":"WP","href":"https:\/\/api.w.org\/{rel}","templated":true}]}}