{"id":1497,"date":"2025-10-06T16:56:18","date_gmt":"2025-10-06T14:56:18","guid":{"rendered":"https:\/\/mandragorastore.pl\/?post_type=product&#038;p=1497"},"modified":"2026-04-07T07:57:58","modified_gmt":"2026-04-07T05:57:58","slug":"spodnica-luna-stalowa","status":"publish","type":"product","link":"https:\/\/mandragorastore.pl\/en\/product\/spodnica-luna-stalowa\/","title":{"rendered":"Luna Steel Skirt"},"content":{"rendered":"<p dir=\"ltr\"><span data-ogsc=\"rgb(0, 0, 0)\" data-olk-copy-source=\"MessageBody\">The model is 171 cm tall and shows a size XS\/S.<\/span><\/p>\n<p dir=\"ltr\"><span data-ogsc=\"rgb(0, 0, 0)\">bust 94 cm waist 63 cm hips 94 cm<\/span><\/p>\n<p>&nbsp;<\/p>\n<ul class=\"\">\n<li class=\"\"><span class=\"\">Fast delivery\u00a0<\/span><\/li>\n<li class=\"\">14 days for easy return<\/li>\n<li>PayPo payment option<\/li>\n<\/ul>\n<p>Cost of Delivery :<\/p>\n<ul>\n<li>InPost courier service: PLN 15.00<\/li>\n<li>Parcel Post Inpost: PLN 13.00<\/li>\n<li>Cash on delivery: PLN 17.00<\/li>\n<\/ul>\n<p>Dimensions :<\/p>\n<table>\n<tbody>\n<tr>\n<td width=\"201\"><\/td>\n<td width=\"201\">XS\/S<\/td>\n<td width=\"201\">M\/L<\/td>\n<\/tr>\n<tr>\n<td width=\"201\">Belt<\/td>\n<td width=\"201\">60 - 72 cm<\/td>\n<td width=\"201\">72 - 84 cm<\/td>\n<\/tr>\n<tr>\n<td width=\"201\">Hips<\/td>\n<td width=\"201\">88 - 98 cm<\/td>\n<td width=\"201\">98 - 108 cm<\/td>\n<\/tr>\n<tr>\n<td width=\"201\">Overall length<\/td>\n<td width=\"201\">108 cm<\/td>\n<td width=\"201\">109.5 cm<\/td>\n<\/tr>\n<\/tbody>\n<\/table>","protected":false},"excerpt":{"rendered":"<p>The Luna skirt combines refined construction with modern minimalism. Made of ribbed and stretchy fabric, it fits beautifully to your figure, emphasizing your curves while ensuring full comfort.<\/p>\n<p>The draping at the hip level harmoniously models the silhouette, and the high slit optically slims it.<\/p>\n<p>The Luna skirt is part of a set, forming a cohesive whole with a blouse of the same ribbed finish. In a duo it looks extremely impressive, but it will find its way equally well in independent styling - both in an elegant and more casual edition.<\/p>\n<p>Composition: 78% modal, 22% recycled polyester<\/p>\n<p>Designed and sewn in Poland.<\/p>","protected":false},"featured_media":3833,"template":"","meta":[],"product_brand":[],"product_cat":[143,33],"product_tag":[],"class_list":{"0":"post-1497","1":"product","2":"type-product","3":"status-publish","4":"has-post-thumbnail","6":"product_cat-doly","7":"product_cat-spodnice","9":"first","10":"outofstock","11":"shipping-taxable","12":"purchasable","13":"product-type-variable","14":"has-default-attributes","15":"wpzoom-wc-spi-has-enabled"},"yoast_head":"<!-- This site is optimized with the Yoast SEO plugin v27.3 - https:\/\/yoast.com\/product\/yoast-seo-wordpress\/ -->\n<title>Sp\u00f3dnica Luna Stalowa - MANDRAGORA - Designed for women. Made in Poland.<\/title>\n<meta name=\"robots\" content=\"index, follow, max-snippet:-1, max-image-preview:large, max-video-preview:-1\" \/>\n<link rel=\"canonical\" href=\"https:\/\/mandragorastore.pl\/en\/product\/spodnica-luna-stalowa\/\" \/>\n<meta property=\"og:locale\" content=\"en_US\" \/>\n<meta property=\"og:type\" content=\"article\" \/>\n<meta property=\"og:title\" content=\"Sp\u00f3dnica Luna Stalowa - MANDRAGORA - Designed for women. Made in Poland.\" \/>\n<meta property=\"og:description\" content=\"Sp\u00f3dnica Luna to po\u0142\u0105czenie dopracowanej konstrukcji z nowoczesnym minimalizmem. Wykonana z pr\u0105\u017ckowanego i elastycznego materia\u0142u, pi\u0119knie dopasowuje si\u0119 do sylwetki, podkre\u015blaj\u0105c jej kszta\u0142ty, a jednocze\u015bnie zapewniaj\u0105c pe\u0142en komfort.  Drapowanie na wysoko\u015bci bioder harmonijnie modeluje sylwetk\u0119, a wysokie rozci\u0119cie optycznie j\u0105 wysmukla.  Sp\u00f3dnica Luna stanowi element kompletu, tworz\u0105c sp\u00f3jn\u0105 ca\u0142o\u015b\u0107 z bluzk\u0105 o tym samym pr\u0105\u017ckowanym wyko\u0144czeniu. W duecie prezentuje si\u0119 niezwykle efektownie, ale r\u00f3wnie dobrze odnajdzie si\u0119 w niezale\u017cnych stylizacjach \u2013 zar\u00f3wno w eleganckim, jak i bardziej swobodnym wydaniu.  Sk\u0142ad: 78% modal, 22% poliester z recyklingu  Projektowane i szyte w Polsce.\" \/>\n<meta property=\"og:url\" content=\"https:\/\/mandragorastore.pl\/en\/product\/spodnica-luna-stalowa\/\" \/>\n<meta property=\"og:site_name\" content=\"MANDRAGORA - Designed for women. Made in Poland.\" \/>\n<meta property=\"article:publisher\" content=\"https:\/\/www.facebook.com\/madragorastore\/\" \/>\n<meta property=\"article:modified_time\" content=\"2026-04-07T05:57:58+00:00\" \/>\n<meta property=\"og:image\" content=\"https:\/\/mandragorastore.pl\/wp-content\/uploads\/2025\/10\/5-30-1.webp\" \/>\n\t<meta property=\"og:image:width\" content=\"1500\" \/>\n\t<meta property=\"og:image:height\" content=\"1500\" \/>\n\t<meta property=\"og:image:type\" content=\"image\/webp\" \/>\n<meta name=\"twitter:card\" content=\"summary_large_image\" \/>\n<meta name=\"twitter:label1\" content=\"Est. reading time\" \/>\n\t<meta name=\"twitter:data1\" content=\"1 minute\" \/>\n<script type=\"application\/ld+json\" class=\"yoast-schema-graph\">{\"@context\":\"https:\\\/\\\/schema.org\",\"@graph\":[{\"@type\":\"WebPage\",\"@id\":\"https:\\\/\\\/mandragorastore.pl\\\/product\\\/spodnica-luna-stalowa\\\/\",\"url\":\"https:\\\/\\\/mandragorastore.pl\\\/product\\\/spodnica-luna-stalowa\\\/\",\"name\":\"Sp\u00f3dnica Luna Stalowa - MANDRAGORA - Designed for women. Made in Poland.\",\"isPartOf\":{\"@id\":\"https:\\\/\\\/mandragorastore.pl\\\/#website\"},\"primaryImageOfPage\":{\"@id\":\"https:\\\/\\\/mandragorastore.pl\\\/product\\\/spodnica-luna-stalowa\\\/#primaryimage\"},\"image\":{\"@id\":\"https:\\\/\\\/mandragorastore.pl\\\/product\\\/spodnica-luna-stalowa\\\/#primaryimage\"},\"thumbnailUrl\":\"https:\\\/\\\/mandragorastore.pl\\\/wp-content\\\/uploads\\\/2025\\\/10\\\/5-30-1.webp\",\"datePublished\":\"2025-10-06T14:56:18+00:00\",\"dateModified\":\"2026-04-07T05:57:58+00:00\",\"breadcrumb\":{\"@id\":\"https:\\\/\\\/mandragorastore.pl\\\/product\\\/spodnica-luna-stalowa\\\/#breadcrumb\"},\"inLanguage\":\"en-US\",\"potentialAction\":[{\"@type\":\"ReadAction\",\"target\":[\"https:\\\/\\\/mandragorastore.pl\\\/product\\\/spodnica-luna-stalowa\\\/\"]}]},{\"@type\":\"ImageObject\",\"inLanguage\":\"en-US\",\"@id\":\"https:\\\/\\\/mandragorastore.pl\\\/product\\\/spodnica-luna-stalowa\\\/#primaryimage\",\"url\":\"https:\\\/\\\/mandragorastore.pl\\\/wp-content\\\/uploads\\\/2025\\\/10\\\/5-30-1.webp\",\"contentUrl\":\"https:\\\/\\\/mandragorastore.pl\\\/wp-content\\\/uploads\\\/2025\\\/10\\\/5-30-1.webp\",\"width\":1500,\"height\":1500},{\"@type\":\"BreadcrumbList\",\"@id\":\"https:\\\/\\\/mandragorastore.pl\\\/product\\\/spodnica-luna-stalowa\\\/#breadcrumb\",\"itemListElement\":[{\"@type\":\"ListItem\",\"position\":1,\"name\":\"Strona g\u0142\u00f3wna\",\"item\":\"https:\\\/\\\/mandragorastore.pl\\\/\"},{\"@type\":\"ListItem\",\"position\":2,\"name\":\"Katalog\",\"item\":\"https:\\\/\\\/mandragorastore.pl\\\/sklep\\\/\"},{\"@type\":\"ListItem\",\"position\":3,\"name\":\"Sp\u00f3dnica Luna Stalowa\"}]},{\"@type\":\"WebSite\",\"@id\":\"https:\\\/\\\/mandragorastore.pl\\\/#website\",\"url\":\"https:\\\/\\\/mandragorastore.pl\\\/\",\"name\":\"Mandragora by Martyna - Wyj\u0105tkowy sklep odzie\u017cowy dla kobiet\",\"description\":\"\",\"publisher\":{\"@id\":\"https:\\\/\\\/mandragorastore.pl\\\/#organization\"},\"potentialAction\":[{\"@type\":\"SearchAction\",\"target\":{\"@type\":\"EntryPoint\",\"urlTemplate\":\"https:\\\/\\\/mandragorastore.pl\\\/?s={search_term_string}\"},\"query-input\":{\"@type\":\"PropertyValueSpecification\",\"valueRequired\":true,\"valueName\":\"search_term_string\"}}],\"inLanguage\":\"en-US\"},{\"@type\":\"Organization\",\"@id\":\"https:\\\/\\\/mandragorastore.pl\\\/#organization\",\"name\":\"Mandragora by Martyna - Wyj\u0105tkowy sklep odzie\u017cowy dla kobiet\",\"url\":\"https:\\\/\\\/mandragorastore.pl\\\/\",\"logo\":{\"@type\":\"ImageObject\",\"inLanguage\":\"en-US\",\"@id\":\"https:\\\/\\\/mandragorastore.pl\\\/#\\\/schema\\\/logo\\\/image\\\/\",\"url\":\"https:\\\/\\\/mandragorastore.pl\\\/wp-content\\\/uploads\\\/2025\\\/10\\\/COVER.categories.png\",\"contentUrl\":\"https:\\\/\\\/mandragorastore.pl\\\/wp-content\\\/uploads\\\/2025\\\/10\\\/COVER.categories.png\",\"width\":800,\"height\":801,\"caption\":\"Mandragora by Martyna - Wyj\u0105tkowy sklep odzie\u017cowy dla kobiet\"},\"image\":{\"@id\":\"https:\\\/\\\/mandragorastore.pl\\\/#\\\/schema\\\/logo\\\/image\\\/\"},\"sameAs\":[\"https:\\\/\\\/www.facebook.com\\\/madragorastore\\\/\",\"https:\\\/\\\/www.instagram.com\\\/mandragorastore.pl\\\/\"]}]}<\/script>\n<!-- \/ Yoast SEO plugin. -->","yoast_head_json":{"title":"Sp\u00f3dnica Luna Stalowa - MANDRAGORA - Designed for women. Made in Poland.","robots":{"index":"index","follow":"follow","max-snippet":"max-snippet:-1","max-image-preview":"max-image-preview:large","max-video-preview":"max-video-preview:-1"},"canonical":"https:\/\/mandragorastore.pl\/en\/product\/spodnica-luna-stalowa\/","og_locale":"en_US","og_type":"article","og_title":"Sp\u00f3dnica Luna Stalowa - MANDRAGORA - Designed for women. Made in Poland.","og_description":"Sp\u00f3dnica Luna to po\u0142\u0105czenie dopracowanej konstrukcji z nowoczesnym minimalizmem. Wykonana z pr\u0105\u017ckowanego i elastycznego materia\u0142u, pi\u0119knie dopasowuje si\u0119 do sylwetki, podkre\u015blaj\u0105c jej kszta\u0142ty, a jednocze\u015bnie zapewniaj\u0105c pe\u0142en komfort.  Drapowanie na wysoko\u015bci bioder harmonijnie modeluje sylwetk\u0119, a wysokie rozci\u0119cie optycznie j\u0105 wysmukla.  Sp\u00f3dnica Luna stanowi element kompletu, tworz\u0105c sp\u00f3jn\u0105 ca\u0142o\u015b\u0107 z bluzk\u0105 o tym samym pr\u0105\u017ckowanym wyko\u0144czeniu. W duecie prezentuje si\u0119 niezwykle efektownie, ale r\u00f3wnie dobrze odnajdzie si\u0119 w niezale\u017cnych stylizacjach \u2013 zar\u00f3wno w eleganckim, jak i bardziej swobodnym wydaniu.  Sk\u0142ad: 78% modal, 22% poliester z recyklingu  Projektowane i szyte w Polsce.","og_url":"https:\/\/mandragorastore.pl\/en\/product\/spodnica-luna-stalowa\/","og_site_name":"MANDRAGORA - Designed for women. Made in Poland.","article_publisher":"https:\/\/www.facebook.com\/madragorastore\/","article_modified_time":"2026-04-07T05:57:58+00:00","og_image":[{"width":1500,"height":1500,"url":"https:\/\/mandragorastore.pl\/wp-content\/uploads\/2025\/10\/5-30-1.webp","type":"image\/webp"}],"twitter_card":"summary_large_image","twitter_misc":{"Est. reading time":"1 minute"},"schema":{"@context":"https:\/\/schema.org","@graph":[{"@type":"WebPage","@id":"https:\/\/mandragorastore.pl\/product\/spodnica-luna-stalowa\/","url":"https:\/\/mandragorastore.pl\/product\/spodnica-luna-stalowa\/","name":"Sp\u00f3dnica Luna Stalowa - MANDRAGORA - Designed for women. Made in Poland.","isPartOf":{"@id":"https:\/\/mandragorastore.pl\/#website"},"primaryImageOfPage":{"@id":"https:\/\/mandragorastore.pl\/product\/spodnica-luna-stalowa\/#primaryimage"},"image":{"@id":"https:\/\/mandragorastore.pl\/product\/spodnica-luna-stalowa\/#primaryimage"},"thumbnailUrl":"https:\/\/mandragorastore.pl\/wp-content\/uploads\/2025\/10\/5-30-1.webp","datePublished":"2025-10-06T14:56:18+00:00","dateModified":"2026-04-07T05:57:58+00:00","breadcrumb":{"@id":"https:\/\/mandragorastore.pl\/product\/spodnica-luna-stalowa\/#breadcrumb"},"inLanguage":"en-US","potentialAction":[{"@type":"ReadAction","target":["https:\/\/mandragorastore.pl\/product\/spodnica-luna-stalowa\/"]}]},{"@type":"ImageObject","inLanguage":"en-US","@id":"https:\/\/mandragorastore.pl\/product\/spodnica-luna-stalowa\/#primaryimage","url":"https:\/\/mandragorastore.pl\/wp-content\/uploads\/2025\/10\/5-30-1.webp","contentUrl":"https:\/\/mandragorastore.pl\/wp-content\/uploads\/2025\/10\/5-30-1.webp","width":1500,"height":1500},{"@type":"BreadcrumbList","@id":"https:\/\/mandragorastore.pl\/product\/spodnica-luna-stalowa\/#breadcrumb","itemListElement":[{"@type":"ListItem","position":1,"name":"Strona g\u0142\u00f3wna","item":"https:\/\/mandragorastore.pl\/"},{"@type":"ListItem","position":2,"name":"Katalog","item":"https:\/\/mandragorastore.pl\/sklep\/"},{"@type":"ListItem","position":3,"name":"Sp\u00f3dnica Luna Stalowa"}]},{"@type":"WebSite","@id":"https:\/\/mandragorastore.pl\/#website","url":"https:\/\/mandragorastore.pl\/","name":"Mandragora by Martyna - Unique Clothing Store for Women","description":"","publisher":{"@id":"https:\/\/mandragorastore.pl\/#organization"},"potentialAction":[{"@type":"SearchAction","target":{"@type":"EntryPoint","urlTemplate":"https:\/\/mandragorastore.pl\/?s={search_term_string}"},"query-input":{"@type":"PropertyValueSpecification","valueRequired":true,"valueName":"search_term_string"}}],"inLanguage":"en-US"},{"@type":"Organization","@id":"https:\/\/mandragorastore.pl\/#organization","name":"Mandragora by Martyna - Unique Clothing Store for Women","url":"https:\/\/mandragorastore.pl\/","logo":{"@type":"ImageObject","inLanguage":"en-US","@id":"https:\/\/mandragorastore.pl\/#\/schema\/logo\/image\/","url":"https:\/\/mandragorastore.pl\/wp-content\/uploads\/2025\/10\/COVER.categories.png","contentUrl":"https:\/\/mandragorastore.pl\/wp-content\/uploads\/2025\/10\/COVER.categories.png","width":800,"height":801,"caption":"Mandragora by Martyna - Wyj\u0105tkowy sklep odzie\u017cowy dla kobiet"},"image":{"@id":"https:\/\/mandragorastore.pl\/#\/schema\/logo\/image\/"},"sameAs":["https:\/\/www.facebook.com\/madragorastore\/","https:\/\/www.instagram.com\/mandragorastore.pl\/"]}]}},"_links":{"self":[{"href":"https:\/\/mandragorastore.pl\/en\/wp-json\/wp\/v2\/product\/1497","targetHints":{"allow":["GET"]}}],"collection":[{"href":"https:\/\/mandragorastore.pl\/en\/wp-json\/wp\/v2\/product"}],"about":[{"href":"https:\/\/mandragorastore.pl\/en\/wp-json\/wp\/v2\/types\/product"}],"wp:featuredmedia":[{"embeddable":true,"href":"https:\/\/mandragorastore.pl\/en\/wp-json\/wp\/v2\/media\/3833"}],"wp:attachment":[{"href":"https:\/\/mandragorastore.pl\/en\/wp-json\/wp\/v2\/media?parent=1497"}],"wp:term":[{"taxonomy":"product_brand","embeddable":true,"href":"https:\/\/mandragorastore.pl\/en\/wp-json\/wp\/v2\/product_brand?post=1497"},{"taxonomy":"product_cat","embeddable":true,"href":"https:\/\/mandragorastore.pl\/en\/wp-json\/wp\/v2\/product_cat?post=1497"},{"taxonomy":"product_tag","embeddable":true,"href":"https:\/\/mandragorastore.pl\/en\/wp-json\/wp\/v2\/product_tag?post=1497"}],"curies":[{"name":"WP","href":"https:\/\/api.w.org\/{rel}","templated":true}]}}