{"id":1512,"date":"2025-10-06T16:56:19","date_gmt":"2025-10-06T14:56:19","guid":{"rendered":"https:\/\/mandragorastore.pl\/?post_type=product&#038;p=1512"},"modified":"2026-04-12T20:01:40","modified_gmt":"2026-04-12T18:01:40","slug":"koszula-ora-ecru","status":"publish","type":"product","link":"https:\/\/mandragorastore.pl\/en\/product\/koszula-ora-ecru\/","title":{"rendered":"Ora Ecru Shirt"},"content":{"rendered":"<p>The model is 174 cm tall and is wearing size XS\/S.<\/p>\n<p>bust 86 cm waist 62 cm hips 92 cm<\/p>\n<p>&nbsp;<\/p>\n<ul class=\"\">\n<li class=\"\"><span class=\"\">Fast delivery\u00a0<\/span><\/li>\n<li class=\"\">14 days for easy return<\/li>\n<li>PayPo payment option<\/li>\n<\/ul>\n<p>Cost of Delivery :<\/p>\n<ul>\n<li>InPost courier service: PLN 15.00<\/li>\n<li>Parcel Post Inpost: PLN 13.00<\/li>\n<li>Cash on delivery: PLN 17.00<\/li>\n<\/ul>\n<p>Dimensions :<\/p>\n<div class=\"\">\n<table cellspacing=\"0\" cellpadding=\"0\">\n<tbody class=\"\">\n<tr class=\"\">\n<td class=\"\" valign=\"top\">\n<div class=\"\"><\/div>\n<\/td>\n<td class=\"\" valign=\"top\">\n<div class=\"\">XS\/S<\/div>\n<\/td>\n<td class=\"\" valign=\"top\">\n<div class=\"\">M\/L<\/div>\n<\/td>\n<\/tr>\n<tr class=\"\">\n<td class=\"\" valign=\"top\">\n<div class=\"\">Overall length<\/div>\n<\/td>\n<td class=\"\" valign=\"top\">\n<div class=\"\">81 cm<\/div>\n<\/td>\n<td class=\"\" valign=\"top\">\n<div class=\"\">83 cm<\/div>\n<\/td>\n<\/tr>\n<tr class=\"\">\n<td class=\"\" valign=\"top\">\n<div class=\"\">Bust<\/div>\n<\/td>\n<td class=\"\" valign=\"top\">\n<div class=\"\">80 - 95<\/div>\n<\/td>\n<td class=\"\" valign=\"top\">\n<div class=\"\">95 - 110<\/div>\n<\/td>\n<\/tr>\n<tr class=\"\">\n<td class=\"\" valign=\"top\">\n<div class=\"\">Sleeve<\/div>\n<\/td>\n<td class=\"\" valign=\"top\">\n<div class=\"\">71 cm<\/div>\n<\/td>\n<td class=\"\" valign=\"top\">\n<div class=\"\">72 cm<\/div>\n<\/td>\n<\/tr>\n<\/tbody>\n<\/table>\n<\/div>","protected":false},"excerpt":{"rendered":"<p>Shirt with a longer, flowing cut. An ideal choice for those who appreciate comfort and style. Made of fabric with a blend of linen - pleasant to the touch, beautifully shaped and comfortable to wear. Classic collar decorated with subtle \u201eMG\u201d embroidery. Long sleeves finished with wide cuffs. In the front, as well as in the back, it fastens with buttons hidden under a pleat, which adds delicacy. The shirt can be worn as standard, or you can opt to open the buttons in the back to add character.<br \/>\nSide slits provide freedom of movement and bring a breath of relief on warmer days.<\/p>\n<p>Part of the Ora set. Wear as a set, or style with other items in your closet.<\/p>\n<p>Composition: 70% viscose, 30% linen<\/p>\n<p>Manufactured in Poland.<\/p>\n<p>size xs\/s EAN 5906583420448<\/p>\n<p>size m\/l EAN 5906583420455<\/p>","protected":false},"featured_media":1514,"template":"","meta":[],"product_brand":[],"product_cat":[142,34],"product_tag":[],"class_list":{"0":"post-1512","1":"product","2":"type-product","3":"status-publish","4":"has-post-thumbnail","6":"product_cat-gory","7":"product_cat-koszule","9":"first","10":"instock","11":"shipping-taxable","12":"purchasable","13":"product-type-variable","14":"has-default-attributes","15":"wpzoom-wc-spi-has-enabled"},"yoast_head":"<!-- This site is optimized with the Yoast SEO plugin v27.3 - https:\/\/yoast.com\/product\/yoast-seo-wordpress\/ -->\n<title>Koszula Ora Ecru - MANDRAGORA - Designed for women. Made in Poland.<\/title>\n<meta name=\"robots\" content=\"index, follow, max-snippet:-1, max-image-preview:large, max-video-preview:-1\" \/>\n<link rel=\"canonical\" href=\"https:\/\/mandragorastore.pl\/en\/product\/koszula-ora-ecru\/\" \/>\n<meta property=\"og:locale\" content=\"en_US\" \/>\n<meta property=\"og:type\" content=\"article\" \/>\n<meta property=\"og:title\" content=\"Koszula Ora Ecru - MANDRAGORA - Designed for women. Made in Poland.\" \/>\n<meta property=\"og:description\" content=\"Koszula o d\u0142u\u017cszym, lej\u0105cym fasonie. Idealny wyb\u00f3r dla ceni\u0105cych wygod\u0119 i styl. Wykonana z materia\u0142u z domieszk\u0105 lnu - przyjemny w dotyku, pi\u0119knie si\u0119 uk\u0142ada i komfortowo nosi. Klasyczny ko\u0142nierz zdobiony subtelnym haftem \u201eMG\u201d. D\u0142ugie r\u0119kawy zako\u0144czone szerokimi mankietami. Z przodu, jak i z ty\u0142u, zapinana na guziki ukryte pod plis\u0105, kt\u00f3ra nadaje delikatno\u015bci. Koszul\u0119 nosi\u0107 mo\u017cna standardowo, b\u0105d\u017a zdecydowa\u0107 si\u0119 na rozpi\u0119te guziki na plecach, by doda\u0107 jej charakteru. Rozci\u0119cia po bokach zapewniaj\u0105 swobod\u0119 ruch\u00f3w, a w cieplejsze dni przynosz\u0105 powiew ulgi.  Element kompletu Ora. No\u015b w zestawie, b\u0105d\u017a stylizuj z innymi elementami garderoby.  Sk\u0142ad: 70% wiskoza, 30% len  Wyprodukowano w Polsce.  rozmiar xs\/s EAN 5906583420448  rozmiar m\/l EAN 5906583420455\" \/>\n<meta property=\"og:url\" content=\"https:\/\/mandragorastore.pl\/en\/product\/koszula-ora-ecru\/\" \/>\n<meta property=\"og:site_name\" content=\"MANDRAGORA - Designed for women. Made in Poland.\" \/>\n<meta property=\"article:publisher\" content=\"https:\/\/www.facebook.com\/madragorastore\/\" \/>\n<meta property=\"article:modified_time\" content=\"2026-04-12T18:01:40+00:00\" \/>\n<meta property=\"og:image\" content=\"https:\/\/mandragorastore.pl\/wp-content\/uploads\/2025\/10\/2-52.webp\" \/>\n\t<meta property=\"og:image:width\" content=\"1500\" \/>\n\t<meta property=\"og:image:height\" content=\"2000\" \/>\n\t<meta property=\"og:image:type\" content=\"image\/webp\" \/>\n<meta name=\"twitter:card\" content=\"summary_large_image\" \/>\n<meta name=\"twitter:label1\" content=\"Est. reading time\" \/>\n\t<meta name=\"twitter:data1\" content=\"1 minute\" \/>\n<script type=\"application\/ld+json\" class=\"yoast-schema-graph\">{\"@context\":\"https:\\\/\\\/schema.org\",\"@graph\":[{\"@type\":\"WebPage\",\"@id\":\"https:\\\/\\\/mandragorastore.pl\\\/product\\\/koszula-ora-ecru\\\/\",\"url\":\"https:\\\/\\\/mandragorastore.pl\\\/product\\\/koszula-ora-ecru\\\/\",\"name\":\"Koszula Ora Ecru - MANDRAGORA - Designed for women. Made in Poland.\",\"isPartOf\":{\"@id\":\"https:\\\/\\\/mandragorastore.pl\\\/#website\"},\"primaryImageOfPage\":{\"@id\":\"https:\\\/\\\/mandragorastore.pl\\\/product\\\/koszula-ora-ecru\\\/#primaryimage\"},\"image\":{\"@id\":\"https:\\\/\\\/mandragorastore.pl\\\/product\\\/koszula-ora-ecru\\\/#primaryimage\"},\"thumbnailUrl\":\"https:\\\/\\\/mandragorastore.pl\\\/wp-content\\\/uploads\\\/2025\\\/10\\\/2-52.webp\",\"datePublished\":\"2025-10-06T14:56:19+00:00\",\"dateModified\":\"2026-04-12T18:01:40+00:00\",\"breadcrumb\":{\"@id\":\"https:\\\/\\\/mandragorastore.pl\\\/product\\\/koszula-ora-ecru\\\/#breadcrumb\"},\"inLanguage\":\"en-US\",\"potentialAction\":[{\"@type\":\"ReadAction\",\"target\":[\"https:\\\/\\\/mandragorastore.pl\\\/product\\\/koszula-ora-ecru\\\/\"]}]},{\"@type\":\"ImageObject\",\"inLanguage\":\"en-US\",\"@id\":\"https:\\\/\\\/mandragorastore.pl\\\/product\\\/koszula-ora-ecru\\\/#primaryimage\",\"url\":\"https:\\\/\\\/mandragorastore.pl\\\/wp-content\\\/uploads\\\/2025\\\/10\\\/2-52.webp\",\"contentUrl\":\"https:\\\/\\\/mandragorastore.pl\\\/wp-content\\\/uploads\\\/2025\\\/10\\\/2-52.webp\",\"width\":1500,\"height\":2000},{\"@type\":\"BreadcrumbList\",\"@id\":\"https:\\\/\\\/mandragorastore.pl\\\/product\\\/koszula-ora-ecru\\\/#breadcrumb\",\"itemListElement\":[{\"@type\":\"ListItem\",\"position\":1,\"name\":\"Strona g\u0142\u00f3wna\",\"item\":\"https:\\\/\\\/mandragorastore.pl\\\/\"},{\"@type\":\"ListItem\",\"position\":2,\"name\":\"Katalog\",\"item\":\"https:\\\/\\\/mandragorastore.pl\\\/sklep\\\/\"},{\"@type\":\"ListItem\",\"position\":3,\"name\":\"Koszula Ora Ecru\"}]},{\"@type\":\"WebSite\",\"@id\":\"https:\\\/\\\/mandragorastore.pl\\\/#website\",\"url\":\"https:\\\/\\\/mandragorastore.pl\\\/\",\"name\":\"Mandragora by Martyna - Wyj\u0105tkowy sklep odzie\u017cowy dla kobiet\",\"description\":\"\",\"publisher\":{\"@id\":\"https:\\\/\\\/mandragorastore.pl\\\/#organization\"},\"potentialAction\":[{\"@type\":\"SearchAction\",\"target\":{\"@type\":\"EntryPoint\",\"urlTemplate\":\"https:\\\/\\\/mandragorastore.pl\\\/?s={search_term_string}\"},\"query-input\":{\"@type\":\"PropertyValueSpecification\",\"valueRequired\":true,\"valueName\":\"search_term_string\"}}],\"inLanguage\":\"en-US\"},{\"@type\":\"Organization\",\"@id\":\"https:\\\/\\\/mandragorastore.pl\\\/#organization\",\"name\":\"Mandragora by Martyna - Wyj\u0105tkowy sklep odzie\u017cowy dla kobiet\",\"url\":\"https:\\\/\\\/mandragorastore.pl\\\/\",\"logo\":{\"@type\":\"ImageObject\",\"inLanguage\":\"en-US\",\"@id\":\"https:\\\/\\\/mandragorastore.pl\\\/#\\\/schema\\\/logo\\\/image\\\/\",\"url\":\"https:\\\/\\\/mandragorastore.pl\\\/wp-content\\\/uploads\\\/2025\\\/10\\\/COVER.categories.png\",\"contentUrl\":\"https:\\\/\\\/mandragorastore.pl\\\/wp-content\\\/uploads\\\/2025\\\/10\\\/COVER.categories.png\",\"width\":800,\"height\":801,\"caption\":\"Mandragora by Martyna - Wyj\u0105tkowy sklep odzie\u017cowy dla kobiet\"},\"image\":{\"@id\":\"https:\\\/\\\/mandragorastore.pl\\\/#\\\/schema\\\/logo\\\/image\\\/\"},\"sameAs\":[\"https:\\\/\\\/www.facebook.com\\\/madragorastore\\\/\",\"https:\\\/\\\/www.instagram.com\\\/mandragorastore.pl\\\/\"]}]}<\/script>\n<!-- \/ Yoast SEO plugin. -->","yoast_head_json":{"title":"Koszula Ora Ecru - MANDRAGORA - Designed for women. Made in Poland.","robots":{"index":"index","follow":"follow","max-snippet":"max-snippet:-1","max-image-preview":"max-image-preview:large","max-video-preview":"max-video-preview:-1"},"canonical":"https:\/\/mandragorastore.pl\/en\/product\/koszula-ora-ecru\/","og_locale":"en_US","og_type":"article","og_title":"Koszula Ora Ecru - MANDRAGORA - Designed for women. Made in Poland.","og_description":"Koszula o d\u0142u\u017cszym, lej\u0105cym fasonie. Idealny wyb\u00f3r dla ceni\u0105cych wygod\u0119 i styl. Wykonana z materia\u0142u z domieszk\u0105 lnu - przyjemny w dotyku, pi\u0119knie si\u0119 uk\u0142ada i komfortowo nosi. Klasyczny ko\u0142nierz zdobiony subtelnym haftem \u201eMG\u201d. D\u0142ugie r\u0119kawy zako\u0144czone szerokimi mankietami. Z przodu, jak i z ty\u0142u, zapinana na guziki ukryte pod plis\u0105, kt\u00f3ra nadaje delikatno\u015bci. Koszul\u0119 nosi\u0107 mo\u017cna standardowo, b\u0105d\u017a zdecydowa\u0107 si\u0119 na rozpi\u0119te guziki na plecach, by doda\u0107 jej charakteru. Rozci\u0119cia po bokach zapewniaj\u0105 swobod\u0119 ruch\u00f3w, a w cieplejsze dni przynosz\u0105 powiew ulgi.  Element kompletu Ora. No\u015b w zestawie, b\u0105d\u017a stylizuj z innymi elementami garderoby.  Sk\u0142ad: 70% wiskoza, 30% len  Wyprodukowano w Polsce.  rozmiar xs\/s EAN 5906583420448  rozmiar m\/l EAN 5906583420455","og_url":"https:\/\/mandragorastore.pl\/en\/product\/koszula-ora-ecru\/","og_site_name":"MANDRAGORA - Designed for women. Made in Poland.","article_publisher":"https:\/\/www.facebook.com\/madragorastore\/","article_modified_time":"2026-04-12T18:01:40+00:00","og_image":[{"width":1500,"height":2000,"url":"https:\/\/mandragorastore.pl\/wp-content\/uploads\/2025\/10\/2-52.webp","type":"image\/webp"}],"twitter_card":"summary_large_image","twitter_misc":{"Est. reading time":"1 minute"},"schema":{"@context":"https:\/\/schema.org","@graph":[{"@type":"WebPage","@id":"https:\/\/mandragorastore.pl\/product\/koszula-ora-ecru\/","url":"https:\/\/mandragorastore.pl\/product\/koszula-ora-ecru\/","name":"Koszula Ora Ecru - MANDRAGORA - Designed for women. Made in Poland.","isPartOf":{"@id":"https:\/\/mandragorastore.pl\/#website"},"primaryImageOfPage":{"@id":"https:\/\/mandragorastore.pl\/product\/koszula-ora-ecru\/#primaryimage"},"image":{"@id":"https:\/\/mandragorastore.pl\/product\/koszula-ora-ecru\/#primaryimage"},"thumbnailUrl":"https:\/\/mandragorastore.pl\/wp-content\/uploads\/2025\/10\/2-52.webp","datePublished":"2025-10-06T14:56:19+00:00","dateModified":"2026-04-12T18:01:40+00:00","breadcrumb":{"@id":"https:\/\/mandragorastore.pl\/product\/koszula-ora-ecru\/#breadcrumb"},"inLanguage":"en-US","potentialAction":[{"@type":"ReadAction","target":["https:\/\/mandragorastore.pl\/product\/koszula-ora-ecru\/"]}]},{"@type":"ImageObject","inLanguage":"en-US","@id":"https:\/\/mandragorastore.pl\/product\/koszula-ora-ecru\/#primaryimage","url":"https:\/\/mandragorastore.pl\/wp-content\/uploads\/2025\/10\/2-52.webp","contentUrl":"https:\/\/mandragorastore.pl\/wp-content\/uploads\/2025\/10\/2-52.webp","width":1500,"height":2000},{"@type":"BreadcrumbList","@id":"https:\/\/mandragorastore.pl\/product\/koszula-ora-ecru\/#breadcrumb","itemListElement":[{"@type":"ListItem","position":1,"name":"Strona g\u0142\u00f3wna","item":"https:\/\/mandragorastore.pl\/"},{"@type":"ListItem","position":2,"name":"Katalog","item":"https:\/\/mandragorastore.pl\/sklep\/"},{"@type":"ListItem","position":3,"name":"Koszula Ora Ecru"}]},{"@type":"WebSite","@id":"https:\/\/mandragorastore.pl\/#website","url":"https:\/\/mandragorastore.pl\/","name":"Mandragora by Martyna - Unique Clothing Store for Women","description":"","publisher":{"@id":"https:\/\/mandragorastore.pl\/#organization"},"potentialAction":[{"@type":"SearchAction","target":{"@type":"EntryPoint","urlTemplate":"https:\/\/mandragorastore.pl\/?s={search_term_string}"},"query-input":{"@type":"PropertyValueSpecification","valueRequired":true,"valueName":"search_term_string"}}],"inLanguage":"en-US"},{"@type":"Organization","@id":"https:\/\/mandragorastore.pl\/#organization","name":"Mandragora by Martyna - Unique Clothing Store for Women","url":"https:\/\/mandragorastore.pl\/","logo":{"@type":"ImageObject","inLanguage":"en-US","@id":"https:\/\/mandragorastore.pl\/#\/schema\/logo\/image\/","url":"https:\/\/mandragorastore.pl\/wp-content\/uploads\/2025\/10\/COVER.categories.png","contentUrl":"https:\/\/mandragorastore.pl\/wp-content\/uploads\/2025\/10\/COVER.categories.png","width":800,"height":801,"caption":"Mandragora by Martyna - Wyj\u0105tkowy sklep odzie\u017cowy dla kobiet"},"image":{"@id":"https:\/\/mandragorastore.pl\/#\/schema\/logo\/image\/"},"sameAs":["https:\/\/www.facebook.com\/madragorastore\/","https:\/\/www.instagram.com\/mandragorastore.pl\/"]}]}},"_links":{"self":[{"href":"https:\/\/mandragorastore.pl\/en\/wp-json\/wp\/v2\/product\/1512","targetHints":{"allow":["GET"]}}],"collection":[{"href":"https:\/\/mandragorastore.pl\/en\/wp-json\/wp\/v2\/product"}],"about":[{"href":"https:\/\/mandragorastore.pl\/en\/wp-json\/wp\/v2\/types\/product"}],"wp:featuredmedia":[{"embeddable":true,"href":"https:\/\/mandragorastore.pl\/en\/wp-json\/wp\/v2\/media\/1514"}],"wp:attachment":[{"href":"https:\/\/mandragorastore.pl\/en\/wp-json\/wp\/v2\/media?parent=1512"}],"wp:term":[{"taxonomy":"product_brand","embeddable":true,"href":"https:\/\/mandragorastore.pl\/en\/wp-json\/wp\/v2\/product_brand?post=1512"},{"taxonomy":"product_cat","embeddable":true,"href":"https:\/\/mandragorastore.pl\/en\/wp-json\/wp\/v2\/product_cat?post=1512"},{"taxonomy":"product_tag","embeddable":true,"href":"https:\/\/mandragorastore.pl\/en\/wp-json\/wp\/v2\/product_tag?post=1512"}],"curies":[{"name":"WP","href":"https:\/\/api.w.org\/{rel}","templated":true}]}}