{"id":1521,"date":"2025-10-06T16:56:19","date_gmt":"2025-10-06T14:56:19","guid":{"rendered":"https:\/\/mandragorastore.pl\/?post_type=product&#038;p=1521"},"modified":"2026-03-24T23:07:33","modified_gmt":"2026-03-24T22:07:33","slug":"spodnie-ora-czarne","status":"publish","type":"product","link":"https:\/\/mandragorastore.pl\/en\/product\/spodnie-ora-czarne\/","title":{"rendered":"Ora Pants Black"},"content":{"rendered":"<p dir=\"ltr\"><span style=\"font-weight: 400;\">The model is 170 cm tall and presents size XS\/S.<\/span><span style=\"font-weight: 400;\"><br \/>\n<\/span><span style=\"font-weight: 400;\">bust 84 cm waist 60 cm hips 90 cm<\/span><\/p>\n<ul class=\"\">\n<li class=\"\"><span class=\"\">Fast delivery\u00a0<\/span><\/li>\n<li class=\"\">14 days for easy return<\/li>\n<li>PayPo payment option<\/li>\n<\/ul>\n<p>Cost of Delivery:<\/p>\n<ul>\n<li>InPost courier service: PLN 15.00<\/li>\n<li>Parcel Post Inpost: PLN 13.00<\/li>\n<li>Cash on delivery: PLN 17.00<\/li>\n<\/ul>\n<p>Dimensions:<\/p>\n<table>\n<tbody>\n<tr>\n<td><span style=\"font-weight: 400;\">\u00a0<\/span><\/td>\n<td><span style=\"font-weight: 400;\">XS\/S<\/span><\/td>\n<td><span style=\"font-weight: 400;\">S\/M<\/span><\/td>\n<td><span style=\"font-weight: 400;\">M\/L<\/span><\/td>\n<\/tr>\n<tr>\n<td><span style=\"font-weight: 400;\">Belt<\/span><\/td>\n<td><span style=\"font-weight: 400;\"> 60 - 66 cm<\/span><\/td>\n<td><span style=\"font-weight: 400;\">66 - 70 cm<\/span><\/td>\n<td><span style=\"font-weight: 400;\">70 - 74 cm<\/span><\/td>\n<\/tr>\n<tr>\n<td><span style=\"font-weight: 400;\">Hips<\/span><\/td>\n<td><span style=\"font-weight: 400;\"> 88 - 96 cm<\/span><\/td>\n<td><span style=\"font-weight: 400;\">96 - 102 cm<\/span><\/td>\n<td><span style=\"font-weight: 400;\">102 - 108 cm<\/span><\/td>\n<\/tr>\n<tr>\n<td><span style=\"font-weight: 400;\">Overall length<\/span><\/td>\n<td><span style=\"font-weight: 400;\">111 cm<\/span><\/td>\n<td><span style=\"font-weight: 400;\">112 cm<\/span><\/td>\n<td><span style=\"font-weight: 400;\">113 cm<\/span><\/td>\n<\/tr>\n<\/tbody>\n<\/table>\n<p>&nbsp;<\/p>","protected":false},"excerpt":{"rendered":"<p><span style=\"font-weight: 400;\">High-waisted pants with flowing, wide legs. Made of linen-blend fabric, which is pleasant to the touch, beautifully shaped and comfortable to wear. Fashionable pleats on the front that add structure. Two side pockets, which are decorated with delicate \u201eMG\u201d embroidery. Fastened with a hidden zipper on the side, so the pants maintain a simple, elegant look.<\/span><\/p>\n<p><span style=\"font-weight: 400;\">Makes a set with the Ora shirt. Wear as a set, or style with other items in your closet, like the Ivy top or Madden shirt.<\/span><\/p>\n<p>Composition:<span style=\"font-weight: 400;\"> 70% viscose, 30% linen<\/span><span style=\"font-weight: 400;\"><br \/>\n<\/span>Designed and sewn in Poland.<\/p>","protected":false},"featured_media":1523,"template":"","meta":[],"product_brand":[],"product_cat":[143,24],"product_tag":[],"class_list":{"0":"post-1521","1":"product","2":"type-product","3":"status-publish","4":"has-post-thumbnail","6":"product_cat-doly","7":"product_cat-spodnie","9":"first","10":"instock","11":"shipping-taxable","12":"purchasable","13":"product-type-variable","14":"has-default-attributes","15":"wpzoom-wc-spi-has-enabled"},"yoast_head":"<!-- This site is optimized with the Yoast SEO plugin v27.3 - https:\/\/yoast.com\/product\/yoast-seo-wordpress\/ -->\n<title>Spodnie Ora Czarne - MANDRAGORA - Designed for women. Made in Poland.<\/title>\n<meta name=\"robots\" content=\"index, follow, max-snippet:-1, max-image-preview:large, max-video-preview:-1\" \/>\n<link rel=\"canonical\" href=\"https:\/\/mandragorastore.pl\/en\/product\/spodnie-ora-czarne\/\" \/>\n<meta property=\"og:locale\" content=\"en_US\" \/>\n<meta property=\"og:type\" content=\"article\" \/>\n<meta property=\"og:title\" content=\"Spodnie Ora Czarne - MANDRAGORA - Designed for women. Made in Poland.\" \/>\n<meta property=\"og:description\" content=\"Spodnie o wysokim stanie, z lej\u0105cymi, szerokimi nogawkami. Wykonane z materia\u0142u z domieszk\u0105 lnu, kt\u00f3ry jest przyjemny w dotyku, pi\u0119knie si\u0119 uk\u0142ada i komfortowo nosi. Modne zak\u0142adki na przodzie, kt\u00f3re dodaj\u0105 struktury. Dwie kieszenie boczne, kt\u00f3re zdobi delikatny haft \u201eMG\u201d. Zapinane na ukryty zamek z boku, dzi\u0119ki czemu spodnie zachowuj\u0105 prosty, elegancki wygl\u0105d.  Stanowi komplet z koszul\u0105 Ora. No\u015b w zestawie, b\u0105d\u017a stylizuj z innymi elementami garderoby, jak top Ivy czy koszul\u0105 Madden.  Sk\u0142ad: 70% wiskoza, 30% len Projektowane i szyte w Polsce.\" \/>\n<meta property=\"og:url\" content=\"https:\/\/mandragorastore.pl\/en\/product\/spodnie-ora-czarne\/\" \/>\n<meta property=\"og:site_name\" content=\"MANDRAGORA - Designed for women. Made in Poland.\" \/>\n<meta property=\"article:publisher\" content=\"https:\/\/www.facebook.com\/madragorastore\/\" \/>\n<meta property=\"article:modified_time\" content=\"2026-03-24T22:07:33+00:00\" \/>\n<meta property=\"og:image\" content=\"https:\/\/mandragorastore.pl\/wp-content\/uploads\/2025\/10\/2-53.webp\" \/>\n\t<meta property=\"og:image:width\" content=\"1500\" \/>\n\t<meta property=\"og:image:height\" content=\"2000\" \/>\n\t<meta property=\"og:image:type\" content=\"image\/webp\" \/>\n<meta name=\"twitter:card\" content=\"summary_large_image\" \/>\n<meta name=\"twitter:label1\" content=\"Est. reading time\" \/>\n\t<meta name=\"twitter:data1\" content=\"1 minute\" \/>\n<script type=\"application\/ld+json\" class=\"yoast-schema-graph\">{\"@context\":\"https:\\\/\\\/schema.org\",\"@graph\":[{\"@type\":\"WebPage\",\"@id\":\"https:\\\/\\\/mandragorastore.pl\\\/product\\\/spodnie-ora-czarne\\\/\",\"url\":\"https:\\\/\\\/mandragorastore.pl\\\/product\\\/spodnie-ora-czarne\\\/\",\"name\":\"Spodnie Ora Czarne - MANDRAGORA - Designed for women. Made in Poland.\",\"isPartOf\":{\"@id\":\"https:\\\/\\\/mandragorastore.pl\\\/#website\"},\"primaryImageOfPage\":{\"@id\":\"https:\\\/\\\/mandragorastore.pl\\\/product\\\/spodnie-ora-czarne\\\/#primaryimage\"},\"image\":{\"@id\":\"https:\\\/\\\/mandragorastore.pl\\\/product\\\/spodnie-ora-czarne\\\/#primaryimage\"},\"thumbnailUrl\":\"https:\\\/\\\/mandragorastore.pl\\\/wp-content\\\/uploads\\\/2025\\\/10\\\/2-53.webp\",\"datePublished\":\"2025-10-06T14:56:19+00:00\",\"dateModified\":\"2026-03-24T22:07:33+00:00\",\"breadcrumb\":{\"@id\":\"https:\\\/\\\/mandragorastore.pl\\\/product\\\/spodnie-ora-czarne\\\/#breadcrumb\"},\"inLanguage\":\"en-US\",\"potentialAction\":[{\"@type\":\"ReadAction\",\"target\":[\"https:\\\/\\\/mandragorastore.pl\\\/product\\\/spodnie-ora-czarne\\\/\"]}]},{\"@type\":\"ImageObject\",\"inLanguage\":\"en-US\",\"@id\":\"https:\\\/\\\/mandragorastore.pl\\\/product\\\/spodnie-ora-czarne\\\/#primaryimage\",\"url\":\"https:\\\/\\\/mandragorastore.pl\\\/wp-content\\\/uploads\\\/2025\\\/10\\\/2-53.webp\",\"contentUrl\":\"https:\\\/\\\/mandragorastore.pl\\\/wp-content\\\/uploads\\\/2025\\\/10\\\/2-53.webp\",\"width\":1500,\"height\":2000},{\"@type\":\"BreadcrumbList\",\"@id\":\"https:\\\/\\\/mandragorastore.pl\\\/product\\\/spodnie-ora-czarne\\\/#breadcrumb\",\"itemListElement\":[{\"@type\":\"ListItem\",\"position\":1,\"name\":\"Strona g\u0142\u00f3wna\",\"item\":\"https:\\\/\\\/mandragorastore.pl\\\/\"},{\"@type\":\"ListItem\",\"position\":2,\"name\":\"Katalog\",\"item\":\"https:\\\/\\\/mandragorastore.pl\\\/sklep\\\/\"},{\"@type\":\"ListItem\",\"position\":3,\"name\":\"Spodnie Ora Czarne\"}]},{\"@type\":\"WebSite\",\"@id\":\"https:\\\/\\\/mandragorastore.pl\\\/#website\",\"url\":\"https:\\\/\\\/mandragorastore.pl\\\/\",\"name\":\"Mandragora by Martyna - Wyj\u0105tkowy sklep odzie\u017cowy dla kobiet\",\"description\":\"\",\"publisher\":{\"@id\":\"https:\\\/\\\/mandragorastore.pl\\\/#organization\"},\"potentialAction\":[{\"@type\":\"SearchAction\",\"target\":{\"@type\":\"EntryPoint\",\"urlTemplate\":\"https:\\\/\\\/mandragorastore.pl\\\/?s={search_term_string}\"},\"query-input\":{\"@type\":\"PropertyValueSpecification\",\"valueRequired\":true,\"valueName\":\"search_term_string\"}}],\"inLanguage\":\"en-US\"},{\"@type\":\"Organization\",\"@id\":\"https:\\\/\\\/mandragorastore.pl\\\/#organization\",\"name\":\"Mandragora by Martyna - Wyj\u0105tkowy sklep odzie\u017cowy dla kobiet\",\"url\":\"https:\\\/\\\/mandragorastore.pl\\\/\",\"logo\":{\"@type\":\"ImageObject\",\"inLanguage\":\"en-US\",\"@id\":\"https:\\\/\\\/mandragorastore.pl\\\/#\\\/schema\\\/logo\\\/image\\\/\",\"url\":\"https:\\\/\\\/mandragorastore.pl\\\/wp-content\\\/uploads\\\/2025\\\/10\\\/COVER.categories.png\",\"contentUrl\":\"https:\\\/\\\/mandragorastore.pl\\\/wp-content\\\/uploads\\\/2025\\\/10\\\/COVER.categories.png\",\"width\":800,\"height\":801,\"caption\":\"Mandragora by Martyna - Wyj\u0105tkowy sklep odzie\u017cowy dla kobiet\"},\"image\":{\"@id\":\"https:\\\/\\\/mandragorastore.pl\\\/#\\\/schema\\\/logo\\\/image\\\/\"},\"sameAs\":[\"https:\\\/\\\/www.facebook.com\\\/madragorastore\\\/\",\"https:\\\/\\\/www.instagram.com\\\/mandragorastore.pl\\\/\"]}]}<\/script>\n<!-- \/ Yoast SEO plugin. -->","yoast_head_json":{"title":"Spodnie Ora Czarne - MANDRAGORA - Designed for women. Made in Poland.","robots":{"index":"index","follow":"follow","max-snippet":"max-snippet:-1","max-image-preview":"max-image-preview:large","max-video-preview":"max-video-preview:-1"},"canonical":"https:\/\/mandragorastore.pl\/en\/product\/spodnie-ora-czarne\/","og_locale":"en_US","og_type":"article","og_title":"Spodnie Ora Czarne - MANDRAGORA - Designed for women. Made in Poland.","og_description":"Spodnie o wysokim stanie, z lej\u0105cymi, szerokimi nogawkami. Wykonane z materia\u0142u z domieszk\u0105 lnu, kt\u00f3ry jest przyjemny w dotyku, pi\u0119knie si\u0119 uk\u0142ada i komfortowo nosi. Modne zak\u0142adki na przodzie, kt\u00f3re dodaj\u0105 struktury. Dwie kieszenie boczne, kt\u00f3re zdobi delikatny haft \u201eMG\u201d. Zapinane na ukryty zamek z boku, dzi\u0119ki czemu spodnie zachowuj\u0105 prosty, elegancki wygl\u0105d.  Stanowi komplet z koszul\u0105 Ora. No\u015b w zestawie, b\u0105d\u017a stylizuj z innymi elementami garderoby, jak top Ivy czy koszul\u0105 Madden.  Sk\u0142ad: 70% wiskoza, 30% len Projektowane i szyte w Polsce.","og_url":"https:\/\/mandragorastore.pl\/en\/product\/spodnie-ora-czarne\/","og_site_name":"MANDRAGORA - Designed for women. Made in Poland.","article_publisher":"https:\/\/www.facebook.com\/madragorastore\/","article_modified_time":"2026-03-24T22:07:33+00:00","og_image":[{"width":1500,"height":2000,"url":"https:\/\/mandragorastore.pl\/wp-content\/uploads\/2025\/10\/2-53.webp","type":"image\/webp"}],"twitter_card":"summary_large_image","twitter_misc":{"Est. reading time":"1 minute"},"schema":{"@context":"https:\/\/schema.org","@graph":[{"@type":"WebPage","@id":"https:\/\/mandragorastore.pl\/product\/spodnie-ora-czarne\/","url":"https:\/\/mandragorastore.pl\/product\/spodnie-ora-czarne\/","name":"Spodnie Ora Czarne - MANDRAGORA - Designed for women. Made in Poland.","isPartOf":{"@id":"https:\/\/mandragorastore.pl\/#website"},"primaryImageOfPage":{"@id":"https:\/\/mandragorastore.pl\/product\/spodnie-ora-czarne\/#primaryimage"},"image":{"@id":"https:\/\/mandragorastore.pl\/product\/spodnie-ora-czarne\/#primaryimage"},"thumbnailUrl":"https:\/\/mandragorastore.pl\/wp-content\/uploads\/2025\/10\/2-53.webp","datePublished":"2025-10-06T14:56:19+00:00","dateModified":"2026-03-24T22:07:33+00:00","breadcrumb":{"@id":"https:\/\/mandragorastore.pl\/product\/spodnie-ora-czarne\/#breadcrumb"},"inLanguage":"en-US","potentialAction":[{"@type":"ReadAction","target":["https:\/\/mandragorastore.pl\/product\/spodnie-ora-czarne\/"]}]},{"@type":"ImageObject","inLanguage":"en-US","@id":"https:\/\/mandragorastore.pl\/product\/spodnie-ora-czarne\/#primaryimage","url":"https:\/\/mandragorastore.pl\/wp-content\/uploads\/2025\/10\/2-53.webp","contentUrl":"https:\/\/mandragorastore.pl\/wp-content\/uploads\/2025\/10\/2-53.webp","width":1500,"height":2000},{"@type":"BreadcrumbList","@id":"https:\/\/mandragorastore.pl\/product\/spodnie-ora-czarne\/#breadcrumb","itemListElement":[{"@type":"ListItem","position":1,"name":"Strona g\u0142\u00f3wna","item":"https:\/\/mandragorastore.pl\/"},{"@type":"ListItem","position":2,"name":"Katalog","item":"https:\/\/mandragorastore.pl\/sklep\/"},{"@type":"ListItem","position":3,"name":"Spodnie Ora Czarne"}]},{"@type":"WebSite","@id":"https:\/\/mandragorastore.pl\/#website","url":"https:\/\/mandragorastore.pl\/","name":"Mandragora by Martyna - Unique Clothing Store for Women","description":"","publisher":{"@id":"https:\/\/mandragorastore.pl\/#organization"},"potentialAction":[{"@type":"SearchAction","target":{"@type":"EntryPoint","urlTemplate":"https:\/\/mandragorastore.pl\/?s={search_term_string}"},"query-input":{"@type":"PropertyValueSpecification","valueRequired":true,"valueName":"search_term_string"}}],"inLanguage":"en-US"},{"@type":"Organization","@id":"https:\/\/mandragorastore.pl\/#organization","name":"Mandragora by Martyna - Unique Clothing Store for Women","url":"https:\/\/mandragorastore.pl\/","logo":{"@type":"ImageObject","inLanguage":"en-US","@id":"https:\/\/mandragorastore.pl\/#\/schema\/logo\/image\/","url":"https:\/\/mandragorastore.pl\/wp-content\/uploads\/2025\/10\/COVER.categories.png","contentUrl":"https:\/\/mandragorastore.pl\/wp-content\/uploads\/2025\/10\/COVER.categories.png","width":800,"height":801,"caption":"Mandragora by Martyna - Wyj\u0105tkowy sklep odzie\u017cowy dla kobiet"},"image":{"@id":"https:\/\/mandragorastore.pl\/#\/schema\/logo\/image\/"},"sameAs":["https:\/\/www.facebook.com\/madragorastore\/","https:\/\/www.instagram.com\/mandragorastore.pl\/"]}]}},"_links":{"self":[{"href":"https:\/\/mandragorastore.pl\/en\/wp-json\/wp\/v2\/product\/1521","targetHints":{"allow":["GET"]}}],"collection":[{"href":"https:\/\/mandragorastore.pl\/en\/wp-json\/wp\/v2\/product"}],"about":[{"href":"https:\/\/mandragorastore.pl\/en\/wp-json\/wp\/v2\/types\/product"}],"wp:featuredmedia":[{"embeddable":true,"href":"https:\/\/mandragorastore.pl\/en\/wp-json\/wp\/v2\/media\/1523"}],"wp:attachment":[{"href":"https:\/\/mandragorastore.pl\/en\/wp-json\/wp\/v2\/media?parent=1521"}],"wp:term":[{"taxonomy":"product_brand","embeddable":true,"href":"https:\/\/mandragorastore.pl\/en\/wp-json\/wp\/v2\/product_brand?post=1521"},{"taxonomy":"product_cat","embeddable":true,"href":"https:\/\/mandragorastore.pl\/en\/wp-json\/wp\/v2\/product_cat?post=1521"},{"taxonomy":"product_tag","embeddable":true,"href":"https:\/\/mandragorastore.pl\/en\/wp-json\/wp\/v2\/product_tag?post=1521"}],"curies":[{"name":"WP","href":"https:\/\/api.w.org\/{rel}","templated":true}]}}