{"id":1534,"date":"2025-10-06T16:56:20","date_gmt":"2025-10-06T14:56:20","guid":{"rendered":"https:\/\/mandragorastore.pl\/?post_type=product&#038;p=1534"},"modified":"2026-03-17T18:51:44","modified_gmt":"2026-03-17T17:51:44","slug":"spodenki-glen-czarne","status":"publish","type":"product","link":"https:\/\/mandragorastore.pl\/en\/product\/spodenki-glen-czarne\/","title":{"rendered":"Glen Shorts Black"},"content":{"rendered":"<p dir=\"ltr\"><span style=\"font-weight: 400;\">The model is 170 cm tall and presents size XS\/S.<\/span><span style=\"font-weight: 400;\"><br \/>\n<\/span><span style=\"font-weight: 400;\">bust 84 cm waist 60 cm hips 90 cm<\/span><\/p>\n<ul class=\"\">\n<li class=\"\"><span class=\"\">Fast delivery\u00a0<\/span><\/li>\n<li class=\"\">14 days for easy return<\/li>\n<li>PayPo payment option<\/li>\n<\/ul>\n<p>Cost of Delivery:<\/p>\n<ul>\n<li>InPost courier service: PLN 15.00<\/li>\n<li>Parcel Post Inpost: PLN 13.00<\/li>\n<li>Cash on delivery: PLN 17.00<\/li>\n<\/ul>\n<p>Dimensions:<\/p>\n<table>\n<tbody>\n<tr>\n<td><span style=\"font-weight: 400;\">\u00a0<\/span><\/td>\n<td><span style=\"font-weight: 400;\">XS\/S<\/span><\/td>\n<td><span style=\"font-weight: 400;\">S\/M<\/span><\/td>\n<td><span style=\"font-weight: 400;\">M\/L<\/span><\/td>\n<\/tr>\n<tr>\n<td><span style=\"font-weight: 400;\">Belt<\/span><\/td>\n<td><span style=\"font-weight: 400;\">62 - 70 cm<\/span><\/td>\n<td><span style=\"font-weight: 400;\">70 - 76 cm<\/span><\/td>\n<td><span style=\"font-weight: 400;\">76 - 82 cm<\/span><\/td>\n<\/tr>\n<tr>\n<td><span style=\"font-weight: 400;\">Hips<\/span><\/td>\n<td><span style=\"font-weight: 400;\">88 - 96 cm<\/span><\/td>\n<td><span style=\"font-weight: 400;\">96 - 102 cm<\/span><\/td>\n<td><span style=\"font-weight: 400;\">102 - 108 cm<\/span><\/td>\n<\/tr>\n<tr>\n<td><span style=\"font-weight: 400;\">Overall length<\/span><\/td>\n<td><span style=\"font-weight: 400;\">41 cm<\/span><\/td>\n<td><span style=\"font-weight: 400;\">42 cm<\/span><\/td>\n<td><span style=\"font-weight: 400;\">43 cm<\/span><\/td>\n<\/tr>\n<\/tbody>\n<\/table>\n<p>&nbsp;<\/p>","protected":false},"excerpt":{"rendered":"<p><span style=\"font-weight: 400;\">The elegant Glen short shorts are an excellent choice for women who appreciate both style and comfort. Made of high-quality cotton with added elastane, they offer a perfect fit and full freedom. The material is soft, breathable and slightly stretchy, which makes the shorts work great all day long.<\/span><\/p>\n<p><span style=\"font-weight: 400;\">High rise emphasizes the silhouette and optically lengthens the legs. Elegant cut with straight legs. Comes with a subtle belt, made of the same material, which perfectly complements the whole. Fastened with a zipper.<\/span><\/p>\n<p><span style=\"font-weight: 400;\">Wear them with an Ivy top to create a casual summer look, or pair them with a Madden shirt to achieve a more elegant look, perfect for a variety of occasions.<\/span><\/p>\n<p>Composition: 98% cotton, 2% elastane<\/p>\n<p>Designed and sewn in Poland.<\/p>","protected":false},"featured_media":1536,"template":"","meta":[],"product_brand":[],"product_cat":[143,43],"product_tag":[],"class_list":{"0":"post-1534","1":"product","2":"type-product","3":"status-publish","4":"has-post-thumbnail","6":"product_cat-doly","7":"product_cat-spodenki","9":"first","10":"instock","11":"shipping-taxable","12":"purchasable","13":"product-type-variable","14":"has-default-attributes","15":"wpzoom-wc-spi-has-enabled"},"yoast_head":"<!-- This site is optimized with the Yoast SEO plugin v27.3 - https:\/\/yoast.com\/product\/yoast-seo-wordpress\/ -->\n<title>Spodenki Glen Czarne - MANDRAGORA - Designed for women. Made in Poland.<\/title>\n<meta name=\"robots\" content=\"index, follow, max-snippet:-1, max-image-preview:large, max-video-preview:-1\" \/>\n<link rel=\"canonical\" href=\"https:\/\/mandragorastore.pl\/en\/product\/spodenki-glen-czarne\/\" \/>\n<meta property=\"og:locale\" content=\"en_US\" \/>\n<meta property=\"og:type\" content=\"article\" \/>\n<meta property=\"og:title\" content=\"Spodenki Glen Czarne - MANDRAGORA - Designed for women. Made in Poland.\" \/>\n<meta property=\"og:description\" content=\"Eleganckie, kr\u00f3tkie spodenki Glen to doskona\u0142y wyb\u00f3r dla kobiet, kt\u00f3re ceni\u0105 zar\u00f3wno styl, jak i komfort. Wykonane z wysokiej jako\u015bci bawe\u0142ny z dodatkiem elastanu, oferuj\u0105 idealne dopasowanie i pe\u0142n\u0105 swobod\u0119. Materia\u0142 jest mi\u0119kki, przewiewny i lekko elastyczny, co sprawia, \u017ce spodenki sprawdz\u0105 si\u0119 \u015bwietnie przez ca\u0142y dzie\u0144.  Wysoki stan podkre\u015bla sylwetk\u0119 i optycznie wyd\u0142u\u017ca nogi. Elegancki kr\u00f3j z prostymi nogawkami. W zestawie subtelny pasek, wykonany z tego samego materia\u0142u, kt\u00f3ry idealnie dope\u0142nia ca\u0142o\u015b\u0107. Zapinane na suwak.  No\u015b je z topem Ivy tworz\u0105c swobodny, letni look, lub zestawiaj z koszul\u0105 Madden, by osi\u0105gn\u0105\u0107 bardziej eleganck\u0105 stylizacj\u0119, idealn\u0105 na r\u00f3\u017cne okazje.  Sk\u0142ad: 98% bawe\u0142na, 2% elastan  Projektowana i szyta w Polsce.\" \/>\n<meta property=\"og:url\" content=\"https:\/\/mandragorastore.pl\/en\/product\/spodenki-glen-czarne\/\" \/>\n<meta property=\"og:site_name\" content=\"MANDRAGORA - Designed for women. Made in Poland.\" \/>\n<meta property=\"article:publisher\" content=\"https:\/\/www.facebook.com\/madragorastore\/\" \/>\n<meta property=\"article:modified_time\" content=\"2026-03-17T17:51:44+00:00\" \/>\n<meta property=\"og:image\" content=\"https:\/\/mandragorastore.pl\/wp-content\/uploads\/2025\/10\/2-55.webp\" \/>\n\t<meta property=\"og:image:width\" content=\"1500\" \/>\n\t<meta property=\"og:image:height\" content=\"2000\" \/>\n\t<meta property=\"og:image:type\" content=\"image\/webp\" \/>\n<meta name=\"twitter:card\" content=\"summary_large_image\" \/>\n<meta name=\"twitter:label1\" content=\"Est. reading time\" \/>\n\t<meta name=\"twitter:data1\" content=\"1 minute\" \/>\n<script type=\"application\/ld+json\" class=\"yoast-schema-graph\">{\"@context\":\"https:\\\/\\\/schema.org\",\"@graph\":[{\"@type\":\"WebPage\",\"@id\":\"https:\\\/\\\/mandragorastore.pl\\\/product\\\/spodenki-glen-czarne\\\/\",\"url\":\"https:\\\/\\\/mandragorastore.pl\\\/product\\\/spodenki-glen-czarne\\\/\",\"name\":\"Spodenki Glen Czarne - MANDRAGORA - Designed for women. Made in Poland.\",\"isPartOf\":{\"@id\":\"https:\\\/\\\/mandragorastore.pl\\\/#website\"},\"primaryImageOfPage\":{\"@id\":\"https:\\\/\\\/mandragorastore.pl\\\/product\\\/spodenki-glen-czarne\\\/#primaryimage\"},\"image\":{\"@id\":\"https:\\\/\\\/mandragorastore.pl\\\/product\\\/spodenki-glen-czarne\\\/#primaryimage\"},\"thumbnailUrl\":\"https:\\\/\\\/mandragorastore.pl\\\/wp-content\\\/uploads\\\/2025\\\/10\\\/2-55.webp\",\"datePublished\":\"2025-10-06T14:56:20+00:00\",\"dateModified\":\"2026-03-17T17:51:44+00:00\",\"breadcrumb\":{\"@id\":\"https:\\\/\\\/mandragorastore.pl\\\/product\\\/spodenki-glen-czarne\\\/#breadcrumb\"},\"inLanguage\":\"en-US\",\"potentialAction\":[{\"@type\":\"ReadAction\",\"target\":[\"https:\\\/\\\/mandragorastore.pl\\\/product\\\/spodenki-glen-czarne\\\/\"]}]},{\"@type\":\"ImageObject\",\"inLanguage\":\"en-US\",\"@id\":\"https:\\\/\\\/mandragorastore.pl\\\/product\\\/spodenki-glen-czarne\\\/#primaryimage\",\"url\":\"https:\\\/\\\/mandragorastore.pl\\\/wp-content\\\/uploads\\\/2025\\\/10\\\/2-55.webp\",\"contentUrl\":\"https:\\\/\\\/mandragorastore.pl\\\/wp-content\\\/uploads\\\/2025\\\/10\\\/2-55.webp\",\"width\":1500,\"height\":2000},{\"@type\":\"BreadcrumbList\",\"@id\":\"https:\\\/\\\/mandragorastore.pl\\\/product\\\/spodenki-glen-czarne\\\/#breadcrumb\",\"itemListElement\":[{\"@type\":\"ListItem\",\"position\":1,\"name\":\"Strona g\u0142\u00f3wna\",\"item\":\"https:\\\/\\\/mandragorastore.pl\\\/\"},{\"@type\":\"ListItem\",\"position\":2,\"name\":\"Katalog\",\"item\":\"https:\\\/\\\/mandragorastore.pl\\\/sklep\\\/\"},{\"@type\":\"ListItem\",\"position\":3,\"name\":\"Spodenki Glen Czarne\"}]},{\"@type\":\"WebSite\",\"@id\":\"https:\\\/\\\/mandragorastore.pl\\\/#website\",\"url\":\"https:\\\/\\\/mandragorastore.pl\\\/\",\"name\":\"Mandragora by Martyna - Wyj\u0105tkowy sklep odzie\u017cowy dla kobiet\",\"description\":\"\",\"publisher\":{\"@id\":\"https:\\\/\\\/mandragorastore.pl\\\/#organization\"},\"potentialAction\":[{\"@type\":\"SearchAction\",\"target\":{\"@type\":\"EntryPoint\",\"urlTemplate\":\"https:\\\/\\\/mandragorastore.pl\\\/?s={search_term_string}\"},\"query-input\":{\"@type\":\"PropertyValueSpecification\",\"valueRequired\":true,\"valueName\":\"search_term_string\"}}],\"inLanguage\":\"en-US\"},{\"@type\":\"Organization\",\"@id\":\"https:\\\/\\\/mandragorastore.pl\\\/#organization\",\"name\":\"Mandragora by Martyna - Wyj\u0105tkowy sklep odzie\u017cowy dla kobiet\",\"url\":\"https:\\\/\\\/mandragorastore.pl\\\/\",\"logo\":{\"@type\":\"ImageObject\",\"inLanguage\":\"en-US\",\"@id\":\"https:\\\/\\\/mandragorastore.pl\\\/#\\\/schema\\\/logo\\\/image\\\/\",\"url\":\"https:\\\/\\\/mandragorastore.pl\\\/wp-content\\\/uploads\\\/2025\\\/10\\\/COVER.categories.png\",\"contentUrl\":\"https:\\\/\\\/mandragorastore.pl\\\/wp-content\\\/uploads\\\/2025\\\/10\\\/COVER.categories.png\",\"width\":800,\"height\":801,\"caption\":\"Mandragora by Martyna - Wyj\u0105tkowy sklep odzie\u017cowy dla kobiet\"},\"image\":{\"@id\":\"https:\\\/\\\/mandragorastore.pl\\\/#\\\/schema\\\/logo\\\/image\\\/\"},\"sameAs\":[\"https:\\\/\\\/www.facebook.com\\\/madragorastore\\\/\",\"https:\\\/\\\/www.instagram.com\\\/mandragorastore.pl\\\/\"]}]}<\/script>\n<!-- \/ Yoast SEO plugin. -->","yoast_head_json":{"title":"Spodenki Glen Czarne - MANDRAGORA - Designed for women. Made in Poland.","robots":{"index":"index","follow":"follow","max-snippet":"max-snippet:-1","max-image-preview":"max-image-preview:large","max-video-preview":"max-video-preview:-1"},"canonical":"https:\/\/mandragorastore.pl\/en\/product\/spodenki-glen-czarne\/","og_locale":"en_US","og_type":"article","og_title":"Spodenki Glen Czarne - MANDRAGORA - Designed for women. Made in Poland.","og_description":"Eleganckie, kr\u00f3tkie spodenki Glen to doskona\u0142y wyb\u00f3r dla kobiet, kt\u00f3re ceni\u0105 zar\u00f3wno styl, jak i komfort. Wykonane z wysokiej jako\u015bci bawe\u0142ny z dodatkiem elastanu, oferuj\u0105 idealne dopasowanie i pe\u0142n\u0105 swobod\u0119. Materia\u0142 jest mi\u0119kki, przewiewny i lekko elastyczny, co sprawia, \u017ce spodenki sprawdz\u0105 si\u0119 \u015bwietnie przez ca\u0142y dzie\u0144.  Wysoki stan podkre\u015bla sylwetk\u0119 i optycznie wyd\u0142u\u017ca nogi. Elegancki kr\u00f3j z prostymi nogawkami. W zestawie subtelny pasek, wykonany z tego samego materia\u0142u, kt\u00f3ry idealnie dope\u0142nia ca\u0142o\u015b\u0107. Zapinane na suwak.  No\u015b je z topem Ivy tworz\u0105c swobodny, letni look, lub zestawiaj z koszul\u0105 Madden, by osi\u0105gn\u0105\u0107 bardziej eleganck\u0105 stylizacj\u0119, idealn\u0105 na r\u00f3\u017cne okazje.  Sk\u0142ad: 98% bawe\u0142na, 2% elastan  Projektowana i szyta w Polsce.","og_url":"https:\/\/mandragorastore.pl\/en\/product\/spodenki-glen-czarne\/","og_site_name":"MANDRAGORA - Designed for women. Made in Poland.","article_publisher":"https:\/\/www.facebook.com\/madragorastore\/","article_modified_time":"2026-03-17T17:51:44+00:00","og_image":[{"width":1500,"height":2000,"url":"https:\/\/mandragorastore.pl\/wp-content\/uploads\/2025\/10\/2-55.webp","type":"image\/webp"}],"twitter_card":"summary_large_image","twitter_misc":{"Est. reading time":"1 minute"},"schema":{"@context":"https:\/\/schema.org","@graph":[{"@type":"WebPage","@id":"https:\/\/mandragorastore.pl\/product\/spodenki-glen-czarne\/","url":"https:\/\/mandragorastore.pl\/product\/spodenki-glen-czarne\/","name":"Spodenki Glen Czarne - MANDRAGORA - Designed for women. Made in Poland.","isPartOf":{"@id":"https:\/\/mandragorastore.pl\/#website"},"primaryImageOfPage":{"@id":"https:\/\/mandragorastore.pl\/product\/spodenki-glen-czarne\/#primaryimage"},"image":{"@id":"https:\/\/mandragorastore.pl\/product\/spodenki-glen-czarne\/#primaryimage"},"thumbnailUrl":"https:\/\/mandragorastore.pl\/wp-content\/uploads\/2025\/10\/2-55.webp","datePublished":"2025-10-06T14:56:20+00:00","dateModified":"2026-03-17T17:51:44+00:00","breadcrumb":{"@id":"https:\/\/mandragorastore.pl\/product\/spodenki-glen-czarne\/#breadcrumb"},"inLanguage":"en-US","potentialAction":[{"@type":"ReadAction","target":["https:\/\/mandragorastore.pl\/product\/spodenki-glen-czarne\/"]}]},{"@type":"ImageObject","inLanguage":"en-US","@id":"https:\/\/mandragorastore.pl\/product\/spodenki-glen-czarne\/#primaryimage","url":"https:\/\/mandragorastore.pl\/wp-content\/uploads\/2025\/10\/2-55.webp","contentUrl":"https:\/\/mandragorastore.pl\/wp-content\/uploads\/2025\/10\/2-55.webp","width":1500,"height":2000},{"@type":"BreadcrumbList","@id":"https:\/\/mandragorastore.pl\/product\/spodenki-glen-czarne\/#breadcrumb","itemListElement":[{"@type":"ListItem","position":1,"name":"Strona g\u0142\u00f3wna","item":"https:\/\/mandragorastore.pl\/"},{"@type":"ListItem","position":2,"name":"Katalog","item":"https:\/\/mandragorastore.pl\/sklep\/"},{"@type":"ListItem","position":3,"name":"Spodenki Glen Czarne"}]},{"@type":"WebSite","@id":"https:\/\/mandragorastore.pl\/#website","url":"https:\/\/mandragorastore.pl\/","name":"Mandragora by Martyna - Unique Clothing Store for Women","description":"","publisher":{"@id":"https:\/\/mandragorastore.pl\/#organization"},"potentialAction":[{"@type":"SearchAction","target":{"@type":"EntryPoint","urlTemplate":"https:\/\/mandragorastore.pl\/?s={search_term_string}"},"query-input":{"@type":"PropertyValueSpecification","valueRequired":true,"valueName":"search_term_string"}}],"inLanguage":"en-US"},{"@type":"Organization","@id":"https:\/\/mandragorastore.pl\/#organization","name":"Mandragora by Martyna - Unique Clothing Store for Women","url":"https:\/\/mandragorastore.pl\/","logo":{"@type":"ImageObject","inLanguage":"en-US","@id":"https:\/\/mandragorastore.pl\/#\/schema\/logo\/image\/","url":"https:\/\/mandragorastore.pl\/wp-content\/uploads\/2025\/10\/COVER.categories.png","contentUrl":"https:\/\/mandragorastore.pl\/wp-content\/uploads\/2025\/10\/COVER.categories.png","width":800,"height":801,"caption":"Mandragora by Martyna - Wyj\u0105tkowy sklep odzie\u017cowy dla kobiet"},"image":{"@id":"https:\/\/mandragorastore.pl\/#\/schema\/logo\/image\/"},"sameAs":["https:\/\/www.facebook.com\/madragorastore\/","https:\/\/www.instagram.com\/mandragorastore.pl\/"]}]}},"_links":{"self":[{"href":"https:\/\/mandragorastore.pl\/en\/wp-json\/wp\/v2\/product\/1534","targetHints":{"allow":["GET"]}}],"collection":[{"href":"https:\/\/mandragorastore.pl\/en\/wp-json\/wp\/v2\/product"}],"about":[{"href":"https:\/\/mandragorastore.pl\/en\/wp-json\/wp\/v2\/types\/product"}],"wp:featuredmedia":[{"embeddable":true,"href":"https:\/\/mandragorastore.pl\/en\/wp-json\/wp\/v2\/media\/1536"}],"wp:attachment":[{"href":"https:\/\/mandragorastore.pl\/en\/wp-json\/wp\/v2\/media?parent=1534"}],"wp:term":[{"taxonomy":"product_brand","embeddable":true,"href":"https:\/\/mandragorastore.pl\/en\/wp-json\/wp\/v2\/product_brand?post=1534"},{"taxonomy":"product_cat","embeddable":true,"href":"https:\/\/mandragorastore.pl\/en\/wp-json\/wp\/v2\/product_cat?post=1534"},{"taxonomy":"product_tag","embeddable":true,"href":"https:\/\/mandragorastore.pl\/en\/wp-json\/wp\/v2\/product_tag?post=1534"}],"curies":[{"name":"WP","href":"https:\/\/api.w.org\/{rel}","templated":true}]}}