{"id":1558,"date":"2025-10-06T16:56:20","date_gmt":"2025-10-06T14:56:20","guid":{"rendered":"https:\/\/mandragorastore.pl\/?post_type=product&#038;p=1558"},"modified":"2026-04-08T16:23:28","modified_gmt":"2026-04-08T14:23:28","slug":"spodnica-marie-brazowa","status":"publish","type":"product","link":"https:\/\/mandragorastore.pl\/en\/product\/spodnica-marie-brazowa\/","title":{"rendered":"Marie Skirt Brown"},"content":{"rendered":"<p dir=\"ltr\"><span data-ogsc=\"rgb(0, 0, 0)\" data-olk-copy-source=\"MessageBody\">The model is 171 cm tall and shows a size XS\/S.<\/span><\/p>\n<p dir=\"ltr\"><span data-ogsc=\"rgb(0, 0, 0)\">bust 94 cm waist 63 cm hips 94 cm<\/span><\/p>\n<table>\n<tbody>\n<tr>\n<td width=\"201\"><\/td>\n<td width=\"201\">XS\/S<\/td>\n<td width=\"201\">M\/L<\/td>\n<\/tr>\n<tr>\n<td width=\"201\">Belt<\/td>\n<td width=\"201\">60 - 72 cm<\/td>\n<td width=\"201\">72 - 84 cm<\/td>\n<\/tr>\n<tr>\n<td width=\"201\">Hips<\/td>\n<td width=\"201\">88 - 100 cm<\/td>\n<td width=\"201\">100 - 112 cm<\/td>\n<\/tr>\n<tr>\n<td width=\"201\">Overall length<\/td>\n<td width=\"201\">103 cm<\/td>\n<td width=\"201\">105 cm<\/td>\n<\/tr>\n<\/tbody>\n<\/table>","protected":false},"excerpt":{"rendered":"<p>Marie skirt is synonymous with sophisticated simplicity with a touch of modernity. Its fabric, characterized by refined texture and subtle structure, fills any styling. The fabric provides not only an elegant look, but also comfort, striking a balance between lightness and durability.<\/p>\n<p>Aesthetically finished, high slit at the front, breaks the simple form of the skirt. Tabs at the waist, further model its shape. Fastened with a zipper. The whole is complemented by a cord made of the same material, which can be worn as a belt or used as a subtle decorative accent.<\/p>\n<p>Wear with a Parfo longsleeve for a casual look, or pair with a Carmen shirt for a more formal look.<\/p>\n<p>Composition: 73% wool, 24% polyester, 3% elastane<\/p>\n<p>Designed and sewn in Poland.<\/p>","protected":false},"featured_media":3831,"template":"","meta":[],"product_brand":[],"product_cat":[143,33],"product_tag":[],"class_list":{"0":"post-1558","1":"product","2":"type-product","3":"status-publish","4":"has-post-thumbnail","6":"product_cat-doly","7":"product_cat-spodnice","9":"first","10":"outofstock","11":"shipping-taxable","12":"purchasable","13":"product-type-variable","14":"has-default-attributes","15":"wpzoom-wc-spi-has-enabled"},"yoast_head":"<!-- This site is optimized with the Yoast SEO plugin v27.3 - https:\/\/yoast.com\/product\/yoast-seo-wordpress\/ -->\n<title>Sp\u00f3dnica Marie Br\u0105zowa - MANDRAGORA - Designed for women. Made in Poland.<\/title>\n<meta name=\"robots\" content=\"index, follow, max-snippet:-1, max-image-preview:large, max-video-preview:-1\" \/>\n<link rel=\"canonical\" href=\"https:\/\/mandragorastore.pl\/en\/product\/spodnica-marie-brazowa\/\" \/>\n<meta property=\"og:locale\" content=\"en_US\" \/>\n<meta property=\"og:type\" content=\"article\" \/>\n<meta property=\"og:title\" content=\"Sp\u00f3dnica Marie Br\u0105zowa - MANDRAGORA - Designed for women. Made in Poland.\" \/>\n<meta property=\"og:description\" content=\"Sp\u00f3dnica Marie to synonim wyrafinowanej prostoty z nut\u0105 nowoczesno\u015bci. Jej materia\u0142, charakteryzuj\u0105cy si\u0119 szlachetn\u0105 faktur\u0105 i subteln\u0105 struktur\u0105, wype\u0142nia wszelkie stylizacje. Tkanina zapewnia nie tylko elegancki wygl\u0105d, ale tak\u017ce komfort, zachowuj\u0105c balans mi\u0119dzy lekko\u015bci\u0105 a trwa\u0142o\u015bci\u0105.  Estetycznie wyko\u0144czone, wysokie rozci\u0119cie z przodu, prze\u0142amuje prost\u0105 form\u0119 sp\u00f3dnicy. Zak\u0142adki przy talii, dodatkowo modeluj\u0105 jej kszta\u0142t. Zapinana na suwak. Ca\u0142o\u015b\u0107 dope\u0142nia wykonany z tego samego materia\u0142u sznureczek, kt\u00f3ry mo\u017cna nosi\u0107 jako pasek lub stosowa\u0107 jako subtelny akcent dekoracyjny.  No\u015b z longsleevem Parfo, stawiaj\u0105c na swobod\u0119 lub zestawiaj z koszul\u0105 Carmen, by osi\u0105gn\u0105\u0107 bardziej formalny charakter stylizacji.  Sk\u0142ad: 73% we\u0142na, 24% poliester, 3% elastan  Projektowane i szyte w Polsce.\" \/>\n<meta property=\"og:url\" content=\"https:\/\/mandragorastore.pl\/en\/product\/spodnica-marie-brazowa\/\" \/>\n<meta property=\"og:site_name\" content=\"MANDRAGORA - Designed for women. Made in Poland.\" \/>\n<meta property=\"article:publisher\" content=\"https:\/\/www.facebook.com\/madragorastore\/\" \/>\n<meta property=\"article:modified_time\" content=\"2026-04-08T14:23:28+00:00\" \/>\n<meta property=\"og:image\" content=\"https:\/\/mandragorastore.pl\/wp-content\/uploads\/2025\/10\/5-39-1.webp\" \/>\n\t<meta property=\"og:image:width\" content=\"1500\" \/>\n\t<meta property=\"og:image:height\" content=\"1500\" \/>\n\t<meta property=\"og:image:type\" content=\"image\/webp\" \/>\n<meta name=\"twitter:card\" content=\"summary_large_image\" \/>\n<meta name=\"twitter:label1\" content=\"Est. reading time\" \/>\n\t<meta name=\"twitter:data1\" content=\"1 minute\" \/>\n<script type=\"application\/ld+json\" class=\"yoast-schema-graph\">{\"@context\":\"https:\\\/\\\/schema.org\",\"@graph\":[{\"@type\":\"WebPage\",\"@id\":\"https:\\\/\\\/mandragorastore.pl\\\/product\\\/spodnica-marie-brazowa\\\/\",\"url\":\"https:\\\/\\\/mandragorastore.pl\\\/product\\\/spodnica-marie-brazowa\\\/\",\"name\":\"Sp\u00f3dnica Marie Br\u0105zowa - MANDRAGORA - Designed for women. Made in Poland.\",\"isPartOf\":{\"@id\":\"https:\\\/\\\/mandragorastore.pl\\\/#website\"},\"primaryImageOfPage\":{\"@id\":\"https:\\\/\\\/mandragorastore.pl\\\/product\\\/spodnica-marie-brazowa\\\/#primaryimage\"},\"image\":{\"@id\":\"https:\\\/\\\/mandragorastore.pl\\\/product\\\/spodnica-marie-brazowa\\\/#primaryimage\"},\"thumbnailUrl\":\"https:\\\/\\\/mandragorastore.pl\\\/wp-content\\\/uploads\\\/2025\\\/10\\\/5-39-1.webp\",\"datePublished\":\"2025-10-06T14:56:20+00:00\",\"dateModified\":\"2026-04-08T14:23:28+00:00\",\"breadcrumb\":{\"@id\":\"https:\\\/\\\/mandragorastore.pl\\\/product\\\/spodnica-marie-brazowa\\\/#breadcrumb\"},\"inLanguage\":\"en-US\",\"potentialAction\":[{\"@type\":\"ReadAction\",\"target\":[\"https:\\\/\\\/mandragorastore.pl\\\/product\\\/spodnica-marie-brazowa\\\/\"]}]},{\"@type\":\"ImageObject\",\"inLanguage\":\"en-US\",\"@id\":\"https:\\\/\\\/mandragorastore.pl\\\/product\\\/spodnica-marie-brazowa\\\/#primaryimage\",\"url\":\"https:\\\/\\\/mandragorastore.pl\\\/wp-content\\\/uploads\\\/2025\\\/10\\\/5-39-1.webp\",\"contentUrl\":\"https:\\\/\\\/mandragorastore.pl\\\/wp-content\\\/uploads\\\/2025\\\/10\\\/5-39-1.webp\",\"width\":1500,\"height\":1500},{\"@type\":\"BreadcrumbList\",\"@id\":\"https:\\\/\\\/mandragorastore.pl\\\/product\\\/spodnica-marie-brazowa\\\/#breadcrumb\",\"itemListElement\":[{\"@type\":\"ListItem\",\"position\":1,\"name\":\"Strona g\u0142\u00f3wna\",\"item\":\"https:\\\/\\\/mandragorastore.pl\\\/\"},{\"@type\":\"ListItem\",\"position\":2,\"name\":\"Katalog\",\"item\":\"https:\\\/\\\/mandragorastore.pl\\\/sklep\\\/\"},{\"@type\":\"ListItem\",\"position\":3,\"name\":\"Sp\u00f3dnica Marie Br\u0105zowa\"}]},{\"@type\":\"WebSite\",\"@id\":\"https:\\\/\\\/mandragorastore.pl\\\/#website\",\"url\":\"https:\\\/\\\/mandragorastore.pl\\\/\",\"name\":\"Mandragora by Martyna - Wyj\u0105tkowy sklep odzie\u017cowy dla kobiet\",\"description\":\"\",\"publisher\":{\"@id\":\"https:\\\/\\\/mandragorastore.pl\\\/#organization\"},\"potentialAction\":[{\"@type\":\"SearchAction\",\"target\":{\"@type\":\"EntryPoint\",\"urlTemplate\":\"https:\\\/\\\/mandragorastore.pl\\\/?s={search_term_string}\"},\"query-input\":{\"@type\":\"PropertyValueSpecification\",\"valueRequired\":true,\"valueName\":\"search_term_string\"}}],\"inLanguage\":\"en-US\"},{\"@type\":\"Organization\",\"@id\":\"https:\\\/\\\/mandragorastore.pl\\\/#organization\",\"name\":\"Mandragora by Martyna - Wyj\u0105tkowy sklep odzie\u017cowy dla kobiet\",\"url\":\"https:\\\/\\\/mandragorastore.pl\\\/\",\"logo\":{\"@type\":\"ImageObject\",\"inLanguage\":\"en-US\",\"@id\":\"https:\\\/\\\/mandragorastore.pl\\\/#\\\/schema\\\/logo\\\/image\\\/\",\"url\":\"https:\\\/\\\/mandragorastore.pl\\\/wp-content\\\/uploads\\\/2025\\\/10\\\/COVER.categories.png\",\"contentUrl\":\"https:\\\/\\\/mandragorastore.pl\\\/wp-content\\\/uploads\\\/2025\\\/10\\\/COVER.categories.png\",\"width\":800,\"height\":801,\"caption\":\"Mandragora by Martyna - Wyj\u0105tkowy sklep odzie\u017cowy dla kobiet\"},\"image\":{\"@id\":\"https:\\\/\\\/mandragorastore.pl\\\/#\\\/schema\\\/logo\\\/image\\\/\"},\"sameAs\":[\"https:\\\/\\\/www.facebook.com\\\/madragorastore\\\/\",\"https:\\\/\\\/www.instagram.com\\\/mandragorastore.pl\\\/\"]}]}<\/script>\n<!-- \/ Yoast SEO plugin. -->","yoast_head_json":{"title":"Sp\u00f3dnica Marie Br\u0105zowa - MANDRAGORA - Designed for women. Made in Poland.","robots":{"index":"index","follow":"follow","max-snippet":"max-snippet:-1","max-image-preview":"max-image-preview:large","max-video-preview":"max-video-preview:-1"},"canonical":"https:\/\/mandragorastore.pl\/en\/product\/spodnica-marie-brazowa\/","og_locale":"en_US","og_type":"article","og_title":"Sp\u00f3dnica Marie Br\u0105zowa - MANDRAGORA - Designed for women. Made in Poland.","og_description":"Sp\u00f3dnica Marie to synonim wyrafinowanej prostoty z nut\u0105 nowoczesno\u015bci. Jej materia\u0142, charakteryzuj\u0105cy si\u0119 szlachetn\u0105 faktur\u0105 i subteln\u0105 struktur\u0105, wype\u0142nia wszelkie stylizacje. Tkanina zapewnia nie tylko elegancki wygl\u0105d, ale tak\u017ce komfort, zachowuj\u0105c balans mi\u0119dzy lekko\u015bci\u0105 a trwa\u0142o\u015bci\u0105.  Estetycznie wyko\u0144czone, wysokie rozci\u0119cie z przodu, prze\u0142amuje prost\u0105 form\u0119 sp\u00f3dnicy. Zak\u0142adki przy talii, dodatkowo modeluj\u0105 jej kszta\u0142t. Zapinana na suwak. Ca\u0142o\u015b\u0107 dope\u0142nia wykonany z tego samego materia\u0142u sznureczek, kt\u00f3ry mo\u017cna nosi\u0107 jako pasek lub stosowa\u0107 jako subtelny akcent dekoracyjny.  No\u015b z longsleevem Parfo, stawiaj\u0105c na swobod\u0119 lub zestawiaj z koszul\u0105 Carmen, by osi\u0105gn\u0105\u0107 bardziej formalny charakter stylizacji.  Sk\u0142ad: 73% we\u0142na, 24% poliester, 3% elastan  Projektowane i szyte w Polsce.","og_url":"https:\/\/mandragorastore.pl\/en\/product\/spodnica-marie-brazowa\/","og_site_name":"MANDRAGORA - Designed for women. Made in Poland.","article_publisher":"https:\/\/www.facebook.com\/madragorastore\/","article_modified_time":"2026-04-08T14:23:28+00:00","og_image":[{"width":1500,"height":1500,"url":"https:\/\/mandragorastore.pl\/wp-content\/uploads\/2025\/10\/5-39-1.webp","type":"image\/webp"}],"twitter_card":"summary_large_image","twitter_misc":{"Est. reading time":"1 minute"},"schema":{"@context":"https:\/\/schema.org","@graph":[{"@type":"WebPage","@id":"https:\/\/mandragorastore.pl\/product\/spodnica-marie-brazowa\/","url":"https:\/\/mandragorastore.pl\/product\/spodnica-marie-brazowa\/","name":"Sp\u00f3dnica Marie Br\u0105zowa - MANDRAGORA - Designed for women. Made in Poland.","isPartOf":{"@id":"https:\/\/mandragorastore.pl\/#website"},"primaryImageOfPage":{"@id":"https:\/\/mandragorastore.pl\/product\/spodnica-marie-brazowa\/#primaryimage"},"image":{"@id":"https:\/\/mandragorastore.pl\/product\/spodnica-marie-brazowa\/#primaryimage"},"thumbnailUrl":"https:\/\/mandragorastore.pl\/wp-content\/uploads\/2025\/10\/5-39-1.webp","datePublished":"2025-10-06T14:56:20+00:00","dateModified":"2026-04-08T14:23:28+00:00","breadcrumb":{"@id":"https:\/\/mandragorastore.pl\/product\/spodnica-marie-brazowa\/#breadcrumb"},"inLanguage":"en-US","potentialAction":[{"@type":"ReadAction","target":["https:\/\/mandragorastore.pl\/product\/spodnica-marie-brazowa\/"]}]},{"@type":"ImageObject","inLanguage":"en-US","@id":"https:\/\/mandragorastore.pl\/product\/spodnica-marie-brazowa\/#primaryimage","url":"https:\/\/mandragorastore.pl\/wp-content\/uploads\/2025\/10\/5-39-1.webp","contentUrl":"https:\/\/mandragorastore.pl\/wp-content\/uploads\/2025\/10\/5-39-1.webp","width":1500,"height":1500},{"@type":"BreadcrumbList","@id":"https:\/\/mandragorastore.pl\/product\/spodnica-marie-brazowa\/#breadcrumb","itemListElement":[{"@type":"ListItem","position":1,"name":"Strona g\u0142\u00f3wna","item":"https:\/\/mandragorastore.pl\/"},{"@type":"ListItem","position":2,"name":"Katalog","item":"https:\/\/mandragorastore.pl\/sklep\/"},{"@type":"ListItem","position":3,"name":"Sp\u00f3dnica Marie Br\u0105zowa"}]},{"@type":"WebSite","@id":"https:\/\/mandragorastore.pl\/#website","url":"https:\/\/mandragorastore.pl\/","name":"Mandragora by Martyna - Unique Clothing Store for Women","description":"","publisher":{"@id":"https:\/\/mandragorastore.pl\/#organization"},"potentialAction":[{"@type":"SearchAction","target":{"@type":"EntryPoint","urlTemplate":"https:\/\/mandragorastore.pl\/?s={search_term_string}"},"query-input":{"@type":"PropertyValueSpecification","valueRequired":true,"valueName":"search_term_string"}}],"inLanguage":"en-US"},{"@type":"Organization","@id":"https:\/\/mandragorastore.pl\/#organization","name":"Mandragora by Martyna - Unique Clothing Store for Women","url":"https:\/\/mandragorastore.pl\/","logo":{"@type":"ImageObject","inLanguage":"en-US","@id":"https:\/\/mandragorastore.pl\/#\/schema\/logo\/image\/","url":"https:\/\/mandragorastore.pl\/wp-content\/uploads\/2025\/10\/COVER.categories.png","contentUrl":"https:\/\/mandragorastore.pl\/wp-content\/uploads\/2025\/10\/COVER.categories.png","width":800,"height":801,"caption":"Mandragora by Martyna - Wyj\u0105tkowy sklep odzie\u017cowy dla kobiet"},"image":{"@id":"https:\/\/mandragorastore.pl\/#\/schema\/logo\/image\/"},"sameAs":["https:\/\/www.facebook.com\/madragorastore\/","https:\/\/www.instagram.com\/mandragorastore.pl\/"]}]}},"_links":{"self":[{"href":"https:\/\/mandragorastore.pl\/en\/wp-json\/wp\/v2\/product\/1558","targetHints":{"allow":["GET"]}}],"collection":[{"href":"https:\/\/mandragorastore.pl\/en\/wp-json\/wp\/v2\/product"}],"about":[{"href":"https:\/\/mandragorastore.pl\/en\/wp-json\/wp\/v2\/types\/product"}],"wp:featuredmedia":[{"embeddable":true,"href":"https:\/\/mandragorastore.pl\/en\/wp-json\/wp\/v2\/media\/3831"}],"wp:attachment":[{"href":"https:\/\/mandragorastore.pl\/en\/wp-json\/wp\/v2\/media?parent=1558"}],"wp:term":[{"taxonomy":"product_brand","embeddable":true,"href":"https:\/\/mandragorastore.pl\/en\/wp-json\/wp\/v2\/product_brand?post=1558"},{"taxonomy":"product_cat","embeddable":true,"href":"https:\/\/mandragorastore.pl\/en\/wp-json\/wp\/v2\/product_cat?post=1558"},{"taxonomy":"product_tag","embeddable":true,"href":"https:\/\/mandragorastore.pl\/en\/wp-json\/wp\/v2\/product_tag?post=1558"}],"curies":[{"name":"WP","href":"https:\/\/api.w.org\/{rel}","templated":true}]}}