{"id":1575,"date":"2025-10-06T16:56:22","date_gmt":"2025-10-06T14:56:22","guid":{"rendered":"https:\/\/mandragorastore.pl\/?post_type=product&#038;p=1575"},"modified":"2026-03-17T18:53:39","modified_gmt":"2026-03-17T17:53:39","slug":"sukienka-carlo-ecru","status":"publish","type":"product","link":"https:\/\/mandragorastore.pl\/en\/product\/sukienka-carlo-ecru\/","title":{"rendered":"Carlo Ecru Dress"},"content":{"rendered":"<p dir=\"ltr\"><span style=\"font-weight: 400;\">The model is 170 cm tall and presents size XS\/S.<\/span><span style=\"font-weight: 400;\"><br \/>\n<\/span><span style=\"font-weight: 400;\">bust 84 cm waist 60 cm hips 90 cm<\/span><\/p>\n<ul class=\"\">\n<li class=\"\"><span class=\"\">Fast delivery\u00a0<\/span><\/li>\n<li class=\"\">14 days for easy return<\/li>\n<li>PayPo payment option<\/li>\n<\/ul>\n<p>Cost of Delivery:<\/p>\n<ul>\n<li>InPost courier service: PLN 15.00<\/li>\n<li>Parcel Post Inpost: PLN 13.00<\/li>\n<li>Cash on delivery: PLN 17.00<\/li>\n<\/ul>\n<p>Dimensions:<\/p>\n<table>\n<tbody>\n<tr>\n<td><\/td>\n<td><span style=\"font-weight: 400;\">XS\/S<\/span><\/td>\n<td><span style=\"font-weight: 400;\">M\/L<\/span><\/td>\n<\/tr>\n<tr>\n<td><span style=\"font-weight: 400;\">Bust<\/span><\/td>\n<td><span style=\"font-weight: 400;\">80 - 90 cm<\/span><\/td>\n<td><span style=\"font-weight: 400;\">90 - 100 cm<\/span><\/td>\n<\/tr>\n<tr>\n<td><span style=\"font-weight: 400;\">Talia<\/span><\/td>\n<td><span style=\"font-weight: 400;\">60 - 72 cm<\/span><\/td>\n<td><span style=\"font-weight: 400;\">72 - 84 cm<\/span><\/td>\n<\/tr>\n<tr>\n<td><span style=\"font-weight: 400;\">Sleeve<\/span><\/td>\n<td><span style=\"font-weight: 400;\">19 cm<\/span><\/td>\n<td><span style=\"font-weight: 400;\">21 cm<\/span><\/td>\n<\/tr>\n<tr>\n<td><span style=\"font-weight: 400;\">Overall length<\/span><\/td>\n<td><span style=\"font-weight: 400;\">96 cm<\/span><\/td>\n<td><span style=\"font-weight: 400;\">98 cm<\/span><\/td>\n<\/tr>\n<\/tbody>\n<\/table>","protected":false},"excerpt":{"rendered":"<p><span style=\"font-weight: 400;\">Carlo dress is an expression of modern femininity, which is not afraid to emphasize the silhouette. Made of soft, stretchy knit fabric with high viscose content.\u00a0<\/span><\/p>\n<p><span style=\"font-weight: 400;\">The characteristic welts on the sides allow you to adjust the length and degree of crimp individually - so you can easily adjust its cut.\u00a0<\/span><\/p>\n<p><span style=\"font-weight: 400;\">Carlo can be worn as a more classic midi or a feisty mini - the choice is yours. Decorative strings, finished with gold grommets with engraving, add subtle luxury to the look.\u00a0<\/span><\/p>\n<p><span style=\"font-weight: 400;\">A minimalist cut with a round neckline pairs well with statement jewelry, a leather jacket or a sports jacket. Wear with flip-flops, sneakers or boots - Carlo will find its way into any look.<\/span><\/p>\n<p>Composition:<span style=\"font-weight: 400;\"> 93% viscose, 7% elastane<\/span><span style=\"font-weight: 400;\"><br \/>\n<\/span>Designed and sewn in Poland.<\/p>","protected":false},"featured_media":1577,"template":"","meta":[],"product_brand":[],"product_cat":[25],"product_tag":[],"class_list":{"0":"post-1575","1":"product","2":"type-product","3":"status-publish","4":"has-post-thumbnail","6":"product_cat-sukienki","8":"first","9":"instock","10":"shipping-taxable","11":"purchasable","12":"product-type-variable","13":"has-default-attributes","14":"wpzoom-wc-spi-has-enabled"},"yoast_head":"<!-- This site is optimized with the Yoast SEO plugin v27.3 - https:\/\/yoast.com\/product\/yoast-seo-wordpress\/ -->\n<title>Sukienka Carlo Ecru - MANDRAGORA - Designed for women. Made in Poland.<\/title>\n<meta name=\"robots\" content=\"index, follow, max-snippet:-1, max-image-preview:large, max-video-preview:-1\" \/>\n<link rel=\"canonical\" href=\"https:\/\/mandragorastore.pl\/en\/product\/sukienka-carlo-ecru\/\" \/>\n<meta property=\"og:locale\" content=\"en_US\" \/>\n<meta property=\"og:type\" content=\"article\" \/>\n<meta property=\"og:title\" content=\"Sukienka Carlo Ecru - MANDRAGORA - Designed for women. Made in Poland.\" \/>\n<meta property=\"og:description\" content=\"Sukienka Carlo to wyraz nowoczesnej kobieco\u015bci, kt\u00f3ra nie boi si\u0119 podkre\u015bla\u0107 sylwetki. Uszyta z mi\u0119kkiej, elastycznej dzianiny o wysokiej zawarto\u015bci wiskozy.\u00a0  Charakterystyczne \u015bci\u0105gacze po bokach pozwalaj\u0105 na indywidualne dopasowanie d\u0142ugo\u015bci oraz stopnia marszczenia \u2013 dzi\u0119ki czemu z \u0142atwo\u015bci\u0105 dostosujesz jej fason.\u00a0  Carlo mo\u017ce by\u0107 noszona jako bardziej klasyczna midi lub zadziorna mini \u2013 wyb\u00f3r nale\u017cy do Ciebie. Ozdobne sznurki, zako\u0144czone z\u0142otymi przelotkami z grawerem, dodaj\u0105 ca\u0142o\u015bci subtelnego luksusu.\u00a0  Minimalistyczny kr\u00f3j z okr\u0105g\u0142ym dekoltem \u015bwietnie \u0142\u0105czy si\u0119 z wyrazist\u0105 bi\u017cuteri\u0105, sk\u00f3rzan\u0105 kurtk\u0105 czy sportow\u0105 marynark\u0105. No\u015b z klapkami, sneakersami lub botkami \u2013 Carlo odnajdzie si\u0119 w ka\u017cdej ods\u0142onie.  Sk\u0142ad: 93% wiskoza, 7% elastan Projektowana i szyta w Polsce.\" \/>\n<meta property=\"og:url\" content=\"https:\/\/mandragorastore.pl\/en\/product\/sukienka-carlo-ecru\/\" \/>\n<meta property=\"og:site_name\" content=\"MANDRAGORA - Designed for women. Made in Poland.\" \/>\n<meta property=\"article:publisher\" content=\"https:\/\/www.facebook.com\/madragorastore\/\" \/>\n<meta property=\"article:modified_time\" content=\"2026-03-17T17:53:39+00:00\" \/>\n<meta property=\"og:image\" content=\"https:\/\/mandragorastore.pl\/wp-content\/uploads\/2025\/10\/2-62.webp\" \/>\n\t<meta property=\"og:image:width\" content=\"1500\" \/>\n\t<meta property=\"og:image:height\" content=\"1500\" \/>\n\t<meta property=\"og:image:type\" content=\"image\/webp\" \/>\n<meta name=\"twitter:card\" content=\"summary_large_image\" \/>\n<meta name=\"twitter:label1\" content=\"Est. reading time\" \/>\n\t<meta name=\"twitter:data1\" content=\"1 minute\" \/>\n<script type=\"application\/ld+json\" class=\"yoast-schema-graph\">{\"@context\":\"https:\\\/\\\/schema.org\",\"@graph\":[{\"@type\":\"WebPage\",\"@id\":\"https:\\\/\\\/mandragorastore.pl\\\/product\\\/sukienka-carlo-ecru\\\/\",\"url\":\"https:\\\/\\\/mandragorastore.pl\\\/product\\\/sukienka-carlo-ecru\\\/\",\"name\":\"Sukienka Carlo Ecru - MANDRAGORA - Designed for women. Made in Poland.\",\"isPartOf\":{\"@id\":\"https:\\\/\\\/mandragorastore.pl\\\/#website\"},\"primaryImageOfPage\":{\"@id\":\"https:\\\/\\\/mandragorastore.pl\\\/product\\\/sukienka-carlo-ecru\\\/#primaryimage\"},\"image\":{\"@id\":\"https:\\\/\\\/mandragorastore.pl\\\/product\\\/sukienka-carlo-ecru\\\/#primaryimage\"},\"thumbnailUrl\":\"https:\\\/\\\/mandragorastore.pl\\\/wp-content\\\/uploads\\\/2025\\\/10\\\/2-62.webp\",\"datePublished\":\"2025-10-06T14:56:22+00:00\",\"dateModified\":\"2026-03-17T17:53:39+00:00\",\"breadcrumb\":{\"@id\":\"https:\\\/\\\/mandragorastore.pl\\\/product\\\/sukienka-carlo-ecru\\\/#breadcrumb\"},\"inLanguage\":\"en-US\",\"potentialAction\":[{\"@type\":\"ReadAction\",\"target\":[\"https:\\\/\\\/mandragorastore.pl\\\/product\\\/sukienka-carlo-ecru\\\/\"]}]},{\"@type\":\"ImageObject\",\"inLanguage\":\"en-US\",\"@id\":\"https:\\\/\\\/mandragorastore.pl\\\/product\\\/sukienka-carlo-ecru\\\/#primaryimage\",\"url\":\"https:\\\/\\\/mandragorastore.pl\\\/wp-content\\\/uploads\\\/2025\\\/10\\\/2-62.webp\",\"contentUrl\":\"https:\\\/\\\/mandragorastore.pl\\\/wp-content\\\/uploads\\\/2025\\\/10\\\/2-62.webp\",\"width\":1500,\"height\":1500},{\"@type\":\"BreadcrumbList\",\"@id\":\"https:\\\/\\\/mandragorastore.pl\\\/product\\\/sukienka-carlo-ecru\\\/#breadcrumb\",\"itemListElement\":[{\"@type\":\"ListItem\",\"position\":1,\"name\":\"Strona g\u0142\u00f3wna\",\"item\":\"https:\\\/\\\/mandragorastore.pl\\\/\"},{\"@type\":\"ListItem\",\"position\":2,\"name\":\"Katalog\",\"item\":\"https:\\\/\\\/mandragorastore.pl\\\/sklep\\\/\"},{\"@type\":\"ListItem\",\"position\":3,\"name\":\"Sukienka Carlo Ecru\"}]},{\"@type\":\"WebSite\",\"@id\":\"https:\\\/\\\/mandragorastore.pl\\\/#website\",\"url\":\"https:\\\/\\\/mandragorastore.pl\\\/\",\"name\":\"Mandragora by Martyna - Wyj\u0105tkowy sklep odzie\u017cowy dla kobiet\",\"description\":\"\",\"publisher\":{\"@id\":\"https:\\\/\\\/mandragorastore.pl\\\/#organization\"},\"potentialAction\":[{\"@type\":\"SearchAction\",\"target\":{\"@type\":\"EntryPoint\",\"urlTemplate\":\"https:\\\/\\\/mandragorastore.pl\\\/?s={search_term_string}\"},\"query-input\":{\"@type\":\"PropertyValueSpecification\",\"valueRequired\":true,\"valueName\":\"search_term_string\"}}],\"inLanguage\":\"en-US\"},{\"@type\":\"Organization\",\"@id\":\"https:\\\/\\\/mandragorastore.pl\\\/#organization\",\"name\":\"Mandragora by Martyna - Wyj\u0105tkowy sklep odzie\u017cowy dla kobiet\",\"url\":\"https:\\\/\\\/mandragorastore.pl\\\/\",\"logo\":{\"@type\":\"ImageObject\",\"inLanguage\":\"en-US\",\"@id\":\"https:\\\/\\\/mandragorastore.pl\\\/#\\\/schema\\\/logo\\\/image\\\/\",\"url\":\"https:\\\/\\\/mandragorastore.pl\\\/wp-content\\\/uploads\\\/2025\\\/10\\\/COVER.categories.png\",\"contentUrl\":\"https:\\\/\\\/mandragorastore.pl\\\/wp-content\\\/uploads\\\/2025\\\/10\\\/COVER.categories.png\",\"width\":800,\"height\":801,\"caption\":\"Mandragora by Martyna - Wyj\u0105tkowy sklep odzie\u017cowy dla kobiet\"},\"image\":{\"@id\":\"https:\\\/\\\/mandragorastore.pl\\\/#\\\/schema\\\/logo\\\/image\\\/\"},\"sameAs\":[\"https:\\\/\\\/www.facebook.com\\\/madragorastore\\\/\",\"https:\\\/\\\/www.instagram.com\\\/mandragorastore.pl\\\/\"]}]}<\/script>\n<!-- \/ Yoast SEO plugin. -->","yoast_head_json":{"title":"Sukienka Carlo Ecru - MANDRAGORA - Designed for women. Made in Poland.","robots":{"index":"index","follow":"follow","max-snippet":"max-snippet:-1","max-image-preview":"max-image-preview:large","max-video-preview":"max-video-preview:-1"},"canonical":"https:\/\/mandragorastore.pl\/en\/product\/sukienka-carlo-ecru\/","og_locale":"en_US","og_type":"article","og_title":"Sukienka Carlo Ecru - MANDRAGORA - Designed for women. Made in Poland.","og_description":"Sukienka Carlo to wyraz nowoczesnej kobieco\u015bci, kt\u00f3ra nie boi si\u0119 podkre\u015bla\u0107 sylwetki. Uszyta z mi\u0119kkiej, elastycznej dzianiny o wysokiej zawarto\u015bci wiskozy.\u00a0  Charakterystyczne \u015bci\u0105gacze po bokach pozwalaj\u0105 na indywidualne dopasowanie d\u0142ugo\u015bci oraz stopnia marszczenia \u2013 dzi\u0119ki czemu z \u0142atwo\u015bci\u0105 dostosujesz jej fason.\u00a0  Carlo mo\u017ce by\u0107 noszona jako bardziej klasyczna midi lub zadziorna mini \u2013 wyb\u00f3r nale\u017cy do Ciebie. Ozdobne sznurki, zako\u0144czone z\u0142otymi przelotkami z grawerem, dodaj\u0105 ca\u0142o\u015bci subtelnego luksusu.\u00a0  Minimalistyczny kr\u00f3j z okr\u0105g\u0142ym dekoltem \u015bwietnie \u0142\u0105czy si\u0119 z wyrazist\u0105 bi\u017cuteri\u0105, sk\u00f3rzan\u0105 kurtk\u0105 czy sportow\u0105 marynark\u0105. No\u015b z klapkami, sneakersami lub botkami \u2013 Carlo odnajdzie si\u0119 w ka\u017cdej ods\u0142onie.  Sk\u0142ad: 93% wiskoza, 7% elastan Projektowana i szyta w Polsce.","og_url":"https:\/\/mandragorastore.pl\/en\/product\/sukienka-carlo-ecru\/","og_site_name":"MANDRAGORA - Designed for women. Made in Poland.","article_publisher":"https:\/\/www.facebook.com\/madragorastore\/","article_modified_time":"2026-03-17T17:53:39+00:00","og_image":[{"width":1500,"height":1500,"url":"https:\/\/mandragorastore.pl\/wp-content\/uploads\/2025\/10\/2-62.webp","type":"image\/webp"}],"twitter_card":"summary_large_image","twitter_misc":{"Est. reading time":"1 minute"},"schema":{"@context":"https:\/\/schema.org","@graph":[{"@type":"WebPage","@id":"https:\/\/mandragorastore.pl\/product\/sukienka-carlo-ecru\/","url":"https:\/\/mandragorastore.pl\/product\/sukienka-carlo-ecru\/","name":"Sukienka Carlo Ecru - MANDRAGORA - Designed for women. Made in Poland.","isPartOf":{"@id":"https:\/\/mandragorastore.pl\/#website"},"primaryImageOfPage":{"@id":"https:\/\/mandragorastore.pl\/product\/sukienka-carlo-ecru\/#primaryimage"},"image":{"@id":"https:\/\/mandragorastore.pl\/product\/sukienka-carlo-ecru\/#primaryimage"},"thumbnailUrl":"https:\/\/mandragorastore.pl\/wp-content\/uploads\/2025\/10\/2-62.webp","datePublished":"2025-10-06T14:56:22+00:00","dateModified":"2026-03-17T17:53:39+00:00","breadcrumb":{"@id":"https:\/\/mandragorastore.pl\/product\/sukienka-carlo-ecru\/#breadcrumb"},"inLanguage":"en-US","potentialAction":[{"@type":"ReadAction","target":["https:\/\/mandragorastore.pl\/product\/sukienka-carlo-ecru\/"]}]},{"@type":"ImageObject","inLanguage":"en-US","@id":"https:\/\/mandragorastore.pl\/product\/sukienka-carlo-ecru\/#primaryimage","url":"https:\/\/mandragorastore.pl\/wp-content\/uploads\/2025\/10\/2-62.webp","contentUrl":"https:\/\/mandragorastore.pl\/wp-content\/uploads\/2025\/10\/2-62.webp","width":1500,"height":1500},{"@type":"BreadcrumbList","@id":"https:\/\/mandragorastore.pl\/product\/sukienka-carlo-ecru\/#breadcrumb","itemListElement":[{"@type":"ListItem","position":1,"name":"Strona g\u0142\u00f3wna","item":"https:\/\/mandragorastore.pl\/"},{"@type":"ListItem","position":2,"name":"Katalog","item":"https:\/\/mandragorastore.pl\/sklep\/"},{"@type":"ListItem","position":3,"name":"Sukienka Carlo Ecru"}]},{"@type":"WebSite","@id":"https:\/\/mandragorastore.pl\/#website","url":"https:\/\/mandragorastore.pl\/","name":"Mandragora by Martyna - Unique Clothing Store for Women","description":"","publisher":{"@id":"https:\/\/mandragorastore.pl\/#organization"},"potentialAction":[{"@type":"SearchAction","target":{"@type":"EntryPoint","urlTemplate":"https:\/\/mandragorastore.pl\/?s={search_term_string}"},"query-input":{"@type":"PropertyValueSpecification","valueRequired":true,"valueName":"search_term_string"}}],"inLanguage":"en-US"},{"@type":"Organization","@id":"https:\/\/mandragorastore.pl\/#organization","name":"Mandragora by Martyna - Unique Clothing Store for Women","url":"https:\/\/mandragorastore.pl\/","logo":{"@type":"ImageObject","inLanguage":"en-US","@id":"https:\/\/mandragorastore.pl\/#\/schema\/logo\/image\/","url":"https:\/\/mandragorastore.pl\/wp-content\/uploads\/2025\/10\/COVER.categories.png","contentUrl":"https:\/\/mandragorastore.pl\/wp-content\/uploads\/2025\/10\/COVER.categories.png","width":800,"height":801,"caption":"Mandragora by Martyna - Wyj\u0105tkowy sklep odzie\u017cowy dla kobiet"},"image":{"@id":"https:\/\/mandragorastore.pl\/#\/schema\/logo\/image\/"},"sameAs":["https:\/\/www.facebook.com\/madragorastore\/","https:\/\/www.instagram.com\/mandragorastore.pl\/"]}]}},"_links":{"self":[{"href":"https:\/\/mandragorastore.pl\/en\/wp-json\/wp\/v2\/product\/1575","targetHints":{"allow":["GET"]}}],"collection":[{"href":"https:\/\/mandragorastore.pl\/en\/wp-json\/wp\/v2\/product"}],"about":[{"href":"https:\/\/mandragorastore.pl\/en\/wp-json\/wp\/v2\/types\/product"}],"wp:featuredmedia":[{"embeddable":true,"href":"https:\/\/mandragorastore.pl\/en\/wp-json\/wp\/v2\/media\/1577"}],"wp:attachment":[{"href":"https:\/\/mandragorastore.pl\/en\/wp-json\/wp\/v2\/media?parent=1575"}],"wp:term":[{"taxonomy":"product_brand","embeddable":true,"href":"https:\/\/mandragorastore.pl\/en\/wp-json\/wp\/v2\/product_brand?post=1575"},{"taxonomy":"product_cat","embeddable":true,"href":"https:\/\/mandragorastore.pl\/en\/wp-json\/wp\/v2\/product_cat?post=1575"},{"taxonomy":"product_tag","embeddable":true,"href":"https:\/\/mandragorastore.pl\/en\/wp-json\/wp\/v2\/product_tag?post=1575"}],"curies":[{"name":"WP","href":"https:\/\/api.w.org\/{rel}","templated":true}]}}