{"id":1598,"date":"2025-10-06T16:56:23","date_gmt":"2025-10-06T14:56:23","guid":{"rendered":"https:\/\/mandragorastore.pl\/?post_type=product&#038;p=1598"},"modified":"2026-03-17T18:54:52","modified_gmt":"2026-03-17T17:54:52","slug":"sukienka-meg-bezowa","status":"publish","type":"product","link":"https:\/\/mandragorastore.pl\/en\/product\/sukienka-meg-bezowa\/","title":{"rendered":"Meg Beige Dress"},"content":{"rendered":"<p dir=\"ltr\"><span style=\"font-weight: 400;\">The model is 170 cm tall and presents size XS\/S.<\/span><span style=\"font-weight: 400;\"><br \/>\n<\/span><span style=\"font-weight: 400;\">bust 84 cm waist 60 cm hips 90 cm<\/span><\/p>\n<ul class=\"\">\n<li class=\"\"><span class=\"\">Fast delivery\u00a0<\/span><\/li>\n<li class=\"\">14 days for easy return<\/li>\n<li>PayPo payment option<\/li>\n<\/ul>\n<p>Cost of Delivery:<\/p>\n<ul>\n<li>InPost courier service: PLN 15.00<\/li>\n<li>Parcel Post Inpost: PLN 13.00<\/li>\n<li>Cash on delivery: PLN 17.00<\/li>\n<\/ul>\n<p>Dimensions:<\/p>\n<table>\n<tbody>\n<tr>\n<td><\/td>\n<td><span style=\"font-weight: 400;\">XS\/S<\/span><\/td>\n<td><span style=\"font-weight: 400;\">M\/L<\/span><\/td>\n<\/tr>\n<tr>\n<td><span style=\"font-weight: 400;\">Bust<\/span><\/td>\n<td><span style=\"font-weight: 400;\">80 - 88 cm<\/span><\/td>\n<td><span style=\"font-weight: 400;\">86 - 98 cm<\/span><\/td>\n<\/tr>\n<tr>\n<td><span style=\"font-weight: 400;\">Talia<\/span><\/td>\n<td><span style=\"font-weight: 400;\">60 - 72 cm<\/span><\/td>\n<td><span style=\"font-weight: 400;\">72 - 84 cm<\/span><\/td>\n<\/tr>\n<tr>\n<td><span style=\"font-weight: 400;\">Front length<\/span><\/td>\n<td><span style=\"font-weight: 400;\">130 cm<\/span><\/td>\n<td><span style=\"font-weight: 400;\">132 cm<\/span><\/td>\n<\/tr>\n<tr>\n<td><span style=\"font-weight: 400;\">Back length<\/span><\/td>\n<td><span style=\"font-weight: 400;\">140 cm<\/span><\/td>\n<td><span style=\"font-weight: 400;\">142 cm\u00a0<\/span><\/td>\n<\/tr>\n<\/tbody>\n<\/table>","protected":false},"excerpt":{"rendered":"<p><span style=\"font-weight: 400;\">The Meg dress is a combination of delicacy, femininity and sophisticated simplicity. Made from a soft blend of viscose and linen, it sits comfortably on the figure, allowing the skin to breathe on warmer days.\u00a0<\/span><\/p>\n<p><span style=\"font-weight: 400;\">The subtle corset cut emphasizes the shoulder line and accentuates the neckline. A flared hem with a ruffle adds lightness, making each step soft and flowing.<\/span><\/p>\n<p><span style=\"font-weight: 400;\">This is a model that will easily find its way into everyday styling - wear with delicate flip-flops or sandals to emphasize its holiday character, match with a blazer and stiletto shoes to create a look for the evening.<\/span><\/p>\n<p>Composition:<span style=\"font-weight: 400;\"> 70% viscose, 30% linen<\/span><span style=\"font-weight: 400;\"><br \/>\n<\/span>Designed and sewn in Poland.<\/p>","protected":false},"featured_media":1600,"template":"","meta":[],"product_brand":[],"product_cat":[25],"product_tag":[],"class_list":{"0":"post-1598","1":"product","2":"type-product","3":"status-publish","4":"has-post-thumbnail","6":"product_cat-sukienki","8":"first","9":"instock","10":"shipping-taxable","11":"purchasable","12":"product-type-variable","13":"has-default-attributes","14":"wpzoom-wc-spi-has-enabled"},"yoast_head":"<!-- This site is optimized with the Yoast SEO plugin v27.3 - https:\/\/yoast.com\/product\/yoast-seo-wordpress\/ -->\n<title>Sukienka Meg Be\u017cowa - MANDRAGORA - Designed for women. Made in Poland.<\/title>\n<meta name=\"robots\" content=\"index, follow, max-snippet:-1, max-image-preview:large, max-video-preview:-1\" \/>\n<link rel=\"canonical\" href=\"https:\/\/mandragorastore.pl\/en\/product\/sukienka-meg-bezowa\/\" \/>\n<meta property=\"og:locale\" content=\"en_US\" \/>\n<meta property=\"og:type\" content=\"article\" \/>\n<meta property=\"og:title\" content=\"Sukienka Meg Be\u017cowa - MANDRAGORA - Designed for women. Made in Poland.\" \/>\n<meta property=\"og:description\" content=\"Sukienka Meg to po\u0142\u0105czenie delikatno\u015bci, kobieco\u015bci i wyrafinowanej prostoty. Uszyta z mi\u0119kkiej mieszanki wiskozy i lnu, swobodnie uk\u0142ada si\u0119 na sylwetce, pozwalaj\u0105c sk\u00f3rze oddycha\u0107 w cieplejsze dni.\u00a0  Subtelny gorsetowy fason podkre\u015bla lini\u0119 ramion oraz akcentuje dekolt. Rozkloszowany d\u00f3\u0142 z falban\u0105 nadaje lekko\u015bci, sprawiaj\u0105c, \u017ce ka\u017cdy krok zyskuje mi\u0119kko\u015b\u0107 i p\u0142ynno\u015b\u0107.  To model, kt\u00f3ry z \u0142atwo\u015bci\u0105 odnajdzie si\u0119 w codziennych stylizacjach \u2013 no\u015b z delikatnymi klapkami lub sanda\u0142ami, by podkre\u015bli\u0107 jej wakacyjny charakter, zestaw z marynark\u0105 i butami na s\u0142upku, by stworzy\u0107 look na wiecz\u00f3r.  Sk\u0142ad: 70% wiskoza, 30% len Projektowane i szyte w Polsce.\" \/>\n<meta property=\"og:url\" content=\"https:\/\/mandragorastore.pl\/en\/product\/sukienka-meg-bezowa\/\" \/>\n<meta property=\"og:site_name\" content=\"MANDRAGORA - Designed for women. Made in Poland.\" \/>\n<meta property=\"article:publisher\" content=\"https:\/\/www.facebook.com\/madragorastore\/\" \/>\n<meta property=\"article:modified_time\" content=\"2026-03-17T17:54:52+00:00\" \/>\n<meta property=\"og:image\" content=\"https:\/\/mandragorastore.pl\/wp-content\/uploads\/2025\/10\/2-65.webp\" \/>\n\t<meta property=\"og:image:width\" content=\"1500\" \/>\n\t<meta property=\"og:image:height\" content=\"1500\" \/>\n\t<meta property=\"og:image:type\" content=\"image\/webp\" \/>\n<meta name=\"twitter:card\" content=\"summary_large_image\" \/>\n<meta name=\"twitter:label1\" content=\"Est. reading time\" \/>\n\t<meta name=\"twitter:data1\" content=\"1 minute\" \/>\n<script type=\"application\/ld+json\" class=\"yoast-schema-graph\">{\"@context\":\"https:\\\/\\\/schema.org\",\"@graph\":[{\"@type\":\"WebPage\",\"@id\":\"https:\\\/\\\/mandragorastore.pl\\\/product\\\/sukienka-meg-bezowa\\\/\",\"url\":\"https:\\\/\\\/mandragorastore.pl\\\/product\\\/sukienka-meg-bezowa\\\/\",\"name\":\"Sukienka Meg Be\u017cowa - MANDRAGORA - Designed for women. Made in Poland.\",\"isPartOf\":{\"@id\":\"https:\\\/\\\/mandragorastore.pl\\\/#website\"},\"primaryImageOfPage\":{\"@id\":\"https:\\\/\\\/mandragorastore.pl\\\/product\\\/sukienka-meg-bezowa\\\/#primaryimage\"},\"image\":{\"@id\":\"https:\\\/\\\/mandragorastore.pl\\\/product\\\/sukienka-meg-bezowa\\\/#primaryimage\"},\"thumbnailUrl\":\"https:\\\/\\\/mandragorastore.pl\\\/wp-content\\\/uploads\\\/2025\\\/10\\\/2-65.webp\",\"datePublished\":\"2025-10-06T14:56:23+00:00\",\"dateModified\":\"2026-03-17T17:54:52+00:00\",\"breadcrumb\":{\"@id\":\"https:\\\/\\\/mandragorastore.pl\\\/product\\\/sukienka-meg-bezowa\\\/#breadcrumb\"},\"inLanguage\":\"en-US\",\"potentialAction\":[{\"@type\":\"ReadAction\",\"target\":[\"https:\\\/\\\/mandragorastore.pl\\\/product\\\/sukienka-meg-bezowa\\\/\"]}]},{\"@type\":\"ImageObject\",\"inLanguage\":\"en-US\",\"@id\":\"https:\\\/\\\/mandragorastore.pl\\\/product\\\/sukienka-meg-bezowa\\\/#primaryimage\",\"url\":\"https:\\\/\\\/mandragorastore.pl\\\/wp-content\\\/uploads\\\/2025\\\/10\\\/2-65.webp\",\"contentUrl\":\"https:\\\/\\\/mandragorastore.pl\\\/wp-content\\\/uploads\\\/2025\\\/10\\\/2-65.webp\",\"width\":1500,\"height\":1500},{\"@type\":\"BreadcrumbList\",\"@id\":\"https:\\\/\\\/mandragorastore.pl\\\/product\\\/sukienka-meg-bezowa\\\/#breadcrumb\",\"itemListElement\":[{\"@type\":\"ListItem\",\"position\":1,\"name\":\"Strona g\u0142\u00f3wna\",\"item\":\"https:\\\/\\\/mandragorastore.pl\\\/\"},{\"@type\":\"ListItem\",\"position\":2,\"name\":\"Katalog\",\"item\":\"https:\\\/\\\/mandragorastore.pl\\\/sklep\\\/\"},{\"@type\":\"ListItem\",\"position\":3,\"name\":\"Sukienka Meg Be\u017cowa\"}]},{\"@type\":\"WebSite\",\"@id\":\"https:\\\/\\\/mandragorastore.pl\\\/#website\",\"url\":\"https:\\\/\\\/mandragorastore.pl\\\/\",\"name\":\"Mandragora by Martyna - Wyj\u0105tkowy sklep odzie\u017cowy dla kobiet\",\"description\":\"\",\"publisher\":{\"@id\":\"https:\\\/\\\/mandragorastore.pl\\\/#organization\"},\"potentialAction\":[{\"@type\":\"SearchAction\",\"target\":{\"@type\":\"EntryPoint\",\"urlTemplate\":\"https:\\\/\\\/mandragorastore.pl\\\/?s={search_term_string}\"},\"query-input\":{\"@type\":\"PropertyValueSpecification\",\"valueRequired\":true,\"valueName\":\"search_term_string\"}}],\"inLanguage\":\"en-US\"},{\"@type\":\"Organization\",\"@id\":\"https:\\\/\\\/mandragorastore.pl\\\/#organization\",\"name\":\"Mandragora by Martyna - Wyj\u0105tkowy sklep odzie\u017cowy dla kobiet\",\"url\":\"https:\\\/\\\/mandragorastore.pl\\\/\",\"logo\":{\"@type\":\"ImageObject\",\"inLanguage\":\"en-US\",\"@id\":\"https:\\\/\\\/mandragorastore.pl\\\/#\\\/schema\\\/logo\\\/image\\\/\",\"url\":\"https:\\\/\\\/mandragorastore.pl\\\/wp-content\\\/uploads\\\/2025\\\/10\\\/COVER.categories.png\",\"contentUrl\":\"https:\\\/\\\/mandragorastore.pl\\\/wp-content\\\/uploads\\\/2025\\\/10\\\/COVER.categories.png\",\"width\":800,\"height\":801,\"caption\":\"Mandragora by Martyna - Wyj\u0105tkowy sklep odzie\u017cowy dla kobiet\"},\"image\":{\"@id\":\"https:\\\/\\\/mandragorastore.pl\\\/#\\\/schema\\\/logo\\\/image\\\/\"},\"sameAs\":[\"https:\\\/\\\/www.facebook.com\\\/madragorastore\\\/\",\"https:\\\/\\\/www.instagram.com\\\/mandragorastore.pl\\\/\"]}]}<\/script>\n<!-- \/ Yoast SEO plugin. -->","yoast_head_json":{"title":"Sukienka Meg Be\u017cowa - MANDRAGORA - Designed for women. Made in Poland.","robots":{"index":"index","follow":"follow","max-snippet":"max-snippet:-1","max-image-preview":"max-image-preview:large","max-video-preview":"max-video-preview:-1"},"canonical":"https:\/\/mandragorastore.pl\/en\/product\/sukienka-meg-bezowa\/","og_locale":"en_US","og_type":"article","og_title":"Sukienka Meg Be\u017cowa - MANDRAGORA - Designed for women. Made in Poland.","og_description":"Sukienka Meg to po\u0142\u0105czenie delikatno\u015bci, kobieco\u015bci i wyrafinowanej prostoty. Uszyta z mi\u0119kkiej mieszanki wiskozy i lnu, swobodnie uk\u0142ada si\u0119 na sylwetce, pozwalaj\u0105c sk\u00f3rze oddycha\u0107 w cieplejsze dni.\u00a0  Subtelny gorsetowy fason podkre\u015bla lini\u0119 ramion oraz akcentuje dekolt. Rozkloszowany d\u00f3\u0142 z falban\u0105 nadaje lekko\u015bci, sprawiaj\u0105c, \u017ce ka\u017cdy krok zyskuje mi\u0119kko\u015b\u0107 i p\u0142ynno\u015b\u0107.  To model, kt\u00f3ry z \u0142atwo\u015bci\u0105 odnajdzie si\u0119 w codziennych stylizacjach \u2013 no\u015b z delikatnymi klapkami lub sanda\u0142ami, by podkre\u015bli\u0107 jej wakacyjny charakter, zestaw z marynark\u0105 i butami na s\u0142upku, by stworzy\u0107 look na wiecz\u00f3r.  Sk\u0142ad: 70% wiskoza, 30% len Projektowane i szyte w Polsce.","og_url":"https:\/\/mandragorastore.pl\/en\/product\/sukienka-meg-bezowa\/","og_site_name":"MANDRAGORA - Designed for women. Made in Poland.","article_publisher":"https:\/\/www.facebook.com\/madragorastore\/","article_modified_time":"2026-03-17T17:54:52+00:00","og_image":[{"width":1500,"height":1500,"url":"https:\/\/mandragorastore.pl\/wp-content\/uploads\/2025\/10\/2-65.webp","type":"image\/webp"}],"twitter_card":"summary_large_image","twitter_misc":{"Est. reading time":"1 minute"},"schema":{"@context":"https:\/\/schema.org","@graph":[{"@type":"WebPage","@id":"https:\/\/mandragorastore.pl\/product\/sukienka-meg-bezowa\/","url":"https:\/\/mandragorastore.pl\/product\/sukienka-meg-bezowa\/","name":"Sukienka Meg Be\u017cowa - MANDRAGORA - Designed for women. Made in Poland.","isPartOf":{"@id":"https:\/\/mandragorastore.pl\/#website"},"primaryImageOfPage":{"@id":"https:\/\/mandragorastore.pl\/product\/sukienka-meg-bezowa\/#primaryimage"},"image":{"@id":"https:\/\/mandragorastore.pl\/product\/sukienka-meg-bezowa\/#primaryimage"},"thumbnailUrl":"https:\/\/mandragorastore.pl\/wp-content\/uploads\/2025\/10\/2-65.webp","datePublished":"2025-10-06T14:56:23+00:00","dateModified":"2026-03-17T17:54:52+00:00","breadcrumb":{"@id":"https:\/\/mandragorastore.pl\/product\/sukienka-meg-bezowa\/#breadcrumb"},"inLanguage":"en-US","potentialAction":[{"@type":"ReadAction","target":["https:\/\/mandragorastore.pl\/product\/sukienka-meg-bezowa\/"]}]},{"@type":"ImageObject","inLanguage":"en-US","@id":"https:\/\/mandragorastore.pl\/product\/sukienka-meg-bezowa\/#primaryimage","url":"https:\/\/mandragorastore.pl\/wp-content\/uploads\/2025\/10\/2-65.webp","contentUrl":"https:\/\/mandragorastore.pl\/wp-content\/uploads\/2025\/10\/2-65.webp","width":1500,"height":1500},{"@type":"BreadcrumbList","@id":"https:\/\/mandragorastore.pl\/product\/sukienka-meg-bezowa\/#breadcrumb","itemListElement":[{"@type":"ListItem","position":1,"name":"Strona g\u0142\u00f3wna","item":"https:\/\/mandragorastore.pl\/"},{"@type":"ListItem","position":2,"name":"Katalog","item":"https:\/\/mandragorastore.pl\/sklep\/"},{"@type":"ListItem","position":3,"name":"Sukienka Meg Be\u017cowa"}]},{"@type":"WebSite","@id":"https:\/\/mandragorastore.pl\/#website","url":"https:\/\/mandragorastore.pl\/","name":"Mandragora by Martyna - Unique Clothing Store for Women","description":"","publisher":{"@id":"https:\/\/mandragorastore.pl\/#organization"},"potentialAction":[{"@type":"SearchAction","target":{"@type":"EntryPoint","urlTemplate":"https:\/\/mandragorastore.pl\/?s={search_term_string}"},"query-input":{"@type":"PropertyValueSpecification","valueRequired":true,"valueName":"search_term_string"}}],"inLanguage":"en-US"},{"@type":"Organization","@id":"https:\/\/mandragorastore.pl\/#organization","name":"Mandragora by Martyna - Unique Clothing Store for Women","url":"https:\/\/mandragorastore.pl\/","logo":{"@type":"ImageObject","inLanguage":"en-US","@id":"https:\/\/mandragorastore.pl\/#\/schema\/logo\/image\/","url":"https:\/\/mandragorastore.pl\/wp-content\/uploads\/2025\/10\/COVER.categories.png","contentUrl":"https:\/\/mandragorastore.pl\/wp-content\/uploads\/2025\/10\/COVER.categories.png","width":800,"height":801,"caption":"Mandragora by Martyna - Wyj\u0105tkowy sklep odzie\u017cowy dla kobiet"},"image":{"@id":"https:\/\/mandragorastore.pl\/#\/schema\/logo\/image\/"},"sameAs":["https:\/\/www.facebook.com\/madragorastore\/","https:\/\/www.instagram.com\/mandragorastore.pl\/"]}]}},"_links":{"self":[{"href":"https:\/\/mandragorastore.pl\/en\/wp-json\/wp\/v2\/product\/1598","targetHints":{"allow":["GET"]}}],"collection":[{"href":"https:\/\/mandragorastore.pl\/en\/wp-json\/wp\/v2\/product"}],"about":[{"href":"https:\/\/mandragorastore.pl\/en\/wp-json\/wp\/v2\/types\/product"}],"wp:featuredmedia":[{"embeddable":true,"href":"https:\/\/mandragorastore.pl\/en\/wp-json\/wp\/v2\/media\/1600"}],"wp:attachment":[{"href":"https:\/\/mandragorastore.pl\/en\/wp-json\/wp\/v2\/media?parent=1598"}],"wp:term":[{"taxonomy":"product_brand","embeddable":true,"href":"https:\/\/mandragorastore.pl\/en\/wp-json\/wp\/v2\/product_brand?post=1598"},{"taxonomy":"product_cat","embeddable":true,"href":"https:\/\/mandragorastore.pl\/en\/wp-json\/wp\/v2\/product_cat?post=1598"},{"taxonomy":"product_tag","embeddable":true,"href":"https:\/\/mandragorastore.pl\/en\/wp-json\/wp\/v2\/product_tag?post=1598"}],"curies":[{"name":"WP","href":"https:\/\/api.w.org\/{rel}","templated":true}]}}