{"id":1627,"date":"2025-10-06T16:56:25","date_gmt":"2025-10-06T14:56:25","guid":{"rendered":"https:\/\/mandragorastore.pl\/?post_type=product&#038;p=1627"},"modified":"2026-03-28T12:46:34","modified_gmt":"2026-03-28T11:46:34","slug":"sukienka-stacy","status":"publish","type":"product","link":"https:\/\/mandragorastore.pl\/en\/product\/sukienka-stacy\/","title":{"rendered":"Stacy dress"},"content":{"rendered":"<p dir=\"ltr\"><span style=\"font-weight: 400;\">The model is 170 cm tall and presents size XS\/S.<\/span><span style=\"font-weight: 400;\"><br \/>\n<\/span><span style=\"font-weight: 400;\">bust 84 cm waist 60 cm hips 90 cm<\/span><\/p>\n<ul class=\"\">\n<li class=\"\"><span class=\"\">Fast delivery\u00a0<\/span><\/li>\n<li class=\"\">14 days for easy return<\/li>\n<li>PayPo payment option<\/li>\n<\/ul>\n<p>Cost of Delivery:<\/p>\n<ul>\n<li>InPost courier service: PLN 15.00<\/li>\n<li>Parcel Post Inpost: PLN 13.00<\/li>\n<li>Cash on delivery: PLN 17.00<\/li>\n<\/ul>\n<p>Dimensions:<\/p>\n<table>\n<tbody>\n<tr>\n<td><\/td>\n<td><span style=\"font-weight: 400;\">XS\/S<\/span><\/td>\n<td><span style=\"font-weight: 400;\">M\/L<\/span><\/td>\n<\/tr>\n<tr>\n<td><span style=\"font-weight: 400;\">Bust<\/span><\/td>\n<td><span style=\"font-weight: 400;\">80 - 88 cm<\/span><\/td>\n<td><span style=\"font-weight: 400;\">88 - 98 cm<\/span><\/td>\n<\/tr>\n<tr>\n<td><span style=\"font-weight: 400;\">Talia<\/span><\/td>\n<td><span style=\"font-weight: 400;\">60 - 72 cm<\/span><\/td>\n<td><span style=\"font-weight: 400;\">72 - 84 cm<\/span><\/td>\n<\/tr>\n<tr>\n<td><span style=\"font-weight: 400;\">Overall length<\/span><\/td>\n<td><span style=\"font-weight: 400;\">85 cm\u00a0<\/span><\/td>\n<td><span style=\"font-weight: 400;\">87 cm<\/span><\/td>\n<\/tr>\n<\/tbody>\n<\/table>\n<p>&nbsp;<\/p>","protected":false},"excerpt":{"rendered":"<p><span style=\"font-weight: 400;\">Stacy dress created for warm summer days. Made from a cotton blend with added elastane, it provides a pleasant wearing experience and full freedom of movement. The material is soft, breathable and gently stretchy, which makes the dress fit the figure without restricting movement.<\/span><\/p>\n<p><span style=\"font-weight: 400;\">The blue holiday color makes it fresh and light, perfectly highlighting the summer atmosphere. The dress has a classic round neckline. The shoulder straps subtly compliment the shoulders, while the flared hem adds a girly charm to the overall look.\u00a0<\/span><\/p>\n<p><span style=\"font-weight: 400;\">Perfect for both casual and beach outings - just pair it with your favorite sandals or espadrilles.<\/span><span style=\"font-weight: 400;\"><br \/>\n<\/span><\/p>\n<p>Composition:<span style=\"font-weight: 400;\"> 92% cotton, 8% elastane<\/span><span style=\"font-weight: 400;\"><br \/>\n<\/span>Designed and sewn in Poland.<\/p>","protected":false},"featured_media":1629,"template":"","meta":[],"product_brand":[],"product_cat":[25],"product_tag":[],"class_list":{"0":"post-1627","1":"product","2":"type-product","3":"status-publish","4":"has-post-thumbnail","6":"product_cat-sukienki","8":"first","9":"instock","10":"shipping-taxable","11":"purchasable","12":"product-type-variable","13":"has-default-attributes","14":"wpzoom-wc-spi-has-enabled"},"yoast_head":"<!-- This site is optimized with the Yoast SEO plugin v27.3 - https:\/\/yoast.com\/product\/yoast-seo-wordpress\/ -->\n<title>Sukienka Stacy - MANDRAGORA - Designed for women. Made in Poland.<\/title>\n<meta name=\"robots\" content=\"index, follow, max-snippet:-1, max-image-preview:large, max-video-preview:-1\" \/>\n<link rel=\"canonical\" href=\"https:\/\/mandragorastore.pl\/en\/product\/sukienka-stacy\/\" \/>\n<meta property=\"og:locale\" content=\"en_US\" \/>\n<meta property=\"og:type\" content=\"article\" \/>\n<meta property=\"og:title\" content=\"Sukienka Stacy - MANDRAGORA - Designed for women. Made in Poland.\" \/>\n<meta property=\"og:description\" content=\"Sukienka Stacy stworzona z my\u015bl\u0105 o ciep\u0142ych, letnich dniach. Wykonana z mieszanki bawe\u0142ny z dodatkiem elastanu, zapewnia przyjemno\u015b\u0107 noszenia oraz pe\u0142n\u0105 swobod\u0119 ruch\u00f3w. Materia\u0142 jest mi\u0119kki, oddychaj\u0105cy i delikatnie elastyczny, co sprawia, \u017ce sukienka dopasowuje si\u0119 do sylwetki, nie kr\u0119puj\u0105c przy tym ruch\u00f3w.  Niebieski, wakacyjny kolor nadaje jej \u015bwie\u017co\u015bci i lekko\u015bci, idealnie podkre\u015blaj\u0105c letni\u0105 atmosfer\u0119. Sukienka ma klasyczny, okr\u0105g\u0142y dekolt. Rami\u0105czka subtelnie komplementuj\u0105 ramiona, a rozkloszowany d\u00f3\u0142 dodaje ca\u0142o\u015bci dziewcz\u0119cego uroku.\u00a0  Idealna zar\u00f3wno na co dzie\u0144, jak i na pla\u017cowe wyj\u015bcia \u2013 wystarczy po\u0142\u0105czy\u0107 j\u0105 z ulubionymi sanda\u0142kami lub espadrylami.   Sk\u0142ad: 92% bawe\u0142na, 8% elastan Projektowana i szyta w Polsce.\" \/>\n<meta property=\"og:url\" content=\"https:\/\/mandragorastore.pl\/en\/product\/sukienka-stacy\/\" \/>\n<meta property=\"og:site_name\" content=\"MANDRAGORA - Designed for women. Made in Poland.\" \/>\n<meta property=\"article:publisher\" content=\"https:\/\/www.facebook.com\/madragorastore\/\" \/>\n<meta property=\"article:modified_time\" content=\"2026-03-28T11:46:34+00:00\" \/>\n<meta property=\"og:image\" content=\"https:\/\/mandragorastore.pl\/wp-content\/uploads\/2025\/10\/2-70.webp\" \/>\n\t<meta property=\"og:image:width\" content=\"1500\" \/>\n\t<meta property=\"og:image:height\" content=\"1500\" \/>\n\t<meta property=\"og:image:type\" content=\"image\/webp\" \/>\n<meta name=\"twitter:card\" content=\"summary_large_image\" \/>\n<meta name=\"twitter:label1\" content=\"Est. reading time\" \/>\n\t<meta name=\"twitter:data1\" content=\"1 minute\" \/>\n<script type=\"application\/ld+json\" class=\"yoast-schema-graph\">{\"@context\":\"https:\\\/\\\/schema.org\",\"@graph\":[{\"@type\":\"WebPage\",\"@id\":\"https:\\\/\\\/mandragorastore.pl\\\/product\\\/sukienka-stacy\\\/\",\"url\":\"https:\\\/\\\/mandragorastore.pl\\\/product\\\/sukienka-stacy\\\/\",\"name\":\"Sukienka Stacy - MANDRAGORA - Designed for women. Made in Poland.\",\"isPartOf\":{\"@id\":\"https:\\\/\\\/mandragorastore.pl\\\/#website\"},\"primaryImageOfPage\":{\"@id\":\"https:\\\/\\\/mandragorastore.pl\\\/product\\\/sukienka-stacy\\\/#primaryimage\"},\"image\":{\"@id\":\"https:\\\/\\\/mandragorastore.pl\\\/product\\\/sukienka-stacy\\\/#primaryimage\"},\"thumbnailUrl\":\"https:\\\/\\\/mandragorastore.pl\\\/wp-content\\\/uploads\\\/2025\\\/10\\\/2-70.webp\",\"datePublished\":\"2025-10-06T14:56:25+00:00\",\"dateModified\":\"2026-03-28T11:46:34+00:00\",\"breadcrumb\":{\"@id\":\"https:\\\/\\\/mandragorastore.pl\\\/product\\\/sukienka-stacy\\\/#breadcrumb\"},\"inLanguage\":\"en-US\",\"potentialAction\":[{\"@type\":\"ReadAction\",\"target\":[\"https:\\\/\\\/mandragorastore.pl\\\/product\\\/sukienka-stacy\\\/\"]}]},{\"@type\":\"ImageObject\",\"inLanguage\":\"en-US\",\"@id\":\"https:\\\/\\\/mandragorastore.pl\\\/product\\\/sukienka-stacy\\\/#primaryimage\",\"url\":\"https:\\\/\\\/mandragorastore.pl\\\/wp-content\\\/uploads\\\/2025\\\/10\\\/2-70.webp\",\"contentUrl\":\"https:\\\/\\\/mandragorastore.pl\\\/wp-content\\\/uploads\\\/2025\\\/10\\\/2-70.webp\",\"width\":1500,\"height\":1500},{\"@type\":\"BreadcrumbList\",\"@id\":\"https:\\\/\\\/mandragorastore.pl\\\/product\\\/sukienka-stacy\\\/#breadcrumb\",\"itemListElement\":[{\"@type\":\"ListItem\",\"position\":1,\"name\":\"Strona g\u0142\u00f3wna\",\"item\":\"https:\\\/\\\/mandragorastore.pl\\\/\"},{\"@type\":\"ListItem\",\"position\":2,\"name\":\"Katalog\",\"item\":\"https:\\\/\\\/mandragorastore.pl\\\/sklep\\\/\"},{\"@type\":\"ListItem\",\"position\":3,\"name\":\"Sukienka Stacy\"}]},{\"@type\":\"WebSite\",\"@id\":\"https:\\\/\\\/mandragorastore.pl\\\/#website\",\"url\":\"https:\\\/\\\/mandragorastore.pl\\\/\",\"name\":\"Mandragora by Martyna - Wyj\u0105tkowy sklep odzie\u017cowy dla kobiet\",\"description\":\"\",\"publisher\":{\"@id\":\"https:\\\/\\\/mandragorastore.pl\\\/#organization\"},\"potentialAction\":[{\"@type\":\"SearchAction\",\"target\":{\"@type\":\"EntryPoint\",\"urlTemplate\":\"https:\\\/\\\/mandragorastore.pl\\\/?s={search_term_string}\"},\"query-input\":{\"@type\":\"PropertyValueSpecification\",\"valueRequired\":true,\"valueName\":\"search_term_string\"}}],\"inLanguage\":\"en-US\"},{\"@type\":\"Organization\",\"@id\":\"https:\\\/\\\/mandragorastore.pl\\\/#organization\",\"name\":\"Mandragora by Martyna - Wyj\u0105tkowy sklep odzie\u017cowy dla kobiet\",\"url\":\"https:\\\/\\\/mandragorastore.pl\\\/\",\"logo\":{\"@type\":\"ImageObject\",\"inLanguage\":\"en-US\",\"@id\":\"https:\\\/\\\/mandragorastore.pl\\\/#\\\/schema\\\/logo\\\/image\\\/\",\"url\":\"https:\\\/\\\/mandragorastore.pl\\\/wp-content\\\/uploads\\\/2025\\\/10\\\/COVER.categories.png\",\"contentUrl\":\"https:\\\/\\\/mandragorastore.pl\\\/wp-content\\\/uploads\\\/2025\\\/10\\\/COVER.categories.png\",\"width\":800,\"height\":801,\"caption\":\"Mandragora by Martyna - Wyj\u0105tkowy sklep odzie\u017cowy dla kobiet\"},\"image\":{\"@id\":\"https:\\\/\\\/mandragorastore.pl\\\/#\\\/schema\\\/logo\\\/image\\\/\"},\"sameAs\":[\"https:\\\/\\\/www.facebook.com\\\/madragorastore\\\/\",\"https:\\\/\\\/www.instagram.com\\\/mandragorastore.pl\\\/\"]}]}<\/script>\n<!-- \/ Yoast SEO plugin. -->","yoast_head_json":{"title":"Sukienka Stacy - MANDRAGORA - Designed for women. Made in Poland.","robots":{"index":"index","follow":"follow","max-snippet":"max-snippet:-1","max-image-preview":"max-image-preview:large","max-video-preview":"max-video-preview:-1"},"canonical":"https:\/\/mandragorastore.pl\/en\/product\/sukienka-stacy\/","og_locale":"en_US","og_type":"article","og_title":"Sukienka Stacy - MANDRAGORA - Designed for women. Made in Poland.","og_description":"Sukienka Stacy stworzona z my\u015bl\u0105 o ciep\u0142ych, letnich dniach. Wykonana z mieszanki bawe\u0142ny z dodatkiem elastanu, zapewnia przyjemno\u015b\u0107 noszenia oraz pe\u0142n\u0105 swobod\u0119 ruch\u00f3w. Materia\u0142 jest mi\u0119kki, oddychaj\u0105cy i delikatnie elastyczny, co sprawia, \u017ce sukienka dopasowuje si\u0119 do sylwetki, nie kr\u0119puj\u0105c przy tym ruch\u00f3w.  Niebieski, wakacyjny kolor nadaje jej \u015bwie\u017co\u015bci i lekko\u015bci, idealnie podkre\u015blaj\u0105c letni\u0105 atmosfer\u0119. Sukienka ma klasyczny, okr\u0105g\u0142y dekolt. Rami\u0105czka subtelnie komplementuj\u0105 ramiona, a rozkloszowany d\u00f3\u0142 dodaje ca\u0142o\u015bci dziewcz\u0119cego uroku.\u00a0  Idealna zar\u00f3wno na co dzie\u0144, jak i na pla\u017cowe wyj\u015bcia \u2013 wystarczy po\u0142\u0105czy\u0107 j\u0105 z ulubionymi sanda\u0142kami lub espadrylami.   Sk\u0142ad: 92% bawe\u0142na, 8% elastan Projektowana i szyta w Polsce.","og_url":"https:\/\/mandragorastore.pl\/en\/product\/sukienka-stacy\/","og_site_name":"MANDRAGORA - Designed for women. Made in Poland.","article_publisher":"https:\/\/www.facebook.com\/madragorastore\/","article_modified_time":"2026-03-28T11:46:34+00:00","og_image":[{"width":1500,"height":1500,"url":"https:\/\/mandragorastore.pl\/wp-content\/uploads\/2025\/10\/2-70.webp","type":"image\/webp"}],"twitter_card":"summary_large_image","twitter_misc":{"Est. reading time":"1 minute"},"schema":{"@context":"https:\/\/schema.org","@graph":[{"@type":"WebPage","@id":"https:\/\/mandragorastore.pl\/product\/sukienka-stacy\/","url":"https:\/\/mandragorastore.pl\/product\/sukienka-stacy\/","name":"Sukienka Stacy - MANDRAGORA - Designed for women. Made in Poland.","isPartOf":{"@id":"https:\/\/mandragorastore.pl\/#website"},"primaryImageOfPage":{"@id":"https:\/\/mandragorastore.pl\/product\/sukienka-stacy\/#primaryimage"},"image":{"@id":"https:\/\/mandragorastore.pl\/product\/sukienka-stacy\/#primaryimage"},"thumbnailUrl":"https:\/\/mandragorastore.pl\/wp-content\/uploads\/2025\/10\/2-70.webp","datePublished":"2025-10-06T14:56:25+00:00","dateModified":"2026-03-28T11:46:34+00:00","breadcrumb":{"@id":"https:\/\/mandragorastore.pl\/product\/sukienka-stacy\/#breadcrumb"},"inLanguage":"en-US","potentialAction":[{"@type":"ReadAction","target":["https:\/\/mandragorastore.pl\/product\/sukienka-stacy\/"]}]},{"@type":"ImageObject","inLanguage":"en-US","@id":"https:\/\/mandragorastore.pl\/product\/sukienka-stacy\/#primaryimage","url":"https:\/\/mandragorastore.pl\/wp-content\/uploads\/2025\/10\/2-70.webp","contentUrl":"https:\/\/mandragorastore.pl\/wp-content\/uploads\/2025\/10\/2-70.webp","width":1500,"height":1500},{"@type":"BreadcrumbList","@id":"https:\/\/mandragorastore.pl\/product\/sukienka-stacy\/#breadcrumb","itemListElement":[{"@type":"ListItem","position":1,"name":"Strona g\u0142\u00f3wna","item":"https:\/\/mandragorastore.pl\/"},{"@type":"ListItem","position":2,"name":"Katalog","item":"https:\/\/mandragorastore.pl\/sklep\/"},{"@type":"ListItem","position":3,"name":"Sukienka Stacy"}]},{"@type":"WebSite","@id":"https:\/\/mandragorastore.pl\/#website","url":"https:\/\/mandragorastore.pl\/","name":"Mandragora by Martyna - Unique Clothing Store for Women","description":"","publisher":{"@id":"https:\/\/mandragorastore.pl\/#organization"},"potentialAction":[{"@type":"SearchAction","target":{"@type":"EntryPoint","urlTemplate":"https:\/\/mandragorastore.pl\/?s={search_term_string}"},"query-input":{"@type":"PropertyValueSpecification","valueRequired":true,"valueName":"search_term_string"}}],"inLanguage":"en-US"},{"@type":"Organization","@id":"https:\/\/mandragorastore.pl\/#organization","name":"Mandragora by Martyna - Unique Clothing Store for Women","url":"https:\/\/mandragorastore.pl\/","logo":{"@type":"ImageObject","inLanguage":"en-US","@id":"https:\/\/mandragorastore.pl\/#\/schema\/logo\/image\/","url":"https:\/\/mandragorastore.pl\/wp-content\/uploads\/2025\/10\/COVER.categories.png","contentUrl":"https:\/\/mandragorastore.pl\/wp-content\/uploads\/2025\/10\/COVER.categories.png","width":800,"height":801,"caption":"Mandragora by Martyna - Wyj\u0105tkowy sklep odzie\u017cowy dla kobiet"},"image":{"@id":"https:\/\/mandragorastore.pl\/#\/schema\/logo\/image\/"},"sameAs":["https:\/\/www.facebook.com\/madragorastore\/","https:\/\/www.instagram.com\/mandragorastore.pl\/"]}]}},"_links":{"self":[{"href":"https:\/\/mandragorastore.pl\/en\/wp-json\/wp\/v2\/product\/1627","targetHints":{"allow":["GET"]}}],"collection":[{"href":"https:\/\/mandragorastore.pl\/en\/wp-json\/wp\/v2\/product"}],"about":[{"href":"https:\/\/mandragorastore.pl\/en\/wp-json\/wp\/v2\/types\/product"}],"wp:featuredmedia":[{"embeddable":true,"href":"https:\/\/mandragorastore.pl\/en\/wp-json\/wp\/v2\/media\/1629"}],"wp:attachment":[{"href":"https:\/\/mandragorastore.pl\/en\/wp-json\/wp\/v2\/media?parent=1627"}],"wp:term":[{"taxonomy":"product_brand","embeddable":true,"href":"https:\/\/mandragorastore.pl\/en\/wp-json\/wp\/v2\/product_brand?post=1627"},{"taxonomy":"product_cat","embeddable":true,"href":"https:\/\/mandragorastore.pl\/en\/wp-json\/wp\/v2\/product_cat?post=1627"},{"taxonomy":"product_tag","embeddable":true,"href":"https:\/\/mandragorastore.pl\/en\/wp-json\/wp\/v2\/product_tag?post=1627"}],"curies":[{"name":"WP","href":"https:\/\/api.w.org\/{rel}","templated":true}]}}