{"id":1788,"date":"2025-10-06T16:57:13","date_gmt":"2025-10-06T14:57:13","guid":{"rendered":"https:\/\/mandragorastore.pl\/?post_type=product&#038;p=1788"},"modified":"2026-04-01T10:34:31","modified_gmt":"2026-04-01T08:34:31","slug":"marynarka-feminity-khaki","status":"publish","type":"product","link":"https:\/\/mandragorastore.pl\/en\/product\/marynarka-feminity-khaki\/","title":{"rendered":"Feminity Khaki Jacket"},"content":{"rendered":"<div class=\"\">\n<div class=\"\">\n<div class=\"\">\n<div class=\"\">The model is 174 cm tall and is wearing size XS\/S jacket , S pants .<\/div>\n<div class=\"\"><\/div>\n<div class=\"\">bust 86 cm waist 62 cm hips 92 cm<\/div>\n<\/div>\n<\/div>\n<\/div>\n<p>&nbsp;<\/p>\n<p>&nbsp;<\/p>\n<ul class=\"\">\n<li class=\"\"><span class=\"\">Fast delivery\u00a0<\/span><\/li>\n<li class=\"\">14 days for easy return<\/li>\n<li>PayPo payment option<\/li>\n<\/ul>\n<p>Cost of Delivery :<\/p>\n<ul>\n<li>InPost courier service: PLN 15.00<\/li>\n<li>Parcel Post Inpost: PLN 13.00<\/li>\n<li>Cash on delivery: PLN 17.00<\/li>\n<\/ul>\n<p>Dimensions :<\/p>\n<table cellspacing=\"0\" cellpadding=\"0\">\n<tbody class=\"\">\n<tr class=\"\">\n<td class=\"\" valign=\"top\">\n<div class=\"\"><\/div>\n<\/td>\n<td class=\"\" valign=\"top\">\n<div class=\"\">XS\/S<\/div>\n<\/td>\n<td class=\"\" valign=\"top\">\n<div class=\"\">S\/M<\/div>\n<\/td>\n<td class=\"\" valign=\"top\">\n<div class=\"\">M\/L<\/div>\n<\/td>\n<td class=\"\" valign=\"top\">\n<div class=\"\">L\/XL<\/div>\n<\/td>\n<\/tr>\n<tr class=\"\">\n<td class=\"\" valign=\"top\">\n<div class=\"\">Bust<\/div>\n<\/td>\n<td class=\"\" valign=\"top\">\n<div class=\"\">80-90<\/div>\n<\/td>\n<td class=\"\" valign=\"top\">\n<div class=\"\">86-96<\/div>\n<\/td>\n<td class=\"\" valign=\"top\">\n<div class=\"\">90-100<\/div>\n<\/td>\n<td class=\"\" valign=\"top\">\n<div class=\"\">94-104<\/div>\n<\/td>\n<\/tr>\n<tr class=\"\">\n<td class=\"\" valign=\"top\">\n<div class=\"\">Back length<\/div>\n<\/td>\n<td class=\"\" valign=\"top\">\n<div class=\"\">30<\/div>\n<\/td>\n<td class=\"\" valign=\"top\">\n<div class=\"\">32<\/div>\n<\/td>\n<td class=\"\" valign=\"top\">\n<div class=\"\">33<\/div>\n<\/td>\n<td class=\"\" valign=\"top\">\n<div class=\"\">34<\/div>\n<\/td>\n<\/tr>\n<tr class=\"\">\n<td class=\"\" valign=\"top\">\n<div class=\"\">sleeve length<\/div>\n<\/td>\n<td class=\"\" valign=\"top\">\n<div class=\"\">67<\/div>\n<\/td>\n<td class=\"\" valign=\"top\">\n<div class=\"\">68<\/div>\n<\/td>\n<td class=\"\" valign=\"top\">\n<div class=\"\">68<\/div>\n<\/td>\n<td class=\"\" valign=\"top\">\n<div class=\"\">69<\/div>\n<\/td>\n<\/tr>\n<\/tbody>\n<\/table>\n<div class=\"\"><\/div>","protected":false},"excerpt":{"rendered":"<p>Crop cut jacket in an elegant and unique khaki color. Fastened with a decorative button. Wide, oval lapels add a charming touch. The cut adapts to the body and beautifully emphasizes its assets. Made of polyester, which retains its pristine appearance - it is resistant to creases, does not stretch out, so it maintains the correct form.<\/p>\n<p>It has elongated straps with gold eyelets to form a set with Feminity pants. You can wear it as a set, as well as with other pieces of clothing, as an addition to a dress or elegant suit pants.<\/p>\n<ul>\n<li>Maintains form<\/li>\n<li>It has hydrophobic properties - it does not absorb moisture and dries quickly,<\/li>\n<li>It is resistant to creases and stains,<\/li>\n<li>It is durable and resistant to damage.<\/li>\n<\/ul>\n<p>Composition: 95% polyester, 5% elastane<\/p>\n<p>Manufactured in Poland.<\/p>\n<p>The model is wearing a size S.<\/p>","protected":false},"featured_media":1789,"template":"","meta":[],"product_brand":[],"product_cat":[142,83],"product_tag":[],"class_list":{"0":"post-1788","1":"product","2":"type-product","3":"status-publish","4":"has-post-thumbnail","6":"product_cat-gory","7":"product_cat-marynarki","9":"first","10":"instock","11":"sale","12":"shipping-taxable","13":"purchasable","14":"product-type-variable","15":"has-default-attributes","16":"wpzoom-wc-spi-has-enabled"},"yoast_head":"<!-- This site is optimized with the Yoast SEO plugin v27.3 - https:\/\/yoast.com\/product\/yoast-seo-wordpress\/ -->\n<title>Marynarka Feminity Khaki - MANDRAGORA - Designed for women. Made in Poland.<\/title>\n<meta name=\"robots\" content=\"index, follow, max-snippet:-1, max-image-preview:large, max-video-preview:-1\" \/>\n<link rel=\"canonical\" href=\"https:\/\/mandragorastore.pl\/en\/product\/marynarka-feminity-khaki\/\" \/>\n<meta property=\"og:locale\" content=\"en_US\" \/>\n<meta property=\"og:type\" content=\"article\" \/>\n<meta property=\"og:title\" content=\"Marynarka Feminity Khaki - MANDRAGORA - Designed for women. Made in Poland.\" \/>\n<meta property=\"og:description\" content=\"Marynarka o kroju crop w eleganckim, wyj\u0105tkowym kolorze khaki. Zapinana na ozdobny guzik. Szerokie, owalne klapy dodaj\u0105 uroku. Fason dopasowuje si\u0119 do cia\u0142a i pi\u0119knie podkre\u015bla jego atuty. Wykonana z poliestru, kt\u00f3ry zachowuje sw\u00f3j nieskazitelny wygl\u0105d - jest odporny na zagniecenia, nie wyci\u0105ga si\u0119, dzi\u0119ki czemu utrzymuje prawid\u0142ow\u0105 form\u0119.  Posiada wyd\u0142u\u017cone pasy ze z\u0142otymi oczkami, by tworzy\u0107 komplet ze spodniami Feminity. Mo\u017cesz nosi\u0107 j\u0105 w zestawie, jak i z innymi elementami garderoby, jako dodatek do sukienki czy eleganckich, garniturowych spodni.   Utrzymuje form\u0119  Posiada w\u0142a\u015bciwo\u015bci hydrofobowe - nie wch\u0142ania wilgoci oraz szybko schnie,  Jest odporny na zagniecenia oraz plamy,  Jest wytrzyma\u0142y i odporny na zniszczenie.  Sk\u0142ad: 95% poliester, 5% elastan  Wyprodukowano w Polsce.  Modelka ma na sobie rozmiar S.\" \/>\n<meta property=\"og:url\" content=\"https:\/\/mandragorastore.pl\/en\/product\/marynarka-feminity-khaki\/\" \/>\n<meta property=\"og:site_name\" content=\"MANDRAGORA - Designed for women. Made in Poland.\" \/>\n<meta property=\"article:publisher\" content=\"https:\/\/www.facebook.com\/madragorastore\/\" \/>\n<meta property=\"article:modified_time\" content=\"2026-04-01T08:34:31+00:00\" \/>\n<meta property=\"og:image\" content=\"https:\/\/mandragorastore.pl\/wp-content\/uploads\/2025\/10\/1-91.webp\" \/>\n\t<meta property=\"og:image:width\" content=\"1500\" \/>\n\t<meta property=\"og:image:height\" content=\"2250\" \/>\n\t<meta property=\"og:image:type\" content=\"image\/webp\" \/>\n<meta name=\"twitter:card\" content=\"summary_large_image\" \/>\n<script type=\"application\/ld+json\" class=\"yoast-schema-graph\">{\"@context\":\"https:\\\/\\\/schema.org\",\"@graph\":[{\"@type\":\"WebPage\",\"@id\":\"https:\\\/\\\/mandragorastore.pl\\\/product\\\/marynarka-feminity-khaki\\\/\",\"url\":\"https:\\\/\\\/mandragorastore.pl\\\/product\\\/marynarka-feminity-khaki\\\/\",\"name\":\"Marynarka Feminity Khaki - MANDRAGORA - Designed for women. Made in Poland.\",\"isPartOf\":{\"@id\":\"https:\\\/\\\/mandragorastore.pl\\\/#website\"},\"primaryImageOfPage\":{\"@id\":\"https:\\\/\\\/mandragorastore.pl\\\/product\\\/marynarka-feminity-khaki\\\/#primaryimage\"},\"image\":{\"@id\":\"https:\\\/\\\/mandragorastore.pl\\\/product\\\/marynarka-feminity-khaki\\\/#primaryimage\"},\"thumbnailUrl\":\"https:\\\/\\\/mandragorastore.pl\\\/wp-content\\\/uploads\\\/2025\\\/10\\\/1-91.webp\",\"datePublished\":\"2025-10-06T14:57:13+00:00\",\"dateModified\":\"2026-04-01T08:34:31+00:00\",\"breadcrumb\":{\"@id\":\"https:\\\/\\\/mandragorastore.pl\\\/product\\\/marynarka-feminity-khaki\\\/#breadcrumb\"},\"inLanguage\":\"en-US\",\"potentialAction\":[{\"@type\":\"ReadAction\",\"target\":[\"https:\\\/\\\/mandragorastore.pl\\\/product\\\/marynarka-feminity-khaki\\\/\"]}]},{\"@type\":\"ImageObject\",\"inLanguage\":\"en-US\",\"@id\":\"https:\\\/\\\/mandragorastore.pl\\\/product\\\/marynarka-feminity-khaki\\\/#primaryimage\",\"url\":\"https:\\\/\\\/mandragorastore.pl\\\/wp-content\\\/uploads\\\/2025\\\/10\\\/1-91.webp\",\"contentUrl\":\"https:\\\/\\\/mandragorastore.pl\\\/wp-content\\\/uploads\\\/2025\\\/10\\\/1-91.webp\",\"width\":1500,\"height\":2250},{\"@type\":\"BreadcrumbList\",\"@id\":\"https:\\\/\\\/mandragorastore.pl\\\/product\\\/marynarka-feminity-khaki\\\/#breadcrumb\",\"itemListElement\":[{\"@type\":\"ListItem\",\"position\":1,\"name\":\"Strona g\u0142\u00f3wna\",\"item\":\"https:\\\/\\\/mandragorastore.pl\\\/\"},{\"@type\":\"ListItem\",\"position\":2,\"name\":\"Katalog\",\"item\":\"https:\\\/\\\/mandragorastore.pl\\\/sklep\\\/\"},{\"@type\":\"ListItem\",\"position\":3,\"name\":\"Marynarka Feminity Khaki\"}]},{\"@type\":\"WebSite\",\"@id\":\"https:\\\/\\\/mandragorastore.pl\\\/#website\",\"url\":\"https:\\\/\\\/mandragorastore.pl\\\/\",\"name\":\"Mandragora by Martyna - Wyj\u0105tkowy sklep odzie\u017cowy dla kobiet\",\"description\":\"\",\"publisher\":{\"@id\":\"https:\\\/\\\/mandragorastore.pl\\\/#organization\"},\"potentialAction\":[{\"@type\":\"SearchAction\",\"target\":{\"@type\":\"EntryPoint\",\"urlTemplate\":\"https:\\\/\\\/mandragorastore.pl\\\/?s={search_term_string}\"},\"query-input\":{\"@type\":\"PropertyValueSpecification\",\"valueRequired\":true,\"valueName\":\"search_term_string\"}}],\"inLanguage\":\"en-US\"},{\"@type\":\"Organization\",\"@id\":\"https:\\\/\\\/mandragorastore.pl\\\/#organization\",\"name\":\"Mandragora by Martyna - Wyj\u0105tkowy sklep odzie\u017cowy dla kobiet\",\"url\":\"https:\\\/\\\/mandragorastore.pl\\\/\",\"logo\":{\"@type\":\"ImageObject\",\"inLanguage\":\"en-US\",\"@id\":\"https:\\\/\\\/mandragorastore.pl\\\/#\\\/schema\\\/logo\\\/image\\\/\",\"url\":\"https:\\\/\\\/mandragorastore.pl\\\/wp-content\\\/uploads\\\/2025\\\/10\\\/COVER.categories.png\",\"contentUrl\":\"https:\\\/\\\/mandragorastore.pl\\\/wp-content\\\/uploads\\\/2025\\\/10\\\/COVER.categories.png\",\"width\":800,\"height\":801,\"caption\":\"Mandragora by Martyna - Wyj\u0105tkowy sklep odzie\u017cowy dla kobiet\"},\"image\":{\"@id\":\"https:\\\/\\\/mandragorastore.pl\\\/#\\\/schema\\\/logo\\\/image\\\/\"},\"sameAs\":[\"https:\\\/\\\/www.facebook.com\\\/madragorastore\\\/\",\"https:\\\/\\\/www.instagram.com\\\/mandragorastore.pl\\\/\"]}]}<\/script>\n<!-- \/ Yoast SEO plugin. -->","yoast_head_json":{"title":"Marynarka Feminity Khaki - MANDRAGORA - Designed for women. Made in Poland.","robots":{"index":"index","follow":"follow","max-snippet":"max-snippet:-1","max-image-preview":"max-image-preview:large","max-video-preview":"max-video-preview:-1"},"canonical":"https:\/\/mandragorastore.pl\/en\/product\/marynarka-feminity-khaki\/","og_locale":"en_US","og_type":"article","og_title":"Marynarka Feminity Khaki - MANDRAGORA - Designed for women. Made in Poland.","og_description":"Marynarka o kroju crop w eleganckim, wyj\u0105tkowym kolorze khaki. Zapinana na ozdobny guzik. Szerokie, owalne klapy dodaj\u0105 uroku. Fason dopasowuje si\u0119 do cia\u0142a i pi\u0119knie podkre\u015bla jego atuty. Wykonana z poliestru, kt\u00f3ry zachowuje sw\u00f3j nieskazitelny wygl\u0105d - jest odporny na zagniecenia, nie wyci\u0105ga si\u0119, dzi\u0119ki czemu utrzymuje prawid\u0142ow\u0105 form\u0119.  Posiada wyd\u0142u\u017cone pasy ze z\u0142otymi oczkami, by tworzy\u0107 komplet ze spodniami Feminity. Mo\u017cesz nosi\u0107 j\u0105 w zestawie, jak i z innymi elementami garderoby, jako dodatek do sukienki czy eleganckich, garniturowych spodni.   Utrzymuje form\u0119  Posiada w\u0142a\u015bciwo\u015bci hydrofobowe - nie wch\u0142ania wilgoci oraz szybko schnie,  Jest odporny na zagniecenia oraz plamy,  Jest wytrzyma\u0142y i odporny na zniszczenie.  Sk\u0142ad: 95% poliester, 5% elastan  Wyprodukowano w Polsce.  Modelka ma na sobie rozmiar S.","og_url":"https:\/\/mandragorastore.pl\/en\/product\/marynarka-feminity-khaki\/","og_site_name":"MANDRAGORA - Designed for women. Made in Poland.","article_publisher":"https:\/\/www.facebook.com\/madragorastore\/","article_modified_time":"2026-04-01T08:34:31+00:00","og_image":[{"width":1500,"height":2250,"url":"https:\/\/mandragorastore.pl\/wp-content\/uploads\/2025\/10\/1-91.webp","type":"image\/webp"}],"twitter_card":"summary_large_image","schema":{"@context":"https:\/\/schema.org","@graph":[{"@type":"WebPage","@id":"https:\/\/mandragorastore.pl\/product\/marynarka-feminity-khaki\/","url":"https:\/\/mandragorastore.pl\/product\/marynarka-feminity-khaki\/","name":"Marynarka Feminity Khaki - MANDRAGORA - Designed for women. Made in Poland.","isPartOf":{"@id":"https:\/\/mandragorastore.pl\/#website"},"primaryImageOfPage":{"@id":"https:\/\/mandragorastore.pl\/product\/marynarka-feminity-khaki\/#primaryimage"},"image":{"@id":"https:\/\/mandragorastore.pl\/product\/marynarka-feminity-khaki\/#primaryimage"},"thumbnailUrl":"https:\/\/mandragorastore.pl\/wp-content\/uploads\/2025\/10\/1-91.webp","datePublished":"2025-10-06T14:57:13+00:00","dateModified":"2026-04-01T08:34:31+00:00","breadcrumb":{"@id":"https:\/\/mandragorastore.pl\/product\/marynarka-feminity-khaki\/#breadcrumb"},"inLanguage":"en-US","potentialAction":[{"@type":"ReadAction","target":["https:\/\/mandragorastore.pl\/product\/marynarka-feminity-khaki\/"]}]},{"@type":"ImageObject","inLanguage":"en-US","@id":"https:\/\/mandragorastore.pl\/product\/marynarka-feminity-khaki\/#primaryimage","url":"https:\/\/mandragorastore.pl\/wp-content\/uploads\/2025\/10\/1-91.webp","contentUrl":"https:\/\/mandragorastore.pl\/wp-content\/uploads\/2025\/10\/1-91.webp","width":1500,"height":2250},{"@type":"BreadcrumbList","@id":"https:\/\/mandragorastore.pl\/product\/marynarka-feminity-khaki\/#breadcrumb","itemListElement":[{"@type":"ListItem","position":1,"name":"Strona g\u0142\u00f3wna","item":"https:\/\/mandragorastore.pl\/"},{"@type":"ListItem","position":2,"name":"Katalog","item":"https:\/\/mandragorastore.pl\/sklep\/"},{"@type":"ListItem","position":3,"name":"Marynarka Feminity Khaki"}]},{"@type":"WebSite","@id":"https:\/\/mandragorastore.pl\/#website","url":"https:\/\/mandragorastore.pl\/","name":"Mandragora by Martyna - Unique Clothing Store for Women","description":"","publisher":{"@id":"https:\/\/mandragorastore.pl\/#organization"},"potentialAction":[{"@type":"SearchAction","target":{"@type":"EntryPoint","urlTemplate":"https:\/\/mandragorastore.pl\/?s={search_term_string}"},"query-input":{"@type":"PropertyValueSpecification","valueRequired":true,"valueName":"search_term_string"}}],"inLanguage":"en-US"},{"@type":"Organization","@id":"https:\/\/mandragorastore.pl\/#organization","name":"Mandragora by Martyna - Unique Clothing Store for Women","url":"https:\/\/mandragorastore.pl\/","logo":{"@type":"ImageObject","inLanguage":"en-US","@id":"https:\/\/mandragorastore.pl\/#\/schema\/logo\/image\/","url":"https:\/\/mandragorastore.pl\/wp-content\/uploads\/2025\/10\/COVER.categories.png","contentUrl":"https:\/\/mandragorastore.pl\/wp-content\/uploads\/2025\/10\/COVER.categories.png","width":800,"height":801,"caption":"Mandragora by Martyna - Wyj\u0105tkowy sklep odzie\u017cowy dla kobiet"},"image":{"@id":"https:\/\/mandragorastore.pl\/#\/schema\/logo\/image\/"},"sameAs":["https:\/\/www.facebook.com\/madragorastore\/","https:\/\/www.instagram.com\/mandragorastore.pl\/"]}]}},"_links":{"self":[{"href":"https:\/\/mandragorastore.pl\/en\/wp-json\/wp\/v2\/product\/1788","targetHints":{"allow":["GET"]}}],"collection":[{"href":"https:\/\/mandragorastore.pl\/en\/wp-json\/wp\/v2\/product"}],"about":[{"href":"https:\/\/mandragorastore.pl\/en\/wp-json\/wp\/v2\/types\/product"}],"wp:featuredmedia":[{"embeddable":true,"href":"https:\/\/mandragorastore.pl\/en\/wp-json\/wp\/v2\/media\/1789"}],"wp:attachment":[{"href":"https:\/\/mandragorastore.pl\/en\/wp-json\/wp\/v2\/media?parent=1788"}],"wp:term":[{"taxonomy":"product_brand","embeddable":true,"href":"https:\/\/mandragorastore.pl\/en\/wp-json\/wp\/v2\/product_brand?post=1788"},{"taxonomy":"product_cat","embeddable":true,"href":"https:\/\/mandragorastore.pl\/en\/wp-json\/wp\/v2\/product_cat?post=1788"},{"taxonomy":"product_tag","embeddable":true,"href":"https:\/\/mandragorastore.pl\/en\/wp-json\/wp\/v2\/product_tag?post=1788"}],"curies":[{"name":"WP","href":"https:\/\/api.w.org\/{rel}","templated":true}]}}