{"id":1794,"date":"2025-10-06T16:57:13","date_gmt":"2025-10-06T14:57:13","guid":{"rendered":"https:\/\/mandragorastore.pl\/?post_type=product&#038;p=1794"},"modified":"2026-04-08T16:23:25","modified_gmt":"2026-04-08T14:23:25","slug":"spodnie-feminity-baby-blue","status":"publish","type":"product","link":"https:\/\/mandragorastore.pl\/en\/product\/spodnie-feminity-baby-blue\/","title":{"rendered":"Feminity Baby Blue Pants"},"content":{"rendered":"<div class=\"\">\n<div class=\"\">\n<div class=\"\">\n<div class=\"\">The model is 174 cm tall and is wearing size XS\/S jacket , S pants .<\/div>\n<div class=\"\"><\/div>\n<div class=\"\">bust 86 cm waist 62 cm hips 92 cm<\/div>\n<\/div>\n<\/div>\n<\/div>\n<p>&nbsp;<\/p>\n<p>&nbsp;<\/p>\n<ul class=\"\">\n<li class=\"\"><span class=\"\">Fast delivery\u00a0<\/span><\/li>\n<li class=\"\">14 days for easy return<\/li>\n<li>PayPo payment option<\/li>\n<\/ul>\n<p>Cost of Delivery :<\/p>\n<ul>\n<li>InPost courier service: PLN 15.00<\/li>\n<li>Parcel Post Inpost: PLN 13.00<\/li>\n<li>Cash on delivery: PLN 17.00<\/li>\n<\/ul>\n<p>Dimensions :<\/p>\n<div class=\"\">\n<table cellspacing=\"0\" cellpadding=\"0\">\n<tbody class=\"\">\n<tr class=\"\">\n<td class=\"\" valign=\"top\">\n<div class=\"\"><\/div>\n<\/td>\n<td class=\"\" valign=\"top\">\n<div class=\"\">XS<\/div>\n<\/td>\n<td class=\"\" valign=\"top\">\n<div class=\"\">S<\/div>\n<\/td>\n<td class=\"\" valign=\"top\">\n<div class=\"\">M<\/div>\n<\/td>\n<td class=\"\" valign=\"top\">\n<div class=\"\">L<\/div>\n<\/td>\n<td class=\"\" valign=\"top\">\n<div class=\"\">XL<\/div>\n<\/td>\n<\/tr>\n<tr class=\"\">\n<td class=\"\" valign=\"top\">\n<div class=\"\">waist<\/div>\n<\/td>\n<td class=\"\" valign=\"top\">\n<div class=\"\">58-62<\/div>\n<\/td>\n<td class=\"\" valign=\"top\">\n<div class=\"\">62-66<\/div>\n<\/td>\n<td class=\"\" valign=\"top\">\n<div class=\"\">66-70<\/div>\n<\/td>\n<td class=\"\" valign=\"top\">\n<div class=\"\">70-74<\/div>\n<\/td>\n<td class=\"\" valign=\"top\">\n<div class=\"\">74-78<\/div>\n<\/td>\n<\/tr>\n<tr class=\"\">\n<td class=\"\" valign=\"top\">\n<div class=\"\">hips<\/div>\n<\/td>\n<td class=\"\" valign=\"top\">\n<div class=\"\">88-92<\/div>\n<\/td>\n<td class=\"\" valign=\"top\">\n<div class=\"\">92-96<\/div>\n<\/td>\n<td class=\"\" valign=\"top\">\n<div class=\"\">96-100<\/div>\n<\/td>\n<td class=\"\" valign=\"top\">\n<div class=\"\">100-104<\/div>\n<\/td>\n<td class=\"\" valign=\"top\">\n<div class=\"\">104-108<\/div>\n<\/td>\n<\/tr>\n<tr class=\"\">\n<td class=\"\" valign=\"top\">\n<div class=\"\">Length<\/div>\n<\/td>\n<td class=\"\" valign=\"top\">\n<div class=\"\">99<\/div>\n<\/td>\n<td class=\"\" valign=\"top\">\n<div class=\"\">100<\/div>\n<\/td>\n<td class=\"\" valign=\"top\">\n<div class=\"\">101<\/div>\n<\/td>\n<td class=\"\" valign=\"top\">\n<div class=\"\">103<\/div>\n<\/td>\n<td class=\"\" valign=\"top\">\n<div class=\"\">104<\/div>\n<\/td>\n<\/tr>\n<\/tbody>\n<\/table>\n<\/div>","protected":false},"excerpt":{"rendered":"<p>High-waisted suit pants with gold buckles. Phenomenal blue color is an ideal choice for elegant styling in spring-summer. A significant amount of polyester in the composition makes the fabric maintain the right form, does not stretch out and is resistant to creases. The pants feature a fastening on the side. Two side pockets and imitation pockets with flaps at the back.<\/p>\n<p>Part of the Feminity set, which you can wear as a set, as well as with other pieces of clothing. It will go great with an elegant white long-sleeve or cut-strap shirt.<\/p>\n<ul>\n<li>Maintains form<\/li>\n<li>It has hydrophobic properties - it does not absorb moisture and dries quickly,<\/li>\n<li>It is resistant to creases and stains,<\/li>\n<li>It is durable and resistant to damage.<\/li>\n<\/ul>\n<p>Composition: 95% polyester, 5% elastane<\/p>\n<p>Manufactured in Poland.<\/p>\n<p>The model is wearing a size S.<\/p>","protected":false},"featured_media":3776,"template":"","meta":[],"product_brand":[],"product_cat":[143,24],"product_tag":[],"class_list":{"0":"post-1794","1":"product","2":"type-product","3":"status-publish","4":"has-post-thumbnail","6":"product_cat-doly","7":"product_cat-spodnie","9":"first","10":"instock","11":"sale","12":"shipping-taxable","13":"purchasable","14":"product-type-variable","15":"has-default-attributes","16":"wpzoom-wc-spi-has-enabled"},"yoast_head":"<!-- This site is optimized with the Yoast SEO plugin v27.3 - https:\/\/yoast.com\/product\/yoast-seo-wordpress\/ -->\n<title>Spodnie Feminity Baby Blue - MANDRAGORA - Designed for women. Made in Poland.<\/title>\n<meta name=\"robots\" content=\"index, follow, max-snippet:-1, max-image-preview:large, max-video-preview:-1\" \/>\n<link rel=\"canonical\" href=\"https:\/\/mandragorastore.pl\/en\/product\/spodnie-feminity-baby-blue\/\" \/>\n<meta property=\"og:locale\" content=\"en_US\" \/>\n<meta property=\"og:type\" content=\"article\" \/>\n<meta property=\"og:title\" content=\"Spodnie Feminity Baby Blue - MANDRAGORA - Designed for women. Made in Poland.\" \/>\n<meta property=\"og:description\" content=\"Spodnie garniturowe z wysokim stanem i z\u0142otymi klamrami. Zjawiskowy, b\u0142\u0119kitny kolor to idealny wyb\u00f3r dla eleganckich stylizacji w okresie wiosna-lato. Znacz\u0105ca ilo\u015b\u0107 poliestru w sk\u0142adzie sprawia, \u017ce tkanina utrzymuje w\u0142a\u015bciw\u0105 form\u0119, nie wyci\u0105ga si\u0119 oraz jest odporna na zagniecenia. Spodnie posiadaj\u0105 zapi\u0119cie z boku. Dwie boczne kieszenie oraz imitacje z klapami z ty\u0142u.  Element kompletu Feminity, kt\u00f3ry mo\u017cesz nosi\u0107 w zestawie, jak i z innymi cz\u0119\u015bciami garderoby. \u015awietnie sprawdzi si\u0119 z eleganck\u0105, bia\u0142\u0105 koszul\u0105 na d\u0142ugi r\u0119kaw czy na ci\u0119kich rami\u0105czkach.   Utrzymuje form\u0119  Posiada w\u0142a\u015bciwo\u015bci hydrofobowe - nie wch\u0142ania wilgoci oraz szybko schnie,  Jest odporny na zagniecenia oraz plamy,  Jest wytrzyma\u0142y i odporny na zniszczenie.  Sk\u0142ad: 95% poliester, 5% elastan  Wyprodukowano w Polsce.  Modelka ma na sobie rozmiar S.\" \/>\n<meta property=\"og:url\" content=\"https:\/\/mandragorastore.pl\/en\/product\/spodnie-feminity-baby-blue\/\" \/>\n<meta property=\"og:site_name\" content=\"MANDRAGORA - Designed for women. Made in Poland.\" \/>\n<meta property=\"article:publisher\" content=\"https:\/\/www.facebook.com\/madragorastore\/\" \/>\n<meta property=\"article:modified_time\" content=\"2026-04-08T14:23:25+00:00\" \/>\n<meta property=\"og:image\" content=\"https:\/\/mandragorastore.pl\/wp-content\/uploads\/2025\/10\/3-92-1.webp\" \/>\n\t<meta property=\"og:image:width\" content=\"1500\" \/>\n\t<meta property=\"og:image:height\" content=\"2250\" \/>\n\t<meta property=\"og:image:type\" content=\"image\/webp\" \/>\n<meta name=\"twitter:card\" content=\"summary_large_image\" \/>\n<meta name=\"twitter:label1\" content=\"Est. reading time\" \/>\n\t<meta name=\"twitter:data1\" content=\"1 minute\" \/>\n<script type=\"application\/ld+json\" class=\"yoast-schema-graph\">{\"@context\":\"https:\\\/\\\/schema.org\",\"@graph\":[{\"@type\":\"WebPage\",\"@id\":\"https:\\\/\\\/mandragorastore.pl\\\/product\\\/spodnie-feminity-baby-blue\\\/\",\"url\":\"https:\\\/\\\/mandragorastore.pl\\\/product\\\/spodnie-feminity-baby-blue\\\/\",\"name\":\"Spodnie Feminity Baby Blue - MANDRAGORA - Designed for women. Made in Poland.\",\"isPartOf\":{\"@id\":\"https:\\\/\\\/mandragorastore.pl\\\/#website\"},\"primaryImageOfPage\":{\"@id\":\"https:\\\/\\\/mandragorastore.pl\\\/product\\\/spodnie-feminity-baby-blue\\\/#primaryimage\"},\"image\":{\"@id\":\"https:\\\/\\\/mandragorastore.pl\\\/product\\\/spodnie-feminity-baby-blue\\\/#primaryimage\"},\"thumbnailUrl\":\"https:\\\/\\\/mandragorastore.pl\\\/wp-content\\\/uploads\\\/2025\\\/10\\\/3-92-1.webp\",\"datePublished\":\"2025-10-06T14:57:13+00:00\",\"dateModified\":\"2026-04-08T14:23:25+00:00\",\"breadcrumb\":{\"@id\":\"https:\\\/\\\/mandragorastore.pl\\\/product\\\/spodnie-feminity-baby-blue\\\/#breadcrumb\"},\"inLanguage\":\"en-US\",\"potentialAction\":[{\"@type\":\"ReadAction\",\"target\":[\"https:\\\/\\\/mandragorastore.pl\\\/product\\\/spodnie-feminity-baby-blue\\\/\"]}]},{\"@type\":\"ImageObject\",\"inLanguage\":\"en-US\",\"@id\":\"https:\\\/\\\/mandragorastore.pl\\\/product\\\/spodnie-feminity-baby-blue\\\/#primaryimage\",\"url\":\"https:\\\/\\\/mandragorastore.pl\\\/wp-content\\\/uploads\\\/2025\\\/10\\\/3-92-1.webp\",\"contentUrl\":\"https:\\\/\\\/mandragorastore.pl\\\/wp-content\\\/uploads\\\/2025\\\/10\\\/3-92-1.webp\",\"width\":1500,\"height\":2250},{\"@type\":\"BreadcrumbList\",\"@id\":\"https:\\\/\\\/mandragorastore.pl\\\/product\\\/spodnie-feminity-baby-blue\\\/#breadcrumb\",\"itemListElement\":[{\"@type\":\"ListItem\",\"position\":1,\"name\":\"Strona g\u0142\u00f3wna\",\"item\":\"https:\\\/\\\/mandragorastore.pl\\\/\"},{\"@type\":\"ListItem\",\"position\":2,\"name\":\"Katalog\",\"item\":\"https:\\\/\\\/mandragorastore.pl\\\/sklep\\\/\"},{\"@type\":\"ListItem\",\"position\":3,\"name\":\"Spodnie Feminity Baby Blue\"}]},{\"@type\":\"WebSite\",\"@id\":\"https:\\\/\\\/mandragorastore.pl\\\/#website\",\"url\":\"https:\\\/\\\/mandragorastore.pl\\\/\",\"name\":\"Mandragora by Martyna - Wyj\u0105tkowy sklep odzie\u017cowy dla kobiet\",\"description\":\"\",\"publisher\":{\"@id\":\"https:\\\/\\\/mandragorastore.pl\\\/#organization\"},\"potentialAction\":[{\"@type\":\"SearchAction\",\"target\":{\"@type\":\"EntryPoint\",\"urlTemplate\":\"https:\\\/\\\/mandragorastore.pl\\\/?s={search_term_string}\"},\"query-input\":{\"@type\":\"PropertyValueSpecification\",\"valueRequired\":true,\"valueName\":\"search_term_string\"}}],\"inLanguage\":\"en-US\"},{\"@type\":\"Organization\",\"@id\":\"https:\\\/\\\/mandragorastore.pl\\\/#organization\",\"name\":\"Mandragora by Martyna - Wyj\u0105tkowy sklep odzie\u017cowy dla kobiet\",\"url\":\"https:\\\/\\\/mandragorastore.pl\\\/\",\"logo\":{\"@type\":\"ImageObject\",\"inLanguage\":\"en-US\",\"@id\":\"https:\\\/\\\/mandragorastore.pl\\\/#\\\/schema\\\/logo\\\/image\\\/\",\"url\":\"https:\\\/\\\/mandragorastore.pl\\\/wp-content\\\/uploads\\\/2025\\\/10\\\/COVER.categories.png\",\"contentUrl\":\"https:\\\/\\\/mandragorastore.pl\\\/wp-content\\\/uploads\\\/2025\\\/10\\\/COVER.categories.png\",\"width\":800,\"height\":801,\"caption\":\"Mandragora by Martyna - Wyj\u0105tkowy sklep odzie\u017cowy dla kobiet\"},\"image\":{\"@id\":\"https:\\\/\\\/mandragorastore.pl\\\/#\\\/schema\\\/logo\\\/image\\\/\"},\"sameAs\":[\"https:\\\/\\\/www.facebook.com\\\/madragorastore\\\/\",\"https:\\\/\\\/www.instagram.com\\\/mandragorastore.pl\\\/\"]}]}<\/script>\n<!-- \/ Yoast SEO plugin. -->","yoast_head_json":{"title":"Spodnie Feminity Baby Blue - MANDRAGORA - Designed for women. Made in Poland.","robots":{"index":"index","follow":"follow","max-snippet":"max-snippet:-1","max-image-preview":"max-image-preview:large","max-video-preview":"max-video-preview:-1"},"canonical":"https:\/\/mandragorastore.pl\/en\/product\/spodnie-feminity-baby-blue\/","og_locale":"en_US","og_type":"article","og_title":"Spodnie Feminity Baby Blue - MANDRAGORA - Designed for women. Made in Poland.","og_description":"Spodnie garniturowe z wysokim stanem i z\u0142otymi klamrami. Zjawiskowy, b\u0142\u0119kitny kolor to idealny wyb\u00f3r dla eleganckich stylizacji w okresie wiosna-lato. Znacz\u0105ca ilo\u015b\u0107 poliestru w sk\u0142adzie sprawia, \u017ce tkanina utrzymuje w\u0142a\u015bciw\u0105 form\u0119, nie wyci\u0105ga si\u0119 oraz jest odporna na zagniecenia. Spodnie posiadaj\u0105 zapi\u0119cie z boku. Dwie boczne kieszenie oraz imitacje z klapami z ty\u0142u.  Element kompletu Feminity, kt\u00f3ry mo\u017cesz nosi\u0107 w zestawie, jak i z innymi cz\u0119\u015bciami garderoby. \u015awietnie sprawdzi si\u0119 z eleganck\u0105, bia\u0142\u0105 koszul\u0105 na d\u0142ugi r\u0119kaw czy na ci\u0119kich rami\u0105czkach.   Utrzymuje form\u0119  Posiada w\u0142a\u015bciwo\u015bci hydrofobowe - nie wch\u0142ania wilgoci oraz szybko schnie,  Jest odporny na zagniecenia oraz plamy,  Jest wytrzyma\u0142y i odporny na zniszczenie.  Sk\u0142ad: 95% poliester, 5% elastan  Wyprodukowano w Polsce.  Modelka ma na sobie rozmiar S.","og_url":"https:\/\/mandragorastore.pl\/en\/product\/spodnie-feminity-baby-blue\/","og_site_name":"MANDRAGORA - Designed for women. Made in Poland.","article_publisher":"https:\/\/www.facebook.com\/madragorastore\/","article_modified_time":"2026-04-08T14:23:25+00:00","og_image":[{"width":1500,"height":2250,"url":"https:\/\/mandragorastore.pl\/wp-content\/uploads\/2025\/10\/3-92-1.webp","type":"image\/webp"}],"twitter_card":"summary_large_image","twitter_misc":{"Est. reading time":"1 minute"},"schema":{"@context":"https:\/\/schema.org","@graph":[{"@type":"WebPage","@id":"https:\/\/mandragorastore.pl\/product\/spodnie-feminity-baby-blue\/","url":"https:\/\/mandragorastore.pl\/product\/spodnie-feminity-baby-blue\/","name":"Spodnie Feminity Baby Blue - MANDRAGORA - Designed for women. Made in Poland.","isPartOf":{"@id":"https:\/\/mandragorastore.pl\/#website"},"primaryImageOfPage":{"@id":"https:\/\/mandragorastore.pl\/product\/spodnie-feminity-baby-blue\/#primaryimage"},"image":{"@id":"https:\/\/mandragorastore.pl\/product\/spodnie-feminity-baby-blue\/#primaryimage"},"thumbnailUrl":"https:\/\/mandragorastore.pl\/wp-content\/uploads\/2025\/10\/3-92-1.webp","datePublished":"2025-10-06T14:57:13+00:00","dateModified":"2026-04-08T14:23:25+00:00","breadcrumb":{"@id":"https:\/\/mandragorastore.pl\/product\/spodnie-feminity-baby-blue\/#breadcrumb"},"inLanguage":"en-US","potentialAction":[{"@type":"ReadAction","target":["https:\/\/mandragorastore.pl\/product\/spodnie-feminity-baby-blue\/"]}]},{"@type":"ImageObject","inLanguage":"en-US","@id":"https:\/\/mandragorastore.pl\/product\/spodnie-feminity-baby-blue\/#primaryimage","url":"https:\/\/mandragorastore.pl\/wp-content\/uploads\/2025\/10\/3-92-1.webp","contentUrl":"https:\/\/mandragorastore.pl\/wp-content\/uploads\/2025\/10\/3-92-1.webp","width":1500,"height":2250},{"@type":"BreadcrumbList","@id":"https:\/\/mandragorastore.pl\/product\/spodnie-feminity-baby-blue\/#breadcrumb","itemListElement":[{"@type":"ListItem","position":1,"name":"Strona g\u0142\u00f3wna","item":"https:\/\/mandragorastore.pl\/"},{"@type":"ListItem","position":2,"name":"Katalog","item":"https:\/\/mandragorastore.pl\/sklep\/"},{"@type":"ListItem","position":3,"name":"Spodnie Feminity Baby Blue"}]},{"@type":"WebSite","@id":"https:\/\/mandragorastore.pl\/#website","url":"https:\/\/mandragorastore.pl\/","name":"Mandragora by Martyna - Unique Clothing Store for Women","description":"","publisher":{"@id":"https:\/\/mandragorastore.pl\/#organization"},"potentialAction":[{"@type":"SearchAction","target":{"@type":"EntryPoint","urlTemplate":"https:\/\/mandragorastore.pl\/?s={search_term_string}"},"query-input":{"@type":"PropertyValueSpecification","valueRequired":true,"valueName":"search_term_string"}}],"inLanguage":"en-US"},{"@type":"Organization","@id":"https:\/\/mandragorastore.pl\/#organization","name":"Mandragora by Martyna - Unique Clothing Store for Women","url":"https:\/\/mandragorastore.pl\/","logo":{"@type":"ImageObject","inLanguage":"en-US","@id":"https:\/\/mandragorastore.pl\/#\/schema\/logo\/image\/","url":"https:\/\/mandragorastore.pl\/wp-content\/uploads\/2025\/10\/COVER.categories.png","contentUrl":"https:\/\/mandragorastore.pl\/wp-content\/uploads\/2025\/10\/COVER.categories.png","width":800,"height":801,"caption":"Mandragora by Martyna - Wyj\u0105tkowy sklep odzie\u017cowy dla kobiet"},"image":{"@id":"https:\/\/mandragorastore.pl\/#\/schema\/logo\/image\/"},"sameAs":["https:\/\/www.facebook.com\/madragorastore\/","https:\/\/www.instagram.com\/mandragorastore.pl\/"]}]}},"_links":{"self":[{"href":"https:\/\/mandragorastore.pl\/en\/wp-json\/wp\/v2\/product\/1794","targetHints":{"allow":["GET"]}}],"collection":[{"href":"https:\/\/mandragorastore.pl\/en\/wp-json\/wp\/v2\/product"}],"about":[{"href":"https:\/\/mandragorastore.pl\/en\/wp-json\/wp\/v2\/types\/product"}],"wp:featuredmedia":[{"embeddable":true,"href":"https:\/\/mandragorastore.pl\/en\/wp-json\/wp\/v2\/media\/3776"}],"wp:attachment":[{"href":"https:\/\/mandragorastore.pl\/en\/wp-json\/wp\/v2\/media?parent=1794"}],"wp:term":[{"taxonomy":"product_brand","embeddable":true,"href":"https:\/\/mandragorastore.pl\/en\/wp-json\/wp\/v2\/product_brand?post=1794"},{"taxonomy":"product_cat","embeddable":true,"href":"https:\/\/mandragorastore.pl\/en\/wp-json\/wp\/v2\/product_cat?post=1794"},{"taxonomy":"product_tag","embeddable":true,"href":"https:\/\/mandragorastore.pl\/en\/wp-json\/wp\/v2\/product_tag?post=1794"}],"curies":[{"name":"WP","href":"https:\/\/api.w.org\/{rel}","templated":true}]}}