{"id":1820,"date":"2025-10-06T16:57:16","date_gmt":"2025-10-06T14:57:16","guid":{"rendered":"https:\/\/mandragorastore.pl\/?post_type=product&#038;p=1820"},"modified":"2026-04-01T11:30:34","modified_gmt":"2026-04-01T09:30:34","slug":"plaszcz-ekstrawagancki","status":"publish","type":"product","link":"https:\/\/mandragorastore.pl\/en\/product\/plaszcz-ekstrawagancki\/","title":{"rendered":"Extravagant Coat"},"content":{"rendered":"<p>The model is 174 cm tall and is wearing size XS\/S.<\/p>\n<ul class=\"\">\n<li class=\"\"><span class=\"\">Fast delivery\u00a0<\/span><\/li>\n<li class=\"\">14 days for easy return<\/li>\n<li>PayPo payment option<\/li>\n<\/ul>\n<p>Cost of Delivery :<\/p>\n<ul>\n<li>InPost courier service: PLN 15.00<\/li>\n<li>Parcel Post Inpost: PLN 13.00<\/li>\n<li>Cash on delivery: PLN 17.00<\/li>\n<\/ul>\n<p>Dimensions:<\/p>\n<table cellspacing=\"0\" cellpadding=\"0\">\n<tbody class=\"\">\n<tr class=\"\">\n<td class=\"\" valign=\"top\">\n<div class=\"\"><\/div>\n<\/td>\n<td class=\"\" valign=\"top\">\n<div class=\"\">XS\/S<\/div>\n<\/td>\n<td class=\"\" valign=\"top\">\n<div class=\"\">M\/L<\/div>\n<\/td>\n<td class=\"\" valign=\"top\">\n<div class=\"\">L\/XL<\/div>\n<\/td>\n<\/tr>\n<tr class=\"\">\n<td class=\"\" valign=\"top\">\n<div class=\"\">Bust circumference<\/div>\n<\/td>\n<td class=\"\" valign=\"top\">\n<div class=\"\">82- 92<\/div>\n<\/td>\n<td class=\"\" valign=\"top\">\n<div class=\"\">88- 100<\/div>\n<\/td>\n<td class=\"\" valign=\"top\">\n<div class=\"\">92-106<\/div>\n<\/td>\n<\/tr>\n<tr class=\"\">\n<td class=\"\" valign=\"top\">\n<div class=\"\">Waist circumference<\/div>\n<\/td>\n<td class=\"\" valign=\"top\">\n<div class=\"\">60- 80<\/div>\n<\/td>\n<td class=\"\" valign=\"top\">\n<div class=\"\">75-90<\/div>\n<\/td>\n<td class=\"\" valign=\"top\">\n<div class=\"\">80-96<\/div>\n<\/td>\n<\/tr>\n<tr class=\"\">\n<td class=\"\" valign=\"top\">\n<div class=\"\">Shoulder width<\/div>\n<\/td>\n<td class=\"\" valign=\"top\">\n<div class=\"\">43<\/div>\n<\/td>\n<td class=\"\" valign=\"top\">\n<div class=\"\">44<\/div>\n<\/td>\n<td class=\"\" valign=\"top\">\n<div class=\"\">45<\/div>\n<\/td>\n<\/tr>\n<tr class=\"\">\n<td class=\"\" valign=\"top\">\n<div class=\"\">Sleeve length<\/div>\n<\/td>\n<td class=\"\" valign=\"top\">\n<div class=\"\">65<\/div>\n<\/td>\n<td class=\"\" valign=\"top\">\n<div class=\"\">66<\/div>\n<\/td>\n<td class=\"\" valign=\"top\">\n<div class=\"\">67<\/div>\n<\/td>\n<\/tr>\n<tr class=\"\">\n<td class=\"\" valign=\"top\">\n<div class=\"\">Coat length<\/div>\n<\/td>\n<td class=\"\" valign=\"top\">\n<div class=\"\">112<\/div>\n<\/td>\n<td class=\"\" valign=\"top\">\n<div class=\"\">114<\/div>\n<\/td>\n<td class=\"\" valign=\"top\">\n<div class=\"\">116<\/div>\n<\/td>\n<\/tr>\n<\/tbody>\n<\/table>","protected":false},"excerpt":{"rendered":"<div class=\"\">Classic 100% wool coat. Perfectly tailored, thanks to its perfectly designed form. This coat can be worn on two<\/div>\n<div class=\"\">manners : Choose your size if you want to wear it femininely \ud83d\ude09 For a sportier style, we recommend a size larger \ud83d\ude42<\/div>\n<p><strong>Composition: <\/strong>100 % wool<strong><br class=\"\" aria-hidden=\"true\" \/>Lining composition: <\/strong>48 % viscose 52 % polyester<\/p>\n<p>Manufactured in Poland.<\/p>","protected":false},"featured_media":3766,"template":"","meta":[],"product_brand":[],"product_cat":[141,32],"product_tag":[],"class_list":{"0":"post-1820","1":"product","2":"type-product","3":"status-publish","4":"has-post-thumbnail","6":"product_cat-okrycia-wierzchnie","7":"product_cat-plaszcze","9":"first","10":"instock","11":"sale","12":"shipping-taxable","13":"purchasable","14":"product-type-variable","15":"wpzoom-wc-spi-has-enabled"},"yoast_head":"<!-- This site is optimized with the Yoast SEO plugin v27.3 - https:\/\/yoast.com\/product\/yoast-seo-wordpress\/ -->\n<title>P\u0142aszcz Ekstrawagancki - MANDRAGORA - Designed for women. Made in Poland.<\/title>\n<meta name=\"robots\" content=\"index, follow, max-snippet:-1, max-image-preview:large, max-video-preview:-1\" \/>\n<link rel=\"canonical\" href=\"https:\/\/mandragorastore.pl\/en\/product\/plaszcz-ekstrawagancki\/\" \/>\n<meta property=\"og:locale\" content=\"en_US\" \/>\n<meta property=\"og:type\" content=\"article\" \/>\n<meta property=\"og:title\" content=\"P\u0142aszcz Ekstrawagancki - MANDRAGORA - Designed for women. Made in Poland.\" \/>\n<meta property=\"og:description\" content=\"Klasyczny 100% we\u0142niany p\u0142aszcz. Idealnie skrojony, dzi\u0119ki perfekcyjnie zaprojektowanej formie. P\u0142aszcz ten mo\u017cna nosi\u0107 na dwa sposoby : Wybierz sw\u00f3j rozmiar, je\u015bli chcesz go nosi\u0107 kobieco ;) Dla bardziej sportowego stylu zalecamy rozmiar wi\u0119kszy :) Sk\u0142ad: 100 % we\u0142naSk\u0142ad podszewki: 48 % wiskoza \u00a052 % poliester  Wyprodukowane w Polsce.\" \/>\n<meta property=\"og:url\" content=\"https:\/\/mandragorastore.pl\/en\/product\/plaszcz-ekstrawagancki\/\" \/>\n<meta property=\"og:site_name\" content=\"MANDRAGORA - Designed for women. Made in Poland.\" \/>\n<meta property=\"article:publisher\" content=\"https:\/\/www.facebook.com\/madragorastore\/\" \/>\n<meta property=\"article:modified_time\" content=\"2026-04-01T09:30:34+00:00\" \/>\n<meta property=\"og:image\" content=\"https:\/\/mandragorastore.pl\/wp-content\/uploads\/2025\/10\/3-96-1.webp\" \/>\n\t<meta property=\"og:image:width\" content=\"1333\" \/>\n\t<meta property=\"og:image:height\" content=\"2000\" \/>\n\t<meta property=\"og:image:type\" content=\"image\/webp\" \/>\n<meta name=\"twitter:card\" content=\"summary_large_image\" \/>\n<meta name=\"twitter:label1\" content=\"Est. reading time\" \/>\n\t<meta name=\"twitter:data1\" content=\"1 minute\" \/>\n<script type=\"application\/ld+json\" class=\"yoast-schema-graph\">{\"@context\":\"https:\\\/\\\/schema.org\",\"@graph\":[{\"@type\":\"WebPage\",\"@id\":\"https:\\\/\\\/mandragorastore.pl\\\/product\\\/plaszcz-ekstrawagancki\\\/\",\"url\":\"https:\\\/\\\/mandragorastore.pl\\\/product\\\/plaszcz-ekstrawagancki\\\/\",\"name\":\"P\u0142aszcz Ekstrawagancki - MANDRAGORA - Designed for women. Made in Poland.\",\"isPartOf\":{\"@id\":\"https:\\\/\\\/mandragorastore.pl\\\/#website\"},\"primaryImageOfPage\":{\"@id\":\"https:\\\/\\\/mandragorastore.pl\\\/product\\\/plaszcz-ekstrawagancki\\\/#primaryimage\"},\"image\":{\"@id\":\"https:\\\/\\\/mandragorastore.pl\\\/product\\\/plaszcz-ekstrawagancki\\\/#primaryimage\"},\"thumbnailUrl\":\"https:\\\/\\\/mandragorastore.pl\\\/wp-content\\\/uploads\\\/2025\\\/10\\\/3-96-1.webp\",\"datePublished\":\"2025-10-06T14:57:16+00:00\",\"dateModified\":\"2026-04-01T09:30:34+00:00\",\"breadcrumb\":{\"@id\":\"https:\\\/\\\/mandragorastore.pl\\\/product\\\/plaszcz-ekstrawagancki\\\/#breadcrumb\"},\"inLanguage\":\"en-US\",\"potentialAction\":[{\"@type\":\"ReadAction\",\"target\":[\"https:\\\/\\\/mandragorastore.pl\\\/product\\\/plaszcz-ekstrawagancki\\\/\"]}]},{\"@type\":\"ImageObject\",\"inLanguage\":\"en-US\",\"@id\":\"https:\\\/\\\/mandragorastore.pl\\\/product\\\/plaszcz-ekstrawagancki\\\/#primaryimage\",\"url\":\"https:\\\/\\\/mandragorastore.pl\\\/wp-content\\\/uploads\\\/2025\\\/10\\\/3-96-1.webp\",\"contentUrl\":\"https:\\\/\\\/mandragorastore.pl\\\/wp-content\\\/uploads\\\/2025\\\/10\\\/3-96-1.webp\",\"width\":1333,\"height\":2000},{\"@type\":\"BreadcrumbList\",\"@id\":\"https:\\\/\\\/mandragorastore.pl\\\/product\\\/plaszcz-ekstrawagancki\\\/#breadcrumb\",\"itemListElement\":[{\"@type\":\"ListItem\",\"position\":1,\"name\":\"Strona g\u0142\u00f3wna\",\"item\":\"https:\\\/\\\/mandragorastore.pl\\\/\"},{\"@type\":\"ListItem\",\"position\":2,\"name\":\"Katalog\",\"item\":\"https:\\\/\\\/mandragorastore.pl\\\/sklep\\\/\"},{\"@type\":\"ListItem\",\"position\":3,\"name\":\"P\u0142aszcz Ekstrawagancki\"}]},{\"@type\":\"WebSite\",\"@id\":\"https:\\\/\\\/mandragorastore.pl\\\/#website\",\"url\":\"https:\\\/\\\/mandragorastore.pl\\\/\",\"name\":\"Mandragora by Martyna - Wyj\u0105tkowy sklep odzie\u017cowy dla kobiet\",\"description\":\"\",\"publisher\":{\"@id\":\"https:\\\/\\\/mandragorastore.pl\\\/#organization\"},\"potentialAction\":[{\"@type\":\"SearchAction\",\"target\":{\"@type\":\"EntryPoint\",\"urlTemplate\":\"https:\\\/\\\/mandragorastore.pl\\\/?s={search_term_string}\"},\"query-input\":{\"@type\":\"PropertyValueSpecification\",\"valueRequired\":true,\"valueName\":\"search_term_string\"}}],\"inLanguage\":\"en-US\"},{\"@type\":\"Organization\",\"@id\":\"https:\\\/\\\/mandragorastore.pl\\\/#organization\",\"name\":\"Mandragora by Martyna - Wyj\u0105tkowy sklep odzie\u017cowy dla kobiet\",\"url\":\"https:\\\/\\\/mandragorastore.pl\\\/\",\"logo\":{\"@type\":\"ImageObject\",\"inLanguage\":\"en-US\",\"@id\":\"https:\\\/\\\/mandragorastore.pl\\\/#\\\/schema\\\/logo\\\/image\\\/\",\"url\":\"https:\\\/\\\/mandragorastore.pl\\\/wp-content\\\/uploads\\\/2025\\\/10\\\/COVER.categories.png\",\"contentUrl\":\"https:\\\/\\\/mandragorastore.pl\\\/wp-content\\\/uploads\\\/2025\\\/10\\\/COVER.categories.png\",\"width\":800,\"height\":801,\"caption\":\"Mandragora by Martyna - Wyj\u0105tkowy sklep odzie\u017cowy dla kobiet\"},\"image\":{\"@id\":\"https:\\\/\\\/mandragorastore.pl\\\/#\\\/schema\\\/logo\\\/image\\\/\"},\"sameAs\":[\"https:\\\/\\\/www.facebook.com\\\/madragorastore\\\/\",\"https:\\\/\\\/www.instagram.com\\\/mandragorastore.pl\\\/\"]}]}<\/script>\n<!-- \/ Yoast SEO plugin. -->","yoast_head_json":{"title":"P\u0142aszcz Ekstrawagancki - MANDRAGORA - Designed for women. Made in Poland.","robots":{"index":"index","follow":"follow","max-snippet":"max-snippet:-1","max-image-preview":"max-image-preview:large","max-video-preview":"max-video-preview:-1"},"canonical":"https:\/\/mandragorastore.pl\/en\/product\/plaszcz-ekstrawagancki\/","og_locale":"en_US","og_type":"article","og_title":"P\u0142aszcz Ekstrawagancki - MANDRAGORA - Designed for women. Made in Poland.","og_description":"Klasyczny 100% we\u0142niany p\u0142aszcz. Idealnie skrojony, dzi\u0119ki perfekcyjnie zaprojektowanej formie. P\u0142aszcz ten mo\u017cna nosi\u0107 na dwa sposoby : Wybierz sw\u00f3j rozmiar, je\u015bli chcesz go nosi\u0107 kobieco ;) Dla bardziej sportowego stylu zalecamy rozmiar wi\u0119kszy :) Sk\u0142ad: 100 % we\u0142naSk\u0142ad podszewki: 48 % wiskoza \u00a052 % poliester  Wyprodukowane w Polsce.","og_url":"https:\/\/mandragorastore.pl\/en\/product\/plaszcz-ekstrawagancki\/","og_site_name":"MANDRAGORA - Designed for women. Made in Poland.","article_publisher":"https:\/\/www.facebook.com\/madragorastore\/","article_modified_time":"2026-04-01T09:30:34+00:00","og_image":[{"width":1333,"height":2000,"url":"https:\/\/mandragorastore.pl\/wp-content\/uploads\/2025\/10\/3-96-1.webp","type":"image\/webp"}],"twitter_card":"summary_large_image","twitter_misc":{"Est. reading time":"1 minute"},"schema":{"@context":"https:\/\/schema.org","@graph":[{"@type":"WebPage","@id":"https:\/\/mandragorastore.pl\/product\/plaszcz-ekstrawagancki\/","url":"https:\/\/mandragorastore.pl\/product\/plaszcz-ekstrawagancki\/","name":"P\u0142aszcz Ekstrawagancki - MANDRAGORA - Designed for women. Made in Poland.","isPartOf":{"@id":"https:\/\/mandragorastore.pl\/#website"},"primaryImageOfPage":{"@id":"https:\/\/mandragorastore.pl\/product\/plaszcz-ekstrawagancki\/#primaryimage"},"image":{"@id":"https:\/\/mandragorastore.pl\/product\/plaszcz-ekstrawagancki\/#primaryimage"},"thumbnailUrl":"https:\/\/mandragorastore.pl\/wp-content\/uploads\/2025\/10\/3-96-1.webp","datePublished":"2025-10-06T14:57:16+00:00","dateModified":"2026-04-01T09:30:34+00:00","breadcrumb":{"@id":"https:\/\/mandragorastore.pl\/product\/plaszcz-ekstrawagancki\/#breadcrumb"},"inLanguage":"en-US","potentialAction":[{"@type":"ReadAction","target":["https:\/\/mandragorastore.pl\/product\/plaszcz-ekstrawagancki\/"]}]},{"@type":"ImageObject","inLanguage":"en-US","@id":"https:\/\/mandragorastore.pl\/product\/plaszcz-ekstrawagancki\/#primaryimage","url":"https:\/\/mandragorastore.pl\/wp-content\/uploads\/2025\/10\/3-96-1.webp","contentUrl":"https:\/\/mandragorastore.pl\/wp-content\/uploads\/2025\/10\/3-96-1.webp","width":1333,"height":2000},{"@type":"BreadcrumbList","@id":"https:\/\/mandragorastore.pl\/product\/plaszcz-ekstrawagancki\/#breadcrumb","itemListElement":[{"@type":"ListItem","position":1,"name":"Strona g\u0142\u00f3wna","item":"https:\/\/mandragorastore.pl\/"},{"@type":"ListItem","position":2,"name":"Katalog","item":"https:\/\/mandragorastore.pl\/sklep\/"},{"@type":"ListItem","position":3,"name":"P\u0142aszcz Ekstrawagancki"}]},{"@type":"WebSite","@id":"https:\/\/mandragorastore.pl\/#website","url":"https:\/\/mandragorastore.pl\/","name":"Mandragora by Martyna - Unique Clothing Store for Women","description":"","publisher":{"@id":"https:\/\/mandragorastore.pl\/#organization"},"potentialAction":[{"@type":"SearchAction","target":{"@type":"EntryPoint","urlTemplate":"https:\/\/mandragorastore.pl\/?s={search_term_string}"},"query-input":{"@type":"PropertyValueSpecification","valueRequired":true,"valueName":"search_term_string"}}],"inLanguage":"en-US"},{"@type":"Organization","@id":"https:\/\/mandragorastore.pl\/#organization","name":"Mandragora by Martyna - Unique Clothing Store for Women","url":"https:\/\/mandragorastore.pl\/","logo":{"@type":"ImageObject","inLanguage":"en-US","@id":"https:\/\/mandragorastore.pl\/#\/schema\/logo\/image\/","url":"https:\/\/mandragorastore.pl\/wp-content\/uploads\/2025\/10\/COVER.categories.png","contentUrl":"https:\/\/mandragorastore.pl\/wp-content\/uploads\/2025\/10\/COVER.categories.png","width":800,"height":801,"caption":"Mandragora by Martyna - Wyj\u0105tkowy sklep odzie\u017cowy dla kobiet"},"image":{"@id":"https:\/\/mandragorastore.pl\/#\/schema\/logo\/image\/"},"sameAs":["https:\/\/www.facebook.com\/madragorastore\/","https:\/\/www.instagram.com\/mandragorastore.pl\/"]}]}},"_links":{"self":[{"href":"https:\/\/mandragorastore.pl\/en\/wp-json\/wp\/v2\/product\/1820","targetHints":{"allow":["GET"]}}],"collection":[{"href":"https:\/\/mandragorastore.pl\/en\/wp-json\/wp\/v2\/product"}],"about":[{"href":"https:\/\/mandragorastore.pl\/en\/wp-json\/wp\/v2\/types\/product"}],"wp:featuredmedia":[{"embeddable":true,"href":"https:\/\/mandragorastore.pl\/en\/wp-json\/wp\/v2\/media\/3766"}],"wp:attachment":[{"href":"https:\/\/mandragorastore.pl\/en\/wp-json\/wp\/v2\/media?parent=1820"}],"wp:term":[{"taxonomy":"product_brand","embeddable":true,"href":"https:\/\/mandragorastore.pl\/en\/wp-json\/wp\/v2\/product_brand?post=1820"},{"taxonomy":"product_cat","embeddable":true,"href":"https:\/\/mandragorastore.pl\/en\/wp-json\/wp\/v2\/product_cat?post=1820"},{"taxonomy":"product_tag","embeddable":true,"href":"https:\/\/mandragorastore.pl\/en\/wp-json\/wp\/v2\/product_tag?post=1820"}],"curies":[{"name":"WP","href":"https:\/\/api.w.org\/{rel}","templated":true}]}}