{"id":2433,"date":"2025-10-14T13:46:49","date_gmt":"2025-10-14T11:46:49","guid":{"rendered":"https:\/\/mandragorastore.pl\/product\/koszula-z-wiazaniami-vena-szara\/"},"modified":"2026-04-09T10:18:42","modified_gmt":"2026-04-09T08:18:42","slug":"koszula-z-wiazaniami-vena-szara","status":"publish","type":"product","link":"https:\/\/mandragorastore.pl\/en\/product\/koszula-z-wiazaniami-vena-szara\/","title":{"rendered":"Vena Grey Shirt"},"content":{"rendered":"<p>The model is 173 cm tall and presents size XS\/S.<\/p>\n<table width=\"604\">\n<tbody>\n<tr>\n<td width=\"202\">&nbsp;<\/td>\n<td width=\"201\">XS\/S<\/td>\n<td width=\"201\">M\/L<\/td>\n<\/tr>\n<tr>\n<td width=\"202\">Bust<\/td>\n<td width=\"201\">80 - 95 cm<\/td>\n<td width=\"201\">95 - 110 cm<\/td>\n<\/tr>\n<tr>\n<td width=\"202\">Sleeve<\/td>\n<td width=\"201\">68 cm<\/td>\n<td width=\"201\">69.5 cm<\/td>\n<\/tr>\n<tr>\n<td width=\"202\">Overall length<\/td>\n<td width=\"201\">80 cm<\/td>\n<td width=\"201\">81.5 cm<\/td>\n<\/tr>\n<\/tbody>\n<\/table>","protected":false},"excerpt":{"rendered":"<p>A loose-fitting shirt with a prominent, elongated collar - a contemporary interpretation of classic elegance. Long sleeves finished with wide cuffs and subtle binding add lightness and finesse to the form. The smooth structure of the material beautifully reflects light, creating an effect of subtle shine. Minimalist cut allows you to combine the model with both a suit and jeans.<\/p>\n<p>Composition: 60% lyocell, 40% viscose<\/p>\n<p>Sewn and designed in Poland.<\/p>","protected":false},"featured_media":2746,"template":"","meta":[],"product_brand":[],"product_cat":[142,34,155],"product_tag":[],"class_list":{"0":"post-2433","1":"product","2":"type-product","3":"status-publish","4":"has-post-thumbnail","6":"product_cat-gory","7":"product_cat-koszule","8":"product_cat-ss-26","10":"first","11":"instock","12":"shipping-taxable","13":"purchasable","14":"product-type-variable","15":"wpzoom-wc-spi-has-enabled"},"yoast_head":"<!-- This site is optimized with the Yoast SEO plugin v27.3 - https:\/\/yoast.com\/product\/yoast-seo-wordpress\/ -->\n<title>Koszula Vena Szara - MANDRAGORA - Designed for women. Made in Poland.<\/title>\n<meta name=\"robots\" content=\"index, follow, max-snippet:-1, max-image-preview:large, max-video-preview:-1\" \/>\n<link rel=\"canonical\" href=\"https:\/\/mandragorastore.pl\/en\/product\/koszula-z-wiazaniami-vena-szara\/\" \/>\n<meta property=\"og:locale\" content=\"en_US\" \/>\n<meta property=\"og:type\" content=\"article\" \/>\n<meta property=\"og:title\" content=\"Koszula Vena Szara - MANDRAGORA - Designed for women. Made in Poland.\" \/>\n<meta property=\"og:description\" content=\"Koszula o lu\u017anym kroju z wyra\u017anie zaznaczonym, wyd\u0142u\u017conym ko\u0142nierzem \u2014 wsp\u00f3\u0142czesna interpretacja klasycznej elegancji. D\u0142ugie r\u0119kawy zako\u0144czone szerokimi mankietami i subtelnym wi\u0105zaniem dodaj\u0105 formie lekko\u015bci i finezji. G\u0142adka struktura materia\u0142u pi\u0119knie odbija \u015bwiat\u0142o, tworz\u0105c efekt subtelnego po\u0142ysku. Minimalistyczny kr\u00f3j pozwala \u0142\u0105czy\u0107 model zar\u00f3wno z garniturem, jak i jeansami.  Sk\u0142ad: 60% lyocell, 40% wiskoza  Szyte i projektowane w Polsce.\" \/>\n<meta property=\"og:url\" content=\"https:\/\/mandragorastore.pl\/en\/product\/koszula-z-wiazaniami-vena-szara\/\" \/>\n<meta property=\"og:site_name\" content=\"MANDRAGORA - Designed for women. Made in Poland.\" \/>\n<meta property=\"article:publisher\" content=\"https:\/\/www.facebook.com\/madragorastore\/\" \/>\n<meta property=\"article:modified_time\" content=\"2026-04-09T08:18:42+00:00\" \/>\n<meta property=\"og:image\" content=\"https:\/\/mandragorastore.pl\/wp-content\/uploads\/2025\/10\/1-113.webp\" \/>\n\t<meta property=\"og:image:width\" content=\"1500\" \/>\n\t<meta property=\"og:image:height\" content=\"2000\" \/>\n\t<meta property=\"og:image:type\" content=\"image\/webp\" \/>\n<meta name=\"twitter:card\" content=\"summary_large_image\" \/>\n<meta name=\"twitter:label1\" content=\"Est. reading time\" \/>\n\t<meta name=\"twitter:data1\" content=\"1 minute\" \/>\n<script type=\"application\/ld+json\" class=\"yoast-schema-graph\">{\"@context\":\"https:\\\/\\\/schema.org\",\"@graph\":[{\"@type\":\"WebPage\",\"@id\":\"https:\\\/\\\/mandragorastore.pl\\\/product\\\/koszula-z-wiazaniami-vena-szara\\\/\",\"url\":\"https:\\\/\\\/mandragorastore.pl\\\/product\\\/koszula-z-wiazaniami-vena-szara\\\/\",\"name\":\"Koszula Vena Szara - MANDRAGORA - Designed for women. Made in Poland.\",\"isPartOf\":{\"@id\":\"https:\\\/\\\/mandragorastore.pl\\\/#website\"},\"primaryImageOfPage\":{\"@id\":\"https:\\\/\\\/mandragorastore.pl\\\/product\\\/koszula-z-wiazaniami-vena-szara\\\/#primaryimage\"},\"image\":{\"@id\":\"https:\\\/\\\/mandragorastore.pl\\\/product\\\/koszula-z-wiazaniami-vena-szara\\\/#primaryimage\"},\"thumbnailUrl\":\"https:\\\/\\\/mandragorastore.pl\\\/wp-content\\\/uploads\\\/2025\\\/10\\\/1-113.webp\",\"datePublished\":\"2025-10-14T11:46:49+00:00\",\"dateModified\":\"2026-04-09T08:18:42+00:00\",\"breadcrumb\":{\"@id\":\"https:\\\/\\\/mandragorastore.pl\\\/product\\\/koszula-z-wiazaniami-vena-szara\\\/#breadcrumb\"},\"inLanguage\":\"en-US\",\"potentialAction\":[{\"@type\":\"ReadAction\",\"target\":[\"https:\\\/\\\/mandragorastore.pl\\\/product\\\/koszula-z-wiazaniami-vena-szara\\\/\"]}]},{\"@type\":\"ImageObject\",\"inLanguage\":\"en-US\",\"@id\":\"https:\\\/\\\/mandragorastore.pl\\\/product\\\/koszula-z-wiazaniami-vena-szara\\\/#primaryimage\",\"url\":\"https:\\\/\\\/mandragorastore.pl\\\/wp-content\\\/uploads\\\/2025\\\/10\\\/1-113.webp\",\"contentUrl\":\"https:\\\/\\\/mandragorastore.pl\\\/wp-content\\\/uploads\\\/2025\\\/10\\\/1-113.webp\",\"width\":1500,\"height\":2000},{\"@type\":\"BreadcrumbList\",\"@id\":\"https:\\\/\\\/mandragorastore.pl\\\/product\\\/koszula-z-wiazaniami-vena-szara\\\/#breadcrumb\",\"itemListElement\":[{\"@type\":\"ListItem\",\"position\":1,\"name\":\"Strona g\u0142\u00f3wna\",\"item\":\"https:\\\/\\\/mandragorastore.pl\\\/\"},{\"@type\":\"ListItem\",\"position\":2,\"name\":\"Katalog\",\"item\":\"https:\\\/\\\/mandragorastore.pl\\\/sklep\\\/\"},{\"@type\":\"ListItem\",\"position\":3,\"name\":\"Koszula Vena Szara\"}]},{\"@type\":\"WebSite\",\"@id\":\"https:\\\/\\\/mandragorastore.pl\\\/#website\",\"url\":\"https:\\\/\\\/mandragorastore.pl\\\/\",\"name\":\"Mandragora by Martyna - Wyj\u0105tkowy sklep odzie\u017cowy dla kobiet\",\"description\":\"\",\"publisher\":{\"@id\":\"https:\\\/\\\/mandragorastore.pl\\\/#organization\"},\"potentialAction\":[{\"@type\":\"SearchAction\",\"target\":{\"@type\":\"EntryPoint\",\"urlTemplate\":\"https:\\\/\\\/mandragorastore.pl\\\/?s={search_term_string}\"},\"query-input\":{\"@type\":\"PropertyValueSpecification\",\"valueRequired\":true,\"valueName\":\"search_term_string\"}}],\"inLanguage\":\"en-US\"},{\"@type\":\"Organization\",\"@id\":\"https:\\\/\\\/mandragorastore.pl\\\/#organization\",\"name\":\"Mandragora by Martyna - Wyj\u0105tkowy sklep odzie\u017cowy dla kobiet\",\"url\":\"https:\\\/\\\/mandragorastore.pl\\\/\",\"logo\":{\"@type\":\"ImageObject\",\"inLanguage\":\"en-US\",\"@id\":\"https:\\\/\\\/mandragorastore.pl\\\/#\\\/schema\\\/logo\\\/image\\\/\",\"url\":\"https:\\\/\\\/mandragorastore.pl\\\/wp-content\\\/uploads\\\/2025\\\/10\\\/COVER.categories.png\",\"contentUrl\":\"https:\\\/\\\/mandragorastore.pl\\\/wp-content\\\/uploads\\\/2025\\\/10\\\/COVER.categories.png\",\"width\":800,\"height\":801,\"caption\":\"Mandragora by Martyna - Wyj\u0105tkowy sklep odzie\u017cowy dla kobiet\"},\"image\":{\"@id\":\"https:\\\/\\\/mandragorastore.pl\\\/#\\\/schema\\\/logo\\\/image\\\/\"},\"sameAs\":[\"https:\\\/\\\/www.facebook.com\\\/madragorastore\\\/\",\"https:\\\/\\\/www.instagram.com\\\/mandragorastore.pl\\\/\"]}]}<\/script>\n<!-- \/ Yoast SEO plugin. -->","yoast_head_json":{"title":"Koszula Vena Szara - MANDRAGORA - Designed for women. Made in Poland.","robots":{"index":"index","follow":"follow","max-snippet":"max-snippet:-1","max-image-preview":"max-image-preview:large","max-video-preview":"max-video-preview:-1"},"canonical":"https:\/\/mandragorastore.pl\/en\/product\/koszula-z-wiazaniami-vena-szara\/","og_locale":"en_US","og_type":"article","og_title":"Koszula Vena Szara - MANDRAGORA - Designed for women. Made in Poland.","og_description":"Koszula o lu\u017anym kroju z wyra\u017anie zaznaczonym, wyd\u0142u\u017conym ko\u0142nierzem \u2014 wsp\u00f3\u0142czesna interpretacja klasycznej elegancji. D\u0142ugie r\u0119kawy zako\u0144czone szerokimi mankietami i subtelnym wi\u0105zaniem dodaj\u0105 formie lekko\u015bci i finezji. G\u0142adka struktura materia\u0142u pi\u0119knie odbija \u015bwiat\u0142o, tworz\u0105c efekt subtelnego po\u0142ysku. Minimalistyczny kr\u00f3j pozwala \u0142\u0105czy\u0107 model zar\u00f3wno z garniturem, jak i jeansami.  Sk\u0142ad: 60% lyocell, 40% wiskoza  Szyte i projektowane w Polsce.","og_url":"https:\/\/mandragorastore.pl\/en\/product\/koszula-z-wiazaniami-vena-szara\/","og_site_name":"MANDRAGORA - Designed for women. Made in Poland.","article_publisher":"https:\/\/www.facebook.com\/madragorastore\/","article_modified_time":"2026-04-09T08:18:42+00:00","og_image":[{"width":1500,"height":2000,"url":"https:\/\/mandragorastore.pl\/wp-content\/uploads\/2025\/10\/1-113.webp","type":"image\/webp"}],"twitter_card":"summary_large_image","twitter_misc":{"Est. reading time":"1 minute"},"schema":{"@context":"https:\/\/schema.org","@graph":[{"@type":"WebPage","@id":"https:\/\/mandragorastore.pl\/product\/koszula-z-wiazaniami-vena-szara\/","url":"https:\/\/mandragorastore.pl\/product\/koszula-z-wiazaniami-vena-szara\/","name":"Koszula Vena Szara - MANDRAGORA - Designed for women. Made in Poland.","isPartOf":{"@id":"https:\/\/mandragorastore.pl\/#website"},"primaryImageOfPage":{"@id":"https:\/\/mandragorastore.pl\/product\/koszula-z-wiazaniami-vena-szara\/#primaryimage"},"image":{"@id":"https:\/\/mandragorastore.pl\/product\/koszula-z-wiazaniami-vena-szara\/#primaryimage"},"thumbnailUrl":"https:\/\/mandragorastore.pl\/wp-content\/uploads\/2025\/10\/1-113.webp","datePublished":"2025-10-14T11:46:49+00:00","dateModified":"2026-04-09T08:18:42+00:00","breadcrumb":{"@id":"https:\/\/mandragorastore.pl\/product\/koszula-z-wiazaniami-vena-szara\/#breadcrumb"},"inLanguage":"en-US","potentialAction":[{"@type":"ReadAction","target":["https:\/\/mandragorastore.pl\/product\/koszula-z-wiazaniami-vena-szara\/"]}]},{"@type":"ImageObject","inLanguage":"en-US","@id":"https:\/\/mandragorastore.pl\/product\/koszula-z-wiazaniami-vena-szara\/#primaryimage","url":"https:\/\/mandragorastore.pl\/wp-content\/uploads\/2025\/10\/1-113.webp","contentUrl":"https:\/\/mandragorastore.pl\/wp-content\/uploads\/2025\/10\/1-113.webp","width":1500,"height":2000},{"@type":"BreadcrumbList","@id":"https:\/\/mandragorastore.pl\/product\/koszula-z-wiazaniami-vena-szara\/#breadcrumb","itemListElement":[{"@type":"ListItem","position":1,"name":"Strona g\u0142\u00f3wna","item":"https:\/\/mandragorastore.pl\/"},{"@type":"ListItem","position":2,"name":"Katalog","item":"https:\/\/mandragorastore.pl\/sklep\/"},{"@type":"ListItem","position":3,"name":"Koszula Vena Szara"}]},{"@type":"WebSite","@id":"https:\/\/mandragorastore.pl\/#website","url":"https:\/\/mandragorastore.pl\/","name":"Mandragora by Martyna - Unique Clothing Store for Women","description":"","publisher":{"@id":"https:\/\/mandragorastore.pl\/#organization"},"potentialAction":[{"@type":"SearchAction","target":{"@type":"EntryPoint","urlTemplate":"https:\/\/mandragorastore.pl\/?s={search_term_string}"},"query-input":{"@type":"PropertyValueSpecification","valueRequired":true,"valueName":"search_term_string"}}],"inLanguage":"en-US"},{"@type":"Organization","@id":"https:\/\/mandragorastore.pl\/#organization","name":"Mandragora by Martyna - Unique Clothing Store for Women","url":"https:\/\/mandragorastore.pl\/","logo":{"@type":"ImageObject","inLanguage":"en-US","@id":"https:\/\/mandragorastore.pl\/#\/schema\/logo\/image\/","url":"https:\/\/mandragorastore.pl\/wp-content\/uploads\/2025\/10\/COVER.categories.png","contentUrl":"https:\/\/mandragorastore.pl\/wp-content\/uploads\/2025\/10\/COVER.categories.png","width":800,"height":801,"caption":"Mandragora by Martyna - Wyj\u0105tkowy sklep odzie\u017cowy dla kobiet"},"image":{"@id":"https:\/\/mandragorastore.pl\/#\/schema\/logo\/image\/"},"sameAs":["https:\/\/www.facebook.com\/madragorastore\/","https:\/\/www.instagram.com\/mandragorastore.pl\/"]}]}},"_links":{"self":[{"href":"https:\/\/mandragorastore.pl\/en\/wp-json\/wp\/v2\/product\/2433","targetHints":{"allow":["GET"]}}],"collection":[{"href":"https:\/\/mandragorastore.pl\/en\/wp-json\/wp\/v2\/product"}],"about":[{"href":"https:\/\/mandragorastore.pl\/en\/wp-json\/wp\/v2\/types\/product"}],"wp:featuredmedia":[{"embeddable":true,"href":"https:\/\/mandragorastore.pl\/en\/wp-json\/wp\/v2\/media\/2746"}],"wp:attachment":[{"href":"https:\/\/mandragorastore.pl\/en\/wp-json\/wp\/v2\/media?parent=2433"}],"wp:term":[{"taxonomy":"product_brand","embeddable":true,"href":"https:\/\/mandragorastore.pl\/en\/wp-json\/wp\/v2\/product_brand?post=2433"},{"taxonomy":"product_cat","embeddable":true,"href":"https:\/\/mandragorastore.pl\/en\/wp-json\/wp\/v2\/product_cat?post=2433"},{"taxonomy":"product_tag","embeddable":true,"href":"https:\/\/mandragorastore.pl\/en\/wp-json\/wp\/v2\/product_tag?post=2433"}],"curies":[{"name":"WP","href":"https:\/\/api.w.org\/{rel}","templated":true}]}}