{"id":2437,"date":"2025-10-14T13:46:50","date_gmt":"2025-10-14T11:46:50","guid":{"rendered":"https:\/\/mandragorastore.pl\/product\/koszula-do-ziemi-z-koronki-leya-czarna\/"},"modified":"2026-04-09T10:18:42","modified_gmt":"2026-04-09T08:18:42","slug":"koszula-do-ziemi-z-koronki-leya-czarna","status":"publish","type":"product","link":"https:\/\/mandragorastore.pl\/en\/product\/koszula-do-ziemi-z-koronki-leya-czarna\/","title":{"rendered":"Leya Black Shirt"},"content":{"rendered":"<p>The model is 173 cm tall and presents size XS\/S.<\/p>\n<table width=\"604\">\n<tbody>\n<tr>\n<td width=\"302\"><\/td>\n<td width=\"302\">ONE SIZE<\/td>\n<\/tr>\n<tr>\n<td width=\"302\">Bust<\/td>\n<td width=\"302\">80 - 110 cm<\/td>\n<\/tr>\n<tr>\n<td width=\"302\">Talia<\/td>\n<td width=\"302\">60 - 90 cm<\/td>\n<\/tr>\n<tr>\n<td width=\"302\">Sleeve<\/td>\n<td width=\"302\">67 cm<\/td>\n<\/tr>\n<tr>\n<td width=\"302\">Overall length<\/td>\n<td width=\"302\">143 cm<\/td>\n<\/tr>\n<\/tbody>\n<\/table>","protected":false},"excerpt":{"rendered":"<p>Long shirt sewn from delicate, openwork lace with a rich structure. Frills running along the neckline and along the entire length of the model add finesse to the silhouette. Narrow sleeves finished with a flared cuff emphasize its romantic character. Subtle shaping of the waist emphasizes the figure, while maintaining the lightness and sensuality of the fabric.<\/p>\n<p>Composition: 60% cotton, 30% polyester, 10% viscose<\/p>\n<p>Sewn and designed in Poland.<\/p>","protected":false},"featured_media":3552,"template":"","meta":[],"product_brand":[],"product_cat":[142,34,155],"product_tag":[],"class_list":{"0":"post-2437","1":"product","2":"type-product","3":"status-publish","4":"has-post-thumbnail","6":"product_cat-gory","7":"product_cat-koszule","8":"product_cat-ss-26","10":"first","11":"instock","12":"shipping-taxable","13":"purchasable","14":"product-type-variable","15":"wpzoom-wc-spi-has-enabled"},"yoast_head":"<!-- This site is optimized with the Yoast SEO plugin v27.3 - https:\/\/yoast.com\/product\/yoast-seo-wordpress\/ -->\n<title>Koszula Leya Czarna - MANDRAGORA - Designed for women. Made in Poland.<\/title>\n<meta name=\"robots\" content=\"index, follow, max-snippet:-1, max-image-preview:large, max-video-preview:-1\" \/>\n<link rel=\"canonical\" href=\"https:\/\/mandragorastore.pl\/en\/product\/koszula-do-ziemi-z-koronki-leya-czarna\/\" \/>\n<meta property=\"og:locale\" content=\"en_US\" \/>\n<meta property=\"og:type\" content=\"article\" \/>\n<meta property=\"og:title\" content=\"Koszula Leya Czarna - MANDRAGORA - Designed for women. Made in Poland.\" \/>\n<meta property=\"og:description\" content=\"D\u0142uga koszula uszyta z delikatnej, a\u017curowej koronki o bogatej strukturze. Falbanki biegn\u0105ce wzd\u0142u\u017c dekoltu oraz przez ca\u0142\u0105 d\u0142ugo\u015b\u0107 modelu nadaj\u0105 sylwetce finezji. W\u0105skie r\u0119kawy zako\u0144czone rozszerzanym mankietem podkre\u015blaj\u0105 jej romantyczny charakter. Subtelne modelowanie talii podkre\u015bla figur\u0119, zachowuj\u0105c jednocze\u015bnie lekko\u015b\u0107 i zmys\u0142owo\u015b\u0107 tkaniny.  Sk\u0142ad: 60% bawe\u0142na, 30% poliester, 10% wiskoza  Szyte i projektowane w Polsce.\" \/>\n<meta property=\"og:url\" content=\"https:\/\/mandragorastore.pl\/en\/product\/koszula-do-ziemi-z-koronki-leya-czarna\/\" \/>\n<meta property=\"og:site_name\" content=\"MANDRAGORA - Designed for women. Made in Poland.\" \/>\n<meta property=\"article:publisher\" content=\"https:\/\/www.facebook.com\/madragorastore\/\" \/>\n<meta property=\"article:modified_time\" content=\"2026-04-09T08:18:42+00:00\" \/>\n<meta property=\"og:image\" content=\"https:\/\/mandragorastore.pl\/wp-content\/uploads\/2025\/10\/1-150.webp\" \/>\n\t<meta property=\"og:image:width\" content=\"1500\" \/>\n\t<meta property=\"og:image:height\" content=\"2000\" \/>\n\t<meta property=\"og:image:type\" content=\"image\/webp\" \/>\n<meta name=\"twitter:card\" content=\"summary_large_image\" \/>\n<meta name=\"twitter:label1\" content=\"Est. reading time\" \/>\n\t<meta name=\"twitter:data1\" content=\"1 minute\" \/>\n<script type=\"application\/ld+json\" class=\"yoast-schema-graph\">{\"@context\":\"https:\\\/\\\/schema.org\",\"@graph\":[{\"@type\":\"WebPage\",\"@id\":\"https:\\\/\\\/mandragorastore.pl\\\/product\\\/koszula-do-ziemi-z-koronki-leya-czarna\\\/\",\"url\":\"https:\\\/\\\/mandragorastore.pl\\\/product\\\/koszula-do-ziemi-z-koronki-leya-czarna\\\/\",\"name\":\"Koszula Leya Czarna - MANDRAGORA - Designed for women. Made in Poland.\",\"isPartOf\":{\"@id\":\"https:\\\/\\\/mandragorastore.pl\\\/#website\"},\"primaryImageOfPage\":{\"@id\":\"https:\\\/\\\/mandragorastore.pl\\\/product\\\/koszula-do-ziemi-z-koronki-leya-czarna\\\/#primaryimage\"},\"image\":{\"@id\":\"https:\\\/\\\/mandragorastore.pl\\\/product\\\/koszula-do-ziemi-z-koronki-leya-czarna\\\/#primaryimage\"},\"thumbnailUrl\":\"https:\\\/\\\/mandragorastore.pl\\\/wp-content\\\/uploads\\\/2025\\\/10\\\/1-150.webp\",\"datePublished\":\"2025-10-14T11:46:50+00:00\",\"dateModified\":\"2026-04-09T08:18:42+00:00\",\"breadcrumb\":{\"@id\":\"https:\\\/\\\/mandragorastore.pl\\\/product\\\/koszula-do-ziemi-z-koronki-leya-czarna\\\/#breadcrumb\"},\"inLanguage\":\"en-US\",\"potentialAction\":[{\"@type\":\"ReadAction\",\"target\":[\"https:\\\/\\\/mandragorastore.pl\\\/product\\\/koszula-do-ziemi-z-koronki-leya-czarna\\\/\"]}]},{\"@type\":\"ImageObject\",\"inLanguage\":\"en-US\",\"@id\":\"https:\\\/\\\/mandragorastore.pl\\\/product\\\/koszula-do-ziemi-z-koronki-leya-czarna\\\/#primaryimage\",\"url\":\"https:\\\/\\\/mandragorastore.pl\\\/wp-content\\\/uploads\\\/2025\\\/10\\\/1-150.webp\",\"contentUrl\":\"https:\\\/\\\/mandragorastore.pl\\\/wp-content\\\/uploads\\\/2025\\\/10\\\/1-150.webp\",\"width\":1500,\"height\":2000},{\"@type\":\"BreadcrumbList\",\"@id\":\"https:\\\/\\\/mandragorastore.pl\\\/product\\\/koszula-do-ziemi-z-koronki-leya-czarna\\\/#breadcrumb\",\"itemListElement\":[{\"@type\":\"ListItem\",\"position\":1,\"name\":\"Strona g\u0142\u00f3wna\",\"item\":\"https:\\\/\\\/mandragorastore.pl\\\/\"},{\"@type\":\"ListItem\",\"position\":2,\"name\":\"Katalog\",\"item\":\"https:\\\/\\\/mandragorastore.pl\\\/sklep\\\/\"},{\"@type\":\"ListItem\",\"position\":3,\"name\":\"Koszula Leya Czarna\"}]},{\"@type\":\"WebSite\",\"@id\":\"https:\\\/\\\/mandragorastore.pl\\\/#website\",\"url\":\"https:\\\/\\\/mandragorastore.pl\\\/\",\"name\":\"Mandragora by Martyna - Wyj\u0105tkowy sklep odzie\u017cowy dla kobiet\",\"description\":\"\",\"publisher\":{\"@id\":\"https:\\\/\\\/mandragorastore.pl\\\/#organization\"},\"potentialAction\":[{\"@type\":\"SearchAction\",\"target\":{\"@type\":\"EntryPoint\",\"urlTemplate\":\"https:\\\/\\\/mandragorastore.pl\\\/?s={search_term_string}\"},\"query-input\":{\"@type\":\"PropertyValueSpecification\",\"valueRequired\":true,\"valueName\":\"search_term_string\"}}],\"inLanguage\":\"en-US\"},{\"@type\":\"Organization\",\"@id\":\"https:\\\/\\\/mandragorastore.pl\\\/#organization\",\"name\":\"Mandragora by Martyna - Wyj\u0105tkowy sklep odzie\u017cowy dla kobiet\",\"url\":\"https:\\\/\\\/mandragorastore.pl\\\/\",\"logo\":{\"@type\":\"ImageObject\",\"inLanguage\":\"en-US\",\"@id\":\"https:\\\/\\\/mandragorastore.pl\\\/#\\\/schema\\\/logo\\\/image\\\/\",\"url\":\"https:\\\/\\\/mandragorastore.pl\\\/wp-content\\\/uploads\\\/2025\\\/10\\\/COVER.categories.png\",\"contentUrl\":\"https:\\\/\\\/mandragorastore.pl\\\/wp-content\\\/uploads\\\/2025\\\/10\\\/COVER.categories.png\",\"width\":800,\"height\":801,\"caption\":\"Mandragora by Martyna - Wyj\u0105tkowy sklep odzie\u017cowy dla kobiet\"},\"image\":{\"@id\":\"https:\\\/\\\/mandragorastore.pl\\\/#\\\/schema\\\/logo\\\/image\\\/\"},\"sameAs\":[\"https:\\\/\\\/www.facebook.com\\\/madragorastore\\\/\",\"https:\\\/\\\/www.instagram.com\\\/mandragorastore.pl\\\/\"]}]}<\/script>\n<!-- \/ Yoast SEO plugin. -->","yoast_head_json":{"title":"Koszula Leya Czarna - MANDRAGORA - Designed for women. Made in Poland.","robots":{"index":"index","follow":"follow","max-snippet":"max-snippet:-1","max-image-preview":"max-image-preview:large","max-video-preview":"max-video-preview:-1"},"canonical":"https:\/\/mandragorastore.pl\/en\/product\/koszula-do-ziemi-z-koronki-leya-czarna\/","og_locale":"en_US","og_type":"article","og_title":"Koszula Leya Czarna - MANDRAGORA - Designed for women. Made in Poland.","og_description":"D\u0142uga koszula uszyta z delikatnej, a\u017curowej koronki o bogatej strukturze. Falbanki biegn\u0105ce wzd\u0142u\u017c dekoltu oraz przez ca\u0142\u0105 d\u0142ugo\u015b\u0107 modelu nadaj\u0105 sylwetce finezji. W\u0105skie r\u0119kawy zako\u0144czone rozszerzanym mankietem podkre\u015blaj\u0105 jej romantyczny charakter. Subtelne modelowanie talii podkre\u015bla figur\u0119, zachowuj\u0105c jednocze\u015bnie lekko\u015b\u0107 i zmys\u0142owo\u015b\u0107 tkaniny.  Sk\u0142ad: 60% bawe\u0142na, 30% poliester, 10% wiskoza  Szyte i projektowane w Polsce.","og_url":"https:\/\/mandragorastore.pl\/en\/product\/koszula-do-ziemi-z-koronki-leya-czarna\/","og_site_name":"MANDRAGORA - Designed for women. Made in Poland.","article_publisher":"https:\/\/www.facebook.com\/madragorastore\/","article_modified_time":"2026-04-09T08:18:42+00:00","og_image":[{"width":1500,"height":2000,"url":"https:\/\/mandragorastore.pl\/wp-content\/uploads\/2025\/10\/1-150.webp","type":"image\/webp"}],"twitter_card":"summary_large_image","twitter_misc":{"Est. reading time":"1 minute"},"schema":{"@context":"https:\/\/schema.org","@graph":[{"@type":"WebPage","@id":"https:\/\/mandragorastore.pl\/product\/koszula-do-ziemi-z-koronki-leya-czarna\/","url":"https:\/\/mandragorastore.pl\/product\/koszula-do-ziemi-z-koronki-leya-czarna\/","name":"Koszula Leya Czarna - MANDRAGORA - Designed for women. Made in Poland.","isPartOf":{"@id":"https:\/\/mandragorastore.pl\/#website"},"primaryImageOfPage":{"@id":"https:\/\/mandragorastore.pl\/product\/koszula-do-ziemi-z-koronki-leya-czarna\/#primaryimage"},"image":{"@id":"https:\/\/mandragorastore.pl\/product\/koszula-do-ziemi-z-koronki-leya-czarna\/#primaryimage"},"thumbnailUrl":"https:\/\/mandragorastore.pl\/wp-content\/uploads\/2025\/10\/1-150.webp","datePublished":"2025-10-14T11:46:50+00:00","dateModified":"2026-04-09T08:18:42+00:00","breadcrumb":{"@id":"https:\/\/mandragorastore.pl\/product\/koszula-do-ziemi-z-koronki-leya-czarna\/#breadcrumb"},"inLanguage":"en-US","potentialAction":[{"@type":"ReadAction","target":["https:\/\/mandragorastore.pl\/product\/koszula-do-ziemi-z-koronki-leya-czarna\/"]}]},{"@type":"ImageObject","inLanguage":"en-US","@id":"https:\/\/mandragorastore.pl\/product\/koszula-do-ziemi-z-koronki-leya-czarna\/#primaryimage","url":"https:\/\/mandragorastore.pl\/wp-content\/uploads\/2025\/10\/1-150.webp","contentUrl":"https:\/\/mandragorastore.pl\/wp-content\/uploads\/2025\/10\/1-150.webp","width":1500,"height":2000},{"@type":"BreadcrumbList","@id":"https:\/\/mandragorastore.pl\/product\/koszula-do-ziemi-z-koronki-leya-czarna\/#breadcrumb","itemListElement":[{"@type":"ListItem","position":1,"name":"Strona g\u0142\u00f3wna","item":"https:\/\/mandragorastore.pl\/"},{"@type":"ListItem","position":2,"name":"Katalog","item":"https:\/\/mandragorastore.pl\/sklep\/"},{"@type":"ListItem","position":3,"name":"Koszula Leya Czarna"}]},{"@type":"WebSite","@id":"https:\/\/mandragorastore.pl\/#website","url":"https:\/\/mandragorastore.pl\/","name":"Mandragora by Martyna - Unique Clothing Store for Women","description":"","publisher":{"@id":"https:\/\/mandragorastore.pl\/#organization"},"potentialAction":[{"@type":"SearchAction","target":{"@type":"EntryPoint","urlTemplate":"https:\/\/mandragorastore.pl\/?s={search_term_string}"},"query-input":{"@type":"PropertyValueSpecification","valueRequired":true,"valueName":"search_term_string"}}],"inLanguage":"en-US"},{"@type":"Organization","@id":"https:\/\/mandragorastore.pl\/#organization","name":"Mandragora by Martyna - Unique Clothing Store for Women","url":"https:\/\/mandragorastore.pl\/","logo":{"@type":"ImageObject","inLanguage":"en-US","@id":"https:\/\/mandragorastore.pl\/#\/schema\/logo\/image\/","url":"https:\/\/mandragorastore.pl\/wp-content\/uploads\/2025\/10\/COVER.categories.png","contentUrl":"https:\/\/mandragorastore.pl\/wp-content\/uploads\/2025\/10\/COVER.categories.png","width":800,"height":801,"caption":"Mandragora by Martyna - Wyj\u0105tkowy sklep odzie\u017cowy dla kobiet"},"image":{"@id":"https:\/\/mandragorastore.pl\/#\/schema\/logo\/image\/"},"sameAs":["https:\/\/www.facebook.com\/madragorastore\/","https:\/\/www.instagram.com\/mandragorastore.pl\/"]}]}},"_links":{"self":[{"href":"https:\/\/mandragorastore.pl\/en\/wp-json\/wp\/v2\/product\/2437","targetHints":{"allow":["GET"]}}],"collection":[{"href":"https:\/\/mandragorastore.pl\/en\/wp-json\/wp\/v2\/product"}],"about":[{"href":"https:\/\/mandragorastore.pl\/en\/wp-json\/wp\/v2\/types\/product"}],"wp:featuredmedia":[{"embeddable":true,"href":"https:\/\/mandragorastore.pl\/en\/wp-json\/wp\/v2\/media\/3552"}],"wp:attachment":[{"href":"https:\/\/mandragorastore.pl\/en\/wp-json\/wp\/v2\/media?parent=2437"}],"wp:term":[{"taxonomy":"product_brand","embeddable":true,"href":"https:\/\/mandragorastore.pl\/en\/wp-json\/wp\/v2\/product_brand?post=2437"},{"taxonomy":"product_cat","embeddable":true,"href":"https:\/\/mandragorastore.pl\/en\/wp-json\/wp\/v2\/product_cat?post=2437"},{"taxonomy":"product_tag","embeddable":true,"href":"https:\/\/mandragorastore.pl\/en\/wp-json\/wp\/v2\/product_tag?post=2437"}],"curies":[{"name":"WP","href":"https:\/\/api.w.org\/{rel}","templated":true}]}}