{"id":2442,"date":"2025-10-14T13:46:50","date_gmt":"2025-10-14T11:46:50","guid":{"rendered":"https:\/\/mandragorastore.pl\/product\/jeasny-z-rozszerzana-nogawka-savio-granatowe\/"},"modified":"2026-04-12T20:00:25","modified_gmt":"2026-04-12T18:00:25","slug":"jeasny-z-rozszerzana-nogawka-savio-granatowe","status":"publish","type":"product","link":"https:\/\/mandragorastore.pl\/en\/product\/jeasny-z-rozszerzana-nogawka-savio-granatowe\/","title":{"rendered":"Jeasny Savio Navy Blue"},"content":{"rendered":"<p>The model is 173 cm tall and presents size XS\/S.<\/p>\n<table width=\"604\">\n<tbody>\n<tr>\n<td width=\"151\"><\/td>\n<td width=\"151\">XS\/S<\/td>\n<td width=\"151\">M\/L<\/td>\n<td width=\"151\">L\/XL<\/td>\n<\/tr>\n<tr>\n<td width=\"151\">Talia<\/td>\n<td width=\"151\">60 - 70 cm<\/td>\n<td width=\"151\">70 - 80 cm<\/td>\n<td width=\"151\">80 - 90 cm<\/td>\n<\/tr>\n<tr>\n<td width=\"151\">Hips<\/td>\n<td width=\"151\">89 - 98 cm<\/td>\n<td width=\"151\">98 - 106 cm<\/td>\n<td width=\"151\">106 - 112 cm<\/td>\n<\/tr>\n<tr>\n<td width=\"151\">Overall length<\/td>\n<td width=\"151\">113 cm<\/td>\n<td width=\"151\">114 cm<\/td>\n<td width=\"151\">115 cm<\/td>\n<\/tr>\n<\/tbody>\n<\/table>","protected":false},"excerpt":{"rendered":"<p>Wide cut jeans with a slightly raised waist and straight legs. Made of soft cotton fabric. Their classic cut provides timeless versatility. Button and zipper closure. Functional pockets preserve the traditional form of denim pants. Finished with decorative rivets. A model that guarantees durability and wearing comfort.<\/p>\n<p>Composition: 100% cotton<\/p>\n<p>Sewn and designed in Poland.<\/p>","protected":false},"featured_media":3209,"template":"","meta":[],"product_brand":[],"product_cat":[143,24],"product_tag":[],"class_list":{"0":"post-2442","1":"product","2":"type-product","3":"status-publish","4":"has-post-thumbnail","6":"product_cat-doly","7":"product_cat-spodnie","9":"first","10":"instock","11":"shipping-taxable","12":"purchasable","13":"product-type-variable","14":"wpzoom-wc-spi-has-enabled"},"yoast_head":"<!-- This site is optimized with the Yoast SEO plugin v27.3 - https:\/\/yoast.com\/product\/yoast-seo-wordpress\/ -->\n<title>Jeasny Savio Granatowe - MANDRAGORA - Designed for women. Made in Poland.<\/title>\n<meta name=\"robots\" content=\"index, follow, max-snippet:-1, max-image-preview:large, max-video-preview:-1\" \/>\n<link rel=\"canonical\" href=\"https:\/\/mandragorastore.pl\/en\/product\/jeasny-z-rozszerzana-nogawka-savio-granatowe\/\" \/>\n<meta property=\"og:locale\" content=\"en_US\" \/>\n<meta property=\"og:type\" content=\"article\" \/>\n<meta property=\"og:title\" content=\"Jeasny Savio Granatowe - MANDRAGORA - Designed for women. Made in Poland.\" \/>\n<meta property=\"og:description\" content=\"Jeansy o szerokim kroju z lekko podwy\u017cszonym stanem i prostymi nogawkami. Wykonane z mi\u0119kkiej, bawe\u0142nianej tkaniny. Ich klasyczny kr\u00f3j zapewnia ponadczasow\u0105 uniwersalno\u015b\u0107. Zapi\u0119cie na guzik i suwak. Funkcjonalne kieszenie zachowuj\u0105 tradycyjn\u0105 form\u0119 denimowych spodni. Wyko\u0144czone ozdobnymi nitami. Model, kt\u00f3ry gwarantuje trwa\u0142o\u015b\u0107 i komfort noszenia.  Sk\u0142ad: 100% bawe\u0142na  Szyte i projektowane w Polsce.\" \/>\n<meta property=\"og:url\" content=\"https:\/\/mandragorastore.pl\/en\/product\/jeasny-z-rozszerzana-nogawka-savio-granatowe\/\" \/>\n<meta property=\"og:site_name\" content=\"MANDRAGORA - Designed for women. Made in Poland.\" \/>\n<meta property=\"article:publisher\" content=\"https:\/\/www.facebook.com\/madragorastore\/\" \/>\n<meta property=\"article:modified_time\" content=\"2026-04-12T18:00:25+00:00\" \/>\n<meta property=\"og:image\" content=\"https:\/\/mandragorastore.pl\/wp-content\/uploads\/2025\/10\/1-125.webp\" \/>\n\t<meta property=\"og:image:width\" content=\"1500\" \/>\n\t<meta property=\"og:image:height\" content=\"2000\" \/>\n\t<meta property=\"og:image:type\" content=\"image\/webp\" \/>\n<meta name=\"twitter:card\" content=\"summary_large_image\" \/>\n<meta name=\"twitter:label1\" content=\"Est. reading time\" \/>\n\t<meta name=\"twitter:data1\" content=\"1 minute\" \/>\n<script type=\"application\/ld+json\" class=\"yoast-schema-graph\">{\"@context\":\"https:\\\/\\\/schema.org\",\"@graph\":[{\"@type\":\"WebPage\",\"@id\":\"https:\\\/\\\/mandragorastore.pl\\\/product\\\/jeasny-z-rozszerzana-nogawka-savio-granatowe\\\/\",\"url\":\"https:\\\/\\\/mandragorastore.pl\\\/product\\\/jeasny-z-rozszerzana-nogawka-savio-granatowe\\\/\",\"name\":\"Jeasny Savio Granatowe - MANDRAGORA - Designed for women. Made in Poland.\",\"isPartOf\":{\"@id\":\"https:\\\/\\\/mandragorastore.pl\\\/#website\"},\"primaryImageOfPage\":{\"@id\":\"https:\\\/\\\/mandragorastore.pl\\\/product\\\/jeasny-z-rozszerzana-nogawka-savio-granatowe\\\/#primaryimage\"},\"image\":{\"@id\":\"https:\\\/\\\/mandragorastore.pl\\\/product\\\/jeasny-z-rozszerzana-nogawka-savio-granatowe\\\/#primaryimage\"},\"thumbnailUrl\":\"https:\\\/\\\/mandragorastore.pl\\\/wp-content\\\/uploads\\\/2025\\\/10\\\/1-125.webp\",\"datePublished\":\"2025-10-14T11:46:50+00:00\",\"dateModified\":\"2026-04-12T18:00:25+00:00\",\"breadcrumb\":{\"@id\":\"https:\\\/\\\/mandragorastore.pl\\\/product\\\/jeasny-z-rozszerzana-nogawka-savio-granatowe\\\/#breadcrumb\"},\"inLanguage\":\"en-US\",\"potentialAction\":[{\"@type\":\"ReadAction\",\"target\":[\"https:\\\/\\\/mandragorastore.pl\\\/product\\\/jeasny-z-rozszerzana-nogawka-savio-granatowe\\\/\"]}]},{\"@type\":\"ImageObject\",\"inLanguage\":\"en-US\",\"@id\":\"https:\\\/\\\/mandragorastore.pl\\\/product\\\/jeasny-z-rozszerzana-nogawka-savio-granatowe\\\/#primaryimage\",\"url\":\"https:\\\/\\\/mandragorastore.pl\\\/wp-content\\\/uploads\\\/2025\\\/10\\\/1-125.webp\",\"contentUrl\":\"https:\\\/\\\/mandragorastore.pl\\\/wp-content\\\/uploads\\\/2025\\\/10\\\/1-125.webp\",\"width\":1500,\"height\":2000},{\"@type\":\"BreadcrumbList\",\"@id\":\"https:\\\/\\\/mandragorastore.pl\\\/product\\\/jeasny-z-rozszerzana-nogawka-savio-granatowe\\\/#breadcrumb\",\"itemListElement\":[{\"@type\":\"ListItem\",\"position\":1,\"name\":\"Strona g\u0142\u00f3wna\",\"item\":\"https:\\\/\\\/mandragorastore.pl\\\/\"},{\"@type\":\"ListItem\",\"position\":2,\"name\":\"Katalog\",\"item\":\"https:\\\/\\\/mandragorastore.pl\\\/sklep\\\/\"},{\"@type\":\"ListItem\",\"position\":3,\"name\":\"Jeasny Savio Granatowe\"}]},{\"@type\":\"WebSite\",\"@id\":\"https:\\\/\\\/mandragorastore.pl\\\/#website\",\"url\":\"https:\\\/\\\/mandragorastore.pl\\\/\",\"name\":\"Mandragora by Martyna - Wyj\u0105tkowy sklep odzie\u017cowy dla kobiet\",\"description\":\"\",\"publisher\":{\"@id\":\"https:\\\/\\\/mandragorastore.pl\\\/#organization\"},\"potentialAction\":[{\"@type\":\"SearchAction\",\"target\":{\"@type\":\"EntryPoint\",\"urlTemplate\":\"https:\\\/\\\/mandragorastore.pl\\\/?s={search_term_string}\"},\"query-input\":{\"@type\":\"PropertyValueSpecification\",\"valueRequired\":true,\"valueName\":\"search_term_string\"}}],\"inLanguage\":\"en-US\"},{\"@type\":\"Organization\",\"@id\":\"https:\\\/\\\/mandragorastore.pl\\\/#organization\",\"name\":\"Mandragora by Martyna - Wyj\u0105tkowy sklep odzie\u017cowy dla kobiet\",\"url\":\"https:\\\/\\\/mandragorastore.pl\\\/\",\"logo\":{\"@type\":\"ImageObject\",\"inLanguage\":\"en-US\",\"@id\":\"https:\\\/\\\/mandragorastore.pl\\\/#\\\/schema\\\/logo\\\/image\\\/\",\"url\":\"https:\\\/\\\/mandragorastore.pl\\\/wp-content\\\/uploads\\\/2025\\\/10\\\/COVER.categories.png\",\"contentUrl\":\"https:\\\/\\\/mandragorastore.pl\\\/wp-content\\\/uploads\\\/2025\\\/10\\\/COVER.categories.png\",\"width\":800,\"height\":801,\"caption\":\"Mandragora by Martyna - Wyj\u0105tkowy sklep odzie\u017cowy dla kobiet\"},\"image\":{\"@id\":\"https:\\\/\\\/mandragorastore.pl\\\/#\\\/schema\\\/logo\\\/image\\\/\"},\"sameAs\":[\"https:\\\/\\\/www.facebook.com\\\/madragorastore\\\/\",\"https:\\\/\\\/www.instagram.com\\\/mandragorastore.pl\\\/\"]}]}<\/script>\n<!-- \/ Yoast SEO plugin. -->","yoast_head_json":{"title":"Jeasny Savio Granatowe - MANDRAGORA - Designed for women. Made in Poland.","robots":{"index":"index","follow":"follow","max-snippet":"max-snippet:-1","max-image-preview":"max-image-preview:large","max-video-preview":"max-video-preview:-1"},"canonical":"https:\/\/mandragorastore.pl\/en\/product\/jeasny-z-rozszerzana-nogawka-savio-granatowe\/","og_locale":"en_US","og_type":"article","og_title":"Jeasny Savio Granatowe - MANDRAGORA - Designed for women. Made in Poland.","og_description":"Jeansy o szerokim kroju z lekko podwy\u017cszonym stanem i prostymi nogawkami. Wykonane z mi\u0119kkiej, bawe\u0142nianej tkaniny. Ich klasyczny kr\u00f3j zapewnia ponadczasow\u0105 uniwersalno\u015b\u0107. Zapi\u0119cie na guzik i suwak. Funkcjonalne kieszenie zachowuj\u0105 tradycyjn\u0105 form\u0119 denimowych spodni. Wyko\u0144czone ozdobnymi nitami. Model, kt\u00f3ry gwarantuje trwa\u0142o\u015b\u0107 i komfort noszenia.  Sk\u0142ad: 100% bawe\u0142na  Szyte i projektowane w Polsce.","og_url":"https:\/\/mandragorastore.pl\/en\/product\/jeasny-z-rozszerzana-nogawka-savio-granatowe\/","og_site_name":"MANDRAGORA - Designed for women. Made in Poland.","article_publisher":"https:\/\/www.facebook.com\/madragorastore\/","article_modified_time":"2026-04-12T18:00:25+00:00","og_image":[{"width":1500,"height":2000,"url":"https:\/\/mandragorastore.pl\/wp-content\/uploads\/2025\/10\/1-125.webp","type":"image\/webp"}],"twitter_card":"summary_large_image","twitter_misc":{"Est. reading time":"1 minute"},"schema":{"@context":"https:\/\/schema.org","@graph":[{"@type":"WebPage","@id":"https:\/\/mandragorastore.pl\/product\/jeasny-z-rozszerzana-nogawka-savio-granatowe\/","url":"https:\/\/mandragorastore.pl\/product\/jeasny-z-rozszerzana-nogawka-savio-granatowe\/","name":"Jeasny Savio Granatowe - MANDRAGORA - Designed for women. Made in Poland.","isPartOf":{"@id":"https:\/\/mandragorastore.pl\/#website"},"primaryImageOfPage":{"@id":"https:\/\/mandragorastore.pl\/product\/jeasny-z-rozszerzana-nogawka-savio-granatowe\/#primaryimage"},"image":{"@id":"https:\/\/mandragorastore.pl\/product\/jeasny-z-rozszerzana-nogawka-savio-granatowe\/#primaryimage"},"thumbnailUrl":"https:\/\/mandragorastore.pl\/wp-content\/uploads\/2025\/10\/1-125.webp","datePublished":"2025-10-14T11:46:50+00:00","dateModified":"2026-04-12T18:00:25+00:00","breadcrumb":{"@id":"https:\/\/mandragorastore.pl\/product\/jeasny-z-rozszerzana-nogawka-savio-granatowe\/#breadcrumb"},"inLanguage":"en-US","potentialAction":[{"@type":"ReadAction","target":["https:\/\/mandragorastore.pl\/product\/jeasny-z-rozszerzana-nogawka-savio-granatowe\/"]}]},{"@type":"ImageObject","inLanguage":"en-US","@id":"https:\/\/mandragorastore.pl\/product\/jeasny-z-rozszerzana-nogawka-savio-granatowe\/#primaryimage","url":"https:\/\/mandragorastore.pl\/wp-content\/uploads\/2025\/10\/1-125.webp","contentUrl":"https:\/\/mandragorastore.pl\/wp-content\/uploads\/2025\/10\/1-125.webp","width":1500,"height":2000},{"@type":"BreadcrumbList","@id":"https:\/\/mandragorastore.pl\/product\/jeasny-z-rozszerzana-nogawka-savio-granatowe\/#breadcrumb","itemListElement":[{"@type":"ListItem","position":1,"name":"Strona g\u0142\u00f3wna","item":"https:\/\/mandragorastore.pl\/"},{"@type":"ListItem","position":2,"name":"Katalog","item":"https:\/\/mandragorastore.pl\/sklep\/"},{"@type":"ListItem","position":3,"name":"Jeasny Savio Granatowe"}]},{"@type":"WebSite","@id":"https:\/\/mandragorastore.pl\/#website","url":"https:\/\/mandragorastore.pl\/","name":"Mandragora by Martyna - Unique Clothing Store for Women","description":"","publisher":{"@id":"https:\/\/mandragorastore.pl\/#organization"},"potentialAction":[{"@type":"SearchAction","target":{"@type":"EntryPoint","urlTemplate":"https:\/\/mandragorastore.pl\/?s={search_term_string}"},"query-input":{"@type":"PropertyValueSpecification","valueRequired":true,"valueName":"search_term_string"}}],"inLanguage":"en-US"},{"@type":"Organization","@id":"https:\/\/mandragorastore.pl\/#organization","name":"Mandragora by Martyna - Unique Clothing Store for Women","url":"https:\/\/mandragorastore.pl\/","logo":{"@type":"ImageObject","inLanguage":"en-US","@id":"https:\/\/mandragorastore.pl\/#\/schema\/logo\/image\/","url":"https:\/\/mandragorastore.pl\/wp-content\/uploads\/2025\/10\/COVER.categories.png","contentUrl":"https:\/\/mandragorastore.pl\/wp-content\/uploads\/2025\/10\/COVER.categories.png","width":800,"height":801,"caption":"Mandragora by Martyna - Wyj\u0105tkowy sklep odzie\u017cowy dla kobiet"},"image":{"@id":"https:\/\/mandragorastore.pl\/#\/schema\/logo\/image\/"},"sameAs":["https:\/\/www.facebook.com\/madragorastore\/","https:\/\/www.instagram.com\/mandragorastore.pl\/"]}]}},"_links":{"self":[{"href":"https:\/\/mandragorastore.pl\/en\/wp-json\/wp\/v2\/product\/2442","targetHints":{"allow":["GET"]}}],"collection":[{"href":"https:\/\/mandragorastore.pl\/en\/wp-json\/wp\/v2\/product"}],"about":[{"href":"https:\/\/mandragorastore.pl\/en\/wp-json\/wp\/v2\/types\/product"}],"wp:featuredmedia":[{"embeddable":true,"href":"https:\/\/mandragorastore.pl\/en\/wp-json\/wp\/v2\/media\/3209"}],"wp:attachment":[{"href":"https:\/\/mandragorastore.pl\/en\/wp-json\/wp\/v2\/media?parent=2442"}],"wp:term":[{"taxonomy":"product_brand","embeddable":true,"href":"https:\/\/mandragorastore.pl\/en\/wp-json\/wp\/v2\/product_brand?post=2442"},{"taxonomy":"product_cat","embeddable":true,"href":"https:\/\/mandragorastore.pl\/en\/wp-json\/wp\/v2\/product_cat?post=2442"},{"taxonomy":"product_tag","embeddable":true,"href":"https:\/\/mandragorastore.pl\/en\/wp-json\/wp\/v2\/product_tag?post=2442"}],"curies":[{"name":"WP","href":"https:\/\/api.w.org\/{rel}","templated":true}]}}