{"id":2448,"date":"2025-10-14T13:46:50","date_gmt":"2025-10-14T11:46:50","guid":{"rendered":"https:\/\/mandragorastore.pl\/product\/plaszcz-do-ziemi-podkreslajacy-talie-thoren-czarny\/"},"modified":"2026-03-27T10:40:15","modified_gmt":"2026-03-27T09:40:15","slug":"plaszcz-do-ziemi-podkreslajacy-talie-thoren-czarny","status":"publish","type":"product","link":"https:\/\/mandragorastore.pl\/en\/product\/plaszcz-do-ziemi-podkreslajacy-talie-thoren-czarny\/","title":{"rendered":"Thoren Coat Black"},"content":{"rendered":"<p>The model is 173 cm tall and presents size XS\/S.<\/p>\n<table width=\"604\">\n<tbody>\n<tr>\n<td width=\"201\"><\/td>\n<td width=\"201\">XS\/S<\/td>\n<td width=\"201\">M\/L<\/td>\n<\/tr>\n<tr>\n<td width=\"201\">Talia<\/td>\n<td width=\"201\">60 - 75 cm<\/td>\n<td width=\"201\">75 - 90 cm<\/td>\n<\/tr>\n<tr>\n<td width=\"201\">Sleeve<\/td>\n<td width=\"201\">63 cm<\/td>\n<td width=\"201\">64.5 cm<\/td>\n<\/tr>\n<tr>\n<td width=\"201\">Overall length<\/td>\n<td width=\"201\">141 cm<\/td>\n<td width=\"201\">142 cm<\/td>\n<\/tr>\n<\/tbody>\n<\/table>","protected":false},"excerpt":{"rendered":"<p>Coat with a classic double-breasted cut, made of high-quality wool. Delicate shoulder buffets subtly model the silhouette line, giving it elegance and sophistication. The slender form with a notch at the waist emphasizes femininity, maintaining a timeless character. Navy-style lapels and precise detailing complete the look. The elastic on the back makes the cut perfectly fit the silhouette, emphasizing its proportions. This is a versatile model that will be perfect for both everyday and evening styling.<\/p>\n<p>Composition: 100% wool, lining: 100% viscose<\/p>\n<p>Sewn and designed in Poland.<\/p>","protected":false},"featured_media":2736,"template":"","meta":[],"product_brand":[],"product_cat":[141,32],"product_tag":[],"class_list":{"0":"post-2448","1":"product","2":"type-product","3":"status-publish","4":"has-post-thumbnail","6":"product_cat-okrycia-wierzchnie","7":"product_cat-plaszcze","9":"first","10":"instock","11":"sale","12":"shipping-taxable","13":"purchasable","14":"product-type-variable","15":"wpzoom-wc-spi-has-enabled"},"yoast_head":"<!-- This site is optimized with the Yoast SEO plugin v27.3 - https:\/\/yoast.com\/product\/yoast-seo-wordpress\/ -->\n<title>P\u0142aszcz Thoren Czarny - MANDRAGORA - Designed for women. Made in Poland.<\/title>\n<meta name=\"robots\" content=\"index, follow, max-snippet:-1, max-image-preview:large, max-video-preview:-1\" \/>\n<link rel=\"canonical\" href=\"https:\/\/mandragorastore.pl\/en\/product\/plaszcz-do-ziemi-podkreslajacy-talie-thoren-czarny\/\" \/>\n<meta property=\"og:locale\" content=\"en_US\" \/>\n<meta property=\"og:type\" content=\"article\" \/>\n<meta property=\"og:title\" content=\"P\u0142aszcz Thoren Czarny - MANDRAGORA - Designed for women. Made in Poland.\" \/>\n<meta property=\"og:description\" content=\"P\u0142aszcz o klasycznym, dwurz\u0119dowym kroju, wykonany z wysokogatunkowej we\u0142ny. Delikatne bufki na ramionach subtelnie modeluj\u0105 lini\u0119 sylwetki, nadaj\u0105c jej elegancji i wyrafinowania. Smuk\u0142a forma z wci\u0119ciem w talii podkre\u015bla kobieco\u015b\u0107, zachowuj\u0105c ponadczasowy charakter. Klapy w stylu marynarkowym i precyzyjne wyko\u0144czenie detali dope\u0142niaj\u0105 ca\u0142o\u015bci. Guma na plecach sprawia, \u017ce kr\u00f3j idealnie dopasowuje si\u0119 do sylwetki, uwydatniaj\u0105c jej proporcje. To uniwersalny model, kt\u00f3ry doskonale sprawdzi si\u0119 zar\u00f3wno w stylizacjach codziennych, jak i wieczorowych.  Sk\u0142ad: 100% we\u0142na, podszewka: 100% wiskoza  Szyte i projektowane w Polsce.\" \/>\n<meta property=\"og:url\" content=\"https:\/\/mandragorastore.pl\/en\/product\/plaszcz-do-ziemi-podkreslajacy-talie-thoren-czarny\/\" \/>\n<meta property=\"og:site_name\" content=\"MANDRAGORA - Designed for women. Made in Poland.\" \/>\n<meta property=\"article:publisher\" content=\"https:\/\/www.facebook.com\/madragorastore\/\" \/>\n<meta property=\"article:modified_time\" content=\"2026-03-27T09:40:15+00:00\" \/>\n<meta property=\"og:image\" content=\"https:\/\/mandragorastore.pl\/wp-content\/uploads\/2025\/10\/1-111.webp\" \/>\n\t<meta property=\"og:image:width\" content=\"1500\" \/>\n\t<meta property=\"og:image:height\" content=\"2000\" \/>\n\t<meta property=\"og:image:type\" content=\"image\/webp\" \/>\n<meta name=\"twitter:card\" content=\"summary_large_image\" \/>\n<meta name=\"twitter:label1\" content=\"Est. reading time\" \/>\n\t<meta name=\"twitter:data1\" content=\"1 minute\" \/>\n<script type=\"application\/ld+json\" class=\"yoast-schema-graph\">{\"@context\":\"https:\\\/\\\/schema.org\",\"@graph\":[{\"@type\":\"WebPage\",\"@id\":\"https:\\\/\\\/mandragorastore.pl\\\/product\\\/plaszcz-do-ziemi-podkreslajacy-talie-thoren-czarny\\\/\",\"url\":\"https:\\\/\\\/mandragorastore.pl\\\/product\\\/plaszcz-do-ziemi-podkreslajacy-talie-thoren-czarny\\\/\",\"name\":\"P\u0142aszcz Thoren Czarny - MANDRAGORA - Designed for women. Made in Poland.\",\"isPartOf\":{\"@id\":\"https:\\\/\\\/mandragorastore.pl\\\/#website\"},\"primaryImageOfPage\":{\"@id\":\"https:\\\/\\\/mandragorastore.pl\\\/product\\\/plaszcz-do-ziemi-podkreslajacy-talie-thoren-czarny\\\/#primaryimage\"},\"image\":{\"@id\":\"https:\\\/\\\/mandragorastore.pl\\\/product\\\/plaszcz-do-ziemi-podkreslajacy-talie-thoren-czarny\\\/#primaryimage\"},\"thumbnailUrl\":\"https:\\\/\\\/mandragorastore.pl\\\/wp-content\\\/uploads\\\/2025\\\/10\\\/1-111.webp\",\"datePublished\":\"2025-10-14T11:46:50+00:00\",\"dateModified\":\"2026-03-27T09:40:15+00:00\",\"breadcrumb\":{\"@id\":\"https:\\\/\\\/mandragorastore.pl\\\/product\\\/plaszcz-do-ziemi-podkreslajacy-talie-thoren-czarny\\\/#breadcrumb\"},\"inLanguage\":\"en-US\",\"potentialAction\":[{\"@type\":\"ReadAction\",\"target\":[\"https:\\\/\\\/mandragorastore.pl\\\/product\\\/plaszcz-do-ziemi-podkreslajacy-talie-thoren-czarny\\\/\"]}]},{\"@type\":\"ImageObject\",\"inLanguage\":\"en-US\",\"@id\":\"https:\\\/\\\/mandragorastore.pl\\\/product\\\/plaszcz-do-ziemi-podkreslajacy-talie-thoren-czarny\\\/#primaryimage\",\"url\":\"https:\\\/\\\/mandragorastore.pl\\\/wp-content\\\/uploads\\\/2025\\\/10\\\/1-111.webp\",\"contentUrl\":\"https:\\\/\\\/mandragorastore.pl\\\/wp-content\\\/uploads\\\/2025\\\/10\\\/1-111.webp\",\"width\":1500,\"height\":2000},{\"@type\":\"BreadcrumbList\",\"@id\":\"https:\\\/\\\/mandragorastore.pl\\\/product\\\/plaszcz-do-ziemi-podkreslajacy-talie-thoren-czarny\\\/#breadcrumb\",\"itemListElement\":[{\"@type\":\"ListItem\",\"position\":1,\"name\":\"Strona g\u0142\u00f3wna\",\"item\":\"https:\\\/\\\/mandragorastore.pl\\\/\"},{\"@type\":\"ListItem\",\"position\":2,\"name\":\"Katalog\",\"item\":\"https:\\\/\\\/mandragorastore.pl\\\/sklep\\\/\"},{\"@type\":\"ListItem\",\"position\":3,\"name\":\"P\u0142aszcz Thoren Czarny\"}]},{\"@type\":\"WebSite\",\"@id\":\"https:\\\/\\\/mandragorastore.pl\\\/#website\",\"url\":\"https:\\\/\\\/mandragorastore.pl\\\/\",\"name\":\"Mandragora by Martyna - Wyj\u0105tkowy sklep odzie\u017cowy dla kobiet\",\"description\":\"\",\"publisher\":{\"@id\":\"https:\\\/\\\/mandragorastore.pl\\\/#organization\"},\"potentialAction\":[{\"@type\":\"SearchAction\",\"target\":{\"@type\":\"EntryPoint\",\"urlTemplate\":\"https:\\\/\\\/mandragorastore.pl\\\/?s={search_term_string}\"},\"query-input\":{\"@type\":\"PropertyValueSpecification\",\"valueRequired\":true,\"valueName\":\"search_term_string\"}}],\"inLanguage\":\"en-US\"},{\"@type\":\"Organization\",\"@id\":\"https:\\\/\\\/mandragorastore.pl\\\/#organization\",\"name\":\"Mandragora by Martyna - Wyj\u0105tkowy sklep odzie\u017cowy dla kobiet\",\"url\":\"https:\\\/\\\/mandragorastore.pl\\\/\",\"logo\":{\"@type\":\"ImageObject\",\"inLanguage\":\"en-US\",\"@id\":\"https:\\\/\\\/mandragorastore.pl\\\/#\\\/schema\\\/logo\\\/image\\\/\",\"url\":\"https:\\\/\\\/mandragorastore.pl\\\/wp-content\\\/uploads\\\/2025\\\/10\\\/COVER.categories.png\",\"contentUrl\":\"https:\\\/\\\/mandragorastore.pl\\\/wp-content\\\/uploads\\\/2025\\\/10\\\/COVER.categories.png\",\"width\":800,\"height\":801,\"caption\":\"Mandragora by Martyna - Wyj\u0105tkowy sklep odzie\u017cowy dla kobiet\"},\"image\":{\"@id\":\"https:\\\/\\\/mandragorastore.pl\\\/#\\\/schema\\\/logo\\\/image\\\/\"},\"sameAs\":[\"https:\\\/\\\/www.facebook.com\\\/madragorastore\\\/\",\"https:\\\/\\\/www.instagram.com\\\/mandragorastore.pl\\\/\"]}]}<\/script>\n<!-- \/ Yoast SEO plugin. -->","yoast_head_json":{"title":"P\u0142aszcz Thoren Czarny - MANDRAGORA - Designed for women. Made in Poland.","robots":{"index":"index","follow":"follow","max-snippet":"max-snippet:-1","max-image-preview":"max-image-preview:large","max-video-preview":"max-video-preview:-1"},"canonical":"https:\/\/mandragorastore.pl\/en\/product\/plaszcz-do-ziemi-podkreslajacy-talie-thoren-czarny\/","og_locale":"en_US","og_type":"article","og_title":"P\u0142aszcz Thoren Czarny - MANDRAGORA - Designed for women. Made in Poland.","og_description":"P\u0142aszcz o klasycznym, dwurz\u0119dowym kroju, wykonany z wysokogatunkowej we\u0142ny. Delikatne bufki na ramionach subtelnie modeluj\u0105 lini\u0119 sylwetki, nadaj\u0105c jej elegancji i wyrafinowania. Smuk\u0142a forma z wci\u0119ciem w talii podkre\u015bla kobieco\u015b\u0107, zachowuj\u0105c ponadczasowy charakter. Klapy w stylu marynarkowym i precyzyjne wyko\u0144czenie detali dope\u0142niaj\u0105 ca\u0142o\u015bci. Guma na plecach sprawia, \u017ce kr\u00f3j idealnie dopasowuje si\u0119 do sylwetki, uwydatniaj\u0105c jej proporcje. To uniwersalny model, kt\u00f3ry doskonale sprawdzi si\u0119 zar\u00f3wno w stylizacjach codziennych, jak i wieczorowych.  Sk\u0142ad: 100% we\u0142na, podszewka: 100% wiskoza  Szyte i projektowane w Polsce.","og_url":"https:\/\/mandragorastore.pl\/en\/product\/plaszcz-do-ziemi-podkreslajacy-talie-thoren-czarny\/","og_site_name":"MANDRAGORA - Designed for women. Made in Poland.","article_publisher":"https:\/\/www.facebook.com\/madragorastore\/","article_modified_time":"2026-03-27T09:40:15+00:00","og_image":[{"width":1500,"height":2000,"url":"https:\/\/mandragorastore.pl\/wp-content\/uploads\/2025\/10\/1-111.webp","type":"image\/webp"}],"twitter_card":"summary_large_image","twitter_misc":{"Est. reading time":"1 minute"},"schema":{"@context":"https:\/\/schema.org","@graph":[{"@type":"WebPage","@id":"https:\/\/mandragorastore.pl\/product\/plaszcz-do-ziemi-podkreslajacy-talie-thoren-czarny\/","url":"https:\/\/mandragorastore.pl\/product\/plaszcz-do-ziemi-podkreslajacy-talie-thoren-czarny\/","name":"P\u0142aszcz Thoren Czarny - MANDRAGORA - Designed for women. Made in Poland.","isPartOf":{"@id":"https:\/\/mandragorastore.pl\/#website"},"primaryImageOfPage":{"@id":"https:\/\/mandragorastore.pl\/product\/plaszcz-do-ziemi-podkreslajacy-talie-thoren-czarny\/#primaryimage"},"image":{"@id":"https:\/\/mandragorastore.pl\/product\/plaszcz-do-ziemi-podkreslajacy-talie-thoren-czarny\/#primaryimage"},"thumbnailUrl":"https:\/\/mandragorastore.pl\/wp-content\/uploads\/2025\/10\/1-111.webp","datePublished":"2025-10-14T11:46:50+00:00","dateModified":"2026-03-27T09:40:15+00:00","breadcrumb":{"@id":"https:\/\/mandragorastore.pl\/product\/plaszcz-do-ziemi-podkreslajacy-talie-thoren-czarny\/#breadcrumb"},"inLanguage":"en-US","potentialAction":[{"@type":"ReadAction","target":["https:\/\/mandragorastore.pl\/product\/plaszcz-do-ziemi-podkreslajacy-talie-thoren-czarny\/"]}]},{"@type":"ImageObject","inLanguage":"en-US","@id":"https:\/\/mandragorastore.pl\/product\/plaszcz-do-ziemi-podkreslajacy-talie-thoren-czarny\/#primaryimage","url":"https:\/\/mandragorastore.pl\/wp-content\/uploads\/2025\/10\/1-111.webp","contentUrl":"https:\/\/mandragorastore.pl\/wp-content\/uploads\/2025\/10\/1-111.webp","width":1500,"height":2000},{"@type":"BreadcrumbList","@id":"https:\/\/mandragorastore.pl\/product\/plaszcz-do-ziemi-podkreslajacy-talie-thoren-czarny\/#breadcrumb","itemListElement":[{"@type":"ListItem","position":1,"name":"Strona g\u0142\u00f3wna","item":"https:\/\/mandragorastore.pl\/"},{"@type":"ListItem","position":2,"name":"Katalog","item":"https:\/\/mandragorastore.pl\/sklep\/"},{"@type":"ListItem","position":3,"name":"P\u0142aszcz Thoren Czarny"}]},{"@type":"WebSite","@id":"https:\/\/mandragorastore.pl\/#website","url":"https:\/\/mandragorastore.pl\/","name":"Mandragora by Martyna - Unique Clothing Store for Women","description":"","publisher":{"@id":"https:\/\/mandragorastore.pl\/#organization"},"potentialAction":[{"@type":"SearchAction","target":{"@type":"EntryPoint","urlTemplate":"https:\/\/mandragorastore.pl\/?s={search_term_string}"},"query-input":{"@type":"PropertyValueSpecification","valueRequired":true,"valueName":"search_term_string"}}],"inLanguage":"en-US"},{"@type":"Organization","@id":"https:\/\/mandragorastore.pl\/#organization","name":"Mandragora by Martyna - Unique Clothing Store for Women","url":"https:\/\/mandragorastore.pl\/","logo":{"@type":"ImageObject","inLanguage":"en-US","@id":"https:\/\/mandragorastore.pl\/#\/schema\/logo\/image\/","url":"https:\/\/mandragorastore.pl\/wp-content\/uploads\/2025\/10\/COVER.categories.png","contentUrl":"https:\/\/mandragorastore.pl\/wp-content\/uploads\/2025\/10\/COVER.categories.png","width":800,"height":801,"caption":"Mandragora by Martyna - Wyj\u0105tkowy sklep odzie\u017cowy dla kobiet"},"image":{"@id":"https:\/\/mandragorastore.pl\/#\/schema\/logo\/image\/"},"sameAs":["https:\/\/www.facebook.com\/madragorastore\/","https:\/\/www.instagram.com\/mandragorastore.pl\/"]}]}},"_links":{"self":[{"href":"https:\/\/mandragorastore.pl\/en\/wp-json\/wp\/v2\/product\/2448","targetHints":{"allow":["GET"]}}],"collection":[{"href":"https:\/\/mandragorastore.pl\/en\/wp-json\/wp\/v2\/product"}],"about":[{"href":"https:\/\/mandragorastore.pl\/en\/wp-json\/wp\/v2\/types\/product"}],"wp:featuredmedia":[{"embeddable":true,"href":"https:\/\/mandragorastore.pl\/en\/wp-json\/wp\/v2\/media\/2736"}],"wp:attachment":[{"href":"https:\/\/mandragorastore.pl\/en\/wp-json\/wp\/v2\/media?parent=2448"}],"wp:term":[{"taxonomy":"product_brand","embeddable":true,"href":"https:\/\/mandragorastore.pl\/en\/wp-json\/wp\/v2\/product_brand?post=2448"},{"taxonomy":"product_cat","embeddable":true,"href":"https:\/\/mandragorastore.pl\/en\/wp-json\/wp\/v2\/product_cat?post=2448"},{"taxonomy":"product_tag","embeddable":true,"href":"https:\/\/mandragorastore.pl\/en\/wp-json\/wp\/v2\/product_tag?post=2448"}],"curies":[{"name":"WP","href":"https:\/\/api.w.org\/{rel}","templated":true}]}}