{"id":2449,"date":"2025-10-14T13:46:50","date_gmt":"2025-10-14T11:46:50","guid":{"rendered":"https:\/\/mandragorastore.pl\/product\/ponczo-z-klapa-krotkie-sorte-karmelowy\/"},"modified":"2026-04-09T10:18:42","modified_gmt":"2026-04-09T08:18:42","slug":"ponczo-z-klapa-krotkie-sorte-karmelowy","status":"publish","type":"product","link":"https:\/\/mandragorastore.pl\/en\/product\/ponczo-z-klapa-krotkie-sorte-karmelowy\/","title":{"rendered":"Poncho Sorte Caramel"},"content":{"rendered":"<p>The model is 173 cm tall and presents ONESIZE size.<\/p>\n<table width=\"604\">\n<tbody>\n<tr>\n<td width=\"302\">&nbsp;<\/td>\n<td width=\"302\">ONE SIZE<\/td>\n<\/tr>\n<tr>\n<td width=\"302\">Bust<\/td>\n<td width=\"302\">80 - 115 cm<\/td>\n<\/tr>\n<tr>\n<td width=\"302\">Arms<\/td>\n<td width=\"302\">80 - 93 cm<\/td>\n<\/tr>\n<tr>\n<td width=\"302\">Length<\/td>\n<td width=\"302\">89 cm<\/td>\n<\/tr>\n<\/tbody>\n<\/table>","protected":false},"excerpt":{"rendered":"<p>Wool poncho in the form of a cape, with a wide collar and arm cutouts. Elegant and full of freedom cut, giving lightness to the movement of the material. Minimalist design emphasizing the shoulder line. Fastened at the front with an internal hook-and-eye closure. The interior is decorated with a noble pattern lining. An ideal choice for colder days, combining classics with a modern touch of chic.<\/p>\n<p>Composition: 60% wool, 40% viscose, lining: 100% viscose.<\/p>\n<p>Sewn and designed in Poland.<\/p>","protected":false},"featured_media":3388,"template":"","meta":[],"product_brand":[],"product_cat":[141,129,155],"product_tag":[],"class_list":{"0":"post-2449","1":"product","2":"type-product","3":"status-publish","4":"has-post-thumbnail","6":"product_cat-okrycia-wierzchnie","7":"product_cat-poncza","8":"product_cat-ss-26","10":"first","11":"instock","12":"shipping-taxable","13":"purchasable","14":"product-type-variable","15":"wpzoom-wc-spi-has-enabled"},"yoast_head":"<!-- This site is optimized with the Yoast SEO plugin v27.3 - https:\/\/yoast.com\/product\/yoast-seo-wordpress\/ -->\n<title>Ponczo Sorte Karmelowy - MANDRAGORA - Designed for women. Made in Poland.<\/title>\n<meta name=\"robots\" content=\"index, follow, max-snippet:-1, max-image-preview:large, max-video-preview:-1\" \/>\n<link rel=\"canonical\" href=\"https:\/\/mandragorastore.pl\/en\/product\/ponczo-z-klapa-krotkie-sorte-karmelowy\/\" \/>\n<meta property=\"og:locale\" content=\"en_US\" \/>\n<meta property=\"og:type\" content=\"article\" \/>\n<meta property=\"og:title\" content=\"Ponczo Sorte Karmelowy - MANDRAGORA - Designed for women. Made in Poland.\" \/>\n<meta property=\"og:description\" content=\"We\u0142niane ponczo o formie peleryny, z szerokim ko\u0142nierzem i wyci\u0119ciami na r\u0119ce. Elegancki i pe\u0142ny swobody kr\u00f3j, nadaj\u0105cy lekko\u015bci ruchom materia\u0142u. Minimalistyczna konstrukcja podkre\u015blaj\u0105ca lini\u0119 ramion. Zapinane z przodu na wewn\u0119trzn\u0105 haftk\u0119. Wn\u0119trze zdobi podszewka o szlachetnym wzorze. Idealny wyb\u00f3r na ch\u0142odniejsze dni, \u0142\u0105cz\u0105cy klasyk\u0119 z nowoczesn\u0105 ods\u0142on\u0105 szyku.  Sk\u0142ad: 60% we\u0142na, 40% wiskoza, podszewka: 100% wiskoza  Szyte i projektowane w Polsce.\" \/>\n<meta property=\"og:url\" content=\"https:\/\/mandragorastore.pl\/en\/product\/ponczo-z-klapa-krotkie-sorte-karmelowy\/\" \/>\n<meta property=\"og:site_name\" content=\"MANDRAGORA - Designed for women. Made in Poland.\" \/>\n<meta property=\"article:publisher\" content=\"https:\/\/www.facebook.com\/madragorastore\/\" \/>\n<meta property=\"article:modified_time\" content=\"2026-04-09T08:18:42+00:00\" \/>\n<meta property=\"og:image\" content=\"https:\/\/mandragorastore.pl\/wp-content\/uploads\/2025\/10\/1-138.webp\" \/>\n\t<meta property=\"og:image:width\" content=\"1500\" \/>\n\t<meta property=\"og:image:height\" content=\"2000\" \/>\n\t<meta property=\"og:image:type\" content=\"image\/webp\" \/>\n<meta name=\"twitter:card\" content=\"summary_large_image\" \/>\n<meta name=\"twitter:label1\" content=\"Est. reading time\" \/>\n\t<meta name=\"twitter:data1\" content=\"1 minute\" \/>\n<script type=\"application\/ld+json\" class=\"yoast-schema-graph\">{\"@context\":\"https:\\\/\\\/schema.org\",\"@graph\":[{\"@type\":\"WebPage\",\"@id\":\"https:\\\/\\\/mandragorastore.pl\\\/product\\\/ponczo-z-klapa-krotkie-sorte-karmelowy\\\/\",\"url\":\"https:\\\/\\\/mandragorastore.pl\\\/product\\\/ponczo-z-klapa-krotkie-sorte-karmelowy\\\/\",\"name\":\"Ponczo Sorte Karmelowy - MANDRAGORA - Designed for women. Made in Poland.\",\"isPartOf\":{\"@id\":\"https:\\\/\\\/mandragorastore.pl\\\/#website\"},\"primaryImageOfPage\":{\"@id\":\"https:\\\/\\\/mandragorastore.pl\\\/product\\\/ponczo-z-klapa-krotkie-sorte-karmelowy\\\/#primaryimage\"},\"image\":{\"@id\":\"https:\\\/\\\/mandragorastore.pl\\\/product\\\/ponczo-z-klapa-krotkie-sorte-karmelowy\\\/#primaryimage\"},\"thumbnailUrl\":\"https:\\\/\\\/mandragorastore.pl\\\/wp-content\\\/uploads\\\/2025\\\/10\\\/1-138.webp\",\"datePublished\":\"2025-10-14T11:46:50+00:00\",\"dateModified\":\"2026-04-09T08:18:42+00:00\",\"breadcrumb\":{\"@id\":\"https:\\\/\\\/mandragorastore.pl\\\/product\\\/ponczo-z-klapa-krotkie-sorte-karmelowy\\\/#breadcrumb\"},\"inLanguage\":\"en-US\",\"potentialAction\":[{\"@type\":\"ReadAction\",\"target\":[\"https:\\\/\\\/mandragorastore.pl\\\/product\\\/ponczo-z-klapa-krotkie-sorte-karmelowy\\\/\"]}]},{\"@type\":\"ImageObject\",\"inLanguage\":\"en-US\",\"@id\":\"https:\\\/\\\/mandragorastore.pl\\\/product\\\/ponczo-z-klapa-krotkie-sorte-karmelowy\\\/#primaryimage\",\"url\":\"https:\\\/\\\/mandragorastore.pl\\\/wp-content\\\/uploads\\\/2025\\\/10\\\/1-138.webp\",\"contentUrl\":\"https:\\\/\\\/mandragorastore.pl\\\/wp-content\\\/uploads\\\/2025\\\/10\\\/1-138.webp\",\"width\":1500,\"height\":2000},{\"@type\":\"BreadcrumbList\",\"@id\":\"https:\\\/\\\/mandragorastore.pl\\\/product\\\/ponczo-z-klapa-krotkie-sorte-karmelowy\\\/#breadcrumb\",\"itemListElement\":[{\"@type\":\"ListItem\",\"position\":1,\"name\":\"Strona g\u0142\u00f3wna\",\"item\":\"https:\\\/\\\/mandragorastore.pl\\\/\"},{\"@type\":\"ListItem\",\"position\":2,\"name\":\"Katalog\",\"item\":\"https:\\\/\\\/mandragorastore.pl\\\/sklep\\\/\"},{\"@type\":\"ListItem\",\"position\":3,\"name\":\"Ponczo Sorte Karmelowy\"}]},{\"@type\":\"WebSite\",\"@id\":\"https:\\\/\\\/mandragorastore.pl\\\/#website\",\"url\":\"https:\\\/\\\/mandragorastore.pl\\\/\",\"name\":\"Mandragora by Martyna - Wyj\u0105tkowy sklep odzie\u017cowy dla kobiet\",\"description\":\"\",\"publisher\":{\"@id\":\"https:\\\/\\\/mandragorastore.pl\\\/#organization\"},\"potentialAction\":[{\"@type\":\"SearchAction\",\"target\":{\"@type\":\"EntryPoint\",\"urlTemplate\":\"https:\\\/\\\/mandragorastore.pl\\\/?s={search_term_string}\"},\"query-input\":{\"@type\":\"PropertyValueSpecification\",\"valueRequired\":true,\"valueName\":\"search_term_string\"}}],\"inLanguage\":\"en-US\"},{\"@type\":\"Organization\",\"@id\":\"https:\\\/\\\/mandragorastore.pl\\\/#organization\",\"name\":\"Mandragora by Martyna - Wyj\u0105tkowy sklep odzie\u017cowy dla kobiet\",\"url\":\"https:\\\/\\\/mandragorastore.pl\\\/\",\"logo\":{\"@type\":\"ImageObject\",\"inLanguage\":\"en-US\",\"@id\":\"https:\\\/\\\/mandragorastore.pl\\\/#\\\/schema\\\/logo\\\/image\\\/\",\"url\":\"https:\\\/\\\/mandragorastore.pl\\\/wp-content\\\/uploads\\\/2025\\\/10\\\/COVER.categories.png\",\"contentUrl\":\"https:\\\/\\\/mandragorastore.pl\\\/wp-content\\\/uploads\\\/2025\\\/10\\\/COVER.categories.png\",\"width\":800,\"height\":801,\"caption\":\"Mandragora by Martyna - Wyj\u0105tkowy sklep odzie\u017cowy dla kobiet\"},\"image\":{\"@id\":\"https:\\\/\\\/mandragorastore.pl\\\/#\\\/schema\\\/logo\\\/image\\\/\"},\"sameAs\":[\"https:\\\/\\\/www.facebook.com\\\/madragorastore\\\/\",\"https:\\\/\\\/www.instagram.com\\\/mandragorastore.pl\\\/\"]}]}<\/script>\n<!-- \/ Yoast SEO plugin. -->","yoast_head_json":{"title":"Ponczo Sorte Karmelowy - MANDRAGORA - Designed for women. Made in Poland.","robots":{"index":"index","follow":"follow","max-snippet":"max-snippet:-1","max-image-preview":"max-image-preview:large","max-video-preview":"max-video-preview:-1"},"canonical":"https:\/\/mandragorastore.pl\/en\/product\/ponczo-z-klapa-krotkie-sorte-karmelowy\/","og_locale":"en_US","og_type":"article","og_title":"Ponczo Sorte Karmelowy - MANDRAGORA - Designed for women. Made in Poland.","og_description":"We\u0142niane ponczo o formie peleryny, z szerokim ko\u0142nierzem i wyci\u0119ciami na r\u0119ce. Elegancki i pe\u0142ny swobody kr\u00f3j, nadaj\u0105cy lekko\u015bci ruchom materia\u0142u. Minimalistyczna konstrukcja podkre\u015blaj\u0105ca lini\u0119 ramion. Zapinane z przodu na wewn\u0119trzn\u0105 haftk\u0119. Wn\u0119trze zdobi podszewka o szlachetnym wzorze. Idealny wyb\u00f3r na ch\u0142odniejsze dni, \u0142\u0105cz\u0105cy klasyk\u0119 z nowoczesn\u0105 ods\u0142on\u0105 szyku.  Sk\u0142ad: 60% we\u0142na, 40% wiskoza, podszewka: 100% wiskoza  Szyte i projektowane w Polsce.","og_url":"https:\/\/mandragorastore.pl\/en\/product\/ponczo-z-klapa-krotkie-sorte-karmelowy\/","og_site_name":"MANDRAGORA - Designed for women. Made in Poland.","article_publisher":"https:\/\/www.facebook.com\/madragorastore\/","article_modified_time":"2026-04-09T08:18:42+00:00","og_image":[{"width":1500,"height":2000,"url":"https:\/\/mandragorastore.pl\/wp-content\/uploads\/2025\/10\/1-138.webp","type":"image\/webp"}],"twitter_card":"summary_large_image","twitter_misc":{"Est. reading time":"1 minute"},"schema":{"@context":"https:\/\/schema.org","@graph":[{"@type":"WebPage","@id":"https:\/\/mandragorastore.pl\/product\/ponczo-z-klapa-krotkie-sorte-karmelowy\/","url":"https:\/\/mandragorastore.pl\/product\/ponczo-z-klapa-krotkie-sorte-karmelowy\/","name":"Ponczo Sorte Karmelowy - MANDRAGORA - Designed for women. Made in Poland.","isPartOf":{"@id":"https:\/\/mandragorastore.pl\/#website"},"primaryImageOfPage":{"@id":"https:\/\/mandragorastore.pl\/product\/ponczo-z-klapa-krotkie-sorte-karmelowy\/#primaryimage"},"image":{"@id":"https:\/\/mandragorastore.pl\/product\/ponczo-z-klapa-krotkie-sorte-karmelowy\/#primaryimage"},"thumbnailUrl":"https:\/\/mandragorastore.pl\/wp-content\/uploads\/2025\/10\/1-138.webp","datePublished":"2025-10-14T11:46:50+00:00","dateModified":"2026-04-09T08:18:42+00:00","breadcrumb":{"@id":"https:\/\/mandragorastore.pl\/product\/ponczo-z-klapa-krotkie-sorte-karmelowy\/#breadcrumb"},"inLanguage":"en-US","potentialAction":[{"@type":"ReadAction","target":["https:\/\/mandragorastore.pl\/product\/ponczo-z-klapa-krotkie-sorte-karmelowy\/"]}]},{"@type":"ImageObject","inLanguage":"en-US","@id":"https:\/\/mandragorastore.pl\/product\/ponczo-z-klapa-krotkie-sorte-karmelowy\/#primaryimage","url":"https:\/\/mandragorastore.pl\/wp-content\/uploads\/2025\/10\/1-138.webp","contentUrl":"https:\/\/mandragorastore.pl\/wp-content\/uploads\/2025\/10\/1-138.webp","width":1500,"height":2000},{"@type":"BreadcrumbList","@id":"https:\/\/mandragorastore.pl\/product\/ponczo-z-klapa-krotkie-sorte-karmelowy\/#breadcrumb","itemListElement":[{"@type":"ListItem","position":1,"name":"Strona g\u0142\u00f3wna","item":"https:\/\/mandragorastore.pl\/"},{"@type":"ListItem","position":2,"name":"Katalog","item":"https:\/\/mandragorastore.pl\/sklep\/"},{"@type":"ListItem","position":3,"name":"Ponczo Sorte Karmelowy"}]},{"@type":"WebSite","@id":"https:\/\/mandragorastore.pl\/#website","url":"https:\/\/mandragorastore.pl\/","name":"Mandragora by Martyna - Unique Clothing Store for Women","description":"","publisher":{"@id":"https:\/\/mandragorastore.pl\/#organization"},"potentialAction":[{"@type":"SearchAction","target":{"@type":"EntryPoint","urlTemplate":"https:\/\/mandragorastore.pl\/?s={search_term_string}"},"query-input":{"@type":"PropertyValueSpecification","valueRequired":true,"valueName":"search_term_string"}}],"inLanguage":"en-US"},{"@type":"Organization","@id":"https:\/\/mandragorastore.pl\/#organization","name":"Mandragora by Martyna - Unique Clothing Store for Women","url":"https:\/\/mandragorastore.pl\/","logo":{"@type":"ImageObject","inLanguage":"en-US","@id":"https:\/\/mandragorastore.pl\/#\/schema\/logo\/image\/","url":"https:\/\/mandragorastore.pl\/wp-content\/uploads\/2025\/10\/COVER.categories.png","contentUrl":"https:\/\/mandragorastore.pl\/wp-content\/uploads\/2025\/10\/COVER.categories.png","width":800,"height":801,"caption":"Mandragora by Martyna - Wyj\u0105tkowy sklep odzie\u017cowy dla kobiet"},"image":{"@id":"https:\/\/mandragorastore.pl\/#\/schema\/logo\/image\/"},"sameAs":["https:\/\/www.facebook.com\/madragorastore\/","https:\/\/www.instagram.com\/mandragorastore.pl\/"]}]}},"_links":{"self":[{"href":"https:\/\/mandragorastore.pl\/en\/wp-json\/wp\/v2\/product\/2449","targetHints":{"allow":["GET"]}}],"collection":[{"href":"https:\/\/mandragorastore.pl\/en\/wp-json\/wp\/v2\/product"}],"about":[{"href":"https:\/\/mandragorastore.pl\/en\/wp-json\/wp\/v2\/types\/product"}],"wp:featuredmedia":[{"embeddable":true,"href":"https:\/\/mandragorastore.pl\/en\/wp-json\/wp\/v2\/media\/3388"}],"wp:attachment":[{"href":"https:\/\/mandragorastore.pl\/en\/wp-json\/wp\/v2\/media?parent=2449"}],"wp:term":[{"taxonomy":"product_brand","embeddable":true,"href":"https:\/\/mandragorastore.pl\/en\/wp-json\/wp\/v2\/product_brand?post=2449"},{"taxonomy":"product_cat","embeddable":true,"href":"https:\/\/mandragorastore.pl\/en\/wp-json\/wp\/v2\/product_cat?post=2449"},{"taxonomy":"product_tag","embeddable":true,"href":"https:\/\/mandragorastore.pl\/en\/wp-json\/wp\/v2\/product_tag?post=2449"}],"curies":[{"name":"WP","href":"https:\/\/api.w.org\/{rel}","templated":true}]}}