{"id":2461,"date":"2025-10-14T13:46:51","date_gmt":"2025-10-14T11:46:51","guid":{"rendered":"https:\/\/mandragorastore.pl\/product\/spodniczka-przed-kolano-gante-szary-paski\/"},"modified":"2026-04-09T10:18:42","modified_gmt":"2026-04-09T08:18:42","slug":"spodniczka-przed-kolano-gante-szary-paski","status":"publish","type":"product","link":"https:\/\/mandragorastore.pl\/en\/product\/spodniczka-przed-kolano-gante-szary-paski\/","title":{"rendered":"Gante Grey Striped Skirt"},"content":{"rendered":"<p>The model is 173 cm tall and presents size XS\/S.<\/p>\n<table width=\"604\">\n<tbody>\n<tr>\n<td width=\"151\"><\/td>\n<td width=\"151\">XS\/S<\/td>\n<td width=\"151\">M\/L<\/td>\n<td width=\"151\">L\/XL<\/td>\n<\/tr>\n<tr>\n<td width=\"151\">Belt<\/td>\n<td width=\"151\">60 - 70 cm<\/td>\n<td width=\"151\">70 - 80 cm<\/td>\n<td width=\"151\">80 - 90 cm<\/td>\n<\/tr>\n<tr>\n<td width=\"151\">Hips<\/td>\n<td width=\"151\">89 - 98 cm<\/td>\n<td width=\"151\">98 - 106 cm<\/td>\n<td width=\"151\">106 - 112 cm<\/td>\n<\/tr>\n<tr>\n<td width=\"151\">Overall length<\/td>\n<td width=\"151\">52 cm<\/td>\n<td width=\"151\">53 cm<\/td>\n<td width=\"151\">54 cm<\/td>\n<\/tr>\n<\/tbody>\n<\/table>","protected":false},"excerpt":{"rendered":"<p>Skirt with a fitted cut and higher waist. Made of elegant viscose fabric with delicate vertical stripes. The classic line subtly emphasizes the silhouette, while maintaining a minimalist character. The meticulously detailed waistband and smooth finish add to the chic look. Makes a set with the Gante jacket.<\/p>\n<p>Composition: viscose 74%, polyester 23%, elastane 3%<\/p>\n<p>Sewn and designed in Poland.<\/p>","protected":false},"featured_media":3218,"template":"","meta":[],"product_brand":[],"product_cat":[143,33,155],"product_tag":[],"class_list":{"0":"post-2461","1":"product","2":"type-product","3":"status-publish","4":"has-post-thumbnail","6":"product_cat-doly","7":"product_cat-spodnice","8":"product_cat-ss-26","10":"first","11":"instock","12":"shipping-taxable","13":"purchasable","14":"product-type-variable","15":"wpzoom-wc-spi-has-enabled"},"yoast_head":"<!-- This site is optimized with the Yoast SEO plugin v27.3 - https:\/\/yoast.com\/product\/yoast-seo-wordpress\/ -->\n<title>Sp\u00f3dniczka Gante Szary paski - MANDRAGORA - Designed for women. Made in Poland.<\/title>\n<meta name=\"robots\" content=\"index, follow, max-snippet:-1, max-image-preview:large, max-video-preview:-1\" \/>\n<link rel=\"canonical\" href=\"https:\/\/mandragorastore.pl\/en\/product\/spodniczka-przed-kolano-gante-szary-paski\/\" \/>\n<meta property=\"og:locale\" content=\"en_US\" \/>\n<meta property=\"og:type\" content=\"article\" \/>\n<meta property=\"og:title\" content=\"Sp\u00f3dniczka Gante Szary paski - MANDRAGORA - Designed for women. Made in Poland.\" \/>\n<meta property=\"og:description\" content=\"Sp\u00f3dnica o dopasowanym kroju i wy\u017cszym stanie. Uszyta z eleganckiej wiskozowej tkaniny w delikatne, pionowe paski. Klasyczna linia subtelnie podkre\u015bla sylwetk\u0119, zachowuj\u0105c przy tym minimalistyczny charakter. Starannie dopracowany pas oraz g\u0142adkie wyko\u0144czenie nadaj\u0105 ca\u0142o\u015bci szyku. Stanowi komplet z marynark\u0105 Gante.  Sk\u0142ad: wiskoza 74%, poliester 23%, elastan 3%  Szyte i projektowane w Polsce.\" \/>\n<meta property=\"og:url\" content=\"https:\/\/mandragorastore.pl\/en\/product\/spodniczka-przed-kolano-gante-szary-paski\/\" \/>\n<meta property=\"og:site_name\" content=\"MANDRAGORA - Designed for women. Made in Poland.\" \/>\n<meta property=\"article:publisher\" content=\"https:\/\/www.facebook.com\/madragorastore\/\" \/>\n<meta property=\"article:modified_time\" content=\"2026-04-09T08:18:42+00:00\" \/>\n<meta property=\"og:image\" content=\"https:\/\/mandragorastore.pl\/wp-content\/uploads\/2025\/10\/1-127.webp\" \/>\n\t<meta property=\"og:image:width\" content=\"1500\" \/>\n\t<meta property=\"og:image:height\" content=\"2000\" \/>\n\t<meta property=\"og:image:type\" content=\"image\/webp\" \/>\n<meta name=\"twitter:card\" content=\"summary_large_image\" \/>\n<meta name=\"twitter:label1\" content=\"Est. reading time\" \/>\n\t<meta name=\"twitter:data1\" content=\"1 minute\" \/>\n<script type=\"application\/ld+json\" class=\"yoast-schema-graph\">{\"@context\":\"https:\\\/\\\/schema.org\",\"@graph\":[{\"@type\":\"WebPage\",\"@id\":\"https:\\\/\\\/mandragorastore.pl\\\/product\\\/spodniczka-przed-kolano-gante-szary-paski\\\/\",\"url\":\"https:\\\/\\\/mandragorastore.pl\\\/product\\\/spodniczka-przed-kolano-gante-szary-paski\\\/\",\"name\":\"Sp\u00f3dniczka Gante Szary paski - MANDRAGORA - Designed for women. Made in Poland.\",\"isPartOf\":{\"@id\":\"https:\\\/\\\/mandragorastore.pl\\\/#website\"},\"primaryImageOfPage\":{\"@id\":\"https:\\\/\\\/mandragorastore.pl\\\/product\\\/spodniczka-przed-kolano-gante-szary-paski\\\/#primaryimage\"},\"image\":{\"@id\":\"https:\\\/\\\/mandragorastore.pl\\\/product\\\/spodniczka-przed-kolano-gante-szary-paski\\\/#primaryimage\"},\"thumbnailUrl\":\"https:\\\/\\\/mandragorastore.pl\\\/wp-content\\\/uploads\\\/2025\\\/10\\\/1-127.webp\",\"datePublished\":\"2025-10-14T11:46:51+00:00\",\"dateModified\":\"2026-04-09T08:18:42+00:00\",\"breadcrumb\":{\"@id\":\"https:\\\/\\\/mandragorastore.pl\\\/product\\\/spodniczka-przed-kolano-gante-szary-paski\\\/#breadcrumb\"},\"inLanguage\":\"en-US\",\"potentialAction\":[{\"@type\":\"ReadAction\",\"target\":[\"https:\\\/\\\/mandragorastore.pl\\\/product\\\/spodniczka-przed-kolano-gante-szary-paski\\\/\"]}]},{\"@type\":\"ImageObject\",\"inLanguage\":\"en-US\",\"@id\":\"https:\\\/\\\/mandragorastore.pl\\\/product\\\/spodniczka-przed-kolano-gante-szary-paski\\\/#primaryimage\",\"url\":\"https:\\\/\\\/mandragorastore.pl\\\/wp-content\\\/uploads\\\/2025\\\/10\\\/1-127.webp\",\"contentUrl\":\"https:\\\/\\\/mandragorastore.pl\\\/wp-content\\\/uploads\\\/2025\\\/10\\\/1-127.webp\",\"width\":1500,\"height\":2000},{\"@type\":\"BreadcrumbList\",\"@id\":\"https:\\\/\\\/mandragorastore.pl\\\/product\\\/spodniczka-przed-kolano-gante-szary-paski\\\/#breadcrumb\",\"itemListElement\":[{\"@type\":\"ListItem\",\"position\":1,\"name\":\"Strona g\u0142\u00f3wna\",\"item\":\"https:\\\/\\\/mandragorastore.pl\\\/\"},{\"@type\":\"ListItem\",\"position\":2,\"name\":\"Katalog\",\"item\":\"https:\\\/\\\/mandragorastore.pl\\\/sklep\\\/\"},{\"@type\":\"ListItem\",\"position\":3,\"name\":\"Sp\u00f3dniczka Gante Szary paski\"}]},{\"@type\":\"WebSite\",\"@id\":\"https:\\\/\\\/mandragorastore.pl\\\/#website\",\"url\":\"https:\\\/\\\/mandragorastore.pl\\\/\",\"name\":\"Mandragora by Martyna - Wyj\u0105tkowy sklep odzie\u017cowy dla kobiet\",\"description\":\"\",\"publisher\":{\"@id\":\"https:\\\/\\\/mandragorastore.pl\\\/#organization\"},\"potentialAction\":[{\"@type\":\"SearchAction\",\"target\":{\"@type\":\"EntryPoint\",\"urlTemplate\":\"https:\\\/\\\/mandragorastore.pl\\\/?s={search_term_string}\"},\"query-input\":{\"@type\":\"PropertyValueSpecification\",\"valueRequired\":true,\"valueName\":\"search_term_string\"}}],\"inLanguage\":\"en-US\"},{\"@type\":\"Organization\",\"@id\":\"https:\\\/\\\/mandragorastore.pl\\\/#organization\",\"name\":\"Mandragora by Martyna - Wyj\u0105tkowy sklep odzie\u017cowy dla kobiet\",\"url\":\"https:\\\/\\\/mandragorastore.pl\\\/\",\"logo\":{\"@type\":\"ImageObject\",\"inLanguage\":\"en-US\",\"@id\":\"https:\\\/\\\/mandragorastore.pl\\\/#\\\/schema\\\/logo\\\/image\\\/\",\"url\":\"https:\\\/\\\/mandragorastore.pl\\\/wp-content\\\/uploads\\\/2025\\\/10\\\/COVER.categories.png\",\"contentUrl\":\"https:\\\/\\\/mandragorastore.pl\\\/wp-content\\\/uploads\\\/2025\\\/10\\\/COVER.categories.png\",\"width\":800,\"height\":801,\"caption\":\"Mandragora by Martyna - Wyj\u0105tkowy sklep odzie\u017cowy dla kobiet\"},\"image\":{\"@id\":\"https:\\\/\\\/mandragorastore.pl\\\/#\\\/schema\\\/logo\\\/image\\\/\"},\"sameAs\":[\"https:\\\/\\\/www.facebook.com\\\/madragorastore\\\/\",\"https:\\\/\\\/www.instagram.com\\\/mandragorastore.pl\\\/\"]}]}<\/script>\n<!-- \/ Yoast SEO plugin. -->","yoast_head_json":{"title":"Sp\u00f3dniczka Gante Szary paski - MANDRAGORA - Designed for women. Made in Poland.","robots":{"index":"index","follow":"follow","max-snippet":"max-snippet:-1","max-image-preview":"max-image-preview:large","max-video-preview":"max-video-preview:-1"},"canonical":"https:\/\/mandragorastore.pl\/en\/product\/spodniczka-przed-kolano-gante-szary-paski\/","og_locale":"en_US","og_type":"article","og_title":"Sp\u00f3dniczka Gante Szary paski - MANDRAGORA - Designed for women. Made in Poland.","og_description":"Sp\u00f3dnica o dopasowanym kroju i wy\u017cszym stanie. Uszyta z eleganckiej wiskozowej tkaniny w delikatne, pionowe paski. Klasyczna linia subtelnie podkre\u015bla sylwetk\u0119, zachowuj\u0105c przy tym minimalistyczny charakter. Starannie dopracowany pas oraz g\u0142adkie wyko\u0144czenie nadaj\u0105 ca\u0142o\u015bci szyku. Stanowi komplet z marynark\u0105 Gante.  Sk\u0142ad: wiskoza 74%, poliester 23%, elastan 3%  Szyte i projektowane w Polsce.","og_url":"https:\/\/mandragorastore.pl\/en\/product\/spodniczka-przed-kolano-gante-szary-paski\/","og_site_name":"MANDRAGORA - Designed for women. Made in Poland.","article_publisher":"https:\/\/www.facebook.com\/madragorastore\/","article_modified_time":"2026-04-09T08:18:42+00:00","og_image":[{"width":1500,"height":2000,"url":"https:\/\/mandragorastore.pl\/wp-content\/uploads\/2025\/10\/1-127.webp","type":"image\/webp"}],"twitter_card":"summary_large_image","twitter_misc":{"Est. reading time":"1 minute"},"schema":{"@context":"https:\/\/schema.org","@graph":[{"@type":"WebPage","@id":"https:\/\/mandragorastore.pl\/product\/spodniczka-przed-kolano-gante-szary-paski\/","url":"https:\/\/mandragorastore.pl\/product\/spodniczka-przed-kolano-gante-szary-paski\/","name":"Sp\u00f3dniczka Gante Szary paski - MANDRAGORA - Designed for women. Made in Poland.","isPartOf":{"@id":"https:\/\/mandragorastore.pl\/#website"},"primaryImageOfPage":{"@id":"https:\/\/mandragorastore.pl\/product\/spodniczka-przed-kolano-gante-szary-paski\/#primaryimage"},"image":{"@id":"https:\/\/mandragorastore.pl\/product\/spodniczka-przed-kolano-gante-szary-paski\/#primaryimage"},"thumbnailUrl":"https:\/\/mandragorastore.pl\/wp-content\/uploads\/2025\/10\/1-127.webp","datePublished":"2025-10-14T11:46:51+00:00","dateModified":"2026-04-09T08:18:42+00:00","breadcrumb":{"@id":"https:\/\/mandragorastore.pl\/product\/spodniczka-przed-kolano-gante-szary-paski\/#breadcrumb"},"inLanguage":"en-US","potentialAction":[{"@type":"ReadAction","target":["https:\/\/mandragorastore.pl\/product\/spodniczka-przed-kolano-gante-szary-paski\/"]}]},{"@type":"ImageObject","inLanguage":"en-US","@id":"https:\/\/mandragorastore.pl\/product\/spodniczka-przed-kolano-gante-szary-paski\/#primaryimage","url":"https:\/\/mandragorastore.pl\/wp-content\/uploads\/2025\/10\/1-127.webp","contentUrl":"https:\/\/mandragorastore.pl\/wp-content\/uploads\/2025\/10\/1-127.webp","width":1500,"height":2000},{"@type":"BreadcrumbList","@id":"https:\/\/mandragorastore.pl\/product\/spodniczka-przed-kolano-gante-szary-paski\/#breadcrumb","itemListElement":[{"@type":"ListItem","position":1,"name":"Strona g\u0142\u00f3wna","item":"https:\/\/mandragorastore.pl\/"},{"@type":"ListItem","position":2,"name":"Katalog","item":"https:\/\/mandragorastore.pl\/sklep\/"},{"@type":"ListItem","position":3,"name":"Sp\u00f3dniczka Gante Szary paski"}]},{"@type":"WebSite","@id":"https:\/\/mandragorastore.pl\/#website","url":"https:\/\/mandragorastore.pl\/","name":"Mandragora by Martyna - Unique Clothing Store for Women","description":"","publisher":{"@id":"https:\/\/mandragorastore.pl\/#organization"},"potentialAction":[{"@type":"SearchAction","target":{"@type":"EntryPoint","urlTemplate":"https:\/\/mandragorastore.pl\/?s={search_term_string}"},"query-input":{"@type":"PropertyValueSpecification","valueRequired":true,"valueName":"search_term_string"}}],"inLanguage":"en-US"},{"@type":"Organization","@id":"https:\/\/mandragorastore.pl\/#organization","name":"Mandragora by Martyna - Unique Clothing Store for Women","url":"https:\/\/mandragorastore.pl\/","logo":{"@type":"ImageObject","inLanguage":"en-US","@id":"https:\/\/mandragorastore.pl\/#\/schema\/logo\/image\/","url":"https:\/\/mandragorastore.pl\/wp-content\/uploads\/2025\/10\/COVER.categories.png","contentUrl":"https:\/\/mandragorastore.pl\/wp-content\/uploads\/2025\/10\/COVER.categories.png","width":800,"height":801,"caption":"Mandragora by Martyna - Wyj\u0105tkowy sklep odzie\u017cowy dla kobiet"},"image":{"@id":"https:\/\/mandragorastore.pl\/#\/schema\/logo\/image\/"},"sameAs":["https:\/\/www.facebook.com\/madragorastore\/","https:\/\/www.instagram.com\/mandragorastore.pl\/"]}]}},"_links":{"self":[{"href":"https:\/\/mandragorastore.pl\/en\/wp-json\/wp\/v2\/product\/2461","targetHints":{"allow":["GET"]}}],"collection":[{"href":"https:\/\/mandragorastore.pl\/en\/wp-json\/wp\/v2\/product"}],"about":[{"href":"https:\/\/mandragorastore.pl\/en\/wp-json\/wp\/v2\/types\/product"}],"wp:featuredmedia":[{"embeddable":true,"href":"https:\/\/mandragorastore.pl\/en\/wp-json\/wp\/v2\/media\/3218"}],"wp:attachment":[{"href":"https:\/\/mandragorastore.pl\/en\/wp-json\/wp\/v2\/media?parent=2461"}],"wp:term":[{"taxonomy":"product_brand","embeddable":true,"href":"https:\/\/mandragorastore.pl\/en\/wp-json\/wp\/v2\/product_brand?post=2461"},{"taxonomy":"product_cat","embeddable":true,"href":"https:\/\/mandragorastore.pl\/en\/wp-json\/wp\/v2\/product_cat?post=2461"},{"taxonomy":"product_tag","embeddable":true,"href":"https:\/\/mandragorastore.pl\/en\/wp-json\/wp\/v2\/product_tag?post=2461"}],"curies":[{"name":"WP","href":"https:\/\/api.w.org\/{rel}","templated":true}]}}