{"id":2469,"date":"2025-10-14T13:46:53","date_gmt":"2025-10-14T11:46:53","guid":{"rendered":"https:\/\/mandragorastore.pl\/product\/spodnie-eleganckie-biodrowki-prosta-nogawka-estra-braz\/"},"modified":"2026-04-09T10:18:43","modified_gmt":"2026-04-09T08:18:43","slug":"spodnie-eleganckie-biodrowki-prosta-nogawka-estra-braz","status":"publish","type":"product","link":"https:\/\/mandragorastore.pl\/en\/product\/spodnie-eleganckie-biodrowki-prosta-nogawka-estra-braz\/","title":{"rendered":"Estra Trousers Brown"},"content":{"rendered":"<p>The model is 173 cm tall and presents size XS\/S.<\/p>\n<table width=\"604\">\n<tbody>\n<tr>\n<td width=\"151\">&nbsp;<\/td>\n<td width=\"151\">XS\/S<\/td>\n<td width=\"151\">M\/L<\/td>\n<td width=\"151\">L\/XL<\/td>\n<\/tr>\n<tr>\n<td width=\"151\">Belt<\/td>\n<td width=\"151\">60 - 70 cm<\/td>\n<td width=\"151\">70 - 80 cm<\/td>\n<td width=\"151\">80 - 90 cm<\/td>\n<\/tr>\n<tr>\n<td width=\"151\">Hips<\/td>\n<td width=\"151\">89 - 98 cm<\/td>\n<td width=\"151\">98 - 106 cm<\/td>\n<td width=\"151\">106 - 112 cm<\/td>\n<\/tr>\n<tr>\n<td width=\"151\">Overall length<\/td>\n<td width=\"151\">107 cm<\/td>\n<td width=\"151\">108.5 cm<\/td>\n<td width=\"151\">110 cm<\/td>\n<\/tr>\n<\/tbody>\n<\/table>","protected":false},"excerpt":{"rendered":"<p>Pants with a wide, straight leg and an elevated waist, designed in the spirit of modern elegance. The cant on the legs elongates the silhouette and gives the overall look a classic touch. Made of viscose fabric, which fits perfectly and keeps its shape all day long.<\/p>\n<p>Composition: viscose 74%, polyester 23%, elastane 3%<\/p>\n<p>Sewn and designed in Poland.<\/p>","protected":false},"featured_media":2767,"template":"","meta":[],"product_brand":[],"product_cat":[143,24,155],"product_tag":[],"class_list":{"0":"post-2469","1":"product","2":"type-product","3":"status-publish","4":"has-post-thumbnail","6":"product_cat-doly","7":"product_cat-spodnie","8":"product_cat-ss-26","10":"first","11":"instock","12":"shipping-taxable","13":"purchasable","14":"product-type-variable","15":"wpzoom-wc-spi-has-enabled"},"yoast_head":"<!-- This site is optimized with the Yoast SEO plugin v27.3 - https:\/\/yoast.com\/product\/yoast-seo-wordpress\/ -->\n<title>Spodnie Estra Br\u0105z - MANDRAGORA - Designed for women. Made in Poland.<\/title>\n<meta name=\"robots\" content=\"index, follow, max-snippet:-1, max-image-preview:large, max-video-preview:-1\" \/>\n<link rel=\"canonical\" href=\"https:\/\/mandragorastore.pl\/en\/product\/spodnie-eleganckie-biodrowki-prosta-nogawka-estra-braz\/\" \/>\n<meta property=\"og:locale\" content=\"en_US\" \/>\n<meta property=\"og:type\" content=\"article\" \/>\n<meta property=\"og:title\" content=\"Spodnie Estra Br\u0105z - MANDRAGORA - Designed for women. Made in Poland.\" \/>\n<meta property=\"og:description\" content=\"Spodnie o szerokiej, prostej nogawce i podwy\u017cszonym stanie, zaprojektowane w duchu nowoczesnej elegancji. Kant na nogawkach wyd\u0142u\u017ca sylwetk\u0119 i nadaje ca\u0142o\u015bci klasycznego wyrazu. Wykonane z wiskozowego materia\u0142u, kt\u00f3ry doskonale uk\u0142ada si\u0119 w ruchu i zachowuje form\u0119 przez ca\u0142y dzie\u0144.  Sk\u0142ad: wiskoza 74%, poliester 23%, elastan 3%  Szyte i projektowane w Polsce.\" \/>\n<meta property=\"og:url\" content=\"https:\/\/mandragorastore.pl\/en\/product\/spodnie-eleganckie-biodrowki-prosta-nogawka-estra-braz\/\" \/>\n<meta property=\"og:site_name\" content=\"MANDRAGORA - Designed for women. Made in Poland.\" \/>\n<meta property=\"article:publisher\" content=\"https:\/\/www.facebook.com\/madragorastore\/\" \/>\n<meta property=\"article:modified_time\" content=\"2026-04-09T08:18:43+00:00\" \/>\n<meta property=\"og:image\" content=\"https:\/\/mandragorastore.pl\/wp-content\/uploads\/2025\/10\/1-117.webp\" \/>\n\t<meta property=\"og:image:width\" content=\"1500\" \/>\n\t<meta property=\"og:image:height\" content=\"2000\" \/>\n\t<meta property=\"og:image:type\" content=\"image\/webp\" \/>\n<meta name=\"twitter:card\" content=\"summary_large_image\" \/>\n<meta name=\"twitter:label1\" content=\"Est. reading time\" \/>\n\t<meta name=\"twitter:data1\" content=\"1 minute\" \/>\n<script type=\"application\/ld+json\" class=\"yoast-schema-graph\">{\"@context\":\"https:\\\/\\\/schema.org\",\"@graph\":[{\"@type\":\"WebPage\",\"@id\":\"https:\\\/\\\/mandragorastore.pl\\\/product\\\/spodnie-eleganckie-biodrowki-prosta-nogawka-estra-braz\\\/\",\"url\":\"https:\\\/\\\/mandragorastore.pl\\\/product\\\/spodnie-eleganckie-biodrowki-prosta-nogawka-estra-braz\\\/\",\"name\":\"Spodnie Estra Br\u0105z - MANDRAGORA - Designed for women. Made in Poland.\",\"isPartOf\":{\"@id\":\"https:\\\/\\\/mandragorastore.pl\\\/#website\"},\"primaryImageOfPage\":{\"@id\":\"https:\\\/\\\/mandragorastore.pl\\\/product\\\/spodnie-eleganckie-biodrowki-prosta-nogawka-estra-braz\\\/#primaryimage\"},\"image\":{\"@id\":\"https:\\\/\\\/mandragorastore.pl\\\/product\\\/spodnie-eleganckie-biodrowki-prosta-nogawka-estra-braz\\\/#primaryimage\"},\"thumbnailUrl\":\"https:\\\/\\\/mandragorastore.pl\\\/wp-content\\\/uploads\\\/2025\\\/10\\\/1-117.webp\",\"datePublished\":\"2025-10-14T11:46:53+00:00\",\"dateModified\":\"2026-04-09T08:18:43+00:00\",\"breadcrumb\":{\"@id\":\"https:\\\/\\\/mandragorastore.pl\\\/product\\\/spodnie-eleganckie-biodrowki-prosta-nogawka-estra-braz\\\/#breadcrumb\"},\"inLanguage\":\"en-US\",\"potentialAction\":[{\"@type\":\"ReadAction\",\"target\":[\"https:\\\/\\\/mandragorastore.pl\\\/product\\\/spodnie-eleganckie-biodrowki-prosta-nogawka-estra-braz\\\/\"]}]},{\"@type\":\"ImageObject\",\"inLanguage\":\"en-US\",\"@id\":\"https:\\\/\\\/mandragorastore.pl\\\/product\\\/spodnie-eleganckie-biodrowki-prosta-nogawka-estra-braz\\\/#primaryimage\",\"url\":\"https:\\\/\\\/mandragorastore.pl\\\/wp-content\\\/uploads\\\/2025\\\/10\\\/1-117.webp\",\"contentUrl\":\"https:\\\/\\\/mandragorastore.pl\\\/wp-content\\\/uploads\\\/2025\\\/10\\\/1-117.webp\",\"width\":1500,\"height\":2000},{\"@type\":\"BreadcrumbList\",\"@id\":\"https:\\\/\\\/mandragorastore.pl\\\/product\\\/spodnie-eleganckie-biodrowki-prosta-nogawka-estra-braz\\\/#breadcrumb\",\"itemListElement\":[{\"@type\":\"ListItem\",\"position\":1,\"name\":\"Strona g\u0142\u00f3wna\",\"item\":\"https:\\\/\\\/mandragorastore.pl\\\/\"},{\"@type\":\"ListItem\",\"position\":2,\"name\":\"Katalog\",\"item\":\"https:\\\/\\\/mandragorastore.pl\\\/sklep\\\/\"},{\"@type\":\"ListItem\",\"position\":3,\"name\":\"Spodnie Estra Br\u0105z\"}]},{\"@type\":\"WebSite\",\"@id\":\"https:\\\/\\\/mandragorastore.pl\\\/#website\",\"url\":\"https:\\\/\\\/mandragorastore.pl\\\/\",\"name\":\"Mandragora by Martyna - Wyj\u0105tkowy sklep odzie\u017cowy dla kobiet\",\"description\":\"\",\"publisher\":{\"@id\":\"https:\\\/\\\/mandragorastore.pl\\\/#organization\"},\"potentialAction\":[{\"@type\":\"SearchAction\",\"target\":{\"@type\":\"EntryPoint\",\"urlTemplate\":\"https:\\\/\\\/mandragorastore.pl\\\/?s={search_term_string}\"},\"query-input\":{\"@type\":\"PropertyValueSpecification\",\"valueRequired\":true,\"valueName\":\"search_term_string\"}}],\"inLanguage\":\"en-US\"},{\"@type\":\"Organization\",\"@id\":\"https:\\\/\\\/mandragorastore.pl\\\/#organization\",\"name\":\"Mandragora by Martyna - Wyj\u0105tkowy sklep odzie\u017cowy dla kobiet\",\"url\":\"https:\\\/\\\/mandragorastore.pl\\\/\",\"logo\":{\"@type\":\"ImageObject\",\"inLanguage\":\"en-US\",\"@id\":\"https:\\\/\\\/mandragorastore.pl\\\/#\\\/schema\\\/logo\\\/image\\\/\",\"url\":\"https:\\\/\\\/mandragorastore.pl\\\/wp-content\\\/uploads\\\/2025\\\/10\\\/COVER.categories.png\",\"contentUrl\":\"https:\\\/\\\/mandragorastore.pl\\\/wp-content\\\/uploads\\\/2025\\\/10\\\/COVER.categories.png\",\"width\":800,\"height\":801,\"caption\":\"Mandragora by Martyna - Wyj\u0105tkowy sklep odzie\u017cowy dla kobiet\"},\"image\":{\"@id\":\"https:\\\/\\\/mandragorastore.pl\\\/#\\\/schema\\\/logo\\\/image\\\/\"},\"sameAs\":[\"https:\\\/\\\/www.facebook.com\\\/madragorastore\\\/\",\"https:\\\/\\\/www.instagram.com\\\/mandragorastore.pl\\\/\"]}]}<\/script>\n<!-- \/ Yoast SEO plugin. -->","yoast_head_json":{"title":"Spodnie Estra Br\u0105z - MANDRAGORA - Designed for women. Made in Poland.","robots":{"index":"index","follow":"follow","max-snippet":"max-snippet:-1","max-image-preview":"max-image-preview:large","max-video-preview":"max-video-preview:-1"},"canonical":"https:\/\/mandragorastore.pl\/en\/product\/spodnie-eleganckie-biodrowki-prosta-nogawka-estra-braz\/","og_locale":"en_US","og_type":"article","og_title":"Spodnie Estra Br\u0105z - MANDRAGORA - Designed for women. Made in Poland.","og_description":"Spodnie o szerokiej, prostej nogawce i podwy\u017cszonym stanie, zaprojektowane w duchu nowoczesnej elegancji. Kant na nogawkach wyd\u0142u\u017ca sylwetk\u0119 i nadaje ca\u0142o\u015bci klasycznego wyrazu. Wykonane z wiskozowego materia\u0142u, kt\u00f3ry doskonale uk\u0142ada si\u0119 w ruchu i zachowuje form\u0119 przez ca\u0142y dzie\u0144.  Sk\u0142ad: wiskoza 74%, poliester 23%, elastan 3%  Szyte i projektowane w Polsce.","og_url":"https:\/\/mandragorastore.pl\/en\/product\/spodnie-eleganckie-biodrowki-prosta-nogawka-estra-braz\/","og_site_name":"MANDRAGORA - Designed for women. Made in Poland.","article_publisher":"https:\/\/www.facebook.com\/madragorastore\/","article_modified_time":"2026-04-09T08:18:43+00:00","og_image":[{"width":1500,"height":2000,"url":"https:\/\/mandragorastore.pl\/wp-content\/uploads\/2025\/10\/1-117.webp","type":"image\/webp"}],"twitter_card":"summary_large_image","twitter_misc":{"Est. reading time":"1 minute"},"schema":{"@context":"https:\/\/schema.org","@graph":[{"@type":"WebPage","@id":"https:\/\/mandragorastore.pl\/product\/spodnie-eleganckie-biodrowki-prosta-nogawka-estra-braz\/","url":"https:\/\/mandragorastore.pl\/product\/spodnie-eleganckie-biodrowki-prosta-nogawka-estra-braz\/","name":"Spodnie Estra Br\u0105z - MANDRAGORA - Designed for women. Made in Poland.","isPartOf":{"@id":"https:\/\/mandragorastore.pl\/#website"},"primaryImageOfPage":{"@id":"https:\/\/mandragorastore.pl\/product\/spodnie-eleganckie-biodrowki-prosta-nogawka-estra-braz\/#primaryimage"},"image":{"@id":"https:\/\/mandragorastore.pl\/product\/spodnie-eleganckie-biodrowki-prosta-nogawka-estra-braz\/#primaryimage"},"thumbnailUrl":"https:\/\/mandragorastore.pl\/wp-content\/uploads\/2025\/10\/1-117.webp","datePublished":"2025-10-14T11:46:53+00:00","dateModified":"2026-04-09T08:18:43+00:00","breadcrumb":{"@id":"https:\/\/mandragorastore.pl\/product\/spodnie-eleganckie-biodrowki-prosta-nogawka-estra-braz\/#breadcrumb"},"inLanguage":"en-US","potentialAction":[{"@type":"ReadAction","target":["https:\/\/mandragorastore.pl\/product\/spodnie-eleganckie-biodrowki-prosta-nogawka-estra-braz\/"]}]},{"@type":"ImageObject","inLanguage":"en-US","@id":"https:\/\/mandragorastore.pl\/product\/spodnie-eleganckie-biodrowki-prosta-nogawka-estra-braz\/#primaryimage","url":"https:\/\/mandragorastore.pl\/wp-content\/uploads\/2025\/10\/1-117.webp","contentUrl":"https:\/\/mandragorastore.pl\/wp-content\/uploads\/2025\/10\/1-117.webp","width":1500,"height":2000},{"@type":"BreadcrumbList","@id":"https:\/\/mandragorastore.pl\/product\/spodnie-eleganckie-biodrowki-prosta-nogawka-estra-braz\/#breadcrumb","itemListElement":[{"@type":"ListItem","position":1,"name":"Strona g\u0142\u00f3wna","item":"https:\/\/mandragorastore.pl\/"},{"@type":"ListItem","position":2,"name":"Katalog","item":"https:\/\/mandragorastore.pl\/sklep\/"},{"@type":"ListItem","position":3,"name":"Spodnie Estra Br\u0105z"}]},{"@type":"WebSite","@id":"https:\/\/mandragorastore.pl\/#website","url":"https:\/\/mandragorastore.pl\/","name":"Mandragora by Martyna - Unique Clothing Store for Women","description":"","publisher":{"@id":"https:\/\/mandragorastore.pl\/#organization"},"potentialAction":[{"@type":"SearchAction","target":{"@type":"EntryPoint","urlTemplate":"https:\/\/mandragorastore.pl\/?s={search_term_string}"},"query-input":{"@type":"PropertyValueSpecification","valueRequired":true,"valueName":"search_term_string"}}],"inLanguage":"en-US"},{"@type":"Organization","@id":"https:\/\/mandragorastore.pl\/#organization","name":"Mandragora by Martyna - Unique Clothing Store for Women","url":"https:\/\/mandragorastore.pl\/","logo":{"@type":"ImageObject","inLanguage":"en-US","@id":"https:\/\/mandragorastore.pl\/#\/schema\/logo\/image\/","url":"https:\/\/mandragorastore.pl\/wp-content\/uploads\/2025\/10\/COVER.categories.png","contentUrl":"https:\/\/mandragorastore.pl\/wp-content\/uploads\/2025\/10\/COVER.categories.png","width":800,"height":801,"caption":"Mandragora by Martyna - Wyj\u0105tkowy sklep odzie\u017cowy dla kobiet"},"image":{"@id":"https:\/\/mandragorastore.pl\/#\/schema\/logo\/image\/"},"sameAs":["https:\/\/www.facebook.com\/madragorastore\/","https:\/\/www.instagram.com\/mandragorastore.pl\/"]}]}},"_links":{"self":[{"href":"https:\/\/mandragorastore.pl\/en\/wp-json\/wp\/v2\/product\/2469","targetHints":{"allow":["GET"]}}],"collection":[{"href":"https:\/\/mandragorastore.pl\/en\/wp-json\/wp\/v2\/product"}],"about":[{"href":"https:\/\/mandragorastore.pl\/en\/wp-json\/wp\/v2\/types\/product"}],"wp:featuredmedia":[{"embeddable":true,"href":"https:\/\/mandragorastore.pl\/en\/wp-json\/wp\/v2\/media\/2767"}],"wp:attachment":[{"href":"https:\/\/mandragorastore.pl\/en\/wp-json\/wp\/v2\/media?parent=2469"}],"wp:term":[{"taxonomy":"product_brand","embeddable":true,"href":"https:\/\/mandragorastore.pl\/en\/wp-json\/wp\/v2\/product_brand?post=2469"},{"taxonomy":"product_cat","embeddable":true,"href":"https:\/\/mandragorastore.pl\/en\/wp-json\/wp\/v2\/product_cat?post=2469"},{"taxonomy":"product_tag","embeddable":true,"href":"https:\/\/mandragorastore.pl\/en\/wp-json\/wp\/v2\/product_tag?post=2469"}],"curies":[{"name":"WP","href":"https:\/\/api.w.org\/{rel}","templated":true}]}}