{"id":3890,"date":"2025-12-03T08:56:09","date_gmt":"2025-12-03T07:56:09","guid":{"rendered":"https:\/\/mandragorastore.pl\/?post_type=product&#038;p=3890"},"modified":"2026-04-09T10:18:44","modified_gmt":"2026-04-09T08:18:44","slug":"torba-skorzana-braz-ande","status":"publish","type":"product","link":"https:\/\/mandragorastore.pl\/en\/product\/torba-skorzana-braz-ande\/","title":{"rendered":"Ande Leather Bag Brown"},"content":{"rendered":"<table>\n<tbody>\n<tr>\n<td>Bag depth<\/td>\n<td>18 cm<\/td>\n<\/tr>\n<tr>\n<td>Bag height<\/td>\n<td>30 cm<\/td>\n<\/tr>\n<tr>\n<td>Folded bag length<\/td>\n<td>Top 34 cm \/ Bottom 46 cm<\/td>\n<\/tr>\n<tr>\n<td>Length of bag when unfolded<\/td>\n<td>Top 62 cm \/ Bottom 46 cm<\/td>\n<\/tr>\n<tr>\n<td>Length of Handles<\/td>\n<td>75 cm<\/td>\n<\/tr>\n<\/tbody>\n<\/table>\n<p>&nbsp;<\/p>","protected":false},"excerpt":{"rendered":"<p><span data-sheets-root=\"1\">The Ande handbag is a classic model made of natural leather with a subtly aged texture, which becomes even more refined with time. The trapezoidal form and elongated handles create a modern, elegant shape, which can be easily changed thanks to the internal snap hooks - they allow to transform the handbag into a roomier, oversized version. This makes the model perfect for both work and everyday, more casual outfits. Metal details and a leather pendant with the Mandragora logo add a sophisticated finishing touch. Ande is a timeless accessory that will complement any closet and stay with you for many seasons. <\/span><\/p>\n<p><span data-sheets-root=\"1\">Sewn and designed in Poland. <\/span><\/p>\n<p>Composition: 100% leather<\/p>","protected":false},"featured_media":3892,"template":"","meta":[],"product_brand":[],"product_cat":[49,155,152],"product_tag":[],"class_list":{"0":"post-3890","1":"product","2":"type-product","3":"status-publish","4":"has-post-thumbnail","6":"product_cat-akcesoria","7":"product_cat-ss-26","8":"product_cat-torby","10":"first","11":"instock","12":"shipping-taxable","13":"purchasable","14":"product-type-variable","15":"has-default-attributes","16":"wpzoom-wc-spi-has-enabled"},"yoast_head":"<!-- This site is optimized with the Yoast SEO plugin v27.3 - https:\/\/yoast.com\/product\/yoast-seo-wordpress\/ -->\n<title>Torba sk\u00f3rzana Ande Br\u0105z - MANDRAGORA - Designed for women. Made in Poland.<\/title>\n<meta name=\"robots\" content=\"index, follow, max-snippet:-1, max-image-preview:large, max-video-preview:-1\" \/>\n<link rel=\"canonical\" href=\"https:\/\/mandragorastore.pl\/en\/product\/torba-skorzana-braz-ande\/\" \/>\n<meta property=\"og:locale\" content=\"en_US\" \/>\n<meta property=\"og:type\" content=\"article\" \/>\n<meta property=\"og:title\" content=\"Torba sk\u00f3rzana Ande Br\u0105z - MANDRAGORA - Designed for women. Made in Poland.\" \/>\n<meta property=\"og:description\" content=\"Torebka Ande to klasyczny model wykonany z naturalnej sk\u00f3ry o subtelnie postarzonej fakturze, kt\u00f3ra z czasem nabiera jeszcze bardziej szlachetnego charakteru. Trapezowa forma i wyd\u0142u\u017cone r\u0105czki tworz\u0105 nowoczesny, elegancki kszta\u0142t, kt\u00f3ry mo\u017cna \u0142atwo zmieni\u0107 dzi\u0119ki wewn\u0119trznym karabi\u0144czykom \u2014 pozwalaj\u0105 przekszta\u0142ci\u0107 torebk\u0119 w pojemniejsz\u0105, oversizow\u0105 wersj\u0119. Dzi\u0119ki temu model doskonale sprawdza si\u0119 zar\u00f3wno w pracy, jak i w codziennych, swobodniejszych zestawach. Metalowe detale i sk\u00f3rzana zawieszka z logo Mandragora dodaj\u0105 ca\u0142o\u015bci wyrafinowanego wyko\u0144czenia. Ande to ponadczasowy dodatek, kt\u00f3ry uzupe\u0142ni ka\u017cd\u0105 garderob\u0119 i pozostanie z Tob\u0105 na wiele sezon\u00f3w.   Szyte i projektowane w Polsce.   Sk\u0142ad: 100% sk\u00f3ra\" \/>\n<meta property=\"og:url\" content=\"https:\/\/mandragorastore.pl\/en\/product\/torba-skorzana-braz-ande\/\" \/>\n<meta property=\"og:site_name\" content=\"MANDRAGORA - Designed for women. Made in Poland.\" \/>\n<meta property=\"article:publisher\" content=\"https:\/\/www.facebook.com\/madragorastore\/\" \/>\n<meta property=\"article:modified_time\" content=\"2026-04-09T08:18:44+00:00\" \/>\n<meta property=\"og:image\" content=\"https:\/\/mandragorastore.pl\/wp-content\/uploads\/2025\/12\/Torebka-Ande-1.webp\" \/>\n\t<meta property=\"og:image:width\" content=\"1500\" \/>\n\t<meta property=\"og:image:height\" content=\"2000\" \/>\n\t<meta property=\"og:image:type\" content=\"image\/webp\" \/>\n<meta name=\"twitter:card\" content=\"summary_large_image\" \/>\n<meta name=\"twitter:label1\" content=\"Est. reading time\" \/>\n\t<meta name=\"twitter:data1\" content=\"1 minute\" \/>\n<script type=\"application\/ld+json\" class=\"yoast-schema-graph\">{\"@context\":\"https:\\\/\\\/schema.org\",\"@graph\":[{\"@type\":\"WebPage\",\"@id\":\"https:\\\/\\\/mandragorastore.pl\\\/product\\\/torba-skorzana-braz-ande\\\/\",\"url\":\"https:\\\/\\\/mandragorastore.pl\\\/product\\\/torba-skorzana-braz-ande\\\/\",\"name\":\"Torba sk\u00f3rzana Ande Br\u0105z - MANDRAGORA - Designed for women. Made in Poland.\",\"isPartOf\":{\"@id\":\"https:\\\/\\\/mandragorastore.pl\\\/#website\"},\"primaryImageOfPage\":{\"@id\":\"https:\\\/\\\/mandragorastore.pl\\\/product\\\/torba-skorzana-braz-ande\\\/#primaryimage\"},\"image\":{\"@id\":\"https:\\\/\\\/mandragorastore.pl\\\/product\\\/torba-skorzana-braz-ande\\\/#primaryimage\"},\"thumbnailUrl\":\"https:\\\/\\\/mandragorastore.pl\\\/wp-content\\\/uploads\\\/2025\\\/12\\\/Torebka-Ande-1.webp\",\"datePublished\":\"2025-12-03T07:56:09+00:00\",\"dateModified\":\"2026-04-09T08:18:44+00:00\",\"breadcrumb\":{\"@id\":\"https:\\\/\\\/mandragorastore.pl\\\/product\\\/torba-skorzana-braz-ande\\\/#breadcrumb\"},\"inLanguage\":\"en-US\",\"potentialAction\":[{\"@type\":\"ReadAction\",\"target\":[\"https:\\\/\\\/mandragorastore.pl\\\/product\\\/torba-skorzana-braz-ande\\\/\"]}]},{\"@type\":\"ImageObject\",\"inLanguage\":\"en-US\",\"@id\":\"https:\\\/\\\/mandragorastore.pl\\\/product\\\/torba-skorzana-braz-ande\\\/#primaryimage\",\"url\":\"https:\\\/\\\/mandragorastore.pl\\\/wp-content\\\/uploads\\\/2025\\\/12\\\/Torebka-Ande-1.webp\",\"contentUrl\":\"https:\\\/\\\/mandragorastore.pl\\\/wp-content\\\/uploads\\\/2025\\\/12\\\/Torebka-Ande-1.webp\",\"width\":1500,\"height\":2000},{\"@type\":\"BreadcrumbList\",\"@id\":\"https:\\\/\\\/mandragorastore.pl\\\/product\\\/torba-skorzana-braz-ande\\\/#breadcrumb\",\"itemListElement\":[{\"@type\":\"ListItem\",\"position\":1,\"name\":\"Strona g\u0142\u00f3wna\",\"item\":\"https:\\\/\\\/mandragorastore.pl\\\/\"},{\"@type\":\"ListItem\",\"position\":2,\"name\":\"Katalog\",\"item\":\"https:\\\/\\\/mandragorastore.pl\\\/sklep\\\/\"},{\"@type\":\"ListItem\",\"position\":3,\"name\":\"Torba sk\u00f3rzana Ande Br\u0105z\"}]},{\"@type\":\"WebSite\",\"@id\":\"https:\\\/\\\/mandragorastore.pl\\\/#website\",\"url\":\"https:\\\/\\\/mandragorastore.pl\\\/\",\"name\":\"Mandragora by Martyna - Wyj\u0105tkowy sklep odzie\u017cowy dla kobiet\",\"description\":\"\",\"publisher\":{\"@id\":\"https:\\\/\\\/mandragorastore.pl\\\/#organization\"},\"potentialAction\":[{\"@type\":\"SearchAction\",\"target\":{\"@type\":\"EntryPoint\",\"urlTemplate\":\"https:\\\/\\\/mandragorastore.pl\\\/?s={search_term_string}\"},\"query-input\":{\"@type\":\"PropertyValueSpecification\",\"valueRequired\":true,\"valueName\":\"search_term_string\"}}],\"inLanguage\":\"en-US\"},{\"@type\":\"Organization\",\"@id\":\"https:\\\/\\\/mandragorastore.pl\\\/#organization\",\"name\":\"Mandragora by Martyna - Wyj\u0105tkowy sklep odzie\u017cowy dla kobiet\",\"url\":\"https:\\\/\\\/mandragorastore.pl\\\/\",\"logo\":{\"@type\":\"ImageObject\",\"inLanguage\":\"en-US\",\"@id\":\"https:\\\/\\\/mandragorastore.pl\\\/#\\\/schema\\\/logo\\\/image\\\/\",\"url\":\"https:\\\/\\\/mandragorastore.pl\\\/wp-content\\\/uploads\\\/2025\\\/10\\\/COVER.categories.png\",\"contentUrl\":\"https:\\\/\\\/mandragorastore.pl\\\/wp-content\\\/uploads\\\/2025\\\/10\\\/COVER.categories.png\",\"width\":800,\"height\":801,\"caption\":\"Mandragora by Martyna - Wyj\u0105tkowy sklep odzie\u017cowy dla kobiet\"},\"image\":{\"@id\":\"https:\\\/\\\/mandragorastore.pl\\\/#\\\/schema\\\/logo\\\/image\\\/\"},\"sameAs\":[\"https:\\\/\\\/www.facebook.com\\\/madragorastore\\\/\",\"https:\\\/\\\/www.instagram.com\\\/mandragorastore.pl\\\/\"]}]}<\/script>\n<!-- \/ Yoast SEO plugin. -->","yoast_head_json":{"title":"Torba sk\u00f3rzana Ande Br\u0105z - MANDRAGORA - Designed for women. Made in Poland.","robots":{"index":"index","follow":"follow","max-snippet":"max-snippet:-1","max-image-preview":"max-image-preview:large","max-video-preview":"max-video-preview:-1"},"canonical":"https:\/\/mandragorastore.pl\/en\/product\/torba-skorzana-braz-ande\/","og_locale":"en_US","og_type":"article","og_title":"Torba sk\u00f3rzana Ande Br\u0105z - MANDRAGORA - Designed for women. Made in Poland.","og_description":"Torebka Ande to klasyczny model wykonany z naturalnej sk\u00f3ry o subtelnie postarzonej fakturze, kt\u00f3ra z czasem nabiera jeszcze bardziej szlachetnego charakteru. Trapezowa forma i wyd\u0142u\u017cone r\u0105czki tworz\u0105 nowoczesny, elegancki kszta\u0142t, kt\u00f3ry mo\u017cna \u0142atwo zmieni\u0107 dzi\u0119ki wewn\u0119trznym karabi\u0144czykom \u2014 pozwalaj\u0105 przekszta\u0142ci\u0107 torebk\u0119 w pojemniejsz\u0105, oversizow\u0105 wersj\u0119. Dzi\u0119ki temu model doskonale sprawdza si\u0119 zar\u00f3wno w pracy, jak i w codziennych, swobodniejszych zestawach. Metalowe detale i sk\u00f3rzana zawieszka z logo Mandragora dodaj\u0105 ca\u0142o\u015bci wyrafinowanego wyko\u0144czenia. Ande to ponadczasowy dodatek, kt\u00f3ry uzupe\u0142ni ka\u017cd\u0105 garderob\u0119 i pozostanie z Tob\u0105 na wiele sezon\u00f3w.   Szyte i projektowane w Polsce.   Sk\u0142ad: 100% sk\u00f3ra","og_url":"https:\/\/mandragorastore.pl\/en\/product\/torba-skorzana-braz-ande\/","og_site_name":"MANDRAGORA - Designed for women. Made in Poland.","article_publisher":"https:\/\/www.facebook.com\/madragorastore\/","article_modified_time":"2026-04-09T08:18:44+00:00","og_image":[{"width":1500,"height":2000,"url":"https:\/\/mandragorastore.pl\/wp-content\/uploads\/2025\/12\/Torebka-Ande-1.webp","type":"image\/webp"}],"twitter_card":"summary_large_image","twitter_misc":{"Est. reading time":"1 minute"},"schema":{"@context":"https:\/\/schema.org","@graph":[{"@type":"WebPage","@id":"https:\/\/mandragorastore.pl\/product\/torba-skorzana-braz-ande\/","url":"https:\/\/mandragorastore.pl\/product\/torba-skorzana-braz-ande\/","name":"Torba sk\u00f3rzana Ande Br\u0105z - MANDRAGORA - Designed for women. Made in Poland.","isPartOf":{"@id":"https:\/\/mandragorastore.pl\/#website"},"primaryImageOfPage":{"@id":"https:\/\/mandragorastore.pl\/product\/torba-skorzana-braz-ande\/#primaryimage"},"image":{"@id":"https:\/\/mandragorastore.pl\/product\/torba-skorzana-braz-ande\/#primaryimage"},"thumbnailUrl":"https:\/\/mandragorastore.pl\/wp-content\/uploads\/2025\/12\/Torebka-Ande-1.webp","datePublished":"2025-12-03T07:56:09+00:00","dateModified":"2026-04-09T08:18:44+00:00","breadcrumb":{"@id":"https:\/\/mandragorastore.pl\/product\/torba-skorzana-braz-ande\/#breadcrumb"},"inLanguage":"en-US","potentialAction":[{"@type":"ReadAction","target":["https:\/\/mandragorastore.pl\/product\/torba-skorzana-braz-ande\/"]}]},{"@type":"ImageObject","inLanguage":"en-US","@id":"https:\/\/mandragorastore.pl\/product\/torba-skorzana-braz-ande\/#primaryimage","url":"https:\/\/mandragorastore.pl\/wp-content\/uploads\/2025\/12\/Torebka-Ande-1.webp","contentUrl":"https:\/\/mandragorastore.pl\/wp-content\/uploads\/2025\/12\/Torebka-Ande-1.webp","width":1500,"height":2000},{"@type":"BreadcrumbList","@id":"https:\/\/mandragorastore.pl\/product\/torba-skorzana-braz-ande\/#breadcrumb","itemListElement":[{"@type":"ListItem","position":1,"name":"Strona g\u0142\u00f3wna","item":"https:\/\/mandragorastore.pl\/"},{"@type":"ListItem","position":2,"name":"Katalog","item":"https:\/\/mandragorastore.pl\/sklep\/"},{"@type":"ListItem","position":3,"name":"Torba sk\u00f3rzana Ande Br\u0105z"}]},{"@type":"WebSite","@id":"https:\/\/mandragorastore.pl\/#website","url":"https:\/\/mandragorastore.pl\/","name":"Mandragora by Martyna - Unique Clothing Store for Women","description":"","publisher":{"@id":"https:\/\/mandragorastore.pl\/#organization"},"potentialAction":[{"@type":"SearchAction","target":{"@type":"EntryPoint","urlTemplate":"https:\/\/mandragorastore.pl\/?s={search_term_string}"},"query-input":{"@type":"PropertyValueSpecification","valueRequired":true,"valueName":"search_term_string"}}],"inLanguage":"en-US"},{"@type":"Organization","@id":"https:\/\/mandragorastore.pl\/#organization","name":"Mandragora by Martyna - Unique Clothing Store for Women","url":"https:\/\/mandragorastore.pl\/","logo":{"@type":"ImageObject","inLanguage":"en-US","@id":"https:\/\/mandragorastore.pl\/#\/schema\/logo\/image\/","url":"https:\/\/mandragorastore.pl\/wp-content\/uploads\/2025\/10\/COVER.categories.png","contentUrl":"https:\/\/mandragorastore.pl\/wp-content\/uploads\/2025\/10\/COVER.categories.png","width":800,"height":801,"caption":"Mandragora by Martyna - Wyj\u0105tkowy sklep odzie\u017cowy dla kobiet"},"image":{"@id":"https:\/\/mandragorastore.pl\/#\/schema\/logo\/image\/"},"sameAs":["https:\/\/www.facebook.com\/madragorastore\/","https:\/\/www.instagram.com\/mandragorastore.pl\/"]}]}},"_links":{"self":[{"href":"https:\/\/mandragorastore.pl\/en\/wp-json\/wp\/v2\/product\/3890","targetHints":{"allow":["GET"]}}],"collection":[{"href":"https:\/\/mandragorastore.pl\/en\/wp-json\/wp\/v2\/product"}],"about":[{"href":"https:\/\/mandragorastore.pl\/en\/wp-json\/wp\/v2\/types\/product"}],"wp:featuredmedia":[{"embeddable":true,"href":"https:\/\/mandragorastore.pl\/en\/wp-json\/wp\/v2\/media\/3892"}],"wp:attachment":[{"href":"https:\/\/mandragorastore.pl\/en\/wp-json\/wp\/v2\/media?parent=3890"}],"wp:term":[{"taxonomy":"product_brand","embeddable":true,"href":"https:\/\/mandragorastore.pl\/en\/wp-json\/wp\/v2\/product_brand?post=3890"},{"taxonomy":"product_cat","embeddable":true,"href":"https:\/\/mandragorastore.pl\/en\/wp-json\/wp\/v2\/product_cat?post=3890"},{"taxonomy":"product_tag","embeddable":true,"href":"https:\/\/mandragorastore.pl\/en\/wp-json\/wp\/v2\/product_tag?post=3890"}],"curies":[{"name":"WP","href":"https:\/\/api.w.org\/{rel}","templated":true}]}}