{"id":3896,"date":"2025-12-03T09:00:16","date_gmt":"2025-12-03T08:00:16","guid":{"rendered":"https:\/\/mandragorastore.pl\/?post_type=product&#038;p=3896"},"modified":"2026-04-08T12:09:30","modified_gmt":"2026-04-08T10:09:30","slug":"sweter-roye-szary","status":"publish","type":"product","link":"https:\/\/mandragorastore.pl\/en\/product\/sweter-roye-szary\/","title":{"rendered":"Sweater Roye Gray"},"content":{"rendered":"<p><span data-sheets-root=\"1\">The model is 173 cm tall and presents ONESIZE size.<\/span><\/p>\n<table>\n<tbody>\n<tr>\n<td><\/td>\n<td>ONE SIZE<\/td>\n<\/tr>\n<tr>\n<td>Sleeve<\/td>\n<td>55 cm<\/td>\n<\/tr>\n<tr>\n<td>Bust<\/td>\n<td>80 - 115 cm<\/td>\n<\/tr>\n<tr>\n<td>Overall length<\/td>\n<td>55 cm<\/td>\n<\/tr>\n<\/tbody>\n<\/table>\n<p>&nbsp;<\/p>\n<p>&nbsp;<\/p>","protected":false},"excerpt":{"rendered":"<p><span data-sheets-root=\"1\">The Roye sweater is a soft, enveloping model made from a blend of alpaca and merino wool, known for its exceptional lightness, warmth and breathability. The thicker weave gives it a crisp texture, while the roomy hood increases functionality on colder days. The classic cut with buttons and a sloping shoulder line makes the sweater fit perfectly on the figure and goes well with both jeans and smart pants. It is an ideal choice for those who appreciate natural fibers and comfort without compromise. <\/span><\/p>\n<p><span data-sheets-root=\"1\">Sewn and designed in Poland.\u00a0<\/span><\/p>\n<p>Composition: <span data-sheets-root=\"1\">68% baby alpaca, 12% merino wool, 20% polymide<\/span><\/p>","protected":false},"featured_media":3898,"template":"","meta":[],"product_brand":[],"product_cat":[142,84],"product_tag":[],"class_list":{"0":"post-3896","1":"product","2":"type-product","3":"status-publish","4":"has-post-thumbnail","6":"product_cat-gory","7":"product_cat-swetry","9":"first","10":"instock","11":"sale","12":"shipping-taxable","13":"purchasable","14":"product-type-variable","15":"has-default-attributes","16":"wpzoom-wc-spi-has-enabled"},"yoast_head":"<!-- This site is optimized with the Yoast SEO plugin v27.3 - https:\/\/yoast.com\/product\/yoast-seo-wordpress\/ -->\n<title>Sweter Roye Szary - MANDRAGORA - Designed for women. Made in Poland.<\/title>\n<meta name=\"robots\" content=\"index, follow, max-snippet:-1, max-image-preview:large, max-video-preview:-1\" \/>\n<link rel=\"canonical\" href=\"https:\/\/mandragorastore.pl\/en\/product\/sweter-roye-szary\/\" \/>\n<meta property=\"og:locale\" content=\"en_US\" \/>\n<meta property=\"og:type\" content=\"article\" \/>\n<meta property=\"og:title\" content=\"Sweter Roye Szary - MANDRAGORA - Designed for women. Made in Poland.\" \/>\n<meta property=\"og:description\" content=\"Sweterek Roye to mi\u0119kki, otulaj\u0105cy model z mieszanki we\u0142ny alpaki i merino, znany z wyj\u0105tkowej lekko\u015bci, ciep\u0142a i oddychalno\u015bci. Grubszy splot nadaje mu wyrazist\u0105 struktur\u0119, a obszerny kaptur zwi\u0119ksza funkcjonalno\u015b\u0107 podczas ch\u0142odniejszych dni. Klasyczny kr\u00f3j z guzikami i opadaj\u0105c\u0105 lini\u0105 ramion sprawia, \u017ce sweter \u015bwietnie uk\u0142ada si\u0119 na sylwetce i pasuje zar\u00f3wno do jeans\u00f3w, jak i eleganckich spodni. To idealna propozycja dla os\u00f3b, kt\u00f3re ceni\u0105 naturalne w\u0142\u00f3kna i komfort bez kompromis\u00f3w.   \u2028Szyte i projektowane w Polsce.\u00a0  Sk\u0142ad: 68% baby alpaka, 12% we\u0142na merino, 20% polimid\" \/>\n<meta property=\"og:url\" content=\"https:\/\/mandragorastore.pl\/en\/product\/sweter-roye-szary\/\" \/>\n<meta property=\"og:site_name\" content=\"MANDRAGORA - Designed for women. Made in Poland.\" \/>\n<meta property=\"article:publisher\" content=\"https:\/\/www.facebook.com\/madragorastore\/\" \/>\n<meta property=\"article:modified_time\" content=\"2026-04-08T10:09:30+00:00\" \/>\n<meta property=\"og:image\" content=\"https:\/\/mandragorastore.pl\/wp-content\/uploads\/2025\/12\/Sweterek-Roye-1-.webp\" \/>\n\t<meta property=\"og:image:width\" content=\"1500\" \/>\n\t<meta property=\"og:image:height\" content=\"2000\" \/>\n\t<meta property=\"og:image:type\" content=\"image\/webp\" \/>\n<meta name=\"twitter:card\" content=\"summary_large_image\" \/>\n<meta name=\"twitter:label1\" content=\"Est. reading time\" \/>\n\t<meta name=\"twitter:data1\" content=\"1 minute\" \/>\n<script type=\"application\/ld+json\" class=\"yoast-schema-graph\">{\"@context\":\"https:\\\/\\\/schema.org\",\"@graph\":[{\"@type\":\"WebPage\",\"@id\":\"https:\\\/\\\/mandragorastore.pl\\\/product\\\/sweter-roye-szary\\\/\",\"url\":\"https:\\\/\\\/mandragorastore.pl\\\/product\\\/sweter-roye-szary\\\/\",\"name\":\"Sweter Roye Szary - MANDRAGORA - Designed for women. Made in Poland.\",\"isPartOf\":{\"@id\":\"https:\\\/\\\/mandragorastore.pl\\\/#website\"},\"primaryImageOfPage\":{\"@id\":\"https:\\\/\\\/mandragorastore.pl\\\/product\\\/sweter-roye-szary\\\/#primaryimage\"},\"image\":{\"@id\":\"https:\\\/\\\/mandragorastore.pl\\\/product\\\/sweter-roye-szary\\\/#primaryimage\"},\"thumbnailUrl\":\"https:\\\/\\\/mandragorastore.pl\\\/wp-content\\\/uploads\\\/2025\\\/12\\\/Sweterek-Roye-1-.webp\",\"datePublished\":\"2025-12-03T08:00:16+00:00\",\"dateModified\":\"2026-04-08T10:09:30+00:00\",\"breadcrumb\":{\"@id\":\"https:\\\/\\\/mandragorastore.pl\\\/product\\\/sweter-roye-szary\\\/#breadcrumb\"},\"inLanguage\":\"en-US\",\"potentialAction\":[{\"@type\":\"ReadAction\",\"target\":[\"https:\\\/\\\/mandragorastore.pl\\\/product\\\/sweter-roye-szary\\\/\"]}]},{\"@type\":\"ImageObject\",\"inLanguage\":\"en-US\",\"@id\":\"https:\\\/\\\/mandragorastore.pl\\\/product\\\/sweter-roye-szary\\\/#primaryimage\",\"url\":\"https:\\\/\\\/mandragorastore.pl\\\/wp-content\\\/uploads\\\/2025\\\/12\\\/Sweterek-Roye-1-.webp\",\"contentUrl\":\"https:\\\/\\\/mandragorastore.pl\\\/wp-content\\\/uploads\\\/2025\\\/12\\\/Sweterek-Roye-1-.webp\",\"width\":1500,\"height\":2000},{\"@type\":\"BreadcrumbList\",\"@id\":\"https:\\\/\\\/mandragorastore.pl\\\/product\\\/sweter-roye-szary\\\/#breadcrumb\",\"itemListElement\":[{\"@type\":\"ListItem\",\"position\":1,\"name\":\"Strona g\u0142\u00f3wna\",\"item\":\"https:\\\/\\\/mandragorastore.pl\\\/\"},{\"@type\":\"ListItem\",\"position\":2,\"name\":\"Katalog\",\"item\":\"https:\\\/\\\/mandragorastore.pl\\\/sklep\\\/\"},{\"@type\":\"ListItem\",\"position\":3,\"name\":\"Sweter Roye Szary\"}]},{\"@type\":\"WebSite\",\"@id\":\"https:\\\/\\\/mandragorastore.pl\\\/#website\",\"url\":\"https:\\\/\\\/mandragorastore.pl\\\/\",\"name\":\"Mandragora by Martyna - Wyj\u0105tkowy sklep odzie\u017cowy dla kobiet\",\"description\":\"\",\"publisher\":{\"@id\":\"https:\\\/\\\/mandragorastore.pl\\\/#organization\"},\"potentialAction\":[{\"@type\":\"SearchAction\",\"target\":{\"@type\":\"EntryPoint\",\"urlTemplate\":\"https:\\\/\\\/mandragorastore.pl\\\/?s={search_term_string}\"},\"query-input\":{\"@type\":\"PropertyValueSpecification\",\"valueRequired\":true,\"valueName\":\"search_term_string\"}}],\"inLanguage\":\"en-US\"},{\"@type\":\"Organization\",\"@id\":\"https:\\\/\\\/mandragorastore.pl\\\/#organization\",\"name\":\"Mandragora by Martyna - Wyj\u0105tkowy sklep odzie\u017cowy dla kobiet\",\"url\":\"https:\\\/\\\/mandragorastore.pl\\\/\",\"logo\":{\"@type\":\"ImageObject\",\"inLanguage\":\"en-US\",\"@id\":\"https:\\\/\\\/mandragorastore.pl\\\/#\\\/schema\\\/logo\\\/image\\\/\",\"url\":\"https:\\\/\\\/mandragorastore.pl\\\/wp-content\\\/uploads\\\/2025\\\/10\\\/COVER.categories.png\",\"contentUrl\":\"https:\\\/\\\/mandragorastore.pl\\\/wp-content\\\/uploads\\\/2025\\\/10\\\/COVER.categories.png\",\"width\":800,\"height\":801,\"caption\":\"Mandragora by Martyna - Wyj\u0105tkowy sklep odzie\u017cowy dla kobiet\"},\"image\":{\"@id\":\"https:\\\/\\\/mandragorastore.pl\\\/#\\\/schema\\\/logo\\\/image\\\/\"},\"sameAs\":[\"https:\\\/\\\/www.facebook.com\\\/madragorastore\\\/\",\"https:\\\/\\\/www.instagram.com\\\/mandragorastore.pl\\\/\"]}]}<\/script>\n<!-- \/ Yoast SEO plugin. -->","yoast_head_json":{"title":"Sweter Roye Szary - MANDRAGORA - Designed for women. Made in Poland.","robots":{"index":"index","follow":"follow","max-snippet":"max-snippet:-1","max-image-preview":"max-image-preview:large","max-video-preview":"max-video-preview:-1"},"canonical":"https:\/\/mandragorastore.pl\/en\/product\/sweter-roye-szary\/","og_locale":"en_US","og_type":"article","og_title":"Sweter Roye Szary - MANDRAGORA - Designed for women. Made in Poland.","og_description":"Sweterek Roye to mi\u0119kki, otulaj\u0105cy model z mieszanki we\u0142ny alpaki i merino, znany z wyj\u0105tkowej lekko\u015bci, ciep\u0142a i oddychalno\u015bci. Grubszy splot nadaje mu wyrazist\u0105 struktur\u0119, a obszerny kaptur zwi\u0119ksza funkcjonalno\u015b\u0107 podczas ch\u0142odniejszych dni. Klasyczny kr\u00f3j z guzikami i opadaj\u0105c\u0105 lini\u0105 ramion sprawia, \u017ce sweter \u015bwietnie uk\u0142ada si\u0119 na sylwetce i pasuje zar\u00f3wno do jeans\u00f3w, jak i eleganckich spodni. To idealna propozycja dla os\u00f3b, kt\u00f3re ceni\u0105 naturalne w\u0142\u00f3kna i komfort bez kompromis\u00f3w.   \u2028Szyte i projektowane w Polsce.\u00a0  Sk\u0142ad: 68% baby alpaka, 12% we\u0142na merino, 20% polimid","og_url":"https:\/\/mandragorastore.pl\/en\/product\/sweter-roye-szary\/","og_site_name":"MANDRAGORA - Designed for women. Made in Poland.","article_publisher":"https:\/\/www.facebook.com\/madragorastore\/","article_modified_time":"2026-04-08T10:09:30+00:00","og_image":[{"width":1500,"height":2000,"url":"https:\/\/mandragorastore.pl\/wp-content\/uploads\/2025\/12\/Sweterek-Roye-1-.webp","type":"image\/webp"}],"twitter_card":"summary_large_image","twitter_misc":{"Est. reading time":"1 minute"},"schema":{"@context":"https:\/\/schema.org","@graph":[{"@type":"WebPage","@id":"https:\/\/mandragorastore.pl\/product\/sweter-roye-szary\/","url":"https:\/\/mandragorastore.pl\/product\/sweter-roye-szary\/","name":"Sweter Roye Szary - MANDRAGORA - Designed for women. Made in Poland.","isPartOf":{"@id":"https:\/\/mandragorastore.pl\/#website"},"primaryImageOfPage":{"@id":"https:\/\/mandragorastore.pl\/product\/sweter-roye-szary\/#primaryimage"},"image":{"@id":"https:\/\/mandragorastore.pl\/product\/sweter-roye-szary\/#primaryimage"},"thumbnailUrl":"https:\/\/mandragorastore.pl\/wp-content\/uploads\/2025\/12\/Sweterek-Roye-1-.webp","datePublished":"2025-12-03T08:00:16+00:00","dateModified":"2026-04-08T10:09:30+00:00","breadcrumb":{"@id":"https:\/\/mandragorastore.pl\/product\/sweter-roye-szary\/#breadcrumb"},"inLanguage":"en-US","potentialAction":[{"@type":"ReadAction","target":["https:\/\/mandragorastore.pl\/product\/sweter-roye-szary\/"]}]},{"@type":"ImageObject","inLanguage":"en-US","@id":"https:\/\/mandragorastore.pl\/product\/sweter-roye-szary\/#primaryimage","url":"https:\/\/mandragorastore.pl\/wp-content\/uploads\/2025\/12\/Sweterek-Roye-1-.webp","contentUrl":"https:\/\/mandragorastore.pl\/wp-content\/uploads\/2025\/12\/Sweterek-Roye-1-.webp","width":1500,"height":2000},{"@type":"BreadcrumbList","@id":"https:\/\/mandragorastore.pl\/product\/sweter-roye-szary\/#breadcrumb","itemListElement":[{"@type":"ListItem","position":1,"name":"Strona g\u0142\u00f3wna","item":"https:\/\/mandragorastore.pl\/"},{"@type":"ListItem","position":2,"name":"Katalog","item":"https:\/\/mandragorastore.pl\/sklep\/"},{"@type":"ListItem","position":3,"name":"Sweter Roye Szary"}]},{"@type":"WebSite","@id":"https:\/\/mandragorastore.pl\/#website","url":"https:\/\/mandragorastore.pl\/","name":"Mandragora by Martyna - Unique Clothing Store for Women","description":"","publisher":{"@id":"https:\/\/mandragorastore.pl\/#organization"},"potentialAction":[{"@type":"SearchAction","target":{"@type":"EntryPoint","urlTemplate":"https:\/\/mandragorastore.pl\/?s={search_term_string}"},"query-input":{"@type":"PropertyValueSpecification","valueRequired":true,"valueName":"search_term_string"}}],"inLanguage":"en-US"},{"@type":"Organization","@id":"https:\/\/mandragorastore.pl\/#organization","name":"Mandragora by Martyna - Unique Clothing Store for Women","url":"https:\/\/mandragorastore.pl\/","logo":{"@type":"ImageObject","inLanguage":"en-US","@id":"https:\/\/mandragorastore.pl\/#\/schema\/logo\/image\/","url":"https:\/\/mandragorastore.pl\/wp-content\/uploads\/2025\/10\/COVER.categories.png","contentUrl":"https:\/\/mandragorastore.pl\/wp-content\/uploads\/2025\/10\/COVER.categories.png","width":800,"height":801,"caption":"Mandragora by Martyna - Wyj\u0105tkowy sklep odzie\u017cowy dla kobiet"},"image":{"@id":"https:\/\/mandragorastore.pl\/#\/schema\/logo\/image\/"},"sameAs":["https:\/\/www.facebook.com\/madragorastore\/","https:\/\/www.instagram.com\/mandragorastore.pl\/"]}]}},"_links":{"self":[{"href":"https:\/\/mandragorastore.pl\/en\/wp-json\/wp\/v2\/product\/3896","targetHints":{"allow":["GET"]}}],"collection":[{"href":"https:\/\/mandragorastore.pl\/en\/wp-json\/wp\/v2\/product"}],"about":[{"href":"https:\/\/mandragorastore.pl\/en\/wp-json\/wp\/v2\/types\/product"}],"wp:featuredmedia":[{"embeddable":true,"href":"https:\/\/mandragorastore.pl\/en\/wp-json\/wp\/v2\/media\/3898"}],"wp:attachment":[{"href":"https:\/\/mandragorastore.pl\/en\/wp-json\/wp\/v2\/media?parent=3896"}],"wp:term":[{"taxonomy":"product_brand","embeddable":true,"href":"https:\/\/mandragorastore.pl\/en\/wp-json\/wp\/v2\/product_brand?post=3896"},{"taxonomy":"product_cat","embeddable":true,"href":"https:\/\/mandragorastore.pl\/en\/wp-json\/wp\/v2\/product_cat?post=3896"},{"taxonomy":"product_tag","embeddable":true,"href":"https:\/\/mandragorastore.pl\/en\/wp-json\/wp\/v2\/product_tag?post=3896"}],"curies":[{"name":"WP","href":"https:\/\/api.w.org\/{rel}","templated":true}]}}