{"id":4108,"date":"2026-02-10T12:26:35","date_gmt":"2026-02-10T11:26:35","guid":{"rendered":"https:\/\/mandragorastore.pl\/product\/bezrekawnik-syrenka-bezowy-xs\/"},"modified":"2026-04-01T10:34:31","modified_gmt":"2026-04-01T08:34:31","slug":"bezrekawnik-syrenka-bezowy-xs","status":"publish","type":"product","link":"https:\/\/mandragorastore.pl\/en\/product\/bezrekawnik-syrenka-bezowy-xs\/","title":{"rendered":"Mermaid sleeveless - beige - XS"},"content":{"rendered":"<div class=\"\">A sleeveless jacket with a slightly fitted cut in beige.<\/div>\n<div class=\"\">They fit perfectly with most sweatpants from all collections.<\/div>\n<div class=\"\">Made of loop cotton.<\/div>\n<div><\/div>\n<ul class=\"\">\n<li class=\"\">Vetted arms<\/li>\n<li class=\"\">High collar with zipper<\/li>\n<li class=\"\">Made of smooth, soft cotton lined with loop fabric<\/li>\n<li class=\"\">MANDRAGOR embroidery at the zipper<\/li>\n<li class=\"\">M logo zippers<\/li>\n<\/ul>\n<div>\n<div class=\"\"><strong>Our model is 173 cm tall and is wearing size S .<\/strong><\/div>\n<div class=\"\">bust 91 cm<\/div>\n<div class=\"\">74 waist<\/div>\n<div class=\"\">hips 94<\/div>\n<\/div>\n<p><span style=\"color: #ff0000;\"><strong>NOTES:<br \/>\n<\/strong><strong>In the absence of product <\/strong><strong>in stock or larger<br \/>\norders <\/strong><strong>(extended lead time of 7-10 business days)<\/strong><\/span><\/p>\n<ul class=\"\">\n<li class=\"\"><span class=\"\">Fast delivery\u00a0<\/span><\/li>\n<li class=\"\">14 days for easy return<\/li>\n<\/ul>\n<div class=\"\">\n<div class=\"\">Cost of Delivery :<\/div>\n<ul class=\"\">\n<li class=\"\">InPost courier service: PLN 15.00<\/li>\n<li class=\"\">Parcel Post Inpost: PLN 13.00<\/li>\n<\/ul>\n<\/div>\n<p><strong>Dimensions :<\/strong><\/p>\n<div class=\"\">\n<table cellspacing=\"0\" cellpadding=\"0\">\n<tbody class=\"\">\n<tr class=\"\">\n<td class=\"\" valign=\"top\">\n<div class=\"\"><\/div>\n<\/td>\n<td class=\"\" valign=\"top\">\n<div class=\"\">width<\/div>\n<\/td>\n<td class=\"\" valign=\"top\">\n<div class=\"\">length<\/div>\n<\/td>\n<\/tr>\n<tr class=\"\">\n<td class=\"\" valign=\"top\">\n<div class=\"\">XS<\/div>\n<\/td>\n<td class=\"\" valign=\"top\">\n<div class=\"\">48<\/div>\n<\/td>\n<td class=\"\" valign=\"top\">\n<div class=\"\">50,5<\/div>\n<\/td>\n<\/tr>\n<tr class=\"\">\n<td class=\"\" valign=\"top\">\n<div class=\"\">S<\/div>\n<\/td>\n<td class=\"\" valign=\"top\">\n<div class=\"\">50<\/div>\n<\/td>\n<td class=\"\" valign=\"top\">\n<div class=\"\">52<\/div>\n<\/td>\n<\/tr>\n<tr class=\"\">\n<td class=\"\" valign=\"top\">\n<div class=\"\">M<\/div>\n<\/td>\n<td class=\"\" valign=\"top\">\n<div class=\"\">52<\/div>\n<\/td>\n<td class=\"\" valign=\"top\">\n<div class=\"\">53,5<\/div>\n<\/td>\n<\/tr>\n<\/tbody>\n<\/table>\n<\/div>","protected":false},"excerpt":{"rendered":"<div class=\"\">A sleeveless jacket with a slightly fitted cut in beige.<\/div>\n<div class=\"\">They fit perfectly with most sweatpants from all collections.<\/div>\n<div class=\"\">Made of loop cotton.<\/div>\n<div class=\"\"><\/div>\n<div class=\"\"><strong>Composition :\u00a0<\/strong>Cotton 92 % Elastane 8 %<\/div>\n<div class=\"\"><\/div>\n<div>Manufactured in Poland.<\/div>","protected":false},"featured_media":4268,"template":"","meta":[],"product_brand":[],"product_cat":[27,142],"product_tag":[],"class_list":{"0":"post-4108","1":"product","2":"type-product","3":"status-publish","4":"has-post-thumbnail","6":"product_cat-bluzy","7":"product_cat-gory","9":"first","10":"instock","11":"sale","12":"shipping-taxable","13":"purchasable","14":"product-type-simple","15":"wpzoom-wc-spi-has-enabled"},"yoast_head":"<!-- This site is optimized with the Yoast SEO plugin v27.3 - https:\/\/yoast.com\/product\/yoast-seo-wordpress\/ -->\n<title>Bezr\u0119kawnik Syrenka - be\u017cowy - XS - MANDRAGORA - Designed for women. Made in Poland.<\/title>\n<meta name=\"robots\" content=\"index, follow, max-snippet:-1, max-image-preview:large, max-video-preview:-1\" \/>\n<link rel=\"canonical\" href=\"https:\/\/mandragorastore.pl\/en\/product\/bezrekawnik-syrenka-bezowy-xs\/\" \/>\n<meta property=\"og:locale\" content=\"en_US\" \/>\n<meta property=\"og:type\" content=\"article\" \/>\n<meta property=\"og:title\" content=\"Bezr\u0119kawnik Syrenka - be\u017cowy - XS - MANDRAGORA - Designed for women. Made in Poland.\" \/>\n<meta property=\"og:description\" content=\"Bezr\u0119kawnik o lekko dopasowanym kroju w kolorze be\u017cowym. Idealnie pasuj\u0105 do wi\u0119kszo\u015bci spodni dresowych ze wszystkich kolekcji. Wykonany z bawe\u0142ny p\u0119telkowej.  Sk\u0142ad :\u00a0Bawe\u0142na 92 %\u00a0 Elastan 8 %  Wyprodukowane w Polsce.\" \/>\n<meta property=\"og:url\" content=\"https:\/\/mandragorastore.pl\/en\/product\/bezrekawnik-syrenka-bezowy-xs\/\" \/>\n<meta property=\"og:site_name\" content=\"MANDRAGORA - Designed for women. Made in Poland.\" \/>\n<meta property=\"article:publisher\" content=\"https:\/\/www.facebook.com\/madragorastore\/\" \/>\n<meta property=\"article:modified_time\" content=\"2026-04-01T08:34:31+00:00\" \/>\n<meta property=\"og:image\" content=\"https:\/\/mandragorastore.pl\/wp-content\/uploads\/2026\/02\/f11a.webp\" \/>\n\t<meta property=\"og:image:width\" content=\"1333\" \/>\n\t<meta property=\"og:image:height\" content=\"2000\" \/>\n\t<meta property=\"og:image:type\" content=\"image\/webp\" \/>\n<meta name=\"twitter:card\" content=\"summary_large_image\" \/>\n<meta name=\"twitter:label1\" content=\"Est. reading time\" \/>\n\t<meta name=\"twitter:data1\" content=\"1 minute\" \/>\n<script type=\"application\/ld+json\" class=\"yoast-schema-graph\">{\"@context\":\"https:\\\/\\\/schema.org\",\"@graph\":[{\"@type\":\"WebPage\",\"@id\":\"https:\\\/\\\/mandragorastore.pl\\\/product\\\/bezrekawnik-syrenka-bezowy-xs\\\/\",\"url\":\"https:\\\/\\\/mandragorastore.pl\\\/product\\\/bezrekawnik-syrenka-bezowy-xs\\\/\",\"name\":\"Bezr\u0119kawnik Syrenka - be\u017cowy - XS - MANDRAGORA - Designed for women. Made in Poland.\",\"isPartOf\":{\"@id\":\"https:\\\/\\\/mandragorastore.pl\\\/#website\"},\"primaryImageOfPage\":{\"@id\":\"https:\\\/\\\/mandragorastore.pl\\\/product\\\/bezrekawnik-syrenka-bezowy-xs\\\/#primaryimage\"},\"image\":{\"@id\":\"https:\\\/\\\/mandragorastore.pl\\\/product\\\/bezrekawnik-syrenka-bezowy-xs\\\/#primaryimage\"},\"thumbnailUrl\":\"https:\\\/\\\/mandragorastore.pl\\\/wp-content\\\/uploads\\\/2026\\\/02\\\/f11a.webp\",\"datePublished\":\"2026-02-10T11:26:35+00:00\",\"dateModified\":\"2026-04-01T08:34:31+00:00\",\"breadcrumb\":{\"@id\":\"https:\\\/\\\/mandragorastore.pl\\\/product\\\/bezrekawnik-syrenka-bezowy-xs\\\/#breadcrumb\"},\"inLanguage\":\"en-US\",\"potentialAction\":[{\"@type\":\"ReadAction\",\"target\":[\"https:\\\/\\\/mandragorastore.pl\\\/product\\\/bezrekawnik-syrenka-bezowy-xs\\\/\"]}]},{\"@type\":\"ImageObject\",\"inLanguage\":\"en-US\",\"@id\":\"https:\\\/\\\/mandragorastore.pl\\\/product\\\/bezrekawnik-syrenka-bezowy-xs\\\/#primaryimage\",\"url\":\"https:\\\/\\\/mandragorastore.pl\\\/wp-content\\\/uploads\\\/2026\\\/02\\\/f11a.webp\",\"contentUrl\":\"https:\\\/\\\/mandragorastore.pl\\\/wp-content\\\/uploads\\\/2026\\\/02\\\/f11a.webp\",\"width\":1333,\"height\":2000},{\"@type\":\"BreadcrumbList\",\"@id\":\"https:\\\/\\\/mandragorastore.pl\\\/product\\\/bezrekawnik-syrenka-bezowy-xs\\\/#breadcrumb\",\"itemListElement\":[{\"@type\":\"ListItem\",\"position\":1,\"name\":\"Strona g\u0142\u00f3wna\",\"item\":\"https:\\\/\\\/mandragorastore.pl\\\/\"},{\"@type\":\"ListItem\",\"position\":2,\"name\":\"Katalog\",\"item\":\"https:\\\/\\\/mandragorastore.pl\\\/sklep\\\/\"},{\"@type\":\"ListItem\",\"position\":3,\"name\":\"Bezr\u0119kawnik Syrenka &#8211; be\u017cowy &#8211; XS\"}]},{\"@type\":\"WebSite\",\"@id\":\"https:\\\/\\\/mandragorastore.pl\\\/#website\",\"url\":\"https:\\\/\\\/mandragorastore.pl\\\/\",\"name\":\"Mandragora by Martyna - Wyj\u0105tkowy sklep odzie\u017cowy dla kobiet\",\"description\":\"\",\"publisher\":{\"@id\":\"https:\\\/\\\/mandragorastore.pl\\\/#organization\"},\"potentialAction\":[{\"@type\":\"SearchAction\",\"target\":{\"@type\":\"EntryPoint\",\"urlTemplate\":\"https:\\\/\\\/mandragorastore.pl\\\/?s={search_term_string}\"},\"query-input\":{\"@type\":\"PropertyValueSpecification\",\"valueRequired\":true,\"valueName\":\"search_term_string\"}}],\"inLanguage\":\"en-US\"},{\"@type\":\"Organization\",\"@id\":\"https:\\\/\\\/mandragorastore.pl\\\/#organization\",\"name\":\"Mandragora by Martyna - Wyj\u0105tkowy sklep odzie\u017cowy dla kobiet\",\"url\":\"https:\\\/\\\/mandragorastore.pl\\\/\",\"logo\":{\"@type\":\"ImageObject\",\"inLanguage\":\"en-US\",\"@id\":\"https:\\\/\\\/mandragorastore.pl\\\/#\\\/schema\\\/logo\\\/image\\\/\",\"url\":\"https:\\\/\\\/mandragorastore.pl\\\/wp-content\\\/uploads\\\/2025\\\/10\\\/COVER.categories.png\",\"contentUrl\":\"https:\\\/\\\/mandragorastore.pl\\\/wp-content\\\/uploads\\\/2025\\\/10\\\/COVER.categories.png\",\"width\":800,\"height\":801,\"caption\":\"Mandragora by Martyna - Wyj\u0105tkowy sklep odzie\u017cowy dla kobiet\"},\"image\":{\"@id\":\"https:\\\/\\\/mandragorastore.pl\\\/#\\\/schema\\\/logo\\\/image\\\/\"},\"sameAs\":[\"https:\\\/\\\/www.facebook.com\\\/madragorastore\\\/\",\"https:\\\/\\\/www.instagram.com\\\/mandragorastore.pl\\\/\"]}]}<\/script>\n<!-- \/ Yoast SEO plugin. -->","yoast_head_json":{"title":"Bezr\u0119kawnik Syrenka - be\u017cowy - XS - MANDRAGORA - Designed for women. Made in Poland.","robots":{"index":"index","follow":"follow","max-snippet":"max-snippet:-1","max-image-preview":"max-image-preview:large","max-video-preview":"max-video-preview:-1"},"canonical":"https:\/\/mandragorastore.pl\/en\/product\/bezrekawnik-syrenka-bezowy-xs\/","og_locale":"en_US","og_type":"article","og_title":"Bezr\u0119kawnik Syrenka - be\u017cowy - XS - MANDRAGORA - Designed for women. Made in Poland.","og_description":"Bezr\u0119kawnik o lekko dopasowanym kroju w kolorze be\u017cowym. Idealnie pasuj\u0105 do wi\u0119kszo\u015bci spodni dresowych ze wszystkich kolekcji. Wykonany z bawe\u0142ny p\u0119telkowej.  Sk\u0142ad :\u00a0Bawe\u0142na 92 %\u00a0 Elastan 8 %  Wyprodukowane w Polsce.","og_url":"https:\/\/mandragorastore.pl\/en\/product\/bezrekawnik-syrenka-bezowy-xs\/","og_site_name":"MANDRAGORA - Designed for women. Made in Poland.","article_publisher":"https:\/\/www.facebook.com\/madragorastore\/","article_modified_time":"2026-04-01T08:34:31+00:00","og_image":[{"width":1333,"height":2000,"url":"https:\/\/mandragorastore.pl\/wp-content\/uploads\/2026\/02\/f11a.webp","type":"image\/webp"}],"twitter_card":"summary_large_image","twitter_misc":{"Est. reading time":"1 minute"},"schema":{"@context":"https:\/\/schema.org","@graph":[{"@type":"WebPage","@id":"https:\/\/mandragorastore.pl\/product\/bezrekawnik-syrenka-bezowy-xs\/","url":"https:\/\/mandragorastore.pl\/product\/bezrekawnik-syrenka-bezowy-xs\/","name":"Bezr\u0119kawnik Syrenka - be\u017cowy - XS - MANDRAGORA - Designed for women. Made in Poland.","isPartOf":{"@id":"https:\/\/mandragorastore.pl\/#website"},"primaryImageOfPage":{"@id":"https:\/\/mandragorastore.pl\/product\/bezrekawnik-syrenka-bezowy-xs\/#primaryimage"},"image":{"@id":"https:\/\/mandragorastore.pl\/product\/bezrekawnik-syrenka-bezowy-xs\/#primaryimage"},"thumbnailUrl":"https:\/\/mandragorastore.pl\/wp-content\/uploads\/2026\/02\/f11a.webp","datePublished":"2026-02-10T11:26:35+00:00","dateModified":"2026-04-01T08:34:31+00:00","breadcrumb":{"@id":"https:\/\/mandragorastore.pl\/product\/bezrekawnik-syrenka-bezowy-xs\/#breadcrumb"},"inLanguage":"en-US","potentialAction":[{"@type":"ReadAction","target":["https:\/\/mandragorastore.pl\/product\/bezrekawnik-syrenka-bezowy-xs\/"]}]},{"@type":"ImageObject","inLanguage":"en-US","@id":"https:\/\/mandragorastore.pl\/product\/bezrekawnik-syrenka-bezowy-xs\/#primaryimage","url":"https:\/\/mandragorastore.pl\/wp-content\/uploads\/2026\/02\/f11a.webp","contentUrl":"https:\/\/mandragorastore.pl\/wp-content\/uploads\/2026\/02\/f11a.webp","width":1333,"height":2000},{"@type":"BreadcrumbList","@id":"https:\/\/mandragorastore.pl\/product\/bezrekawnik-syrenka-bezowy-xs\/#breadcrumb","itemListElement":[{"@type":"ListItem","position":1,"name":"Strona g\u0142\u00f3wna","item":"https:\/\/mandragorastore.pl\/"},{"@type":"ListItem","position":2,"name":"Katalog","item":"https:\/\/mandragorastore.pl\/sklep\/"},{"@type":"ListItem","position":3,"name":"Bezr\u0119kawnik Syrenka &#8211; be\u017cowy &#8211; XS"}]},{"@type":"WebSite","@id":"https:\/\/mandragorastore.pl\/#website","url":"https:\/\/mandragorastore.pl\/","name":"Mandragora by Martyna - Unique Clothing Store for Women","description":"","publisher":{"@id":"https:\/\/mandragorastore.pl\/#organization"},"potentialAction":[{"@type":"SearchAction","target":{"@type":"EntryPoint","urlTemplate":"https:\/\/mandragorastore.pl\/?s={search_term_string}"},"query-input":{"@type":"PropertyValueSpecification","valueRequired":true,"valueName":"search_term_string"}}],"inLanguage":"en-US"},{"@type":"Organization","@id":"https:\/\/mandragorastore.pl\/#organization","name":"Mandragora by Martyna - Unique Clothing Store for Women","url":"https:\/\/mandragorastore.pl\/","logo":{"@type":"ImageObject","inLanguage":"en-US","@id":"https:\/\/mandragorastore.pl\/#\/schema\/logo\/image\/","url":"https:\/\/mandragorastore.pl\/wp-content\/uploads\/2025\/10\/COVER.categories.png","contentUrl":"https:\/\/mandragorastore.pl\/wp-content\/uploads\/2025\/10\/COVER.categories.png","width":800,"height":801,"caption":"Mandragora by Martyna - Wyj\u0105tkowy sklep odzie\u017cowy dla kobiet"},"image":{"@id":"https:\/\/mandragorastore.pl\/#\/schema\/logo\/image\/"},"sameAs":["https:\/\/www.facebook.com\/madragorastore\/","https:\/\/www.instagram.com\/mandragorastore.pl\/"]}]}},"_links":{"self":[{"href":"https:\/\/mandragorastore.pl\/en\/wp-json\/wp\/v2\/product\/4108","targetHints":{"allow":["GET"]}}],"collection":[{"href":"https:\/\/mandragorastore.pl\/en\/wp-json\/wp\/v2\/product"}],"about":[{"href":"https:\/\/mandragorastore.pl\/en\/wp-json\/wp\/v2\/types\/product"}],"wp:featuredmedia":[{"embeddable":true,"href":"https:\/\/mandragorastore.pl\/en\/wp-json\/wp\/v2\/media\/4268"}],"wp:attachment":[{"href":"https:\/\/mandragorastore.pl\/en\/wp-json\/wp\/v2\/media?parent=4108"}],"wp:term":[{"taxonomy":"product_brand","embeddable":true,"href":"https:\/\/mandragorastore.pl\/en\/wp-json\/wp\/v2\/product_brand?post=4108"},{"taxonomy":"product_cat","embeddable":true,"href":"https:\/\/mandragorastore.pl\/en\/wp-json\/wp\/v2\/product_cat?post=4108"},{"taxonomy":"product_tag","embeddable":true,"href":"https:\/\/mandragorastore.pl\/en\/wp-json\/wp\/v2\/product_tag?post=4108"}],"curies":[{"name":"WP","href":"https:\/\/api.w.org\/{rel}","templated":true}]}}