{"id":4111,"date":"2026-02-10T12:26:35","date_gmt":"2026-02-10T11:26:35","guid":{"rendered":"https:\/\/mandragorastore.pl\/product\/bluza-dziecieca-fantastic\/"},"modified":"2026-04-01T10:34:31","modified_gmt":"2026-04-01T08:34:31","slug":"bluza-dziecieca-fantastic","status":"publish","type":"product","link":"https:\/\/mandragorastore.pl\/en\/product\/bluza-dziecieca-fantastic\/","title":{"rendered":"Children's sweatshirt Fantastic"},"content":{"rendered":"<div>\n<p>Our model is 174 cm tall and is wearing size S\/M.<\/p>\n<p>bust 86cm waist 62cm hips 92cm<\/p>\n<p>Our smallest models are wearing size 98-104 cm.<\/p>\n<p><span style=\"color: #ff0000;\"><strong>NOTES:<\/strong><\/span><br \/>\n<span style=\"color: #ff0000;\">When the product is out of stock or larger<\/span><br \/>\n<span style=\"color: #ff0000;\">orders (extended lead time of 7-10 working days)<\/span><\/p>\n<ul>\n<li>Fast delivery<\/li>\n<li>PayPo payments<\/li>\n<li>14 days for easy return<\/li>\n<\/ul>\n<div><\/div>\n<div><strong>Cost of Delivery :<\/strong><\/div>\n<ul>\n<li>InPost courier service: PLN 15.00<\/li>\n<li>Parcel Post Inpost: PLN 13.00<\/li>\n<li>Cash on delivery InPost: PLN 17.00<\/li>\n<\/ul>\n<\/div>\n<div><\/div>\n<div><strong>Children's sweatshirt:<\/strong><\/div>\n<div>\n<table>\n<tbody>\n<tr>\n<td><\/td>\n<td>width<\/td>\n<td>length<\/td>\n<td>sleeve<\/td>\n<\/tr>\n<tr>\n<td>XS (86-92)<\/td>\n<td>32<\/td>\n<td>38,5<\/td>\n<td>36<\/td>\n<\/tr>\n<tr>\n<td>\u00a0S (98-104)<\/td>\n<td>35<\/td>\n<td>43<\/td>\n<td>40,5<\/td>\n<\/tr>\n<tr>\n<td>\u00a0 M (110-116 )<\/td>\n<td>38<\/td>\n<td>47,5<\/td>\n<td>45<\/td>\n<\/tr>\n<tr>\n<td>\u00a0L (122-128)<\/td>\n<td>41<\/td>\n<td>52<\/td>\n<td>49.5<\/td>\n<\/tr>\n<\/tbody>\n<\/table>\n<\/div>\n<div><\/div>\n<div><strong>Women's sweatshirt:<\/strong><\/div>\n<div>\n<table>\n<tbody>\n<tr>\n<td><\/td>\n<td>width<\/td>\n<td>length<\/td>\n<td>sleeve<\/td>\n<\/tr>\n<tr>\n<td>S\/M<\/td>\n<td>54<\/td>\n<td>65<\/td>\n<td>68<\/td>\n<\/tr>\n<tr>\n<td>L\/XL<\/td>\n<td>58<\/td>\n<td>68<\/td>\n<td>69,5<\/td>\n<\/tr>\n<\/tbody>\n<\/table>\n<\/div>","protected":false},"excerpt":{"rendered":"<div>\n<p>Children's sweatshirt with a pocket on the front. A sweatshirt that grows with your child, thanks to the elongated ribbed cuffs, the length of which can be adjusted.<\/p>\n<p>Women's sweatshirt. The golden mean between oversize,and slim fit. Adjustable sleeve length, thanks to ribbed cuffs that can be rolled up. Both sweatshirts have a round neckline finished with a welt. The basic cut of the sweatshirts on the front is decorated with a zirconia patch in the shape of a teddy bear. A jacquard logo label is sewn on the back at neck level on the outside. Pleasant to the touch delicate to the skin material, certified OEKO- TEX SRTANDARD 100 .<\/p>\n<p>Composition 92 % cotton 8 % elastane<\/p>\n<p>Manufactured in Poland.<\/p>\n<\/div>","protected":false},"featured_media":4224,"template":"","meta":[],"product_brand":[],"product_cat":[27,142],"product_tag":[],"class_list":{"0":"post-4111","1":"product","2":"type-product","3":"status-publish","4":"has-post-thumbnail","6":"product_cat-bluzy","7":"product_cat-gory","9":"first","10":"instock","11":"sale","12":"shipping-taxable","13":"purchasable","14":"product-type-variable","15":"wpzoom-wc-spi-has-enabled"},"yoast_head":"<!-- This site is optimized with the Yoast SEO plugin v27.3 - https:\/\/yoast.com\/product\/yoast-seo-wordpress\/ -->\n<title>Bluza dzieci\u0119ca Fantastic - MANDRAGORA - Designed for women. Made in Poland.<\/title>\n<meta name=\"robots\" content=\"index, follow, max-snippet:-1, max-image-preview:large, max-video-preview:-1\" \/>\n<link rel=\"canonical\" href=\"https:\/\/mandragorastore.pl\/en\/product\/bluza-dziecieca-fantastic\/\" \/>\n<meta property=\"og:locale\" content=\"en_US\" \/>\n<meta property=\"og:type\" content=\"article\" \/>\n<meta property=\"og:title\" content=\"Bluza dzieci\u0119ca Fantastic - MANDRAGORA - Designed for women. Made in Poland.\" \/>\n<meta property=\"og:description\" content=\"Bluza dresowa dzieci\u0119ca z kieszeni\u0105 z przodu. Bluza, kt\u00f3ra ro\u015bnie wraz z dzieckiem, dzi\u0119ki wyd\u0142u\u017conym \u015bci\u0105gaczom na r\u0119kawach, kt\u00f3rych d\u0142ugo\u015b\u0107 mo\u017cna regulowa\u0107.  Bluza dresowa damska. Z\u0142oty \u015brodek pomi\u0119dzy oversize,a slim fit. Regulowana d\u0142ugo\u015b\u0107 r\u0119kawa, dzi\u0119ki \u015bci\u0105gaczom, kt\u00f3re mo\u017cna podwija\u0107.\u00a0Obie bluzy maj\u0105 pod szyj\u0105 okr\u0105g\u0142e wyci\u0119cie wyko\u0144czone \u015bci\u0105gaczem.\u00a0Basicowy kr\u00f3j bluz z przodu ozdabia cyrkoniowa naszywka w kszta\u0142cie misia. Na tyle na wysoko\u015bci karku od zewn\u0119trznej strony, naszyta jest \u017cakardowa metka z logo.\u00a0Przyjemny w dotyku delikatny dla sk\u00f3ry materia\u0142, posiadaj\u0105cy certyfikat OEKO- TEX SRTANDARD 100 .  Sk\u0142ad 92 % bawe\u0142na 8 % elastan  Wyprodukowna w Polsce.\" \/>\n<meta property=\"og:url\" content=\"https:\/\/mandragorastore.pl\/en\/product\/bluza-dziecieca-fantastic\/\" \/>\n<meta property=\"og:site_name\" content=\"MANDRAGORA - Designed for women. Made in Poland.\" \/>\n<meta property=\"article:publisher\" content=\"https:\/\/www.facebook.com\/madragorastore\/\" \/>\n<meta property=\"article:modified_time\" content=\"2026-04-01T08:34:31+00:00\" \/>\n<meta property=\"og:image\" content=\"https:\/\/mandragorastore.pl\/wp-content\/uploads\/2026\/02\/bluza-fantastic-dziecieca-1.webp\" \/>\n\t<meta property=\"og:image:width\" content=\"1367\" \/>\n\t<meta property=\"og:image:height\" content=\"2048\" \/>\n\t<meta property=\"og:image:type\" content=\"image\/webp\" \/>\n<meta name=\"twitter:card\" content=\"summary_large_image\" \/>\n<meta name=\"twitter:label1\" content=\"Est. reading time\" \/>\n\t<meta name=\"twitter:data1\" content=\"1 minute\" \/>\n<script type=\"application\/ld+json\" class=\"yoast-schema-graph\">{\"@context\":\"https:\\\/\\\/schema.org\",\"@graph\":[{\"@type\":\"WebPage\",\"@id\":\"https:\\\/\\\/mandragorastore.pl\\\/product\\\/bluza-dziecieca-fantastic\\\/\",\"url\":\"https:\\\/\\\/mandragorastore.pl\\\/product\\\/bluza-dziecieca-fantastic\\\/\",\"name\":\"Bluza dzieci\u0119ca Fantastic - MANDRAGORA - Designed for women. Made in Poland.\",\"isPartOf\":{\"@id\":\"https:\\\/\\\/mandragorastore.pl\\\/#website\"},\"primaryImageOfPage\":{\"@id\":\"https:\\\/\\\/mandragorastore.pl\\\/product\\\/bluza-dziecieca-fantastic\\\/#primaryimage\"},\"image\":{\"@id\":\"https:\\\/\\\/mandragorastore.pl\\\/product\\\/bluza-dziecieca-fantastic\\\/#primaryimage\"},\"thumbnailUrl\":\"https:\\\/\\\/mandragorastore.pl\\\/wp-content\\\/uploads\\\/2026\\\/02\\\/bluza-fantastic-dziecieca-1.webp\",\"datePublished\":\"2026-02-10T11:26:35+00:00\",\"dateModified\":\"2026-04-01T08:34:31+00:00\",\"breadcrumb\":{\"@id\":\"https:\\\/\\\/mandragorastore.pl\\\/product\\\/bluza-dziecieca-fantastic\\\/#breadcrumb\"},\"inLanguage\":\"en-US\",\"potentialAction\":[{\"@type\":\"ReadAction\",\"target\":[\"https:\\\/\\\/mandragorastore.pl\\\/product\\\/bluza-dziecieca-fantastic\\\/\"]}]},{\"@type\":\"ImageObject\",\"inLanguage\":\"en-US\",\"@id\":\"https:\\\/\\\/mandragorastore.pl\\\/product\\\/bluza-dziecieca-fantastic\\\/#primaryimage\",\"url\":\"https:\\\/\\\/mandragorastore.pl\\\/wp-content\\\/uploads\\\/2026\\\/02\\\/bluza-fantastic-dziecieca-1.webp\",\"contentUrl\":\"https:\\\/\\\/mandragorastore.pl\\\/wp-content\\\/uploads\\\/2026\\\/02\\\/bluza-fantastic-dziecieca-1.webp\",\"width\":1367,\"height\":2048},{\"@type\":\"BreadcrumbList\",\"@id\":\"https:\\\/\\\/mandragorastore.pl\\\/product\\\/bluza-dziecieca-fantastic\\\/#breadcrumb\",\"itemListElement\":[{\"@type\":\"ListItem\",\"position\":1,\"name\":\"Strona g\u0142\u00f3wna\",\"item\":\"https:\\\/\\\/mandragorastore.pl\\\/\"},{\"@type\":\"ListItem\",\"position\":2,\"name\":\"Katalog\",\"item\":\"https:\\\/\\\/mandragorastore.pl\\\/sklep\\\/\"},{\"@type\":\"ListItem\",\"position\":3,\"name\":\"Bluza dzieci\u0119ca Fantastic\"}]},{\"@type\":\"WebSite\",\"@id\":\"https:\\\/\\\/mandragorastore.pl\\\/#website\",\"url\":\"https:\\\/\\\/mandragorastore.pl\\\/\",\"name\":\"Mandragora by Martyna - Wyj\u0105tkowy sklep odzie\u017cowy dla kobiet\",\"description\":\"\",\"publisher\":{\"@id\":\"https:\\\/\\\/mandragorastore.pl\\\/#organization\"},\"potentialAction\":[{\"@type\":\"SearchAction\",\"target\":{\"@type\":\"EntryPoint\",\"urlTemplate\":\"https:\\\/\\\/mandragorastore.pl\\\/?s={search_term_string}\"},\"query-input\":{\"@type\":\"PropertyValueSpecification\",\"valueRequired\":true,\"valueName\":\"search_term_string\"}}],\"inLanguage\":\"en-US\"},{\"@type\":\"Organization\",\"@id\":\"https:\\\/\\\/mandragorastore.pl\\\/#organization\",\"name\":\"Mandragora by Martyna - Wyj\u0105tkowy sklep odzie\u017cowy dla kobiet\",\"url\":\"https:\\\/\\\/mandragorastore.pl\\\/\",\"logo\":{\"@type\":\"ImageObject\",\"inLanguage\":\"en-US\",\"@id\":\"https:\\\/\\\/mandragorastore.pl\\\/#\\\/schema\\\/logo\\\/image\\\/\",\"url\":\"https:\\\/\\\/mandragorastore.pl\\\/wp-content\\\/uploads\\\/2025\\\/10\\\/COVER.categories.png\",\"contentUrl\":\"https:\\\/\\\/mandragorastore.pl\\\/wp-content\\\/uploads\\\/2025\\\/10\\\/COVER.categories.png\",\"width\":800,\"height\":801,\"caption\":\"Mandragora by Martyna - Wyj\u0105tkowy sklep odzie\u017cowy dla kobiet\"},\"image\":{\"@id\":\"https:\\\/\\\/mandragorastore.pl\\\/#\\\/schema\\\/logo\\\/image\\\/\"},\"sameAs\":[\"https:\\\/\\\/www.facebook.com\\\/madragorastore\\\/\",\"https:\\\/\\\/www.instagram.com\\\/mandragorastore.pl\\\/\"]}]}<\/script>\n<!-- \/ Yoast SEO plugin. -->","yoast_head_json":{"title":"Bluza dzieci\u0119ca Fantastic - MANDRAGORA - Designed for women. Made in Poland.","robots":{"index":"index","follow":"follow","max-snippet":"max-snippet:-1","max-image-preview":"max-image-preview:large","max-video-preview":"max-video-preview:-1"},"canonical":"https:\/\/mandragorastore.pl\/en\/product\/bluza-dziecieca-fantastic\/","og_locale":"en_US","og_type":"article","og_title":"Bluza dzieci\u0119ca Fantastic - MANDRAGORA - Designed for women. Made in Poland.","og_description":"Bluza dresowa dzieci\u0119ca z kieszeni\u0105 z przodu. Bluza, kt\u00f3ra ro\u015bnie wraz z dzieckiem, dzi\u0119ki wyd\u0142u\u017conym \u015bci\u0105gaczom na r\u0119kawach, kt\u00f3rych d\u0142ugo\u015b\u0107 mo\u017cna regulowa\u0107.  Bluza dresowa damska. Z\u0142oty \u015brodek pomi\u0119dzy oversize,a slim fit. Regulowana d\u0142ugo\u015b\u0107 r\u0119kawa, dzi\u0119ki \u015bci\u0105gaczom, kt\u00f3re mo\u017cna podwija\u0107.\u00a0Obie bluzy maj\u0105 pod szyj\u0105 okr\u0105g\u0142e wyci\u0119cie wyko\u0144czone \u015bci\u0105gaczem.\u00a0Basicowy kr\u00f3j bluz z przodu ozdabia cyrkoniowa naszywka w kszta\u0142cie misia. Na tyle na wysoko\u015bci karku od zewn\u0119trznej strony, naszyta jest \u017cakardowa metka z logo.\u00a0Przyjemny w dotyku delikatny dla sk\u00f3ry materia\u0142, posiadaj\u0105cy certyfikat OEKO- TEX SRTANDARD 100 .  Sk\u0142ad 92 % bawe\u0142na 8 % elastan  Wyprodukowna w Polsce.","og_url":"https:\/\/mandragorastore.pl\/en\/product\/bluza-dziecieca-fantastic\/","og_site_name":"MANDRAGORA - Designed for women. Made in Poland.","article_publisher":"https:\/\/www.facebook.com\/madragorastore\/","article_modified_time":"2026-04-01T08:34:31+00:00","og_image":[{"width":1367,"height":2048,"url":"https:\/\/mandragorastore.pl\/wp-content\/uploads\/2026\/02\/bluza-fantastic-dziecieca-1.webp","type":"image\/webp"}],"twitter_card":"summary_large_image","twitter_misc":{"Est. reading time":"1 minute"},"schema":{"@context":"https:\/\/schema.org","@graph":[{"@type":"WebPage","@id":"https:\/\/mandragorastore.pl\/product\/bluza-dziecieca-fantastic\/","url":"https:\/\/mandragorastore.pl\/product\/bluza-dziecieca-fantastic\/","name":"Bluza dzieci\u0119ca Fantastic - MANDRAGORA - Designed for women. Made in Poland.","isPartOf":{"@id":"https:\/\/mandragorastore.pl\/#website"},"primaryImageOfPage":{"@id":"https:\/\/mandragorastore.pl\/product\/bluza-dziecieca-fantastic\/#primaryimage"},"image":{"@id":"https:\/\/mandragorastore.pl\/product\/bluza-dziecieca-fantastic\/#primaryimage"},"thumbnailUrl":"https:\/\/mandragorastore.pl\/wp-content\/uploads\/2026\/02\/bluza-fantastic-dziecieca-1.webp","datePublished":"2026-02-10T11:26:35+00:00","dateModified":"2026-04-01T08:34:31+00:00","breadcrumb":{"@id":"https:\/\/mandragorastore.pl\/product\/bluza-dziecieca-fantastic\/#breadcrumb"},"inLanguage":"en-US","potentialAction":[{"@type":"ReadAction","target":["https:\/\/mandragorastore.pl\/product\/bluza-dziecieca-fantastic\/"]}]},{"@type":"ImageObject","inLanguage":"en-US","@id":"https:\/\/mandragorastore.pl\/product\/bluza-dziecieca-fantastic\/#primaryimage","url":"https:\/\/mandragorastore.pl\/wp-content\/uploads\/2026\/02\/bluza-fantastic-dziecieca-1.webp","contentUrl":"https:\/\/mandragorastore.pl\/wp-content\/uploads\/2026\/02\/bluza-fantastic-dziecieca-1.webp","width":1367,"height":2048},{"@type":"BreadcrumbList","@id":"https:\/\/mandragorastore.pl\/product\/bluza-dziecieca-fantastic\/#breadcrumb","itemListElement":[{"@type":"ListItem","position":1,"name":"Strona g\u0142\u00f3wna","item":"https:\/\/mandragorastore.pl\/"},{"@type":"ListItem","position":2,"name":"Katalog","item":"https:\/\/mandragorastore.pl\/sklep\/"},{"@type":"ListItem","position":3,"name":"Bluza dzieci\u0119ca Fantastic"}]},{"@type":"WebSite","@id":"https:\/\/mandragorastore.pl\/#website","url":"https:\/\/mandragorastore.pl\/","name":"Mandragora by Martyna - Unique Clothing Store for Women","description":"","publisher":{"@id":"https:\/\/mandragorastore.pl\/#organization"},"potentialAction":[{"@type":"SearchAction","target":{"@type":"EntryPoint","urlTemplate":"https:\/\/mandragorastore.pl\/?s={search_term_string}"},"query-input":{"@type":"PropertyValueSpecification","valueRequired":true,"valueName":"search_term_string"}}],"inLanguage":"en-US"},{"@type":"Organization","@id":"https:\/\/mandragorastore.pl\/#organization","name":"Mandragora by Martyna - Unique Clothing Store for Women","url":"https:\/\/mandragorastore.pl\/","logo":{"@type":"ImageObject","inLanguage":"en-US","@id":"https:\/\/mandragorastore.pl\/#\/schema\/logo\/image\/","url":"https:\/\/mandragorastore.pl\/wp-content\/uploads\/2025\/10\/COVER.categories.png","contentUrl":"https:\/\/mandragorastore.pl\/wp-content\/uploads\/2025\/10\/COVER.categories.png","width":800,"height":801,"caption":"Mandragora by Martyna - Wyj\u0105tkowy sklep odzie\u017cowy dla kobiet"},"image":{"@id":"https:\/\/mandragorastore.pl\/#\/schema\/logo\/image\/"},"sameAs":["https:\/\/www.facebook.com\/madragorastore\/","https:\/\/www.instagram.com\/mandragorastore.pl\/"]}]}},"_links":{"self":[{"href":"https:\/\/mandragorastore.pl\/en\/wp-json\/wp\/v2\/product\/4111","targetHints":{"allow":["GET"]}}],"collection":[{"href":"https:\/\/mandragorastore.pl\/en\/wp-json\/wp\/v2\/product"}],"about":[{"href":"https:\/\/mandragorastore.pl\/en\/wp-json\/wp\/v2\/types\/product"}],"wp:featuredmedia":[{"embeddable":true,"href":"https:\/\/mandragorastore.pl\/en\/wp-json\/wp\/v2\/media\/4224"}],"wp:attachment":[{"href":"https:\/\/mandragorastore.pl\/en\/wp-json\/wp\/v2\/media?parent=4111"}],"wp:term":[{"taxonomy":"product_brand","embeddable":true,"href":"https:\/\/mandragorastore.pl\/en\/wp-json\/wp\/v2\/product_brand?post=4111"},{"taxonomy":"product_cat","embeddable":true,"href":"https:\/\/mandragorastore.pl\/en\/wp-json\/wp\/v2\/product_cat?post=4111"},{"taxonomy":"product_tag","embeddable":true,"href":"https:\/\/mandragorastore.pl\/en\/wp-json\/wp\/v2\/product_tag?post=4111"}],"curies":[{"name":"WP","href":"https:\/\/api.w.org\/{rel}","templated":true}]}}