{"id":4122,"date":"2026-02-10T12:26:36","date_gmt":"2026-02-10T11:26:36","guid":{"rendered":"https:\/\/mandragorastore.pl\/product\/koszulka-dziecieca-fantastic\/"},"modified":"2026-04-01T10:34:32","modified_gmt":"2026-04-01T08:34:32","slug":"koszulka-dziecieca-fantastic","status":"publish","type":"product","link":"https:\/\/mandragorastore.pl\/en\/product\/koszulka-dziecieca-fantastic\/","title":{"rendered":"Children's T-shirt Fantastic"},"content":{"rendered":"<div>\n<div>\n<div>Our smallest models are wearing size 98-104 cm.<\/div>\n<div>\n<div>\n<p><span style=\"color: #ff0000;\"><strong>NOTES:<\/strong><\/span><br \/>\n<span style=\"color: #ff0000;\">When the product is out of stock or larger<\/span><br \/>\n<span style=\"color: #ff0000;\">orders (extended lead time of 7-10 working days)<\/span><\/p>\n<ul>\n<li>Fast delivery<\/li>\n<li>PayPo payments<\/li>\n<li>14 days for easy return<\/li>\n<\/ul>\n<div><\/div>\n<div><strong>Cost of Delivery :<\/strong><\/div>\n<ul>\n<li>InPost courier service: PLN 15.00<\/li>\n<li>Parcel Post Inpost: PLN 13.00<\/li>\n<li>Cash on delivery InPost: PLN 17.00<\/li>\n<\/ul>\n<\/div>\n<\/div>\n<\/div>\n<\/div>\n<div><strong>Children's T-shirt:<\/strong><\/div>\n<table cellspacing=\"0\" cellpadding=\"0\">\n<tbody>\n<tr>\n<td valign=\"top\">\n<div><\/div>\n<\/td>\n<td valign=\"top\">\n<div>width<\/div>\n<\/td>\n<td valign=\"top\">\n<div>length<\/div>\n<\/td>\n<td valign=\"top\">\n<div>sleeve<\/div>\n<\/td>\n<\/tr>\n<tr>\n<td valign=\"top\">\n<div>XS (86-92)<\/div>\n<\/td>\n<td valign=\"top\">\n<div>28<\/div>\n<\/td>\n<td valign=\"top\">\n<div>36<\/div>\n<\/td>\n<td valign=\"top\">\n<div>11,5<\/div>\n<\/td>\n<\/tr>\n<tr>\n<td valign=\"top\">\n<div>\u00a0S (98-104)<\/div>\n<\/td>\n<td valign=\"top\">\n<div>31<\/div>\n<\/td>\n<td valign=\"top\">\n<div>40,5<\/div>\n<\/td>\n<td valign=\"top\">\n<div>13<\/div>\n<\/td>\n<\/tr>\n<tr>\n<td valign=\"top\">\n<div>M 110-116 )<\/div>\n<\/td>\n<td valign=\"top\">\n<div>34<\/div>\n<\/td>\n<td valign=\"top\">\n<div>45<\/div>\n<\/td>\n<td valign=\"top\">\n<div>14,5<\/div>\n<\/td>\n<\/tr>\n<tr>\n<td valign=\"top\">\n<div>L (122-128)<\/div>\n<\/td>\n<td valign=\"top\">\n<div>37<\/div>\n<\/td>\n<td valign=\"top\">\n<div>49,5<\/div>\n<\/td>\n<td valign=\"top\">\n<div>16<\/div>\n<\/td>\n<\/tr>\n<\/tbody>\n<\/table>\n<div><\/div>\n<div><\/div>","protected":false},"excerpt":{"rendered":"<div>This shirt is the golden mean between oversize and slim fit in fashionable stripes with short sleeves.<\/div>\n<div>The basic cut of the shirt is decorated on the front with a zirconia patch in the shape of a teddy bear.<\/div>\n<div>On the back at neck level on the outside, a jacquard logo tag is sewn on.<\/div>\n<div>Pleasant to the touch gentle to the skin material, certified OEKO- TEX SRTANDARD 100.<\/div>\n<div>\n<p>Composition 92 % cotton 8% elastane<\/p>\n<p>Manufactured in Poland.<\/p>\n<\/div>","protected":false},"featured_media":4187,"template":"","meta":[],"product_brand":[],"product_cat":[27,142],"product_tag":[],"class_list":{"0":"post-4122","1":"product","2":"type-product","3":"status-publish","4":"has-post-thumbnail","6":"product_cat-bluzy","7":"product_cat-gory","9":"first","10":"instock","11":"sale","12":"shipping-taxable","13":"purchasable","14":"product-type-variable","15":"wpzoom-wc-spi-has-enabled"},"yoast_head":"<!-- This site is optimized with the Yoast SEO plugin v27.3 - https:\/\/yoast.com\/product\/yoast-seo-wordpress\/ -->\n<title>Koszulka dzieci\u0119ca Fantastic - MANDRAGORA - Designed for women. Made in Poland.<\/title>\n<meta name=\"robots\" content=\"index, follow, max-snippet:-1, max-image-preview:large, max-video-preview:-1\" \/>\n<link rel=\"canonical\" href=\"https:\/\/mandragorastore.pl\/en\/product\/koszulka-dziecieca-fantastic\/\" \/>\n<meta property=\"og:locale\" content=\"en_US\" \/>\n<meta property=\"og:type\" content=\"article\" \/>\n<meta property=\"og:title\" content=\"Koszulka dzieci\u0119ca Fantastic - MANDRAGORA - Designed for women. Made in Poland.\" \/>\n<meta property=\"og:description\" content=\"Koszulka ta to z\u0142oty \u015brodek pomi\u0119dzy oversize, a slim fit w modne paski z kr\u00f3tkim r\u0119kawkiem. Basicowy kr\u00f3j koszulek z przodu ozdabia cyrkoniowa naszywka w kszta\u0142cie misia. Na tyle na wysoko\u015bci karku od zewn\u0119trznej strony, naszyta jest \u017cakardowa metka z logo. Przyjemny w dotyku delikatny dla sk\u00f3ry materia\u0142, posiadaj\u0105cy certyfikat OEKO- TEX SRTANDARD 100.   Sk\u0142ad 92 % bawe\u0142na 8% elastan  Wyprodukowana w Polsce.\" \/>\n<meta property=\"og:url\" content=\"https:\/\/mandragorastore.pl\/en\/product\/koszulka-dziecieca-fantastic\/\" \/>\n<meta property=\"og:site_name\" content=\"MANDRAGORA - Designed for women. Made in Poland.\" \/>\n<meta property=\"article:publisher\" content=\"https:\/\/www.facebook.com\/madragorastore\/\" \/>\n<meta property=\"article:modified_time\" content=\"2026-04-01T08:34:32+00:00\" \/>\n<meta property=\"og:image\" content=\"https:\/\/mandragorastore.pl\/wp-content\/uploads\/2026\/02\/koszulka-fantastic-dziecieca-1.webp\" \/>\n\t<meta property=\"og:image:width\" content=\"1367\" \/>\n\t<meta property=\"og:image:height\" content=\"2048\" \/>\n\t<meta property=\"og:image:type\" content=\"image\/webp\" \/>\n<meta name=\"twitter:card\" content=\"summary_large_image\" \/>\n<meta name=\"twitter:label1\" content=\"Est. reading time\" \/>\n\t<meta name=\"twitter:data1\" content=\"1 minute\" \/>\n<script type=\"application\/ld+json\" class=\"yoast-schema-graph\">{\"@context\":\"https:\\\/\\\/schema.org\",\"@graph\":[{\"@type\":\"WebPage\",\"@id\":\"https:\\\/\\\/mandragorastore.pl\\\/product\\\/koszulka-dziecieca-fantastic\\\/\",\"url\":\"https:\\\/\\\/mandragorastore.pl\\\/product\\\/koszulka-dziecieca-fantastic\\\/\",\"name\":\"Koszulka dzieci\u0119ca Fantastic - MANDRAGORA - Designed for women. Made in Poland.\",\"isPartOf\":{\"@id\":\"https:\\\/\\\/mandragorastore.pl\\\/#website\"},\"primaryImageOfPage\":{\"@id\":\"https:\\\/\\\/mandragorastore.pl\\\/product\\\/koszulka-dziecieca-fantastic\\\/#primaryimage\"},\"image\":{\"@id\":\"https:\\\/\\\/mandragorastore.pl\\\/product\\\/koszulka-dziecieca-fantastic\\\/#primaryimage\"},\"thumbnailUrl\":\"https:\\\/\\\/mandragorastore.pl\\\/wp-content\\\/uploads\\\/2026\\\/02\\\/koszulka-fantastic-dziecieca-1.webp\",\"datePublished\":\"2026-02-10T11:26:36+00:00\",\"dateModified\":\"2026-04-01T08:34:32+00:00\",\"breadcrumb\":{\"@id\":\"https:\\\/\\\/mandragorastore.pl\\\/product\\\/koszulka-dziecieca-fantastic\\\/#breadcrumb\"},\"inLanguage\":\"en-US\",\"potentialAction\":[{\"@type\":\"ReadAction\",\"target\":[\"https:\\\/\\\/mandragorastore.pl\\\/product\\\/koszulka-dziecieca-fantastic\\\/\"]}]},{\"@type\":\"ImageObject\",\"inLanguage\":\"en-US\",\"@id\":\"https:\\\/\\\/mandragorastore.pl\\\/product\\\/koszulka-dziecieca-fantastic\\\/#primaryimage\",\"url\":\"https:\\\/\\\/mandragorastore.pl\\\/wp-content\\\/uploads\\\/2026\\\/02\\\/koszulka-fantastic-dziecieca-1.webp\",\"contentUrl\":\"https:\\\/\\\/mandragorastore.pl\\\/wp-content\\\/uploads\\\/2026\\\/02\\\/koszulka-fantastic-dziecieca-1.webp\",\"width\":1367,\"height\":2048},{\"@type\":\"BreadcrumbList\",\"@id\":\"https:\\\/\\\/mandragorastore.pl\\\/product\\\/koszulka-dziecieca-fantastic\\\/#breadcrumb\",\"itemListElement\":[{\"@type\":\"ListItem\",\"position\":1,\"name\":\"Strona g\u0142\u00f3wna\",\"item\":\"https:\\\/\\\/mandragorastore.pl\\\/\"},{\"@type\":\"ListItem\",\"position\":2,\"name\":\"Katalog\",\"item\":\"https:\\\/\\\/mandragorastore.pl\\\/sklep\\\/\"},{\"@type\":\"ListItem\",\"position\":3,\"name\":\"Koszulka dzieci\u0119ca Fantastic\"}]},{\"@type\":\"WebSite\",\"@id\":\"https:\\\/\\\/mandragorastore.pl\\\/#website\",\"url\":\"https:\\\/\\\/mandragorastore.pl\\\/\",\"name\":\"Mandragora by Martyna - Wyj\u0105tkowy sklep odzie\u017cowy dla kobiet\",\"description\":\"\",\"publisher\":{\"@id\":\"https:\\\/\\\/mandragorastore.pl\\\/#organization\"},\"potentialAction\":[{\"@type\":\"SearchAction\",\"target\":{\"@type\":\"EntryPoint\",\"urlTemplate\":\"https:\\\/\\\/mandragorastore.pl\\\/?s={search_term_string}\"},\"query-input\":{\"@type\":\"PropertyValueSpecification\",\"valueRequired\":true,\"valueName\":\"search_term_string\"}}],\"inLanguage\":\"en-US\"},{\"@type\":\"Organization\",\"@id\":\"https:\\\/\\\/mandragorastore.pl\\\/#organization\",\"name\":\"Mandragora by Martyna - Wyj\u0105tkowy sklep odzie\u017cowy dla kobiet\",\"url\":\"https:\\\/\\\/mandragorastore.pl\\\/\",\"logo\":{\"@type\":\"ImageObject\",\"inLanguage\":\"en-US\",\"@id\":\"https:\\\/\\\/mandragorastore.pl\\\/#\\\/schema\\\/logo\\\/image\\\/\",\"url\":\"https:\\\/\\\/mandragorastore.pl\\\/wp-content\\\/uploads\\\/2025\\\/10\\\/COVER.categories.png\",\"contentUrl\":\"https:\\\/\\\/mandragorastore.pl\\\/wp-content\\\/uploads\\\/2025\\\/10\\\/COVER.categories.png\",\"width\":800,\"height\":801,\"caption\":\"Mandragora by Martyna - Wyj\u0105tkowy sklep odzie\u017cowy dla kobiet\"},\"image\":{\"@id\":\"https:\\\/\\\/mandragorastore.pl\\\/#\\\/schema\\\/logo\\\/image\\\/\"},\"sameAs\":[\"https:\\\/\\\/www.facebook.com\\\/madragorastore\\\/\",\"https:\\\/\\\/www.instagram.com\\\/mandragorastore.pl\\\/\"]}]}<\/script>\n<!-- \/ Yoast SEO plugin. -->","yoast_head_json":{"title":"Koszulka dzieci\u0119ca Fantastic - MANDRAGORA - Designed for women. Made in Poland.","robots":{"index":"index","follow":"follow","max-snippet":"max-snippet:-1","max-image-preview":"max-image-preview:large","max-video-preview":"max-video-preview:-1"},"canonical":"https:\/\/mandragorastore.pl\/en\/product\/koszulka-dziecieca-fantastic\/","og_locale":"en_US","og_type":"article","og_title":"Koszulka dzieci\u0119ca Fantastic - MANDRAGORA - Designed for women. Made in Poland.","og_description":"Koszulka ta to z\u0142oty \u015brodek pomi\u0119dzy oversize, a slim fit w modne paski z kr\u00f3tkim r\u0119kawkiem. Basicowy kr\u00f3j koszulek z przodu ozdabia cyrkoniowa naszywka w kszta\u0142cie misia. Na tyle na wysoko\u015bci karku od zewn\u0119trznej strony, naszyta jest \u017cakardowa metka z logo. Przyjemny w dotyku delikatny dla sk\u00f3ry materia\u0142, posiadaj\u0105cy certyfikat OEKO- TEX SRTANDARD 100.   Sk\u0142ad 92 % bawe\u0142na 8% elastan  Wyprodukowana w Polsce.","og_url":"https:\/\/mandragorastore.pl\/en\/product\/koszulka-dziecieca-fantastic\/","og_site_name":"MANDRAGORA - Designed for women. Made in Poland.","article_publisher":"https:\/\/www.facebook.com\/madragorastore\/","article_modified_time":"2026-04-01T08:34:32+00:00","og_image":[{"width":1367,"height":2048,"url":"https:\/\/mandragorastore.pl\/wp-content\/uploads\/2026\/02\/koszulka-fantastic-dziecieca-1.webp","type":"image\/webp"}],"twitter_card":"summary_large_image","twitter_misc":{"Est. reading time":"1 minute"},"schema":{"@context":"https:\/\/schema.org","@graph":[{"@type":"WebPage","@id":"https:\/\/mandragorastore.pl\/product\/koszulka-dziecieca-fantastic\/","url":"https:\/\/mandragorastore.pl\/product\/koszulka-dziecieca-fantastic\/","name":"Koszulka dzieci\u0119ca Fantastic - MANDRAGORA - Designed for women. Made in Poland.","isPartOf":{"@id":"https:\/\/mandragorastore.pl\/#website"},"primaryImageOfPage":{"@id":"https:\/\/mandragorastore.pl\/product\/koszulka-dziecieca-fantastic\/#primaryimage"},"image":{"@id":"https:\/\/mandragorastore.pl\/product\/koszulka-dziecieca-fantastic\/#primaryimage"},"thumbnailUrl":"https:\/\/mandragorastore.pl\/wp-content\/uploads\/2026\/02\/koszulka-fantastic-dziecieca-1.webp","datePublished":"2026-02-10T11:26:36+00:00","dateModified":"2026-04-01T08:34:32+00:00","breadcrumb":{"@id":"https:\/\/mandragorastore.pl\/product\/koszulka-dziecieca-fantastic\/#breadcrumb"},"inLanguage":"en-US","potentialAction":[{"@type":"ReadAction","target":["https:\/\/mandragorastore.pl\/product\/koszulka-dziecieca-fantastic\/"]}]},{"@type":"ImageObject","inLanguage":"en-US","@id":"https:\/\/mandragorastore.pl\/product\/koszulka-dziecieca-fantastic\/#primaryimage","url":"https:\/\/mandragorastore.pl\/wp-content\/uploads\/2026\/02\/koszulka-fantastic-dziecieca-1.webp","contentUrl":"https:\/\/mandragorastore.pl\/wp-content\/uploads\/2026\/02\/koszulka-fantastic-dziecieca-1.webp","width":1367,"height":2048},{"@type":"BreadcrumbList","@id":"https:\/\/mandragorastore.pl\/product\/koszulka-dziecieca-fantastic\/#breadcrumb","itemListElement":[{"@type":"ListItem","position":1,"name":"Strona g\u0142\u00f3wna","item":"https:\/\/mandragorastore.pl\/"},{"@type":"ListItem","position":2,"name":"Katalog","item":"https:\/\/mandragorastore.pl\/sklep\/"},{"@type":"ListItem","position":3,"name":"Koszulka dzieci\u0119ca Fantastic"}]},{"@type":"WebSite","@id":"https:\/\/mandragorastore.pl\/#website","url":"https:\/\/mandragorastore.pl\/","name":"Mandragora by Martyna - Unique Clothing Store for Women","description":"","publisher":{"@id":"https:\/\/mandragorastore.pl\/#organization"},"potentialAction":[{"@type":"SearchAction","target":{"@type":"EntryPoint","urlTemplate":"https:\/\/mandragorastore.pl\/?s={search_term_string}"},"query-input":{"@type":"PropertyValueSpecification","valueRequired":true,"valueName":"search_term_string"}}],"inLanguage":"en-US"},{"@type":"Organization","@id":"https:\/\/mandragorastore.pl\/#organization","name":"Mandragora by Martyna - Unique Clothing Store for Women","url":"https:\/\/mandragorastore.pl\/","logo":{"@type":"ImageObject","inLanguage":"en-US","@id":"https:\/\/mandragorastore.pl\/#\/schema\/logo\/image\/","url":"https:\/\/mandragorastore.pl\/wp-content\/uploads\/2025\/10\/COVER.categories.png","contentUrl":"https:\/\/mandragorastore.pl\/wp-content\/uploads\/2025\/10\/COVER.categories.png","width":800,"height":801,"caption":"Mandragora by Martyna - Wyj\u0105tkowy sklep odzie\u017cowy dla kobiet"},"image":{"@id":"https:\/\/mandragorastore.pl\/#\/schema\/logo\/image\/"},"sameAs":["https:\/\/www.facebook.com\/madragorastore\/","https:\/\/www.instagram.com\/mandragorastore.pl\/"]}]}},"_links":{"self":[{"href":"https:\/\/mandragorastore.pl\/en\/wp-json\/wp\/v2\/product\/4122","targetHints":{"allow":["GET"]}}],"collection":[{"href":"https:\/\/mandragorastore.pl\/en\/wp-json\/wp\/v2\/product"}],"about":[{"href":"https:\/\/mandragorastore.pl\/en\/wp-json\/wp\/v2\/types\/product"}],"wp:featuredmedia":[{"embeddable":true,"href":"https:\/\/mandragorastore.pl\/en\/wp-json\/wp\/v2\/media\/4187"}],"wp:attachment":[{"href":"https:\/\/mandragorastore.pl\/en\/wp-json\/wp\/v2\/media?parent=4122"}],"wp:term":[{"taxonomy":"product_brand","embeddable":true,"href":"https:\/\/mandragorastore.pl\/en\/wp-json\/wp\/v2\/product_brand?post=4122"},{"taxonomy":"product_cat","embeddable":true,"href":"https:\/\/mandragorastore.pl\/en\/wp-json\/wp\/v2\/product_cat?post=4122"},{"taxonomy":"product_tag","embeddable":true,"href":"https:\/\/mandragorastore.pl\/en\/wp-json\/wp\/v2\/product_tag?post=4122"}],"curies":[{"name":"WP","href":"https:\/\/api.w.org\/{rel}","templated":true}]}}