{"id":4131,"date":"2026-02-10T12:26:37","date_gmt":"2026-02-10T11:26:37","guid":{"rendered":"https:\/\/mandragorastore.pl\/product\/top-fit-long\/"},"modified":"2026-04-01T10:34:32","modified_gmt":"2026-04-01T08:34:32","slug":"top-fit-long","status":"publish","type":"product","link":"https:\/\/mandragorastore.pl\/en\/product\/top-fit-long\/","title":{"rendered":"TOP FIT LONG"},"content":{"rendered":"<p>Our model is 174 cm tall and is wearing size XS.<span class=\"Apple-converted-space\">\u00a0 \u00a0 \u00a0 \u00a0<\/span><\/p>\n<p><span class=\"Apple-converted-space\">\u00a0<\/span>bust 83 cm <span class=\"Apple-converted-space\">\u00a0 \u00a0 \u00a0 \u00a0 waist 59 cm hips 88 cm \u00a0 \u00a0 \u00a0 \u00a0 \u00a0 \u00a0 \u00a0 \u00a0 \u00a0 \u00a0 \u00a0 \u00a0 \u00a0 \u00a0 \u00a0 \u00a0 \u00a0 \u00a0 \u00a0 \u00a0 \u00a0 \u00a0 \u00a0 \u00a0 \u00a0 \u00a0 \u00a0 \u00a0 \u00a0 \u00a0 \u00a0 \u00a0 \u00a0 \u00a0 \u00a0 \u00a0 \u00a0 \u00a0 \u00a0 \u00a0 \u00a0 \u00a0 \u00a0 \u00a0 \u00a0 \u00a0 \u00a0 \u00a0 \u00a0 \u00a0 \u00a0 \u00a0 \u00a0 \u00a0 \u00a0 \u00a0 \u00a0 \u00a0 \u00a0 \u00a0 \u00a0 \u00a0 \u00a0 \u00a0 \u00a0 \u00a0 \u00a0 \u00a0 \u00a0 \u00a0 \u00a0 \u00a0 \u00a0 \u00a0 \u00a0 \u00a0 \u00a0 \u00a0 \u00a0 \u00a0 \u00a0 \u00a0 \u00a0 \u00a0 \u00a0 \u00a0 \u00a0 \u00a0 \u00a0 \u00a0 \u00a0\u00a0<\/span><\/p>\n<p><span style=\"color: #ff0000;\"><strong>NOTES:<br \/>\n<\/strong><strong>In the absence of product <\/strong><strong>in stock or larger<br \/>\norders <\/strong><strong>(extended lead time of 7-10 business days)<\/strong><\/span><\/p>\n<ul class=\"\">\n<li class=\"\"><span class=\"\">Fast delivery\u00a0<\/span><\/li>\n<li>PayPo payments<\/li>\n<li class=\"\">14 days for easy return<\/li>\n<\/ul>\n<div class=\"\">Cost of Delivery :<\/div>\n<ul class=\"\">\n<li class=\"\">InPost courier service: PLN 15.00<\/li>\n<li class=\"\">Parcel Post Inpost: PLN 13.00<\/li>\n<li>Cash on delivery InPost: PLN 17.00<\/li>\n<\/ul>\n<p><strong>DIMENSIONS :<\/strong><\/p>\n<table>\n<tbody>\n<tr>\n<td>LONG SLEEVE TOP<\/td>\n<td><\/td>\n<td><\/td>\n<td><\/td>\n<\/tr>\n<tr>\n<td><\/td>\n<td><\/td>\n<td><\/td>\n<td><\/td>\n<\/tr>\n<tr>\n<td><\/td>\n<td>\u00a0 \u00a0 \u00a0 \u00a0 \u00a0length<\/td>\n<td>\u00a0 girth under bust<\/td>\n<td>\u00a0\u00a0 sleeve length<\/td>\n<\/tr>\n<tr>\n<td>XS<\/td>\n<td>39<\/td>\n<td>65-75<\/td>\n<td>65<\/td>\n<\/tr>\n<tr>\n<td>S<\/td>\n<td>40<\/td>\n<td>70-80<\/td>\n<td>66<\/td>\n<\/tr>\n<tr>\n<td>M<\/td>\n<td>41<\/td>\n<td>75-85<\/td>\n<td>67<\/td>\n<\/tr>\n<\/tbody>\n<\/table>","protected":false},"excerpt":{"rendered":"<p>Our sporty, tight long-sleeved blouse, nonchalantly revealing your belly, goes well with many styles both sporty and casual. The soft material from which it is sewn will guarantee you the highest degree of comfort, and the cut will emphasize your silhouette beautifully. Elastic waistband with MANDRAGOR logo.<br \/>\nThe fabric is quick-drying, breathable and durable - reliable during sports.<\/p>\n<p><strong>Composition - 80% cotton, 20% polyester<\/strong><\/p>\n<p>Manufactured in Poland.<\/p>","protected":false},"featured_media":4259,"template":"","meta":[],"product_brand":[],"product_cat":[30],"product_tag":[],"class_list":{"0":"post-4131","1":"product","2":"type-product","3":"status-publish","4":"has-post-thumbnail","6":"product_cat-topy","8":"first","9":"instock","10":"sale","11":"shipping-taxable","12":"purchasable","13":"product-type-variable","14":"wpzoom-wc-spi-has-enabled"},"yoast_head":"<!-- This site is optimized with the Yoast SEO plugin v27.3 - https:\/\/yoast.com\/product\/yoast-seo-wordpress\/ -->\n<title>TOP FIT LONG - MANDRAGORA - Designed for women. Made in Poland.<\/title>\n<meta name=\"robots\" content=\"index, follow, max-snippet:-1, max-image-preview:large, max-video-preview:-1\" \/>\n<link rel=\"canonical\" href=\"https:\/\/mandragorastore.pl\/en\/product\/top-fit-long\/\" \/>\n<meta property=\"og:locale\" content=\"en_US\" \/>\n<meta property=\"og:type\" content=\"article\" \/>\n<meta property=\"og:title\" content=\"TOP FIT LONG - MANDRAGORA - Designed for women. Made in Poland.\" \/>\n<meta property=\"og:description\" content=\"Nasza sportowa, obcis\u0142a bluzka z d\u0142ugim r\u0119kawem, nonszalancko odkrywaj\u0105ca brzuch, \u015bwietnie pasuje do wielu stylizacji zar\u00f3wno tych sportowych, jak i codziennych. Mi\u0119kki materia\u0142, z kt\u00f3rego jest uszyta zagwarantuje Ci najwy\u017cszy stopie\u0144 wygody, a kr\u00f3j podkre\u015bli pi\u0119knie Twoj\u0105 sylwetk\u0119. Elastyczna guma w talii z logo MANDRAGORA. Tkanina jest szybkoschn\u0105ca, oddychaj\u0105ca i trwa\u0142a \u2013 niezawodna podczas uprawiania sportu.  Sk\u0142ad \u2013 80% bawe\u0142na, 20% poliester  Wyprodukowane w Polsce.\" \/>\n<meta property=\"og:url\" content=\"https:\/\/mandragorastore.pl\/en\/product\/top-fit-long\/\" \/>\n<meta property=\"og:site_name\" content=\"MANDRAGORA - Designed for women. Made in Poland.\" \/>\n<meta property=\"article:publisher\" content=\"https:\/\/www.facebook.com\/madragorastore\/\" \/>\n<meta property=\"article:modified_time\" content=\"2026-04-01T08:34:32+00:00\" \/>\n<meta property=\"og:image\" content=\"https:\/\/mandragorastore.pl\/wp-content\/uploads\/2026\/02\/top-z-dlugim-rekawem-1-scaled.webp\" \/>\n\t<meta property=\"og:image:width\" content=\"1862\" \/>\n\t<meta property=\"og:image:height\" content=\"2560\" \/>\n\t<meta property=\"og:image:type\" content=\"image\/webp\" \/>\n<meta name=\"twitter:card\" content=\"summary_large_image\" \/>\n<meta name=\"twitter:label1\" content=\"Est. reading time\" \/>\n\t<meta name=\"twitter:data1\" content=\"1 minute\" \/>\n<script type=\"application\/ld+json\" class=\"yoast-schema-graph\">{\"@context\":\"https:\\\/\\\/schema.org\",\"@graph\":[{\"@type\":\"WebPage\",\"@id\":\"https:\\\/\\\/mandragorastore.pl\\\/product\\\/top-fit-long\\\/\",\"url\":\"https:\\\/\\\/mandragorastore.pl\\\/product\\\/top-fit-long\\\/\",\"name\":\"TOP FIT LONG - MANDRAGORA - Designed for women. Made in Poland.\",\"isPartOf\":{\"@id\":\"https:\\\/\\\/mandragorastore.pl\\\/#website\"},\"primaryImageOfPage\":{\"@id\":\"https:\\\/\\\/mandragorastore.pl\\\/product\\\/top-fit-long\\\/#primaryimage\"},\"image\":{\"@id\":\"https:\\\/\\\/mandragorastore.pl\\\/product\\\/top-fit-long\\\/#primaryimage\"},\"thumbnailUrl\":\"https:\\\/\\\/mandragorastore.pl\\\/wp-content\\\/uploads\\\/2026\\\/02\\\/top-z-dlugim-rekawem-1-scaled.webp\",\"datePublished\":\"2026-02-10T11:26:37+00:00\",\"dateModified\":\"2026-04-01T08:34:32+00:00\",\"breadcrumb\":{\"@id\":\"https:\\\/\\\/mandragorastore.pl\\\/product\\\/top-fit-long\\\/#breadcrumb\"},\"inLanguage\":\"en-US\",\"potentialAction\":[{\"@type\":\"ReadAction\",\"target\":[\"https:\\\/\\\/mandragorastore.pl\\\/product\\\/top-fit-long\\\/\"]}]},{\"@type\":\"ImageObject\",\"inLanguage\":\"en-US\",\"@id\":\"https:\\\/\\\/mandragorastore.pl\\\/product\\\/top-fit-long\\\/#primaryimage\",\"url\":\"https:\\\/\\\/mandragorastore.pl\\\/wp-content\\\/uploads\\\/2026\\\/02\\\/top-z-dlugim-rekawem-1-scaled.webp\",\"contentUrl\":\"https:\\\/\\\/mandragorastore.pl\\\/wp-content\\\/uploads\\\/2026\\\/02\\\/top-z-dlugim-rekawem-1-scaled.webp\",\"width\":1862,\"height\":2560},{\"@type\":\"BreadcrumbList\",\"@id\":\"https:\\\/\\\/mandragorastore.pl\\\/product\\\/top-fit-long\\\/#breadcrumb\",\"itemListElement\":[{\"@type\":\"ListItem\",\"position\":1,\"name\":\"Strona g\u0142\u00f3wna\",\"item\":\"https:\\\/\\\/mandragorastore.pl\\\/\"},{\"@type\":\"ListItem\",\"position\":2,\"name\":\"Katalog\",\"item\":\"https:\\\/\\\/mandragorastore.pl\\\/sklep\\\/\"},{\"@type\":\"ListItem\",\"position\":3,\"name\":\"TOP FIT LONG\"}]},{\"@type\":\"WebSite\",\"@id\":\"https:\\\/\\\/mandragorastore.pl\\\/#website\",\"url\":\"https:\\\/\\\/mandragorastore.pl\\\/\",\"name\":\"Mandragora by Martyna - Wyj\u0105tkowy sklep odzie\u017cowy dla kobiet\",\"description\":\"\",\"publisher\":{\"@id\":\"https:\\\/\\\/mandragorastore.pl\\\/#organization\"},\"potentialAction\":[{\"@type\":\"SearchAction\",\"target\":{\"@type\":\"EntryPoint\",\"urlTemplate\":\"https:\\\/\\\/mandragorastore.pl\\\/?s={search_term_string}\"},\"query-input\":{\"@type\":\"PropertyValueSpecification\",\"valueRequired\":true,\"valueName\":\"search_term_string\"}}],\"inLanguage\":\"en-US\"},{\"@type\":\"Organization\",\"@id\":\"https:\\\/\\\/mandragorastore.pl\\\/#organization\",\"name\":\"Mandragora by Martyna - Wyj\u0105tkowy sklep odzie\u017cowy dla kobiet\",\"url\":\"https:\\\/\\\/mandragorastore.pl\\\/\",\"logo\":{\"@type\":\"ImageObject\",\"inLanguage\":\"en-US\",\"@id\":\"https:\\\/\\\/mandragorastore.pl\\\/#\\\/schema\\\/logo\\\/image\\\/\",\"url\":\"https:\\\/\\\/mandragorastore.pl\\\/wp-content\\\/uploads\\\/2025\\\/10\\\/COVER.categories.png\",\"contentUrl\":\"https:\\\/\\\/mandragorastore.pl\\\/wp-content\\\/uploads\\\/2025\\\/10\\\/COVER.categories.png\",\"width\":800,\"height\":801,\"caption\":\"Mandragora by Martyna - Wyj\u0105tkowy sklep odzie\u017cowy dla kobiet\"},\"image\":{\"@id\":\"https:\\\/\\\/mandragorastore.pl\\\/#\\\/schema\\\/logo\\\/image\\\/\"},\"sameAs\":[\"https:\\\/\\\/www.facebook.com\\\/madragorastore\\\/\",\"https:\\\/\\\/www.instagram.com\\\/mandragorastore.pl\\\/\"]}]}<\/script>\n<!-- \/ Yoast SEO plugin. -->","yoast_head_json":{"title":"TOP FIT LONG - MANDRAGORA - Designed for women. Made in Poland.","robots":{"index":"index","follow":"follow","max-snippet":"max-snippet:-1","max-image-preview":"max-image-preview:large","max-video-preview":"max-video-preview:-1"},"canonical":"https:\/\/mandragorastore.pl\/en\/product\/top-fit-long\/","og_locale":"en_US","og_type":"article","og_title":"TOP FIT LONG - MANDRAGORA - Designed for women. Made in Poland.","og_description":"Nasza sportowa, obcis\u0142a bluzka z d\u0142ugim r\u0119kawem, nonszalancko odkrywaj\u0105ca brzuch, \u015bwietnie pasuje do wielu stylizacji zar\u00f3wno tych sportowych, jak i codziennych. Mi\u0119kki materia\u0142, z kt\u00f3rego jest uszyta zagwarantuje Ci najwy\u017cszy stopie\u0144 wygody, a kr\u00f3j podkre\u015bli pi\u0119knie Twoj\u0105 sylwetk\u0119. Elastyczna guma w talii z logo MANDRAGORA. Tkanina jest szybkoschn\u0105ca, oddychaj\u0105ca i trwa\u0142a \u2013 niezawodna podczas uprawiania sportu.  Sk\u0142ad \u2013 80% bawe\u0142na, 20% poliester  Wyprodukowane w Polsce.","og_url":"https:\/\/mandragorastore.pl\/en\/product\/top-fit-long\/","og_site_name":"MANDRAGORA - Designed for women. Made in Poland.","article_publisher":"https:\/\/www.facebook.com\/madragorastore\/","article_modified_time":"2026-04-01T08:34:32+00:00","og_image":[{"width":1862,"height":2560,"url":"https:\/\/mandragorastore.pl\/wp-content\/uploads\/2026\/02\/top-z-dlugim-rekawem-1-scaled.webp","type":"image\/webp"}],"twitter_card":"summary_large_image","twitter_misc":{"Est. reading time":"1 minute"},"schema":{"@context":"https:\/\/schema.org","@graph":[{"@type":"WebPage","@id":"https:\/\/mandragorastore.pl\/product\/top-fit-long\/","url":"https:\/\/mandragorastore.pl\/product\/top-fit-long\/","name":"TOP FIT LONG - MANDRAGORA - Designed for women. Made in Poland.","isPartOf":{"@id":"https:\/\/mandragorastore.pl\/#website"},"primaryImageOfPage":{"@id":"https:\/\/mandragorastore.pl\/product\/top-fit-long\/#primaryimage"},"image":{"@id":"https:\/\/mandragorastore.pl\/product\/top-fit-long\/#primaryimage"},"thumbnailUrl":"https:\/\/mandragorastore.pl\/wp-content\/uploads\/2026\/02\/top-z-dlugim-rekawem-1-scaled.webp","datePublished":"2026-02-10T11:26:37+00:00","dateModified":"2026-04-01T08:34:32+00:00","breadcrumb":{"@id":"https:\/\/mandragorastore.pl\/product\/top-fit-long\/#breadcrumb"},"inLanguage":"en-US","potentialAction":[{"@type":"ReadAction","target":["https:\/\/mandragorastore.pl\/product\/top-fit-long\/"]}]},{"@type":"ImageObject","inLanguage":"en-US","@id":"https:\/\/mandragorastore.pl\/product\/top-fit-long\/#primaryimage","url":"https:\/\/mandragorastore.pl\/wp-content\/uploads\/2026\/02\/top-z-dlugim-rekawem-1-scaled.webp","contentUrl":"https:\/\/mandragorastore.pl\/wp-content\/uploads\/2026\/02\/top-z-dlugim-rekawem-1-scaled.webp","width":1862,"height":2560},{"@type":"BreadcrumbList","@id":"https:\/\/mandragorastore.pl\/product\/top-fit-long\/#breadcrumb","itemListElement":[{"@type":"ListItem","position":1,"name":"Strona g\u0142\u00f3wna","item":"https:\/\/mandragorastore.pl\/"},{"@type":"ListItem","position":2,"name":"Katalog","item":"https:\/\/mandragorastore.pl\/sklep\/"},{"@type":"ListItem","position":3,"name":"TOP FIT LONG"}]},{"@type":"WebSite","@id":"https:\/\/mandragorastore.pl\/#website","url":"https:\/\/mandragorastore.pl\/","name":"Mandragora by Martyna - Unique Clothing Store for Women","description":"","publisher":{"@id":"https:\/\/mandragorastore.pl\/#organization"},"potentialAction":[{"@type":"SearchAction","target":{"@type":"EntryPoint","urlTemplate":"https:\/\/mandragorastore.pl\/?s={search_term_string}"},"query-input":{"@type":"PropertyValueSpecification","valueRequired":true,"valueName":"search_term_string"}}],"inLanguage":"en-US"},{"@type":"Organization","@id":"https:\/\/mandragorastore.pl\/#organization","name":"Mandragora by Martyna - Unique Clothing Store for Women","url":"https:\/\/mandragorastore.pl\/","logo":{"@type":"ImageObject","inLanguage":"en-US","@id":"https:\/\/mandragorastore.pl\/#\/schema\/logo\/image\/","url":"https:\/\/mandragorastore.pl\/wp-content\/uploads\/2025\/10\/COVER.categories.png","contentUrl":"https:\/\/mandragorastore.pl\/wp-content\/uploads\/2025\/10\/COVER.categories.png","width":800,"height":801,"caption":"Mandragora by Martyna - Wyj\u0105tkowy sklep odzie\u017cowy dla kobiet"},"image":{"@id":"https:\/\/mandragorastore.pl\/#\/schema\/logo\/image\/"},"sameAs":["https:\/\/www.facebook.com\/madragorastore\/","https:\/\/www.instagram.com\/mandragorastore.pl\/"]}]}},"_links":{"self":[{"href":"https:\/\/mandragorastore.pl\/en\/wp-json\/wp\/v2\/product\/4131","targetHints":{"allow":["GET"]}}],"collection":[{"href":"https:\/\/mandragorastore.pl\/en\/wp-json\/wp\/v2\/product"}],"about":[{"href":"https:\/\/mandragorastore.pl\/en\/wp-json\/wp\/v2\/types\/product"}],"wp:featuredmedia":[{"embeddable":true,"href":"https:\/\/mandragorastore.pl\/en\/wp-json\/wp\/v2\/media\/4259"}],"wp:attachment":[{"href":"https:\/\/mandragorastore.pl\/en\/wp-json\/wp\/v2\/media?parent=4131"}],"wp:term":[{"taxonomy":"product_brand","embeddable":true,"href":"https:\/\/mandragorastore.pl\/en\/wp-json\/wp\/v2\/product_brand?post=4131"},{"taxonomy":"product_cat","embeddable":true,"href":"https:\/\/mandragorastore.pl\/en\/wp-json\/wp\/v2\/product_cat?post=4131"},{"taxonomy":"product_tag","embeddable":true,"href":"https:\/\/mandragorastore.pl\/en\/wp-json\/wp\/v2\/product_tag?post=4131"}],"curies":[{"name":"WP","href":"https:\/\/api.w.org\/{rel}","templated":true}]}}