{"id":4148,"date":"2026-02-10T12:40:57","date_gmt":"2026-02-10T11:40:57","guid":{"rendered":"https:\/\/mandragorastore.pl\/?post_type=product&#038;p=4148"},"modified":"2026-04-01T10:34:32","modified_gmt":"2026-04-01T08:34:32","slug":"koszulka-szalej-jadowity-szary","status":"publish","type":"product","link":"https:\/\/mandragorastore.pl\/en\/product\/koszulka-szalej-jadowity-szary\/","title":{"rendered":"Shirt Shalej Venom - gray"},"content":{"rendered":"<p>This is a women's blouse with short sleeves. The v-shaped neckline will optically lengthen the neck.  The T-shirt has a fitted and waisted cut that will accentuate your figure.<\/p>\n<p>- MANDRAGOR label sewn into the neck<\/p>\n<p>- Print \u201e Mandragora \u201e on the left breast.<\/p>\n<p><span style=\"color: #ff0000;\"><strong>NOTES:<br \/>\n<\/strong><strong>In the absence of product <\/strong><strong>in stock or larger<br \/>\norders <\/strong><strong>(extended lead time of 7-10 business days)<\/strong><\/span><\/p>\n<ul class=\"\">\n<li class=\"\"><span class=\"\">Fast delivery\u00a0<\/span><\/li>\n<li class=\"\">14 days for easy return<\/li>\n<\/ul>\n<div class=\"\">Cost of Delivery :<\/div>\n<ul class=\"\">\n<li class=\"\">InPost courier service: PLN 15.00<\/li>\n<li class=\"\">Parcel Post Inpost: PLN 13.00<\/li>\n<\/ul>\n<p><strong>Dimensions :\u00a0<\/strong><\/p>\n<table>\n<tbody>\n<tr>\n<td width=\"113\"><\/td>\n<td width=\"48\">XS<\/td>\n<td width=\"48\">S<\/td>\n<td width=\"48\">M<\/td>\n<td width=\"48\">L<\/td>\n<\/tr>\n<tr>\n<td width=\"113\">Length<\/td>\n<td width=\"48\">61<\/td>\n<td width=\"48\">62,5<\/td>\n<td width=\"48\">64<\/td>\n<td width=\"48\">65,5<\/td>\n<\/tr>\n<tr>\n<td width=\"113\">Width<\/td>\n<td width=\"48\">43<\/td>\n<td width=\"48\">45<\/td>\n<td width=\"48\">47<\/td>\n<td width=\"48\">49<\/td>\n<\/tr>\n<tr>\n<td width=\"113\">Sleeve<\/td>\n<td width=\"48\">15,5<\/td>\n<td width=\"48\">16<\/td>\n<td width=\"48\">16,5<\/td>\n<td width=\"48\">17<\/td>\n<\/tr>\n<\/tbody>\n<\/table>","protected":false},"excerpt":{"rendered":"<p>This is a women's blouse with short sleeves. The v-shaped neckline will optically lengthen the neck.  The T-shirt has a fitted and waisted cut that will accentuate your figure.<\/p>\n<p><strong>Composition:<\/strong><strong>92 % cotton<\/strong><strong>8% elastane<\/strong><\/p>\n<p>Manufactured in Poland.<\/p>","protected":false},"featured_media":4250,"template":"","meta":[],"product_brand":[],"product_cat":[27,142],"product_tag":[],"class_list":{"0":"post-4148","1":"product","2":"type-product","3":"status-publish","4":"has-post-thumbnail","6":"product_cat-bluzy","7":"product_cat-gory","9":"first","10":"instock","11":"shipping-taxable","12":"purchasable","13":"product-type-variable","14":"wpzoom-wc-spi-has-enabled"},"yoast_head":"<!-- This site is optimized with the Yoast SEO plugin v27.3 - https:\/\/yoast.com\/product\/yoast-seo-wordpress\/ -->\n<title>Koszulka Szalej Jadowity - szary - MANDRAGORA - Designed for women. Made in Poland.<\/title>\n<meta name=\"robots\" content=\"index, follow, max-snippet:-1, max-image-preview:large, max-video-preview:-1\" \/>\n<link rel=\"canonical\" href=\"https:\/\/mandragorastore.pl\/en\/product\/koszulka-szalej-jadowity-szary\/\" \/>\n<meta property=\"og:locale\" content=\"en_US\" \/>\n<meta property=\"og:type\" content=\"article\" \/>\n<meta property=\"og:title\" content=\"Koszulka Szalej Jadowity - szary - MANDRAGORA - Designed for women. Made in Poland.\" \/>\n<meta property=\"og:description\" content=\"To damska bluzka z kr\u00f3tkim r\u0119kawem. Dekolt w kszta\u0142cie litery v optycznie wyd\u0142u\u017cy szyj\u0119.\u00a0 T-shirt ma dopasowany i taliowany fason, kt\u00f3ry b\u0119dzie podkre\u015bla\u0142 Twoj\u0105 sylwetk\u0119.  Sk\u0142ad:92 % bawe\u0142na8% elastan  Wyprodukowane w Polsce.\" \/>\n<meta property=\"og:url\" content=\"https:\/\/mandragorastore.pl\/en\/product\/koszulka-szalej-jadowity-szary\/\" \/>\n<meta property=\"og:site_name\" content=\"MANDRAGORA - Designed for women. Made in Poland.\" \/>\n<meta property=\"article:publisher\" content=\"https:\/\/www.facebook.com\/madragorastore\/\" \/>\n<meta property=\"article:modified_time\" content=\"2026-04-01T08:34:32+00:00\" \/>\n<meta property=\"og:image\" content=\"https:\/\/mandragorastore.pl\/wp-content\/uploads\/2026\/02\/koszulka-Szalej-Jadowity-szary-2.jpg-scaled.webp\" \/>\n\t<meta property=\"og:image:width\" content=\"1703\" \/>\n\t<meta property=\"og:image:height\" content=\"2560\" \/>\n\t<meta property=\"og:image:type\" content=\"image\/webp\" \/>\n<meta name=\"twitter:card\" content=\"summary_large_image\" \/>\n<meta name=\"twitter:label1\" content=\"Est. reading time\" \/>\n\t<meta name=\"twitter:data1\" content=\"1 minute\" \/>\n<script type=\"application\/ld+json\" class=\"yoast-schema-graph\">{\"@context\":\"https:\\\/\\\/schema.org\",\"@graph\":[{\"@type\":\"WebPage\",\"@id\":\"https:\\\/\\\/mandragorastore.pl\\\/product\\\/koszulka-szalej-jadowity-szary\\\/\",\"url\":\"https:\\\/\\\/mandragorastore.pl\\\/product\\\/koszulka-szalej-jadowity-szary\\\/\",\"name\":\"Koszulka Szalej Jadowity - szary - MANDRAGORA - Designed for women. Made in Poland.\",\"isPartOf\":{\"@id\":\"https:\\\/\\\/mandragorastore.pl\\\/#website\"},\"primaryImageOfPage\":{\"@id\":\"https:\\\/\\\/mandragorastore.pl\\\/product\\\/koszulka-szalej-jadowity-szary\\\/#primaryimage\"},\"image\":{\"@id\":\"https:\\\/\\\/mandragorastore.pl\\\/product\\\/koszulka-szalej-jadowity-szary\\\/#primaryimage\"},\"thumbnailUrl\":\"https:\\\/\\\/mandragorastore.pl\\\/wp-content\\\/uploads\\\/2026\\\/02\\\/koszulka-Szalej-Jadowity-szary-2.jpg-scaled.webp\",\"datePublished\":\"2026-02-10T11:40:57+00:00\",\"dateModified\":\"2026-04-01T08:34:32+00:00\",\"breadcrumb\":{\"@id\":\"https:\\\/\\\/mandragorastore.pl\\\/product\\\/koszulka-szalej-jadowity-szary\\\/#breadcrumb\"},\"inLanguage\":\"en-US\",\"potentialAction\":[{\"@type\":\"ReadAction\",\"target\":[\"https:\\\/\\\/mandragorastore.pl\\\/product\\\/koszulka-szalej-jadowity-szary\\\/\"]}]},{\"@type\":\"ImageObject\",\"inLanguage\":\"en-US\",\"@id\":\"https:\\\/\\\/mandragorastore.pl\\\/product\\\/koszulka-szalej-jadowity-szary\\\/#primaryimage\",\"url\":\"https:\\\/\\\/mandragorastore.pl\\\/wp-content\\\/uploads\\\/2026\\\/02\\\/koszulka-Szalej-Jadowity-szary-2.jpg-scaled.webp\",\"contentUrl\":\"https:\\\/\\\/mandragorastore.pl\\\/wp-content\\\/uploads\\\/2026\\\/02\\\/koszulka-Szalej-Jadowity-szary-2.jpg-scaled.webp\",\"width\":1703,\"height\":2560},{\"@type\":\"BreadcrumbList\",\"@id\":\"https:\\\/\\\/mandragorastore.pl\\\/product\\\/koszulka-szalej-jadowity-szary\\\/#breadcrumb\",\"itemListElement\":[{\"@type\":\"ListItem\",\"position\":1,\"name\":\"Strona g\u0142\u00f3wna\",\"item\":\"https:\\\/\\\/mandragorastore.pl\\\/\"},{\"@type\":\"ListItem\",\"position\":2,\"name\":\"Katalog\",\"item\":\"https:\\\/\\\/mandragorastore.pl\\\/sklep\\\/\"},{\"@type\":\"ListItem\",\"position\":3,\"name\":\"Koszulka Szalej Jadowity &#8211; szary\"}]},{\"@type\":\"WebSite\",\"@id\":\"https:\\\/\\\/mandragorastore.pl\\\/#website\",\"url\":\"https:\\\/\\\/mandragorastore.pl\\\/\",\"name\":\"Mandragora by Martyna - Wyj\u0105tkowy sklep odzie\u017cowy dla kobiet\",\"description\":\"\",\"publisher\":{\"@id\":\"https:\\\/\\\/mandragorastore.pl\\\/#organization\"},\"potentialAction\":[{\"@type\":\"SearchAction\",\"target\":{\"@type\":\"EntryPoint\",\"urlTemplate\":\"https:\\\/\\\/mandragorastore.pl\\\/?s={search_term_string}\"},\"query-input\":{\"@type\":\"PropertyValueSpecification\",\"valueRequired\":true,\"valueName\":\"search_term_string\"}}],\"inLanguage\":\"en-US\"},{\"@type\":\"Organization\",\"@id\":\"https:\\\/\\\/mandragorastore.pl\\\/#organization\",\"name\":\"Mandragora by Martyna - Wyj\u0105tkowy sklep odzie\u017cowy dla kobiet\",\"url\":\"https:\\\/\\\/mandragorastore.pl\\\/\",\"logo\":{\"@type\":\"ImageObject\",\"inLanguage\":\"en-US\",\"@id\":\"https:\\\/\\\/mandragorastore.pl\\\/#\\\/schema\\\/logo\\\/image\\\/\",\"url\":\"https:\\\/\\\/mandragorastore.pl\\\/wp-content\\\/uploads\\\/2025\\\/10\\\/COVER.categories.png\",\"contentUrl\":\"https:\\\/\\\/mandragorastore.pl\\\/wp-content\\\/uploads\\\/2025\\\/10\\\/COVER.categories.png\",\"width\":800,\"height\":801,\"caption\":\"Mandragora by Martyna - Wyj\u0105tkowy sklep odzie\u017cowy dla kobiet\"},\"image\":{\"@id\":\"https:\\\/\\\/mandragorastore.pl\\\/#\\\/schema\\\/logo\\\/image\\\/\"},\"sameAs\":[\"https:\\\/\\\/www.facebook.com\\\/madragorastore\\\/\",\"https:\\\/\\\/www.instagram.com\\\/mandragorastore.pl\\\/\"]}]}<\/script>\n<!-- \/ Yoast SEO plugin. -->","yoast_head_json":{"title":"Koszulka Szalej Jadowity - szary - MANDRAGORA - Designed for women. Made in Poland.","robots":{"index":"index","follow":"follow","max-snippet":"max-snippet:-1","max-image-preview":"max-image-preview:large","max-video-preview":"max-video-preview:-1"},"canonical":"https:\/\/mandragorastore.pl\/en\/product\/koszulka-szalej-jadowity-szary\/","og_locale":"en_US","og_type":"article","og_title":"Koszulka Szalej Jadowity - szary - MANDRAGORA - Designed for women. Made in Poland.","og_description":"To damska bluzka z kr\u00f3tkim r\u0119kawem. Dekolt w kszta\u0142cie litery v optycznie wyd\u0142u\u017cy szyj\u0119.\u00a0 T-shirt ma dopasowany i taliowany fason, kt\u00f3ry b\u0119dzie podkre\u015bla\u0142 Twoj\u0105 sylwetk\u0119.  Sk\u0142ad:92 % bawe\u0142na8% elastan  Wyprodukowane w Polsce.","og_url":"https:\/\/mandragorastore.pl\/en\/product\/koszulka-szalej-jadowity-szary\/","og_site_name":"MANDRAGORA - Designed for women. Made in Poland.","article_publisher":"https:\/\/www.facebook.com\/madragorastore\/","article_modified_time":"2026-04-01T08:34:32+00:00","og_image":[{"width":1703,"height":2560,"url":"https:\/\/mandragorastore.pl\/wp-content\/uploads\/2026\/02\/koszulka-Szalej-Jadowity-szary-2.jpg-scaled.webp","type":"image\/webp"}],"twitter_card":"summary_large_image","twitter_misc":{"Est. reading time":"1 minute"},"schema":{"@context":"https:\/\/schema.org","@graph":[{"@type":"WebPage","@id":"https:\/\/mandragorastore.pl\/product\/koszulka-szalej-jadowity-szary\/","url":"https:\/\/mandragorastore.pl\/product\/koszulka-szalej-jadowity-szary\/","name":"Koszulka Szalej Jadowity - szary - MANDRAGORA - Designed for women. Made in Poland.","isPartOf":{"@id":"https:\/\/mandragorastore.pl\/#website"},"primaryImageOfPage":{"@id":"https:\/\/mandragorastore.pl\/product\/koszulka-szalej-jadowity-szary\/#primaryimage"},"image":{"@id":"https:\/\/mandragorastore.pl\/product\/koszulka-szalej-jadowity-szary\/#primaryimage"},"thumbnailUrl":"https:\/\/mandragorastore.pl\/wp-content\/uploads\/2026\/02\/koszulka-Szalej-Jadowity-szary-2.jpg-scaled.webp","datePublished":"2026-02-10T11:40:57+00:00","dateModified":"2026-04-01T08:34:32+00:00","breadcrumb":{"@id":"https:\/\/mandragorastore.pl\/product\/koszulka-szalej-jadowity-szary\/#breadcrumb"},"inLanguage":"en-US","potentialAction":[{"@type":"ReadAction","target":["https:\/\/mandragorastore.pl\/product\/koszulka-szalej-jadowity-szary\/"]}]},{"@type":"ImageObject","inLanguage":"en-US","@id":"https:\/\/mandragorastore.pl\/product\/koszulka-szalej-jadowity-szary\/#primaryimage","url":"https:\/\/mandragorastore.pl\/wp-content\/uploads\/2026\/02\/koszulka-Szalej-Jadowity-szary-2.jpg-scaled.webp","contentUrl":"https:\/\/mandragorastore.pl\/wp-content\/uploads\/2026\/02\/koszulka-Szalej-Jadowity-szary-2.jpg-scaled.webp","width":1703,"height":2560},{"@type":"BreadcrumbList","@id":"https:\/\/mandragorastore.pl\/product\/koszulka-szalej-jadowity-szary\/#breadcrumb","itemListElement":[{"@type":"ListItem","position":1,"name":"Strona g\u0142\u00f3wna","item":"https:\/\/mandragorastore.pl\/"},{"@type":"ListItem","position":2,"name":"Katalog","item":"https:\/\/mandragorastore.pl\/sklep\/"},{"@type":"ListItem","position":3,"name":"Koszulka Szalej Jadowity &#8211; szary"}]},{"@type":"WebSite","@id":"https:\/\/mandragorastore.pl\/#website","url":"https:\/\/mandragorastore.pl\/","name":"Mandragora by Martyna - Unique Clothing Store for Women","description":"","publisher":{"@id":"https:\/\/mandragorastore.pl\/#organization"},"potentialAction":[{"@type":"SearchAction","target":{"@type":"EntryPoint","urlTemplate":"https:\/\/mandragorastore.pl\/?s={search_term_string}"},"query-input":{"@type":"PropertyValueSpecification","valueRequired":true,"valueName":"search_term_string"}}],"inLanguage":"en-US"},{"@type":"Organization","@id":"https:\/\/mandragorastore.pl\/#organization","name":"Mandragora by Martyna - Unique Clothing Store for Women","url":"https:\/\/mandragorastore.pl\/","logo":{"@type":"ImageObject","inLanguage":"en-US","@id":"https:\/\/mandragorastore.pl\/#\/schema\/logo\/image\/","url":"https:\/\/mandragorastore.pl\/wp-content\/uploads\/2025\/10\/COVER.categories.png","contentUrl":"https:\/\/mandragorastore.pl\/wp-content\/uploads\/2025\/10\/COVER.categories.png","width":800,"height":801,"caption":"Mandragora by Martyna - Wyj\u0105tkowy sklep odzie\u017cowy dla kobiet"},"image":{"@id":"https:\/\/mandragorastore.pl\/#\/schema\/logo\/image\/"},"sameAs":["https:\/\/www.facebook.com\/madragorastore\/","https:\/\/www.instagram.com\/mandragorastore.pl\/"]}]}},"_links":{"self":[{"href":"https:\/\/mandragorastore.pl\/en\/wp-json\/wp\/v2\/product\/4148","targetHints":{"allow":["GET"]}}],"collection":[{"href":"https:\/\/mandragorastore.pl\/en\/wp-json\/wp\/v2\/product"}],"about":[{"href":"https:\/\/mandragorastore.pl\/en\/wp-json\/wp\/v2\/types\/product"}],"wp:featuredmedia":[{"embeddable":true,"href":"https:\/\/mandragorastore.pl\/en\/wp-json\/wp\/v2\/media\/4250"}],"wp:attachment":[{"href":"https:\/\/mandragorastore.pl\/en\/wp-json\/wp\/v2\/media?parent=4148"}],"wp:term":[{"taxonomy":"product_brand","embeddable":true,"href":"https:\/\/mandragorastore.pl\/en\/wp-json\/wp\/v2\/product_brand?post=4148"},{"taxonomy":"product_cat","embeddable":true,"href":"https:\/\/mandragorastore.pl\/en\/wp-json\/wp\/v2\/product_cat?post=4148"},{"taxonomy":"product_tag","embeddable":true,"href":"https:\/\/mandragorastore.pl\/en\/wp-json\/wp\/v2\/product_tag?post=4148"}],"curies":[{"name":"WP","href":"https:\/\/api.w.org\/{rel}","templated":true}]}}