{"id":4367,"date":"2026-03-25T11:03:30","date_gmt":"2026-03-25T10:03:30","guid":{"rendered":"https:\/\/mandragorastore.pl\/?post_type=product&#038;p=4367"},"modified":"2026-04-08T18:50:54","modified_gmt":"2026-04-08T16:50:54","slug":"marynarka-marlo-bez","status":"publish","type":"product","link":"https:\/\/mandragorastore.pl\/en\/product\/marynarka-marlo-bez\/","title":{"rendered":"Marlo Beige Jacket"},"content":{"rendered":"<p>The model is 173 cm tall and presents size XS\/S.<\/p>\n<p><strong>Dimensions :<\/strong><\/p>\n<table data-tablestyle=\"MsoTableGrid\" data-tablelook=\"1184\" aria-rowcount=\"4\">\n<tbody>\n<tr aria-rowindex=\"1\">\n<td data-celllook=\"0\"><span data-ccp-props=\"\">\u00a0<\/span><\/td>\n<td data-celllook=\"0\">XS\/S<\/td>\n<td data-celllook=\"0\"><span data-contrast=\"auto\">M\/L<\/span><\/td>\n<\/tr>\n<tr aria-rowindex=\"2\">\n<td data-celllook=\"0\"><span data-contrast=\"auto\">Bust<\/span><\/td>\n<td data-celllook=\"0\"><span data-contrast=\"auto\">80-95 cm<\/span><span data-ccp-props=\"\">\u00a0<\/span><\/td>\n<td data-celllook=\"0\"><span data-contrast=\"auto\">95-110 cm <\/span><span data-ccp-props=\"\">\u00a0<\/span><\/td>\n<\/tr>\n<tr aria-rowindex=\"3\">\n<td data-celllook=\"0\"><span data-contrast=\"auto\">Sleeve<\/span><span data-ccp-props=\"\">\u00a0<\/span><\/td>\n<td data-celllook=\"0\"><span data-contrast=\"auto\">66 cm<\/span><span data-ccp-props=\"\">\u00a0<\/span><\/td>\n<td data-celllook=\"0\"><span data-contrast=\"auto\">68 cm<\/span><span data-ccp-props=\"\">\u00a0<\/span><\/td>\n<\/tr>\n<tr aria-rowindex=\"4\">\n<td data-celllook=\"0\"><span data-contrast=\"auto\">Overall length<\/span><span data-ccp-props=\"\">\u00a0<\/span><\/td>\n<td data-celllook=\"0\"><span data-contrast=\"auto\">40 cm<\/span><span data-ccp-props=\"\">\u00a0<\/span><\/td>\n<td data-celllook=\"0\"><span data-contrast=\"auto\">42 cm<\/span><span data-ccp-props=\"\">\u00a0<\/span><\/td>\n<\/tr>\n<\/tbody>\n<\/table>","protected":false},"excerpt":{"rendered":"<p>A jacket with a shortened, modern form, distinguished by a clearly defined shoulder line and wide, geometric lapels. The fitted cut subtly emphasizes the waist, giving the silhouette proportion and elegant lightness. The decorative cuffs are a sophisticated detail that emphasizes the character of the design and attracts attention. The minimalist design combined with refined elements creates a model with a contemporary, refined aesthetic. Made of high-quality fabric with a predominance of viscose, it ensures comfortable wearing and natural layering on the silhouette, while the viscose lining further enhances comfort. Wear paired with MARLO pants.<\/p>\n<p>Composition: 74% viscose, 23% polyester, 3% elastane, 100% viscose lining.<\/p>\n<p>Sewn and designed in Poland.<\/p>","protected":false},"featured_media":4431,"template":"","meta":[],"product_brand":[],"product_cat":[142,83,155],"product_tag":[],"class_list":{"0":"post-4367","1":"product","2":"type-product","3":"status-publish","4":"has-post-thumbnail","6":"product_cat-gory","7":"product_cat-marynarki","8":"product_cat-ss-26","10":"first","11":"instock","12":"shipping-taxable","13":"purchasable","14":"product-type-variable","15":"has-default-attributes","16":"wpzoom-wc-spi-has-enabled"},"yoast_head":"<!-- This site is optimized with the Yoast SEO plugin v27.3 - https:\/\/yoast.com\/product\/yoast-seo-wordpress\/ -->\n<title>Marynarka Marlo Be\u017c - MANDRAGORA - Designed for women. Made in Poland.<\/title>\n<meta name=\"robots\" content=\"index, follow, max-snippet:-1, max-image-preview:large, max-video-preview:-1\" \/>\n<link rel=\"canonical\" href=\"https:\/\/mandragorastore.pl\/en\/product\/marynarka-marlo-bez\/\" \/>\n<meta property=\"og:locale\" content=\"en_US\" \/>\n<meta property=\"og:type\" content=\"article\" \/>\n<meta property=\"og:title\" content=\"Marynarka Marlo Be\u017c - MANDRAGORA - Designed for women. Made in Poland.\" \/>\n<meta property=\"og:description\" content=\"Marynarka o skr\u00f3conej, nowoczesnej formie, wyr\u00f3\u017cniaj\u0105ca si\u0119 wyra\u017anie zarysowan\u0105 lini\u0105 ramion i szerokimi, geometrycznymi klapami. Dopasowany kr\u00f3j subtelnie podkre\u015bla tali\u0119, nadaj\u0105c sylwetce proporcji i eleganckiej lekko\u015bci. Ozdobne mankiety stanowi\u0105 wyrafinowany detal, kt\u00f3ry podkre\u015bla charakter projektu i przyci\u0105ga uwag\u0119. Minimalistyczna konstrukcja w po\u0142\u0105czeniu z dopracowanymi elementami tworzy model o wsp\u00f3\u0142czesnej, dopracowanej estetyce. Wykonana z wysokiej jako\u015bci tkaniny z przewag\u0105 wiskozy, zapewnia komfort noszenia i naturalne uk\u0142adanie si\u0119 na sylwetce, a wiskozowa podszewka dodatkowo podnosi wygod\u0119 u\u017cytkowania. No\u015b w komplecie ze spodniami MARLO.  Sk\u0142ad: 74% wiskoza, 23% poliester, 3% elastan, podszewka 100% wiskoza  Szyte i projektowane w Polsce.\" \/>\n<meta property=\"og:url\" content=\"https:\/\/mandragorastore.pl\/en\/product\/marynarka-marlo-bez\/\" \/>\n<meta property=\"og:site_name\" content=\"MANDRAGORA - Designed for women. Made in Poland.\" \/>\n<meta property=\"article:publisher\" content=\"https:\/\/www.facebook.com\/madragorastore\/\" \/>\n<meta property=\"article:modified_time\" content=\"2026-04-08T16:50:54+00:00\" \/>\n<meta property=\"og:image\" content=\"https:\/\/mandragorastore.pl\/wp-content\/uploads\/2026\/03\/27A1233-Edit-2.webp\" \/>\n\t<meta property=\"og:image:width\" content=\"1500\" \/>\n\t<meta property=\"og:image:height\" content=\"2000\" \/>\n\t<meta property=\"og:image:type\" content=\"image\/webp\" \/>\n<meta name=\"twitter:card\" content=\"summary_large_image\" \/>\n<meta name=\"twitter:label1\" content=\"Est. reading time\" \/>\n\t<meta name=\"twitter:data1\" content=\"1 minute\" \/>\n<script type=\"application\/ld+json\" class=\"yoast-schema-graph\">{\"@context\":\"https:\\\/\\\/schema.org\",\"@graph\":[{\"@type\":\"WebPage\",\"@id\":\"https:\\\/\\\/mandragorastore.pl\\\/product\\\/marynarka-marlo-bez\\\/\",\"url\":\"https:\\\/\\\/mandragorastore.pl\\\/product\\\/marynarka-marlo-bez\\\/\",\"name\":\"Marynarka Marlo Be\u017c - MANDRAGORA - Designed for women. Made in Poland.\",\"isPartOf\":{\"@id\":\"https:\\\/\\\/mandragorastore.pl\\\/#website\"},\"primaryImageOfPage\":{\"@id\":\"https:\\\/\\\/mandragorastore.pl\\\/product\\\/marynarka-marlo-bez\\\/#primaryimage\"},\"image\":{\"@id\":\"https:\\\/\\\/mandragorastore.pl\\\/product\\\/marynarka-marlo-bez\\\/#primaryimage\"},\"thumbnailUrl\":\"https:\\\/\\\/mandragorastore.pl\\\/wp-content\\\/uploads\\\/2026\\\/03\\\/27A1233-Edit-2.webp\",\"datePublished\":\"2026-03-25T10:03:30+00:00\",\"dateModified\":\"2026-04-08T16:50:54+00:00\",\"breadcrumb\":{\"@id\":\"https:\\\/\\\/mandragorastore.pl\\\/product\\\/marynarka-marlo-bez\\\/#breadcrumb\"},\"inLanguage\":\"en-US\",\"potentialAction\":[{\"@type\":\"ReadAction\",\"target\":[\"https:\\\/\\\/mandragorastore.pl\\\/product\\\/marynarka-marlo-bez\\\/\"]}]},{\"@type\":\"ImageObject\",\"inLanguage\":\"en-US\",\"@id\":\"https:\\\/\\\/mandragorastore.pl\\\/product\\\/marynarka-marlo-bez\\\/#primaryimage\",\"url\":\"https:\\\/\\\/mandragorastore.pl\\\/wp-content\\\/uploads\\\/2026\\\/03\\\/27A1233-Edit-2.webp\",\"contentUrl\":\"https:\\\/\\\/mandragorastore.pl\\\/wp-content\\\/uploads\\\/2026\\\/03\\\/27A1233-Edit-2.webp\",\"width\":1500,\"height\":2000},{\"@type\":\"BreadcrumbList\",\"@id\":\"https:\\\/\\\/mandragorastore.pl\\\/product\\\/marynarka-marlo-bez\\\/#breadcrumb\",\"itemListElement\":[{\"@type\":\"ListItem\",\"position\":1,\"name\":\"Strona g\u0142\u00f3wna\",\"item\":\"https:\\\/\\\/mandragorastore.pl\\\/\"},{\"@type\":\"ListItem\",\"position\":2,\"name\":\"Katalog\",\"item\":\"https:\\\/\\\/mandragorastore.pl\\\/sklep\\\/\"},{\"@type\":\"ListItem\",\"position\":3,\"name\":\"Marynarka Marlo Be\u017c\"}]},{\"@type\":\"WebSite\",\"@id\":\"https:\\\/\\\/mandragorastore.pl\\\/#website\",\"url\":\"https:\\\/\\\/mandragorastore.pl\\\/\",\"name\":\"Mandragora by Martyna - Wyj\u0105tkowy sklep odzie\u017cowy dla kobiet\",\"description\":\"\",\"publisher\":{\"@id\":\"https:\\\/\\\/mandragorastore.pl\\\/#organization\"},\"potentialAction\":[{\"@type\":\"SearchAction\",\"target\":{\"@type\":\"EntryPoint\",\"urlTemplate\":\"https:\\\/\\\/mandragorastore.pl\\\/?s={search_term_string}\"},\"query-input\":{\"@type\":\"PropertyValueSpecification\",\"valueRequired\":true,\"valueName\":\"search_term_string\"}}],\"inLanguage\":\"en-US\"},{\"@type\":\"Organization\",\"@id\":\"https:\\\/\\\/mandragorastore.pl\\\/#organization\",\"name\":\"Mandragora by Martyna - Wyj\u0105tkowy sklep odzie\u017cowy dla kobiet\",\"url\":\"https:\\\/\\\/mandragorastore.pl\\\/\",\"logo\":{\"@type\":\"ImageObject\",\"inLanguage\":\"en-US\",\"@id\":\"https:\\\/\\\/mandragorastore.pl\\\/#\\\/schema\\\/logo\\\/image\\\/\",\"url\":\"https:\\\/\\\/mandragorastore.pl\\\/wp-content\\\/uploads\\\/2025\\\/10\\\/COVER.categories.png\",\"contentUrl\":\"https:\\\/\\\/mandragorastore.pl\\\/wp-content\\\/uploads\\\/2025\\\/10\\\/COVER.categories.png\",\"width\":800,\"height\":801,\"caption\":\"Mandragora by Martyna - Wyj\u0105tkowy sklep odzie\u017cowy dla kobiet\"},\"image\":{\"@id\":\"https:\\\/\\\/mandragorastore.pl\\\/#\\\/schema\\\/logo\\\/image\\\/\"},\"sameAs\":[\"https:\\\/\\\/www.facebook.com\\\/madragorastore\\\/\",\"https:\\\/\\\/www.instagram.com\\\/mandragorastore.pl\\\/\"]}]}<\/script>\n<!-- \/ Yoast SEO plugin. -->","yoast_head_json":{"title":"Marynarka Marlo Be\u017c - MANDRAGORA - Designed for women. Made in Poland.","robots":{"index":"index","follow":"follow","max-snippet":"max-snippet:-1","max-image-preview":"max-image-preview:large","max-video-preview":"max-video-preview:-1"},"canonical":"https:\/\/mandragorastore.pl\/en\/product\/marynarka-marlo-bez\/","og_locale":"en_US","og_type":"article","og_title":"Marynarka Marlo Be\u017c - MANDRAGORA - Designed for women. Made in Poland.","og_description":"Marynarka o skr\u00f3conej, nowoczesnej formie, wyr\u00f3\u017cniaj\u0105ca si\u0119 wyra\u017anie zarysowan\u0105 lini\u0105 ramion i szerokimi, geometrycznymi klapami. Dopasowany kr\u00f3j subtelnie podkre\u015bla tali\u0119, nadaj\u0105c sylwetce proporcji i eleganckiej lekko\u015bci. Ozdobne mankiety stanowi\u0105 wyrafinowany detal, kt\u00f3ry podkre\u015bla charakter projektu i przyci\u0105ga uwag\u0119. Minimalistyczna konstrukcja w po\u0142\u0105czeniu z dopracowanymi elementami tworzy model o wsp\u00f3\u0142czesnej, dopracowanej estetyce. Wykonana z wysokiej jako\u015bci tkaniny z przewag\u0105 wiskozy, zapewnia komfort noszenia i naturalne uk\u0142adanie si\u0119 na sylwetce, a wiskozowa podszewka dodatkowo podnosi wygod\u0119 u\u017cytkowania. No\u015b w komplecie ze spodniami MARLO.  Sk\u0142ad: 74% wiskoza, 23% poliester, 3% elastan, podszewka 100% wiskoza  Szyte i projektowane w Polsce.","og_url":"https:\/\/mandragorastore.pl\/en\/product\/marynarka-marlo-bez\/","og_site_name":"MANDRAGORA - Designed for women. Made in Poland.","article_publisher":"https:\/\/www.facebook.com\/madragorastore\/","article_modified_time":"2026-04-08T16:50:54+00:00","og_image":[{"width":1500,"height":2000,"url":"https:\/\/mandragorastore.pl\/wp-content\/uploads\/2026\/03\/27A1233-Edit-2.webp","type":"image\/webp"}],"twitter_card":"summary_large_image","twitter_misc":{"Est. reading time":"1 minute"},"schema":{"@context":"https:\/\/schema.org","@graph":[{"@type":"WebPage","@id":"https:\/\/mandragorastore.pl\/product\/marynarka-marlo-bez\/","url":"https:\/\/mandragorastore.pl\/product\/marynarka-marlo-bez\/","name":"Marynarka Marlo Be\u017c - MANDRAGORA - Designed for women. Made in Poland.","isPartOf":{"@id":"https:\/\/mandragorastore.pl\/#website"},"primaryImageOfPage":{"@id":"https:\/\/mandragorastore.pl\/product\/marynarka-marlo-bez\/#primaryimage"},"image":{"@id":"https:\/\/mandragorastore.pl\/product\/marynarka-marlo-bez\/#primaryimage"},"thumbnailUrl":"https:\/\/mandragorastore.pl\/wp-content\/uploads\/2026\/03\/27A1233-Edit-2.webp","datePublished":"2026-03-25T10:03:30+00:00","dateModified":"2026-04-08T16:50:54+00:00","breadcrumb":{"@id":"https:\/\/mandragorastore.pl\/product\/marynarka-marlo-bez\/#breadcrumb"},"inLanguage":"en-US","potentialAction":[{"@type":"ReadAction","target":["https:\/\/mandragorastore.pl\/product\/marynarka-marlo-bez\/"]}]},{"@type":"ImageObject","inLanguage":"en-US","@id":"https:\/\/mandragorastore.pl\/product\/marynarka-marlo-bez\/#primaryimage","url":"https:\/\/mandragorastore.pl\/wp-content\/uploads\/2026\/03\/27A1233-Edit-2.webp","contentUrl":"https:\/\/mandragorastore.pl\/wp-content\/uploads\/2026\/03\/27A1233-Edit-2.webp","width":1500,"height":2000},{"@type":"BreadcrumbList","@id":"https:\/\/mandragorastore.pl\/product\/marynarka-marlo-bez\/#breadcrumb","itemListElement":[{"@type":"ListItem","position":1,"name":"Strona g\u0142\u00f3wna","item":"https:\/\/mandragorastore.pl\/"},{"@type":"ListItem","position":2,"name":"Katalog","item":"https:\/\/mandragorastore.pl\/sklep\/"},{"@type":"ListItem","position":3,"name":"Marynarka Marlo Be\u017c"}]},{"@type":"WebSite","@id":"https:\/\/mandragorastore.pl\/#website","url":"https:\/\/mandragorastore.pl\/","name":"Mandragora by Martyna - Unique Clothing Store for Women","description":"","publisher":{"@id":"https:\/\/mandragorastore.pl\/#organization"},"potentialAction":[{"@type":"SearchAction","target":{"@type":"EntryPoint","urlTemplate":"https:\/\/mandragorastore.pl\/?s={search_term_string}"},"query-input":{"@type":"PropertyValueSpecification","valueRequired":true,"valueName":"search_term_string"}}],"inLanguage":"en-US"},{"@type":"Organization","@id":"https:\/\/mandragorastore.pl\/#organization","name":"Mandragora by Martyna - Unique Clothing Store for Women","url":"https:\/\/mandragorastore.pl\/","logo":{"@type":"ImageObject","inLanguage":"en-US","@id":"https:\/\/mandragorastore.pl\/#\/schema\/logo\/image\/","url":"https:\/\/mandragorastore.pl\/wp-content\/uploads\/2025\/10\/COVER.categories.png","contentUrl":"https:\/\/mandragorastore.pl\/wp-content\/uploads\/2025\/10\/COVER.categories.png","width":800,"height":801,"caption":"Mandragora by Martyna - Wyj\u0105tkowy sklep odzie\u017cowy dla kobiet"},"image":{"@id":"https:\/\/mandragorastore.pl\/#\/schema\/logo\/image\/"},"sameAs":["https:\/\/www.facebook.com\/madragorastore\/","https:\/\/www.instagram.com\/mandragorastore.pl\/"]}]}},"_links":{"self":[{"href":"https:\/\/mandragorastore.pl\/en\/wp-json\/wp\/v2\/product\/4367","targetHints":{"allow":["GET"]}}],"collection":[{"href":"https:\/\/mandragorastore.pl\/en\/wp-json\/wp\/v2\/product"}],"about":[{"href":"https:\/\/mandragorastore.pl\/en\/wp-json\/wp\/v2\/types\/product"}],"wp:featuredmedia":[{"embeddable":true,"href":"https:\/\/mandragorastore.pl\/en\/wp-json\/wp\/v2\/media\/4431"}],"wp:attachment":[{"href":"https:\/\/mandragorastore.pl\/en\/wp-json\/wp\/v2\/media?parent=4367"}],"wp:term":[{"taxonomy":"product_brand","embeddable":true,"href":"https:\/\/mandragorastore.pl\/en\/wp-json\/wp\/v2\/product_brand?post=4367"},{"taxonomy":"product_cat","embeddable":true,"href":"https:\/\/mandragorastore.pl\/en\/wp-json\/wp\/v2\/product_cat?post=4367"},{"taxonomy":"product_tag","embeddable":true,"href":"https:\/\/mandragorastore.pl\/en\/wp-json\/wp\/v2\/product_tag?post=4367"}],"curies":[{"name":"WP","href":"https:\/\/api.w.org\/{rel}","templated":true}]}}