{"id":4373,"date":"2026-03-25T11:16:48","date_gmt":"2026-03-25T10:16:48","guid":{"rendered":"https:\/\/mandragorastore.pl\/?post_type=product&#038;p=4373"},"modified":"2026-04-08T18:55:27","modified_gmt":"2026-04-08T16:55:27","slug":"spodnie-marlo-bez","status":"publish","type":"product","link":"https:\/\/mandragorastore.pl\/en\/product\/spodnie-marlo-bez\/","title":{"rendered":"Marlo Pants Beige"},"content":{"rendered":"<h2>Dimensions<\/h2>\n<p>The model is 173 cm tall and presents size XS\/S.<\/p>\n<table width=\"604\">\n<tbody>\n<tr>\n<td width=\"151\"><\/td>\n<td width=\"151\">XS\/S<\/td>\n<td width=\"151\">M\/L<\/td>\n<td width=\"151\">L\/XL<\/td>\n<\/tr>\n<tr>\n<td width=\"151\">Belt<\/td>\n<td width=\"151\">62 - 72 cm<\/td>\n<td width=\"151\">68 - 78 cm<\/td>\n<td width=\"151\">72 - 82 cm<\/td>\n<\/tr>\n<tr>\n<td width=\"151\">Hips<\/td>\n<td width=\"151\">90 - 100 cm<\/td>\n<td width=\"151\">96 \u2013 106 cm<\/td>\n<td width=\"151\">102 \u2013 112 cm<\/td>\n<\/tr>\n<tr>\n<td width=\"151\">Overall length<\/td>\n<td width=\"151\">110 cm<\/td>\n<td width=\"151\">111 cm<\/td>\n<td width=\"151\">112 cm<\/td>\n<\/tr>\n<\/tbody>\n<\/table>","protected":false},"excerpt":{"rendered":"<p>High-waisted pants with a slightly fitted waistline and legs that taper to the bottom. Subtle slits on the sides give the whole a light and modern character, while exposing the line of shoes. Precisely tailored cut optically lengthens the silhouette, emphasizing its slenderness and elegance. The minimalist form makes the model fit perfectly into both everyday and more formal styling. Made of soft, predominantly viscose fabric with added polyester and elastane, they guarantee comfort, durability and a relaxed fit. Wear with a MARLO blazer and top for a cohesive, timeless ensemble.<\/p>\n<p>Composition: 74% viscose, 23% polyester, 3% elastane, 100% viscose lining.<\/p>\n<p>Sewn and designed in Poland.<\/p>","protected":false},"featured_media":4426,"template":"","meta":[],"product_brand":[],"product_cat":[143,24,155],"product_tag":[],"class_list":{"0":"post-4373","1":"product","2":"type-product","3":"status-publish","4":"has-post-thumbnail","6":"product_cat-doly","7":"product_cat-spodnie","8":"product_cat-ss-26","10":"first","11":"instock","12":"shipping-taxable","13":"purchasable","14":"product-type-variable","15":"has-default-attributes","16":"wpzoom-wc-spi-has-enabled"},"yoast_head":"<!-- This site is optimized with the Yoast SEO plugin v27.3 - https:\/\/yoast.com\/product\/yoast-seo-wordpress\/ -->\n<title>Spodnie Marlo Be\u017c - MANDRAGORA - Designed for women. Made in Poland.<\/title>\n<meta name=\"robots\" content=\"index, follow, max-snippet:-1, max-image-preview:large, max-video-preview:-1\" \/>\n<link rel=\"canonical\" href=\"https:\/\/mandragorastore.pl\/en\/product\/spodnie-marlo-bez\/\" \/>\n<meta property=\"og:locale\" content=\"en_US\" \/>\n<meta property=\"og:type\" content=\"article\" \/>\n<meta property=\"og:title\" content=\"Spodnie Marlo Be\u017c - MANDRAGORA - Designed for women. Made in Poland.\" \/>\n<meta property=\"og:description\" content=\"Spodnie z wysokim stanem, o lekko dopasowanej linii bioder i nogawkach zw\u0119\u017caj\u0105cych si\u0119 ku do\u0142owi. Subtelne rozci\u0119cia po bokach nadaj\u0105 ca\u0142o\u015bci lekko\u015bci i nowoczesnego charakteru, jednocze\u015bnie eksponuj\u0105c lini\u0119 obuwia. Precyzyjnie skrojony fason optycznie wyd\u0142u\u017ca sylwetk\u0119, podkre\u015blaj\u0105c jej smuk\u0142o\u015b\u0107 i elegancj\u0119. Minimalistyczna forma sprawia, \u017ce model doskonale wpisuje si\u0119 zar\u00f3wno w codzienne, jak i bardziej formalne stylizacje. Wykonane z mi\u0119kkiej tkaniny z przewag\u0105 wiskozy, z dodatkiem poliestru i elastanu, gwarantuj\u0105 komfort, trwa\u0142o\u015b\u0107 i swobodne dopasowanie. No\u015b z marynark\u0105 i topem MARLO, tworz\u0105c sp\u00f3jny, ponadczasowy zestaw.  Sk\u0142ad: 74% wiskoza, 23% poliester, 3% elastan, podszewka 100% wiskoza  Szyte i projektowane w Polsce.\" \/>\n<meta property=\"og:url\" content=\"https:\/\/mandragorastore.pl\/en\/product\/spodnie-marlo-bez\/\" \/>\n<meta property=\"og:site_name\" content=\"MANDRAGORA - Designed for women. Made in Poland.\" \/>\n<meta property=\"article:publisher\" content=\"https:\/\/www.facebook.com\/madragorastore\/\" \/>\n<meta property=\"article:modified_time\" content=\"2026-04-08T16:55:27+00:00\" \/>\n<meta property=\"og:image\" content=\"https:\/\/mandragorastore.pl\/wp-content\/uploads\/2026\/03\/27A1144-Edit-1.webp\" \/>\n\t<meta property=\"og:image:width\" content=\"1500\" \/>\n\t<meta property=\"og:image:height\" content=\"2000\" \/>\n\t<meta property=\"og:image:type\" content=\"image\/webp\" \/>\n<meta name=\"twitter:card\" content=\"summary_large_image\" \/>\n<meta name=\"twitter:label1\" content=\"Est. reading time\" \/>\n\t<meta name=\"twitter:data1\" content=\"1 minute\" \/>\n<script type=\"application\/ld+json\" class=\"yoast-schema-graph\">{\"@context\":\"https:\\\/\\\/schema.org\",\"@graph\":[{\"@type\":\"WebPage\",\"@id\":\"https:\\\/\\\/mandragorastore.pl\\\/product\\\/spodnie-marlo-bez\\\/\",\"url\":\"https:\\\/\\\/mandragorastore.pl\\\/product\\\/spodnie-marlo-bez\\\/\",\"name\":\"Spodnie Marlo Be\u017c - MANDRAGORA - Designed for women. Made in Poland.\",\"isPartOf\":{\"@id\":\"https:\\\/\\\/mandragorastore.pl\\\/#website\"},\"primaryImageOfPage\":{\"@id\":\"https:\\\/\\\/mandragorastore.pl\\\/product\\\/spodnie-marlo-bez\\\/#primaryimage\"},\"image\":{\"@id\":\"https:\\\/\\\/mandragorastore.pl\\\/product\\\/spodnie-marlo-bez\\\/#primaryimage\"},\"thumbnailUrl\":\"https:\\\/\\\/mandragorastore.pl\\\/wp-content\\\/uploads\\\/2026\\\/03\\\/27A1144-Edit-1.webp\",\"datePublished\":\"2026-03-25T10:16:48+00:00\",\"dateModified\":\"2026-04-08T16:55:27+00:00\",\"breadcrumb\":{\"@id\":\"https:\\\/\\\/mandragorastore.pl\\\/product\\\/spodnie-marlo-bez\\\/#breadcrumb\"},\"inLanguage\":\"en-US\",\"potentialAction\":[{\"@type\":\"ReadAction\",\"target\":[\"https:\\\/\\\/mandragorastore.pl\\\/product\\\/spodnie-marlo-bez\\\/\"]}]},{\"@type\":\"ImageObject\",\"inLanguage\":\"en-US\",\"@id\":\"https:\\\/\\\/mandragorastore.pl\\\/product\\\/spodnie-marlo-bez\\\/#primaryimage\",\"url\":\"https:\\\/\\\/mandragorastore.pl\\\/wp-content\\\/uploads\\\/2026\\\/03\\\/27A1144-Edit-1.webp\",\"contentUrl\":\"https:\\\/\\\/mandragorastore.pl\\\/wp-content\\\/uploads\\\/2026\\\/03\\\/27A1144-Edit-1.webp\",\"width\":1500,\"height\":2000},{\"@type\":\"BreadcrumbList\",\"@id\":\"https:\\\/\\\/mandragorastore.pl\\\/product\\\/spodnie-marlo-bez\\\/#breadcrumb\",\"itemListElement\":[{\"@type\":\"ListItem\",\"position\":1,\"name\":\"Strona g\u0142\u00f3wna\",\"item\":\"https:\\\/\\\/mandragorastore.pl\\\/\"},{\"@type\":\"ListItem\",\"position\":2,\"name\":\"Katalog\",\"item\":\"https:\\\/\\\/mandragorastore.pl\\\/sklep\\\/\"},{\"@type\":\"ListItem\",\"position\":3,\"name\":\"Spodnie Marlo Be\u017c\"}]},{\"@type\":\"WebSite\",\"@id\":\"https:\\\/\\\/mandragorastore.pl\\\/#website\",\"url\":\"https:\\\/\\\/mandragorastore.pl\\\/\",\"name\":\"Mandragora by Martyna - Wyj\u0105tkowy sklep odzie\u017cowy dla kobiet\",\"description\":\"\",\"publisher\":{\"@id\":\"https:\\\/\\\/mandragorastore.pl\\\/#organization\"},\"potentialAction\":[{\"@type\":\"SearchAction\",\"target\":{\"@type\":\"EntryPoint\",\"urlTemplate\":\"https:\\\/\\\/mandragorastore.pl\\\/?s={search_term_string}\"},\"query-input\":{\"@type\":\"PropertyValueSpecification\",\"valueRequired\":true,\"valueName\":\"search_term_string\"}}],\"inLanguage\":\"en-US\"},{\"@type\":\"Organization\",\"@id\":\"https:\\\/\\\/mandragorastore.pl\\\/#organization\",\"name\":\"Mandragora by Martyna - Wyj\u0105tkowy sklep odzie\u017cowy dla kobiet\",\"url\":\"https:\\\/\\\/mandragorastore.pl\\\/\",\"logo\":{\"@type\":\"ImageObject\",\"inLanguage\":\"en-US\",\"@id\":\"https:\\\/\\\/mandragorastore.pl\\\/#\\\/schema\\\/logo\\\/image\\\/\",\"url\":\"https:\\\/\\\/mandragorastore.pl\\\/wp-content\\\/uploads\\\/2025\\\/10\\\/COVER.categories.png\",\"contentUrl\":\"https:\\\/\\\/mandragorastore.pl\\\/wp-content\\\/uploads\\\/2025\\\/10\\\/COVER.categories.png\",\"width\":800,\"height\":801,\"caption\":\"Mandragora by Martyna - Wyj\u0105tkowy sklep odzie\u017cowy dla kobiet\"},\"image\":{\"@id\":\"https:\\\/\\\/mandragorastore.pl\\\/#\\\/schema\\\/logo\\\/image\\\/\"},\"sameAs\":[\"https:\\\/\\\/www.facebook.com\\\/madragorastore\\\/\",\"https:\\\/\\\/www.instagram.com\\\/mandragorastore.pl\\\/\"]}]}<\/script>\n<!-- \/ Yoast SEO plugin. -->","yoast_head_json":{"title":"Spodnie Marlo Be\u017c - MANDRAGORA - Designed for women. Made in Poland.","robots":{"index":"index","follow":"follow","max-snippet":"max-snippet:-1","max-image-preview":"max-image-preview:large","max-video-preview":"max-video-preview:-1"},"canonical":"https:\/\/mandragorastore.pl\/en\/product\/spodnie-marlo-bez\/","og_locale":"en_US","og_type":"article","og_title":"Spodnie Marlo Be\u017c - MANDRAGORA - Designed for women. Made in Poland.","og_description":"Spodnie z wysokim stanem, o lekko dopasowanej linii bioder i nogawkach zw\u0119\u017caj\u0105cych si\u0119 ku do\u0142owi. Subtelne rozci\u0119cia po bokach nadaj\u0105 ca\u0142o\u015bci lekko\u015bci i nowoczesnego charakteru, jednocze\u015bnie eksponuj\u0105c lini\u0119 obuwia. Precyzyjnie skrojony fason optycznie wyd\u0142u\u017ca sylwetk\u0119, podkre\u015blaj\u0105c jej smuk\u0142o\u015b\u0107 i elegancj\u0119. Minimalistyczna forma sprawia, \u017ce model doskonale wpisuje si\u0119 zar\u00f3wno w codzienne, jak i bardziej formalne stylizacje. Wykonane z mi\u0119kkiej tkaniny z przewag\u0105 wiskozy, z dodatkiem poliestru i elastanu, gwarantuj\u0105 komfort, trwa\u0142o\u015b\u0107 i swobodne dopasowanie. No\u015b z marynark\u0105 i topem MARLO, tworz\u0105c sp\u00f3jny, ponadczasowy zestaw.  Sk\u0142ad: 74% wiskoza, 23% poliester, 3% elastan, podszewka 100% wiskoza  Szyte i projektowane w Polsce.","og_url":"https:\/\/mandragorastore.pl\/en\/product\/spodnie-marlo-bez\/","og_site_name":"MANDRAGORA - Designed for women. Made in Poland.","article_publisher":"https:\/\/www.facebook.com\/madragorastore\/","article_modified_time":"2026-04-08T16:55:27+00:00","og_image":[{"width":1500,"height":2000,"url":"https:\/\/mandragorastore.pl\/wp-content\/uploads\/2026\/03\/27A1144-Edit-1.webp","type":"image\/webp"}],"twitter_card":"summary_large_image","twitter_misc":{"Est. reading time":"1 minute"},"schema":{"@context":"https:\/\/schema.org","@graph":[{"@type":"WebPage","@id":"https:\/\/mandragorastore.pl\/product\/spodnie-marlo-bez\/","url":"https:\/\/mandragorastore.pl\/product\/spodnie-marlo-bez\/","name":"Spodnie Marlo Be\u017c - MANDRAGORA - Designed for women. Made in Poland.","isPartOf":{"@id":"https:\/\/mandragorastore.pl\/#website"},"primaryImageOfPage":{"@id":"https:\/\/mandragorastore.pl\/product\/spodnie-marlo-bez\/#primaryimage"},"image":{"@id":"https:\/\/mandragorastore.pl\/product\/spodnie-marlo-bez\/#primaryimage"},"thumbnailUrl":"https:\/\/mandragorastore.pl\/wp-content\/uploads\/2026\/03\/27A1144-Edit-1.webp","datePublished":"2026-03-25T10:16:48+00:00","dateModified":"2026-04-08T16:55:27+00:00","breadcrumb":{"@id":"https:\/\/mandragorastore.pl\/product\/spodnie-marlo-bez\/#breadcrumb"},"inLanguage":"en-US","potentialAction":[{"@type":"ReadAction","target":["https:\/\/mandragorastore.pl\/product\/spodnie-marlo-bez\/"]}]},{"@type":"ImageObject","inLanguage":"en-US","@id":"https:\/\/mandragorastore.pl\/product\/spodnie-marlo-bez\/#primaryimage","url":"https:\/\/mandragorastore.pl\/wp-content\/uploads\/2026\/03\/27A1144-Edit-1.webp","contentUrl":"https:\/\/mandragorastore.pl\/wp-content\/uploads\/2026\/03\/27A1144-Edit-1.webp","width":1500,"height":2000},{"@type":"BreadcrumbList","@id":"https:\/\/mandragorastore.pl\/product\/spodnie-marlo-bez\/#breadcrumb","itemListElement":[{"@type":"ListItem","position":1,"name":"Strona g\u0142\u00f3wna","item":"https:\/\/mandragorastore.pl\/"},{"@type":"ListItem","position":2,"name":"Katalog","item":"https:\/\/mandragorastore.pl\/sklep\/"},{"@type":"ListItem","position":3,"name":"Spodnie Marlo Be\u017c"}]},{"@type":"WebSite","@id":"https:\/\/mandragorastore.pl\/#website","url":"https:\/\/mandragorastore.pl\/","name":"Mandragora by Martyna - Unique Clothing Store for Women","description":"","publisher":{"@id":"https:\/\/mandragorastore.pl\/#organization"},"potentialAction":[{"@type":"SearchAction","target":{"@type":"EntryPoint","urlTemplate":"https:\/\/mandragorastore.pl\/?s={search_term_string}"},"query-input":{"@type":"PropertyValueSpecification","valueRequired":true,"valueName":"search_term_string"}}],"inLanguage":"en-US"},{"@type":"Organization","@id":"https:\/\/mandragorastore.pl\/#organization","name":"Mandragora by Martyna - Unique Clothing Store for Women","url":"https:\/\/mandragorastore.pl\/","logo":{"@type":"ImageObject","inLanguage":"en-US","@id":"https:\/\/mandragorastore.pl\/#\/schema\/logo\/image\/","url":"https:\/\/mandragorastore.pl\/wp-content\/uploads\/2025\/10\/COVER.categories.png","contentUrl":"https:\/\/mandragorastore.pl\/wp-content\/uploads\/2025\/10\/COVER.categories.png","width":800,"height":801,"caption":"Mandragora by Martyna - Wyj\u0105tkowy sklep odzie\u017cowy dla kobiet"},"image":{"@id":"https:\/\/mandragorastore.pl\/#\/schema\/logo\/image\/"},"sameAs":["https:\/\/www.facebook.com\/madragorastore\/","https:\/\/www.instagram.com\/mandragorastore.pl\/"]}]}},"_links":{"self":[{"href":"https:\/\/mandragorastore.pl\/en\/wp-json\/wp\/v2\/product\/4373","targetHints":{"allow":["GET"]}}],"collection":[{"href":"https:\/\/mandragorastore.pl\/en\/wp-json\/wp\/v2\/product"}],"about":[{"href":"https:\/\/mandragorastore.pl\/en\/wp-json\/wp\/v2\/types\/product"}],"wp:featuredmedia":[{"embeddable":true,"href":"https:\/\/mandragorastore.pl\/en\/wp-json\/wp\/v2\/media\/4426"}],"wp:attachment":[{"href":"https:\/\/mandragorastore.pl\/en\/wp-json\/wp\/v2\/media?parent=4373"}],"wp:term":[{"taxonomy":"product_brand","embeddable":true,"href":"https:\/\/mandragorastore.pl\/en\/wp-json\/wp\/v2\/product_brand?post=4373"},{"taxonomy":"product_cat","embeddable":true,"href":"https:\/\/mandragorastore.pl\/en\/wp-json\/wp\/v2\/product_cat?post=4373"},{"taxonomy":"product_tag","embeddable":true,"href":"https:\/\/mandragorastore.pl\/en\/wp-json\/wp\/v2\/product_tag?post=4373"}],"curies":[{"name":"WP","href":"https:\/\/api.w.org\/{rel}","templated":true}]}}